{"id":26,"date":"2018-02-25T18:00:31","date_gmt":"2018-02-25T17:00:31","guid":{"rendered":"http:\/\/premioveprodukty.eu\/?page_id=26"},"modified":"2026-04-27T16:49:28","modified_gmt":"2026-04-27T14:49:28","slug":"o-nas","status":"publish","type":"page","link":"https:\/\/premioveprodukty.eu\/en\/o-nas\/","title":{"rendered":"O n\u00e1s"},"content":{"rendered":"<p><\/p>\n<p style=\"text-align: justify;\"><img loading=\"lazy\" decoding=\"async\" class=\"size-medium wp-image-52 alignleft\" src=\"http:\/\/premioveprodukty.eu\/wp-content\/uploads\/2018\/02\/smart-home-premioveprodukty-300x152.jpg\" alt=\"smart-home-premioveprodukty\" width=\"300\" height=\"152\" srcset=\"https:\/\/premioveprodukty.eu\/wp-content\/uploads\/2018\/02\/smart-home-premioveprodukty-300x152.jpg 300w, https:\/\/premioveprodukty.eu\/wp-content\/uploads\/2018\/02\/smart-home-premioveprodukty-600x304.jpg 600w, https:\/\/premioveprodukty.eu\/wp-content\/uploads\/2018\/02\/smart-home-premioveprodukty-768x389.jpg 768w, https:\/\/premioveprodukty.eu\/wp-content\/uploads\/2018\/02\/smart-home-premioveprodukty-230x116.jpg 230w, https:\/\/premioveprodukty.eu\/wp-content\/uploads\/2018\/02\/smart-home-premioveprodukty-350x177.jpg 350w, https:\/\/premioveprodukty.eu\/wp-content\/uploads\/2018\/02\/smart-home-premioveprodukty-480x243.jpg 480w, https:\/\/premioveprodukty.eu\/wp-content\/uploads\/2018\/02\/smart-home-premioveprodukty.jpg 800w\" sizes=\"(max-width: 300px) 100vw, 300px\" \/>Vitajte na str\u00e1nke prostredn\u00edctvom ktorej si m\u00f4\u017eete zaobstara\u0165 tie najkvalitnej\u0161ie, najhodnotnej\u0161ie produkty z viacer\u00fdch oblast\u00ed \u017eivota. \u010ci ste lek\u00e1r, vlek\u00e1r alebo mliek\u00e1r je to jedno, ka\u017ed\u00fd sa vyzn\u00e1te vo svojej pr\u00e1ci a pri dne\u0161nom sp\u00f4sobe \u017eivota nem\u00e1te \u010das venova\u0165 sa produktom z in\u00fdch oblast\u00ed a sk\u00faman\u00edm ich kvality. Av\u0161ak toto je na\u0161a pr\u00e1ca, preto to radi rob\u00edme za V\u00e1s. Predt\u00fdm ako sa produkty dostan\u00fa na tieto str\u00e1nky alebo na str\u00e1nky na ktor\u00e9 sa z t\u00fdchto str\u00e1nok m\u00f4\u017eete preklikn\u00fa\u0165, s\u00fa dlhodobo preverovan\u00e9 (mnoh\u00e9 z nich to nepre\u017eij\u00fa) aby sme spoznali, kam siahaj\u00fa ich m\u00f4\u017enosti a ko\u013eko toho vydr\u017eia.\u00a0 Kvalita, hospod\u00e1rnos\u0165 a\u00a0ekol\u00f3gia s\u00fa pre n\u00e1s hodnoty, ktor\u00e9 vyzn\u00e1vame a\u00a0ktor\u00fdmi \u017eijeme od vzniku na\u0161ej firmy v roku 2001. Neodpor\u00fa\u010dame produkty, ktor\u00e9 sami nepou\u017e\u00edvame a\u00a0nepou\u017e\u00edvame produkty, ktor\u00fdmi nie sme nad\u0161en\u00ed. Pote\u0161enie toti\u017e nedok\u00e1\u017ee sp\u00f4sobi\u0165 produkt, ktor\u00fd je priemernej alebo mizernej kvality, aj keby bol zadarmo. Produkt mus\u00ed by\u0165 vynikaj\u00faci a\u00a0jeho pou\u017e\u00edvanie n\u00e1m mus\u00ed sp\u00f4sobova\u0165 rados\u0165. O\u00a0to sa sna\u017e\u00edme poskytovan\u00edm rovnako pr\u00e9miov\u00fdch in\u0161tal\u00e1ci\u00ed a slu\u017eieb via\u017eucich sa k\u00a0produktom. Je pre n\u00e1s d\u00f4le\u017eit\u00e9, a\u00a0to nie len z\u00a0ekonomick\u00e9ho h\u013eadiska, \u017ee sa k\u00a0na\u0161im z\u00e1kazn\u00edkom vraciame z\u00a0d\u00f4vodu opakovan\u00fdch n\u00e1kupov u\u00a0n\u00e1s a\u00a0nie z\u00a0d\u00f4vodu reklam\u00e1ci\u00ed. Sme presved\u010den\u00ed, \u017ee najviac radosti dok\u00e1\u017ee urobi\u0165 a najviac pe\u0148az\u00ed dok\u00e1\u017ee u\u0161etri\u0165 produkt sl\u00fa\u017eiaci dlho a\u00a0bezprobl\u00e9movo svojmu \u00fa\u010delu.<\/p>\n<p>Pre zobrazenie na\u0161ich v\u0161eobecn\u00fdch obchodn\u00fdch podmienok pre rok 2020 kliknite pros\u00edm na nasleduj\u00faci odkaz: <a href=\"http:\/\/premioveprodukty.eu\/wp-content\/uploads\/2026\/04\/Vseobecne-Obchodne-podmienky-.pdf\">V\u0161eobecn\u00e9 Obchodn\u00e9 podmienky<\/a><\/p>\n<p>Pre zobrazenie na\u0161ich z\u00e1sad ochrany osobn\u00fdch \u00fadajov kliknite pros\u00edm tu:<a href=\"http:\/\/premioveprodukty.eu\/wp-content\/uploads\/2019\/05\/Z\u00e1sady-ochrany-osobn\u00fdch-\u00fadajov.pdf\">Z\u00e1sady ochrany osobn\u00fdch \u00fadajov<\/a><\/p>\n<p style=\"text-align: justify;\">\u017del\u00e1me V\u00e1m pote\u0161enie a rados\u0165 pri pou\u017e\u00edvan\u00ed na\u0161ich produktov!<\/p>\n<p><\/p>","protected":false},"excerpt":{"rendered":"<p>Vitajte na str\u00e1nke prostredn\u00edctvom ktorej si m\u00f4\u017eete zaobstara\u0165 tie najkvalitnej\u0161ie, najhodnotnej\u0161ie produkty z viacer\u00fdch oblast\u00ed \u017eivota. \u010ci ste lek\u00e1r, vlek\u00e1r alebo mliek\u00e1r je to jedno, ka\u017ed\u00fd sa vyzn\u00e1te vo svojej pr\u00e1ci a pri dne\u0161nom sp\u00f4sobe \u017eivota nem\u00e1te \u010das venova\u0165 sa produktom z in\u00fdch oblast\u00ed a sk\u00faman\u00edm ich kvality. Av\u0161ak toto je na\u0161a pr\u00e1ca, preto to [&hellip;]<\/p>\n","protected":false},"author":2,"featured_media":0,"parent":0,"menu_order":0,"comment_status":"closed","ping_status":"closed","template":"","meta":{"footnotes":""},"class_list":["post-26","page","type-page","status-publish","hentry"],"yoast_head":"<!-- This site is optimized with the Yoast SEO plugin v25.6 - https:\/\/yoast.com\/wordpress\/plugins\/seo\/ -->\n<title>O n\u00e1s - Premiov\u00e9 produkty<\/title>\n<meta name=\"description\" content=\"Na na\u0161ej str\u00e1nke si m\u00f4\u017eete zaobstara\u0165 tie najkvalitnej\u0161ie, najhodnotnej\u0161ie produkty pre Va\u0161e b\u00fdvanie. Predt\u00fdm ako sa produkty dostan\u00fa na na\u0161u str\u00e1nku, s\u00fa dlhodobo preverovan\u00e9 (mnoh\u00e9 z nich to nepre\u017eij\u00fa) aby sme spoznali, kam siahaj\u00fa ich mo\u017enosti a ko\u013eko toho vydr\u017eia. Kvalita, hospod\u00e1rnos\u0165 a ekol\u00f3gia s\u00fa pre n\u00e1s hodnoty, ktor\u00e9 vyzn\u00e1vame. Najlacnej\u0161\u00ed produkt nie je ten s najni\u017e\u0161ou cenou, ale ten ktor\u00fd vydr\u017e\u00ed najdlh\u0161ie. Preto pred\u00e1vame iba produkty, ktor\u00e9 si m\u00f4\u017eete u\u017e\u00edva\u0165 dlhodobo.\" \/>\n<meta name=\"robots\" content=\"index, follow, max-snippet:-1, max-image-preview:large, max-video-preview:-1\" \/>\n<link rel=\"canonical\" href=\"https:\/\/premioveprodukty.eu\/o-nas\/\" \/>\n<meta property=\"og:locale\" content=\"en_US\" \/>\n<meta property=\"og:type\" content=\"article\" \/>\n<meta property=\"og:title\" content=\"O n\u00e1s - Premiov\u00e9 produkty\" \/>\n<meta property=\"og:description\" content=\"Na na\u0161ej str\u00e1nke si m\u00f4\u017eete zaobstara\u0165 tie najkvalitnej\u0161ie, najhodnotnej\u0161ie produkty pre Va\u0161e b\u00fdvanie. Predt\u00fdm ako sa produkty dostan\u00fa na na\u0161u str\u00e1nku, s\u00fa dlhodobo preverovan\u00e9 (mnoh\u00e9 z nich to nepre\u017eij\u00fa) aby sme spoznali, kam siahaj\u00fa ich mo\u017enosti a ko\u013eko toho vydr\u017eia. Kvalita, hospod\u00e1rnos\u0165 a ekol\u00f3gia s\u00fa pre n\u00e1s hodnoty, ktor\u00e9 vyzn\u00e1vame. Najlacnej\u0161\u00ed produkt nie je ten s najni\u017e\u0161ou cenou, ale ten ktor\u00fd vydr\u017e\u00ed najdlh\u0161ie. Preto pred\u00e1vame iba produkty, ktor\u00e9 si m\u00f4\u017eete u\u017e\u00edva\u0165 dlhodobo.\" \/>\n<meta property=\"og:url\" content=\"https:\/\/premioveprodukty.eu\/o-nas\/\" \/>\n<meta property=\"og:site_name\" content=\"Premiov\u00e9 produkty\" \/>\n<meta property=\"article:modified_time\" content=\"2026-04-27T14:49:28+00:00\" \/>\n<meta property=\"og:image\" content=\"https:\/\/premioveprodukty.eu\/wp-content\/uploads\/2018\/02\/smart-home-premioveprodukty.jpg\" \/>\n\t<meta property=\"og:image:width\" content=\"800\" \/>\n\t<meta property=\"og:image:height\" content=\"405\" \/>\n\t<meta property=\"og:image:type\" content=\"image\/jpeg\" \/>\n<meta name=\"twitter:card\" content=\"summary_large_image\" \/>\n<meta name=\"twitter:label1\" content=\"Est. reading time\" \/>\n\t<meta name=\"twitter:data1\" content=\"2 minutes\" \/>\n<script type=\"application\/ld+json\" class=\"yoast-schema-graph\">{\"@context\":\"https:\/\/schema.org\",\"@graph\":[{\"@type\":\"WebPage\",\"@id\":\"https:\/\/premioveprodukty.eu\/o-nas\/\",\"url\":\"https:\/\/premioveprodukty.eu\/o-nas\/\",\"name\":\"O n\u00e1s - Premiov\u00e9 produkty\",\"isPartOf\":{\"@id\":\"https:\/\/premioveprodukty.eu\/#website\"},\"primaryImageOfPage\":{\"@id\":\"https:\/\/premioveprodukty.eu\/o-nas\/#primaryimage\"},\"image\":{\"@id\":\"https:\/\/premioveprodukty.eu\/o-nas\/#primaryimage\"},\"thumbnailUrl\":\"http:\/\/premioveprodukty.eu\/wp-content\/uploads\/2018\/02\/smart-home-premioveprodukty-300x152.jpg\",\"datePublished\":\"2018-02-25T17:00:31+00:00\",\"dateModified\":\"2026-04-27T14:49:28+00:00\",\"description\":\"Na na\u0161ej str\u00e1nke si m\u00f4\u017eete zaobstara\u0165 tie najkvalitnej\u0161ie, najhodnotnej\u0161ie produkty pre Va\u0161e b\u00fdvanie. Predt\u00fdm ako sa produkty dostan\u00fa na na\u0161u str\u00e1nku, s\u00fa dlhodobo preverovan\u00e9 (mnoh\u00e9 z nich to nepre\u017eij\u00fa) aby sme spoznali, kam siahaj\u00fa ich mo\u017enosti a ko\u013eko toho vydr\u017eia. Kvalita, hospod\u00e1rnos\u0165 a ekol\u00f3gia s\u00fa pre n\u00e1s hodnoty, ktor\u00e9 vyzn\u00e1vame. Najlacnej\u0161\u00ed produkt nie je ten s najni\u017e\u0161ou cenou, ale ten ktor\u00fd vydr\u017e\u00ed najdlh\u0161ie. Preto pred\u00e1vame iba produkty, ktor\u00e9 si m\u00f4\u017eete u\u017e\u00edva\u0165 dlhodobo.\",\"breadcrumb\":{\"@id\":\"https:\/\/premioveprodukty.eu\/o-nas\/#breadcrumb\"},\"inLanguage\":\"en-US\",\"potentialAction\":[{\"@type\":\"ReadAction\",\"target\":[\"https:\/\/premioveprodukty.eu\/o-nas\/\"]}]},{\"@type\":\"ImageObject\",\"inLanguage\":\"en-US\",\"@id\":\"https:\/\/premioveprodukty.eu\/o-nas\/#primaryimage\",\"url\":\"http:\/\/premioveprodukty.eu\/wp-content\/uploads\/2018\/02\/smart-home-premioveprodukty-300x152.jpg\",\"contentUrl\":\"http:\/\/premioveprodukty.eu\/wp-content\/uploads\/2018\/02\/smart-home-premioveprodukty-300x152.jpg\"},{\"@type\":\"BreadcrumbList\",\"@id\":\"https:\/\/premioveprodukty.eu\/o-nas\/#breadcrumb\",\"itemListElement\":[{\"@type\":\"ListItem\",\"position\":1,\"name\":\"Domovsk\u00e1 str\u00e1nka\",\"item\":\"https:\/\/premioveprodukty.eu\/\"},{\"@type\":\"ListItem\",\"position\":2,\"name\":\"O n\u00e1s\"}]},{\"@type\":\"WebSite\",\"@id\":\"https:\/\/premioveprodukty.eu\/#website\",\"url\":\"https:\/\/premioveprodukty.eu\/\",\"name\":\"Premiov\u00e9 produkty\",\"description\":\"kvalitn\u00e9 produkty pre V\u00e1\u0161 \u017eivot a b\u00fdvanie\",\"potentialAction\":[{\"@type\":\"SearchAction\",\"target\":{\"@type\":\"EntryPoint\",\"urlTemplate\":\"https:\/\/premioveprodukty.eu\/?s={search_term_string}\"},\"query-input\":{\"@type\":\"PropertyValueSpecification\",\"valueRequired\":true,\"valueName\":\"search_term_string\"}}],\"inLanguage\":\"en-US\"}]}<\/script>\n<!-- \/ Yoast SEO plugin. -->","yoast_head_json":{"title":"O n\u00e1s - Premiov\u00e9 produkty","description":"Na na\u0161ej str\u00e1nke si m\u00f4\u017eete zaobstara\u0165 tie najkvalitnej\u0161ie, najhodnotnej\u0161ie produkty pre Va\u0161e b\u00fdvanie. Predt\u00fdm ako sa produkty dostan\u00fa na na\u0161u str\u00e1nku, s\u00fa dlhodobo preverovan\u00e9 (mnoh\u00e9 z nich to nepre\u017eij\u00fa) aby sme spoznali, kam siahaj\u00fa ich mo\u017enosti a ko\u013eko toho vydr\u017eia. Kvalita, hospod\u00e1rnos\u0165 a ekol\u00f3gia s\u00fa pre n\u00e1s hodnoty, ktor\u00e9 vyzn\u00e1vame. Najlacnej\u0161\u00ed produkt nie je ten s najni\u017e\u0161ou cenou, ale ten ktor\u00fd vydr\u017e\u00ed najdlh\u0161ie. Preto pred\u00e1vame iba produkty, ktor\u00e9 si m\u00f4\u017eete u\u017e\u00edva\u0165 dlhodobo.","robots":{"index":"index","follow":"follow","max-snippet":"max-snippet:-1","max-image-preview":"max-image-preview:large","max-video-preview":"max-video-preview:-1"},"canonical":"https:\/\/premioveprodukty.eu\/o-nas\/","og_locale":"en_US","og_type":"article","og_title":"O n\u00e1s - Premiov\u00e9 produkty","og_description":"Na na\u0161ej str\u00e1nke si m\u00f4\u017eete zaobstara\u0165 tie najkvalitnej\u0161ie, najhodnotnej\u0161ie produkty pre Va\u0161e b\u00fdvanie. Predt\u00fdm ako sa produkty dostan\u00fa na na\u0161u str\u00e1nku, s\u00fa dlhodobo preverovan\u00e9 (mnoh\u00e9 z nich to nepre\u017eij\u00fa) aby sme spoznali, kam siahaj\u00fa ich mo\u017enosti a ko\u013eko toho vydr\u017eia. Kvalita, hospod\u00e1rnos\u0165 a ekol\u00f3gia s\u00fa pre n\u00e1s hodnoty, ktor\u00e9 vyzn\u00e1vame. Najlacnej\u0161\u00ed produkt nie je ten s najni\u017e\u0161ou cenou, ale ten ktor\u00fd vydr\u017e\u00ed najdlh\u0161ie. Preto pred\u00e1vame iba produkty, ktor\u00e9 si m\u00f4\u017eete u\u017e\u00edva\u0165 dlhodobo.","og_url":"https:\/\/premioveprodukty.eu\/o-nas\/","og_site_name":"Premiov\u00e9 produkty","article_modified_time":"2026-04-27T14:49:28+00:00","og_image":[{"width":800,"height":405,"url":"https:\/\/premioveprodukty.eu\/wp-content\/uploads\/2018\/02\/smart-home-premioveprodukty.jpg","type":"image\/jpeg"}],"twitter_card":"summary_large_image","twitter_misc":{"Est. reading time":"2 minutes"},"schema":{"@context":"https:\/\/schema.org","@graph":[{"@type":"WebPage","@id":"https:\/\/premioveprodukty.eu\/o-nas\/","url":"https:\/\/premioveprodukty.eu\/o-nas\/","name":"O n\u00e1s - Premiov\u00e9 produkty","isPartOf":{"@id":"https:\/\/premioveprodukty.eu\/#website"},"primaryImageOfPage":{"@id":"https:\/\/premioveprodukty.eu\/o-nas\/#primaryimage"},"image":{"@id":"https:\/\/premioveprodukty.eu\/o-nas\/#primaryimage"},"thumbnailUrl":"http:\/\/premioveprodukty.eu\/wp-content\/uploads\/2018\/02\/smart-home-premioveprodukty-300x152.jpg","datePublished":"2018-02-25T17:00:31+00:00","dateModified":"2026-04-27T14:49:28+00:00","description":"Na na\u0161ej str\u00e1nke si m\u00f4\u017eete zaobstara\u0165 tie najkvalitnej\u0161ie, najhodnotnej\u0161ie produkty pre Va\u0161e b\u00fdvanie. Predt\u00fdm ako sa produkty dostan\u00fa na na\u0161u str\u00e1nku, s\u00fa dlhodobo preverovan\u00e9 (mnoh\u00e9 z nich to nepre\u017eij\u00fa) aby sme spoznali, kam siahaj\u00fa ich mo\u017enosti a ko\u013eko toho vydr\u017eia. Kvalita, hospod\u00e1rnos\u0165 a ekol\u00f3gia s\u00fa pre n\u00e1s hodnoty, ktor\u00e9 vyzn\u00e1vame. Najlacnej\u0161\u00ed produkt nie je ten s najni\u017e\u0161ou cenou, ale ten ktor\u00fd vydr\u017e\u00ed najdlh\u0161ie. Preto pred\u00e1vame iba produkty, ktor\u00e9 si m\u00f4\u017eete u\u017e\u00edva\u0165 dlhodobo.","breadcrumb":{"@id":"https:\/\/premioveprodukty.eu\/o-nas\/#breadcrumb"},"inLanguage":"en-US","potentialAction":[{"@type":"ReadAction","target":["https:\/\/premioveprodukty.eu\/o-nas\/"]}]},{"@type":"ImageObject","inLanguage":"en-US","@id":"https:\/\/premioveprodukty.eu\/o-nas\/#primaryimage","url":"http:\/\/premioveprodukty.eu\/wp-content\/uploads\/2018\/02\/smart-home-premioveprodukty-300x152.jpg","contentUrl":"http:\/\/premioveprodukty.eu\/wp-content\/uploads\/2018\/02\/smart-home-premioveprodukty-300x152.jpg"},{"@type":"BreadcrumbList","@id":"https:\/\/premioveprodukty.eu\/o-nas\/#breadcrumb","itemListElement":[{"@type":"ListItem","position":1,"name":"Domovsk\u00e1 str\u00e1nka","item":"https:\/\/premioveprodukty.eu\/"},{"@type":"ListItem","position":2,"name":"O n\u00e1s"}]},{"@type":"WebSite","@id":"https:\/\/premioveprodukty.eu\/#website","url":"https:\/\/premioveprodukty.eu\/","name":"Premiov\u00e9 produkty","description":"kvalitn\u00e9 produkty pre V\u00e1\u0161 \u017eivot a b\u00fdvanie","potentialAction":[{"@type":"SearchAction","target":{"@type":"EntryPoint","urlTemplate":"https:\/\/premioveprodukty.eu\/?s={search_term_string}"},"query-input":{"@type":"PropertyValueSpecification","valueRequired":true,"valueName":"search_term_string"}}],"inLanguage":"en-US"}]}},"_links":{"self":[{"href":"https:\/\/premioveprodukty.eu\/en\/wp-json\/wp\/v2\/pages\/26"}],"collection":[{"href":"https:\/\/premioveprodukty.eu\/en\/wp-json\/wp\/v2\/pages"}],"about":[{"href":"https:\/\/premioveprodukty.eu\/en\/wp-json\/wp\/v2\/types\/page"}],"author":[{"embeddable":true,"href":"https:\/\/premioveprodukty.eu\/en\/wp-json\/wp\/v2\/users\/2"}],"replies":[{"embeddable":true,"href":"https:\/\/premioveprodukty.eu\/en\/wp-json\/wp\/v2\/comments?post=26"}],"version-history":[{"count":25,"href":"https:\/\/premioveprodukty.eu\/en\/wp-json\/wp\/v2\/pages\/26\/revisions"}],"predecessor-version":[{"id":1432,"href":"https:\/\/premioveprodukty.eu\/en\/wp-json\/wp\/v2\/pages\/26\/revisions\/1432"}],"wp:attachment":[{"href":"https:\/\/premioveprodukty.eu\/en\/wp-json\/wp\/v2\/media?parent=26"}],"curies":[{"name":"wp","href":"https:\/\/api.w.org\/{rel}","templated":true}]}}