{"id":28,"date":"2018-02-25T18:01:11","date_gmt":"2018-02-25T17:01:11","guid":{"rendered":"http:\/\/premioveprodukty.eu\/?page_id=28"},"modified":"2021-09-22T15:32:20","modified_gmt":"2021-09-22T13:32:20","slug":"elektricke-zdrojove-agregaty","status":"publish","type":"page","link":"https:\/\/premioveprodukty.eu\/en\/elektricke-zdrojove-agregaty\/","title":{"rendered":"TAMADA &#8211; najlep\u0161ie elektrocentr\u00e1ly s motorom Honda"},"content":{"rendered":"<p>V na\u0161ich prenosn\u00fdch elektrocentr\u00e1lach pou\u017e\u00edvame v\u00fdlu\u010dne motory Honda a Vanguard, preto\u017ee s\u00fa spo\u013eahliv\u00e9, bezprobl\u00e9mov\u00e9, trv\u00e1cne, opravite\u013en\u00e9 s maxim\u00e1lne roz\u0161\u00edrenou servisnou sie\u0165ou a podporou v r\u00e1mci dod\u00e1vok n\u00e1hradn\u00fdch dielov.<\/p>\n<p>TAMADA sa zav\u00e4zuje k\u00a0dod\u00e1vk\u00e1m n\u00e1hradn\u00fdch dielov po cel\u00fa dobu \u017eivotnosti elektrocentr\u00e1l a samozrejmos\u0165ou je z\u00e1ru\u010dn\u00fd a poz\u00e1ru\u010dn\u00fd servis.<\/p>\n<p>Spolo\u010dnos\u0165 TAMADA je schopn\u00e1 pokry\u0165 v\u00fdkonov\u00fa radu od elektrocentr\u00e1l 3 kW a\u017e po 2,5 MW zdrojov osaden\u00fdch do speci\u00e1lnych odhlu\u010dnen\u00fdch kontejnerov.<\/p>\n<p>Ak m\u00e1te z\u00e1ujem o stacion\u00e1rny z\u00e1lo\u017en\u00fd zdroj elektrickej energie, tak n\u00e1s pros\u00edm kontaktujte.<\/p>\n<p>Bli\u017e\u0161ie inform\u00e1cie n\u00e1jdete na str\u00e1nkach v\u00fdrobn\u00e9ho z\u00e1vodu\u00a0<a href=\"http:\/\/www.tamada.group\">www.tamada.group<\/a><\/p>","protected":false},"excerpt":{"rendered":"<p>V na\u0161ich prenosn\u00fdch elektrocentr\u00e1lach pou\u017e\u00edvame v\u00fdlu\u010dne motory Honda a Vanguard, preto\u017ee s\u00fa spo\u013eahliv\u00e9, bezprobl\u00e9mov\u00e9, trv\u00e1cne, opravite\u013en\u00e9 s maxim\u00e1lne roz\u0161\u00edrenou servisnou sie\u0165ou a podporou v r\u00e1mci dod\u00e1vok n\u00e1hradn\u00fdch dielov. TAMADA sa zav\u00e4zuje k\u00a0dod\u00e1vk\u00e1m n\u00e1hradn\u00fdch dielov po cel\u00fa dobu \u017eivotnosti elektrocentr\u00e1l a samozrejmos\u0165ou je z\u00e1ru\u010dn\u00fd a poz\u00e1ru\u010dn\u00fd servis. Spolo\u010dnos\u0165 TAMADA je schopn\u00e1 pokry\u0165 v\u00fdkonov\u00fa radu od elektrocentr\u00e1l [&hellip;]<\/p>\n","protected":false},"author":2,"featured_media":0,"parent":0,"menu_order":0,"comment_status":"closed","ping_status":"closed","template":"","meta":{"footnotes":""},"class_list":["post-28","page","type-page","status-publish","hentry"],"yoast_head":"<!-- This site is optimized with the Yoast SEO plugin v25.6 - https:\/\/yoast.com\/wordpress\/plugins\/seo\/ -->\n<title>TAMADA - najlep\u0161ie elektrocentr\u00e1ly s motorom Honda - Premiov\u00e9 produkty<\/title>\n<meta name=\"robots\" content=\"index, follow, max-snippet:-1, max-image-preview:large, max-video-preview:-1\" \/>\n<link rel=\"canonical\" href=\"https:\/\/premioveprodukty.eu\/elektricke-zdrojove-agregaty\/\" \/>\n<meta property=\"og:locale\" content=\"en_US\" \/>\n<meta property=\"og:type\" content=\"article\" \/>\n<meta property=\"og:title\" content=\"TAMADA - najlep\u0161ie elektrocentr\u00e1ly s motorom Honda - Premiov\u00e9 produkty\" \/>\n<meta property=\"og:description\" content=\"V na\u0161ich prenosn\u00fdch elektrocentr\u00e1lach pou\u017e\u00edvame v\u00fdlu\u010dne motory Honda a Vanguard, preto\u017ee s\u00fa spo\u013eahliv\u00e9, bezprobl\u00e9mov\u00e9, trv\u00e1cne, opravite\u013en\u00e9 s maxim\u00e1lne roz\u0161\u00edrenou servisnou sie\u0165ou a podporou v r\u00e1mci dod\u00e1vok n\u00e1hradn\u00fdch dielov. TAMADA sa zav\u00e4zuje k\u00a0dod\u00e1vk\u00e1m n\u00e1hradn\u00fdch dielov po cel\u00fa dobu \u017eivotnosti elektrocentr\u00e1l a samozrejmos\u0165ou je z\u00e1ru\u010dn\u00fd a poz\u00e1ru\u010dn\u00fd servis. Spolo\u010dnos\u0165 TAMADA je schopn\u00e1 pokry\u0165 v\u00fdkonov\u00fa radu od elektrocentr\u00e1l [&hellip;]\" \/>\n<meta property=\"og:url\" content=\"https:\/\/premioveprodukty.eu\/elektricke-zdrojove-agregaty\/\" \/>\n<meta property=\"og:site_name\" content=\"Premiov\u00e9 produkty\" \/>\n<meta property=\"article:modified_time\" content=\"2021-09-22T13:32:20+00:00\" \/>\n<meta name=\"twitter:card\" content=\"summary_large_image\" \/>\n<meta name=\"twitter:label1\" content=\"Est. reading time\" \/>\n\t<meta name=\"twitter:data1\" content=\"2 minutes\" \/>\n<script type=\"application\/ld+json\" class=\"yoast-schema-graph\">{\"@context\":\"https:\/\/schema.org\",\"@graph\":[{\"@type\":\"WebPage\",\"@id\":\"https:\/\/premioveprodukty.eu\/elektricke-zdrojove-agregaty\/\",\"url\":\"https:\/\/premioveprodukty.eu\/elektricke-zdrojove-agregaty\/\",\"name\":\"TAMADA - najlep\u0161ie elektrocentr\u00e1ly s motorom Honda - Premiov\u00e9 produkty\",\"isPartOf\":{\"@id\":\"https:\/\/premioveprodukty.eu\/#website\"},\"datePublished\":\"2018-02-25T17:01:11+00:00\",\"dateModified\":\"2021-09-22T13:32:20+00:00\",\"breadcrumb\":{\"@id\":\"https:\/\/premioveprodukty.eu\/elektricke-zdrojove-agregaty\/#breadcrumb\"},\"inLanguage\":\"en-US\",\"potentialAction\":[{\"@type\":\"ReadAction\",\"target\":[\"https:\/\/premioveprodukty.eu\/elektricke-zdrojove-agregaty\/\"]}]},{\"@type\":\"BreadcrumbList\",\"@id\":\"https:\/\/premioveprodukty.eu\/elektricke-zdrojove-agregaty\/#breadcrumb\",\"itemListElement\":[{\"@type\":\"ListItem\",\"position\":1,\"name\":\"Domovsk\u00e1 str\u00e1nka\",\"item\":\"https:\/\/premioveprodukty.eu\/\"},{\"@type\":\"ListItem\",\"position\":2,\"name\":\"TAMADA &#8211; najlep\u0161ie elektrocentr\u00e1ly s motorom Honda\"}]},{\"@type\":\"WebSite\",\"@id\":\"https:\/\/premioveprodukty.eu\/#website\",\"url\":\"https:\/\/premioveprodukty.eu\/\",\"name\":\"Premiov\u00e9 produkty\",\"description\":\"kvalitn\u00e9 produkty pre V\u00e1\u0161 \u017eivot a b\u00fdvanie\",\"potentialAction\":[{\"@type\":\"SearchAction\",\"target\":{\"@type\":\"EntryPoint\",\"urlTemplate\":\"https:\/\/premioveprodukty.eu\/?s={search_term_string}\"},\"query-input\":{\"@type\":\"PropertyValueSpecification\",\"valueRequired\":true,\"valueName\":\"search_term_string\"}}],\"inLanguage\":\"en-US\"}]}<\/script>\n<!-- \/ Yoast SEO plugin. -->","yoast_head_json":{"title":"TAMADA - najlep\u0161ie elektrocentr\u00e1ly s motorom Honda - Premiov\u00e9 produkty","robots":{"index":"index","follow":"follow","max-snippet":"max-snippet:-1","max-image-preview":"max-image-preview:large","max-video-preview":"max-video-preview:-1"},"canonical":"https:\/\/premioveprodukty.eu\/elektricke-zdrojove-agregaty\/","og_locale":"en_US","og_type":"article","og_title":"TAMADA - najlep\u0161ie elektrocentr\u00e1ly s motorom Honda - Premiov\u00e9 produkty","og_description":"V na\u0161ich prenosn\u00fdch elektrocentr\u00e1lach pou\u017e\u00edvame v\u00fdlu\u010dne motory Honda a Vanguard, preto\u017ee s\u00fa spo\u013eahliv\u00e9, bezprobl\u00e9mov\u00e9, trv\u00e1cne, opravite\u013en\u00e9 s maxim\u00e1lne roz\u0161\u00edrenou servisnou sie\u0165ou a podporou v r\u00e1mci dod\u00e1vok n\u00e1hradn\u00fdch dielov. TAMADA sa zav\u00e4zuje k\u00a0dod\u00e1vk\u00e1m n\u00e1hradn\u00fdch dielov po cel\u00fa dobu \u017eivotnosti elektrocentr\u00e1l a samozrejmos\u0165ou je z\u00e1ru\u010dn\u00fd a poz\u00e1ru\u010dn\u00fd servis. Spolo\u010dnos\u0165 TAMADA je schopn\u00e1 pokry\u0165 v\u00fdkonov\u00fa radu od elektrocentr\u00e1l [&hellip;]","og_url":"https:\/\/premioveprodukty.eu\/elektricke-zdrojove-agregaty\/","og_site_name":"Premiov\u00e9 produkty","article_modified_time":"2021-09-22T13:32:20+00:00","twitter_card":"summary_large_image","twitter_misc":{"Est. reading time":"2 minutes"},"schema":{"@context":"https:\/\/schema.org","@graph":[{"@type":"WebPage","@id":"https:\/\/premioveprodukty.eu\/elektricke-zdrojove-agregaty\/","url":"https:\/\/premioveprodukty.eu\/elektricke-zdrojove-agregaty\/","name":"TAMADA - najlep\u0161ie elektrocentr\u00e1ly s motorom Honda - Premiov\u00e9 produkty","isPartOf":{"@id":"https:\/\/premioveprodukty.eu\/#website"},"datePublished":"2018-02-25T17:01:11+00:00","dateModified":"2021-09-22T13:32:20+00:00","breadcrumb":{"@id":"https:\/\/premioveprodukty.eu\/elektricke-zdrojove-agregaty\/#breadcrumb"},"inLanguage":"en-US","potentialAction":[{"@type":"ReadAction","target":["https:\/\/premioveprodukty.eu\/elektricke-zdrojove-agregaty\/"]}]},{"@type":"BreadcrumbList","@id":"https:\/\/premioveprodukty.eu\/elektricke-zdrojove-agregaty\/#breadcrumb","itemListElement":[{"@type":"ListItem","position":1,"name":"Domovsk\u00e1 str\u00e1nka","item":"https:\/\/premioveprodukty.eu\/"},{"@type":"ListItem","position":2,"name":"TAMADA &#8211; najlep\u0161ie elektrocentr\u00e1ly s motorom Honda"}]},{"@type":"WebSite","@id":"https:\/\/premioveprodukty.eu\/#website","url":"https:\/\/premioveprodukty.eu\/","name":"Premiov\u00e9 produkty","description":"kvalitn\u00e9 produkty pre V\u00e1\u0161 \u017eivot a b\u00fdvanie","potentialAction":[{"@type":"SearchAction","target":{"@type":"EntryPoint","urlTemplate":"https:\/\/premioveprodukty.eu\/?s={search_term_string}"},"query-input":{"@type":"PropertyValueSpecification","valueRequired":true,"valueName":"search_term_string"}}],"inLanguage":"en-US"}]}},"_links":{"self":[{"href":"https:\/\/premioveprodukty.eu\/en\/wp-json\/wp\/v2\/pages\/28"}],"collection":[{"href":"https:\/\/premioveprodukty.eu\/en\/wp-json\/wp\/v2\/pages"}],"about":[{"href":"https:\/\/premioveprodukty.eu\/en\/wp-json\/wp\/v2\/types\/page"}],"author":[{"embeddable":true,"href":"https:\/\/premioveprodukty.eu\/en\/wp-json\/wp\/v2\/users\/2"}],"replies":[{"embeddable":true,"href":"https:\/\/premioveprodukty.eu\/en\/wp-json\/wp\/v2\/comments?post=28"}],"version-history":[{"count":25,"href":"https:\/\/premioveprodukty.eu\/en\/wp-json\/wp\/v2\/pages\/28\/revisions"}],"predecessor-version":[{"id":1110,"href":"https:\/\/premioveprodukty.eu\/en\/wp-json\/wp\/v2\/pages\/28\/revisions\/1110"}],"wp:attachment":[{"href":"https:\/\/premioveprodukty.eu\/en\/wp-json\/wp\/v2\/media?parent=28"}],"curies":[{"name":"wp","href":"https:\/\/api.w.org\/{rel}","templated":true}]}}