{"id":32,"date":"2018-02-25T18:01:37","date_gmt":"2018-02-25T17:01:37","guid":{"rendered":"http:\/\/premioveprodukty.eu\/?page_id=32"},"modified":"2021-05-14T15:50:23","modified_gmt":"2021-05-14T13:50:23","slug":"pohony-bran-a-zavory","status":"publish","type":"page","link":"https:\/\/premioveprodukty.eu\/en\/pohony-bran-a-zavory\/","title":{"rendered":"Roger Technology &#8211; n\u00e1vody a rady pri in\u0161tal\u00e1cii"},"content":{"rendered":"<div id=\"pl-32\"  class=\"panel-layout\" ><div id=\"pg-32-0\"  class=\"panel-grid panel-has-style\" ><div style=\"padding: 10px 0; \" data-overlay=\"true\" data-overlay-color=\"#000000\" class=\"panel-row-style panel-row-style-for-32-0\" ><div id=\"pgc-32-0-0\"  class=\"panel-grid-cell\" ><div id=\"panel-32-0-0-0\" class=\"so-panel widget widget_text panel-first-child panel-last-child\" data-index=\"0\" ><div style=\"text-align: left;\" data-title-color=\"#443f3f\" data-headings-color=\"#443f3f\" class=\"panel-widget-style panel-widget-style-for-32-0-0-0\" ><h3 class=\"widget-title\">Roger Technology &#8211; n\u00e1vody a rady pri in\u0161tal\u00e1cii<\/h3>\t\t\t<div class=\"textwidget\"><div id=\"primary\" class=\"content-area col-md-9\">\n<p>&nbsp;<\/p>\n<p><strong>V\u0161eobecn\u00e9 inform\u00e1cie:<\/strong><\/p>\n<p>Na \u010do sl\u00fa\u017ei plo\u0161\u00e1k dodan\u00fd spolu s pohonom pri dia\u013ekov\u00fdch ovl\u00e1da\u010doch?\u00a0 \u00a0 \u00a0 \u00a0 \u00a0 \u00a0 \u00a0 \u00a0 \u00a0 \u00a0 \u00a0 \u00a0 \u00a0 \u00a0 \u00a0 \u00a0 \u00a0 \u00a0 \u00a0 \u00a0 \u00a0 \u00a0 \u00a0 \u00a0 \u00a0 \u00a0 \u00a0 \u00a0 \u00a0 \u00a0 \u00a0 \u00a0 Rie\u0161enie: Jedn\u00e1 sa o prij\u00edma\u010d, zas\u00fava sa do riadiacej jednotky na vyzna\u010den\u00e9 miesto.<\/p>\n<article id=\"post-32\" class=\"post-32 page type-page status-publish hentry\">\n<div class=\"entry-content\">\n<div id=\"pl-32\" class=\"panel-layout\">\n<div id=\"pg-32-0\" class=\"panel-grid panel-has-style\">\n<div class=\"panel-row-style panel-row-style-for-32-0\" data-overlay=\"true\" data-overlay-color=\"#000000\">\n<div id=\"pgc-32-0-1\" class=\"panel-grid-cell\">\n<div id=\"panel-32-0-1-0\" class=\"so-panel widget widget_text panel-first-child panel-last-child\" data-index=\"1\">\n<div class=\"panel-widget-style panel-widget-style-for-32-0-1-0\" data-title-color=\"#443f3f\" data-headings-color=\"#443f3f\">\n<div class=\"textwidget\">\n<p>&nbsp;<\/p>\n<p><strong>Pohon posuvnej br\u00e1ny Roger H30\/650<\/strong><\/p>\n<p><a href=\"https:\/\/www.najlepsiepohonybran.eu\/wp-content\/uploads\/2020\/09\/N\u00e1vod-na-in\u0161tal\u00e1ciu-pohonov-H30-650.pdf\">N\u00e1vod na in\u0161tal\u00e1ciu pohonov H30-650<\/a><\/p>\n<p>Chybov\u00e9 hl\u00e1senia pohonov H30\/650:<\/p>\n<p>5b(Sb) \u2013 odblokovan\u00e9 n\u00fadzov\u00e9 odblokovanie<\/p>\n<p>Rie\u0161enie:<\/p>\n<ul>\n<li>zamkn\u00fa\u0165 odblokovanie pohonu<\/li>\n<\/ul>\n<p>&nbsp;<\/p>\n<p>15 \u2013 fotobunky 1 nie s\u00fa deaktivovan\u00e9 a nie s\u00fa zapojen\u00e9<\/p>\n<p>Rie\u0161enie:<\/p>\n<ul>\n<li>deaktivova\u0165 fotobunky 1, nastaven\u00edm parametra 50 na hodnotu 00 a parametra 51 na hodnotu 00<\/li>\n<\/ul>\n<p>14 \u2013 fotobunky 2 nie s\u00fa deaktivovan\u00e9 a nie s\u00fa zapojen\u00e9<\/p>\n<p>Rie\u0161enie:<\/p>\n<ul>\n<li>deaktivova\u0165 fotobunky 2, nastaven\u00edm parametra 53 na hodnotu 00 a parametra 54 na hodnotu 00<\/li>\n<\/ul>\n<p>&nbsp;<\/p>\n<p>Pri spusten\u00ed programovanie sa na displeji zobraz\u00ed APPE a programovanie sa nespust\u00ed<\/p>\n<p>Rie\u0161enie:<\/p>\n<ul>\n<li>Chyba dr\u00e1hy pohonu nazna\u010duje, \u017ee nem\u00e1te nain\u0161talovan\u00fd magnetick\u00fd koncov\u00fd doraz, alebo ho m\u00e1te nain\u0161talovan\u00fd, ale opa\u010dne (vyme\u0148te doraz otvorenia za doraz zatvorenia), alebo ich m\u00e1te s\u00edce nain\u0161talovan\u00e9 spr\u00e1vne, ale priestor medzi magnetick\u00fdm dorazom (\u010di\u017ee hrebe\u0148om) je nato\u013eko ve\u013ek\u00fd, \u017ee magnetick\u00e1 sila nedosahuje a\u017e k pohonu (v tomto pr\u00edpade odpor\u00fa\u010dame vyhn\u00fa\u0165 magnetick\u00fd doraz na hrebeni (nain\u0161talova\u0165 ho viac zo\u0161ikma), \u010d\u00edm zv\u00fd\u0161ite magnetick\u00fa silu.<\/li>\n<\/ul>\n<p>&nbsp;<\/p>\n<p>Pohon rob\u00ed man\u00e9ver stra\u0161ne pomaly alebo man\u00e9ver nedokon\u010d\u00ed.<\/p>\n<p>Rie\u0161enie:<\/p>\n<ul>\n<li>pravdepodobne ste zle nastavili parametre v menu, alebo boli nastaven\u00e9 parametre, ktor\u00e9 mali by\u0165 ponechan\u00e9 nastaven\u00e9 tak, ako boli v r\u00e1mci v\u00fdrobn\u00fdch nastaven\u00ed. Je nutn\u00e9 resetova\u0165 pohon, aby sa dal do v\u00fdrobn\u00fdch nastaven\u00ed a za\u010da\u0165 proces za\u00fa\u010dania a nastavenia odznovu. Resetovanie vykon\u00e1te v parametri 90 na hodnote 00 podr\u017ean\u00edm tla\u010didla + a tla\u010didla \u2013 naraz po dobu 4 sek\u00fand. Na displeji sa V\u00e1m zobraz\u00ed rE5- a t\u00fdm je pohon zresetovan\u00fd.<\/li>\n<\/ul>\n<p>&nbsp;<\/p>\n<p>V n\u00e1vode nie je nap\u00edsan\u00e9 ako pripoji\u0165 fotobunky:<\/p>\n<p>Rie\u0161enie:<\/p>\n<ul>\n<li>\u00a0Prv\u00e1 fotobunka TX: Svorka 1 prvej fotobunky ide do svorky 24V na pohone, svorka 2 prvej fotobunky ide do svorky COM na pohone. Svorka 1 druhej fotobunky RX ide do svorky 24V na pohone, svorka 2 a 3 druhej fotobunky RX id\u00fa do svorky COM na pohone, svorka 4 druhej fotobunky ide do svorky FT1 na pohone.<\/li>\n<\/ul>\n<p>&nbsp;<\/p>\n<p>Na ktor\u00e9 svorky riadiacej jednotky sa m\u00e1 pripoji\u0165 ant\u00e9na?<\/p>\n<p>Rie\u0161enie: Na 2 svorky, ktor\u00e9 s\u00fa ozna\u010den\u00e9 nakreslenou ant\u00e9nou (nad svorkou PP)<\/p>\n<p>&nbsp;<\/p>\n<p>K\u00e1blik tr\u010diaci z ant\u00e9ny je treba nadpoji\u0165?<\/p>\n<p>Rie\u0161enie: Pre zv\u00e4\u010d\u0161enie sily (dosahu) sign\u00e1lu ho odpor\u00fa\u010dame ho vymeni\u0165 za koaxi\u00e1lny tienen\u00fd k\u00e1bel<\/p>\n<p>Na ktor\u00e9 svorky sa prip\u00e1ja maj\u00e1k FIFTHY 230?<\/p>\n<p>Rie\u0161enie: Maj\u00e1k prip\u00e1jame pod\u013ea sch\u00e9my \u010d\u00edslo 3 uvedenej v manu\u00e1ly nach\u00e1dzaj\u00facom sa v krabici pri pohone, to znamen\u00e1:<\/p>\n<p>Na svorkovnici\u00a0 maj\u00e1ku s\u00fa 2 svorky ozna\u010den\u00e9 230Vac. K\u00e1bel z krajnej svorky ide do\u00a0 svorky 2 na pohone (nul\u00e1k). Druh\u00fd k\u00e1bel z maj\u00e1ku ide do svorky 10\u00a0 ( je ozna\u010den\u00e1 ako LAM). E\u0161te treba prepoji\u0165 f\u00e1zu, \u010di\u017ee svorku 1 (ozna\u010den\u00fa ako L) so svorkou 9. N\u00e1sledne treba prepoji\u0165 antenove svorky maj\u00e1ku s ant\u00e9nov\u00fdmi svorkami pohonu<\/p>\n<p><strong>Pohon kr\u00eddlovej br\u00e1ny Roger Monos:<\/strong><\/p>\n<p><a href=\"https:\/\/www.najlepsiepohonybran.eu\/wp-content\/uploads\/2020\/09\/N\u00e1vod-ROGER-MONOS4_220.pdf\">N\u00e1vod ROGER MONOS4_220<\/a><\/p>\n<p>Kam sa montuj\u00fa cievky pribalen\u00e9 k sade pohonov?<\/p>\n<p>Rie\u0161enie: Jedn\u00e1 sa o rozbehov\u00e9 kondenz\u00e1tory, in\u0161taluj\u00fa sa do riadiacej jednotky na nap\u00e4\u0165ov\u00e9 prip\u00e1jacie k\u00e1ble od motorov.<\/p>\n<p>&nbsp;<\/p>\n<p>Chybov\u00e9 hl\u00e1senie APPE \u2013 chyba dr\u00e1hy<\/p>\n<p>Rie\u0161enie: Nenastavili ste parametre 50, 51, 53, 54, 73, 74 na hodnotu 00 alebo m\u00e1te zapnut\u00fa funkciu \u201e\u010dlovek pr\u00edtomn\u00fd\u201c \u2013 parameter A7 mus\u00ed by\u0165 nastaven\u00fd na hodnotu 00<\/p>\n<p>&nbsp;<\/p>\n<p>Chybov\u00e9 hl\u00e1senie 15EE alebo 21EE:<\/p>\n<p>Rie\u0161enie: niektor\u00fd z parametrov ste nastavili nespr\u00e1vne a riadiaca jednotka odmieta spusti\u0165 pohon, aby nepri\u0161lo k jeho po\u0161kodeniu. Ak ste si nie ist\u00ed, \u010do a kde ste nastavili, zresetujte pohon na v\u00fdrobn\u00e9 nastavenia.\u00a0Resetovanie vykon\u00e1te v parametri 90 na hodnote 00 podr\u017ean\u00edm tla\u010didla + a tla\u010didla \u2013 naraz po dobu 4 sek\u00fand. Na displeji sa V\u00e1m zobraz\u00ed rE5- a t\u00fdm je pohon zresetovan\u00fd.<\/p>\n<p>&nbsp;<\/p>\n<p>Ako sa d\u00e1 nain\u0161talova\u0165 pohon aj na jednokr\u00eddlov\u00fa br\u00e1nu?<\/p>\n<p>Rie\u0161enie: Pripoj\u00edte iba jeden motor na svorku motoru 1 riadiacej jednotky a parameter 70 prestav\u00edte na hodnotu 01<\/p>\n<p>&nbsp;<\/p>\n<p>Ktor\u00fdmi parametrami sa d\u00e1 nastavi\u0165 oneskorenie jednotliv\u00fdch kr\u00eddiel?<\/p>\n<p>Rie\u0161enie: Ak V\u00e1m nastavenie oneskorenia z v\u00fdroby nevyhovuje, pri otv\u00e1ran\u00ed druh\u00e9ho kr\u00eddla prid\u00e1te hodnotu v parametri 25, pri zatv\u00e1ran\u00ed prid\u00e1te hodnotu parametru 26<\/p>\n<p>&nbsp;<\/p>\n<p>V n\u00e1vode nie je nap\u00edsan\u00e9 ako pripoji\u0165 fotobunky:<\/p>\n<p>Rie\u0161enie:<\/p>\n<ul>\n<li>fotobunky prip\u00e1jate pod\u013ea sch\u00e9my 1 v krabi\u010dke od fotobuniek. Prv\u00e1 fotobunka: Svorka 1 prvej fotobunky ide do svorky 24V na pohone, svorka 2 prvej fotobunky ide do svorky COM na pohone. Svorka 1 druhej fotobunky ide do svorky 24V na pohone, svorka 2 a 3 druhej fotobunky id\u00fa do svorky COM na pohone, svorka 4 druhej fotobunky ide do svorky FT1 na pohone.<\/li>\n<\/ul>\n<p>&nbsp;<\/p>\n<p>Na ktor\u00e9 svorky riadiacej jednotky sa m\u00e1 pripoji\u0165 ant\u00e9na?<\/p>\n<p>Rie\u0161enie: Na 2 svorky, ktor\u00e9 s\u00fa ozna\u010den\u00e9 nakreslenou ant\u00e9nou (ANT a COM)<\/p>\n<p>&nbsp;<\/p>\n<p>K\u00e1blik tr\u010diaci z ant\u00e9ny je treba nadpoji\u0165?<\/p>\n<p>Rie\u0161enie: Pre zv\u00e4\u010d\u0161enie sily (dosahu) sign\u00e1lu ho odpor\u00fa\u010dame ho vymeni\u0165 za koaxi\u00e1lny tienen\u00fd k\u00e1bel<\/p>\n<p>&nbsp;<\/p>\n<p><strong>Pohon kr\u00eddlovej br\u00e1ny Roger BE20\/210<\/strong><\/p>\n<p><a href=\"https:\/\/www.najlepsiepohonybran.eu\/wp-content\/uploads\/2020\/09\/N\u00e1vod-na-in\u0161tal\u00e1ciu-kr\u00eddlov\u00e9ho-brushless-pohonu-BE20.pdf\">N\u00e1vod na in\u0161tal\u00e1ciu kr\u00eddlov\u00e9ho brushless pohonu BE20<\/a><\/p>\n<p>Chybov\u00e9 hl\u00e1senia pohonov BE20\/210:<\/p>\n<p>18 alebo 19 \u2013 fotobunky nie s\u00fa zapojen\u00e9 a napriek tomu nie s\u00fa nastaven\u00e9 pr\u00edslu\u0161n\u00e9 parametre na prev\u00e1dzku pohonu bez fotobuniek.<\/p>\n<p>Rie\u0161enie:<\/p>\n<ul>\n<li>Nastavte parametre 50, 51, 53, 54 na hodnotu 00<\/li>\n<\/ul>\n<p>&nbsp;<\/p>\n<p>20 alebo 21 \u2013 tlakov\u00e1 li\u0161ta nie je zapojen\u00e1 a napriek tomu nie s\u00fa nastaven\u00e9 pr\u00edslu\u0161n\u00e9 parametre na prev\u00e1dzku pohonu bez tlakovej li\u0161ty.<\/p>\n<p>Rie\u0161enie:<\/p>\n<ul>\n<li>Nastavte parametre 73 a 74 na hodnotu 00<\/li>\n<\/ul>\n<p>&nbsp;<\/p>\n<p>APPE \u2013 chyba vo veden\u00ed, na pr\u00edvodn\u00fdch k\u00e1bloch alebo zle zatla\u010den\u00e9 tla\u010didlo TEST, alebo nenastaven\u00e1 prev\u00e1dzka bez bezpe\u010dnostn\u00fdch zariaden\u00ed.<\/p>\n<p>Rie\u0161enie:<\/p>\n<ul>\n<li>Skontrolujte parametre 50, 51, 53, 54, 73, 74 \u2013 \u010di s\u00fa nastaven\u00e9 na hodnotu 00<\/li>\n<li>Zopakujte za\u00fa\u010dac\u00ed proces<\/li>\n<li>Skontrolujte pr\u00edvodn\u00e9 k\u00e1ble<\/li>\n<\/ul>\n<p>Chybov\u00e9 hl\u00e1senie APPL (chyba na dr\u00e1he po\u010das za\u00fa\u010dacieho procesu):<\/p>\n<p>Rie\u0161enie:<\/p>\n<ul>\n<li>Ak nem\u00e1te \u00faplne zatvoren\u00fa br\u00e1nu, zatvorte ju a zopakujte za\u00fa\u010dac\u00ed proces<\/li>\n<li>Skontrolujte pr\u00edvodn\u00e9 k\u00e1ble<\/li>\n<li>Niektor\u00fd z parametrov ste nastavili nespr\u00e1vne a riadiaca jednotka odmieta spusti\u0165 pohon, aby nepri\u0161lo k jeho po\u0161kodeniu. Ak ste si nie ist\u00ed, \u010do a kde ste nastavili, zresetujte pohon na v\u00fdrobn\u00e9 nastavenia.\u00a0Resetovanie vykon\u00e1te v parametri 90 na hodnote 00 podr\u017ean\u00edm tla\u010didla + a tla\u010didla \u2013 naraz po dobu 4 sek\u00fand. Na displeji sa V\u00e1m zobraz\u00ed rE5- a t\u00fdm je pohon zresetovan\u00fd.<\/li>\n<\/ul>\n<p>&nbsp;<\/p>\n<p>Ako sa d\u00e1 nain\u0161talova\u0165 pohon aj na jednokr\u00eddlov\u00fa br\u00e1nu?<\/p>\n<p>Rie\u0161enie: Pripoj\u00edte iba jeden motor na svorku motoru 1 riadiacej jednotky a parameter 70 prestav\u00edte na hodnotu 00<\/p>\n<p>&nbsp;<\/p>\n<p>Ktor\u00fdmi parametrami sa d\u00e1 nastavi\u0165 oneskorenie jednotliv\u00fdch kr\u00eddiel?<\/p>\n<p>Rie\u0161enie: Ak V\u00e1m nastavenie oneskorenia z v\u00fdroby nevyhovuje, pri otv\u00e1ran\u00ed druh\u00e9ho kr\u00eddla prid\u00e1te hodnotu v parametri 25, pri zatv\u00e1ran\u00ed prid\u00e1te hodnotu parametru 26<\/p>\n<p>&nbsp;<\/p>\n<p>V n\u00e1vode nie je nap\u00edsan\u00e9 ako pripoji\u0165 fotobunky:<\/p>\n<p>Rie\u0161enie:<\/p>\n<ul>\n<li>fotobunky prip\u00e1jate pod\u013ea sch\u00e9my 1 v krabi\u010dke od fotobuniek. Prv\u00e1 fotobunka: Svorka 1 prvej fotobunky ide do svorky SC na pohone, svorka 2 prvej fotobunky ide do svorky COM na pohone. Svorka 3 prvej fotobunky ide do svorky 5 druhej fotobunky. Svorka 1 druhej fotobunky ide do svorky 24V na pohone, svorka 2 a 4 druhej fotobunky id\u00fa do svorky COM na pohone, svorka 3 druhej fotobunky ide do svorky FT1 na pohone.<\/li>\n<\/ul>\n<p>&nbsp;<\/p>\n<p>Na ktor\u00e9 svorky riadiacej jednotky sa m\u00e1 pripoji\u0165 ant\u00e9na?<\/p>\n<p>Rie\u0161enie: Na 2 svorky, ktor\u00e9 s\u00fa ozna\u010den\u00e9 nakreslenou ant\u00e9nou (ANT a COM)<\/p>\n<p>&nbsp;<\/p>\n<p>K\u00e1blik tr\u010diaci z ant\u00e9ny je treba nadpoji\u0165?<\/p>\n<p>Rie\u0161enie: Pre zv\u00e4\u010d\u0161enie sily (dosahu) sign\u00e1lu ho odpor\u00fa\u010dame ho vymeni\u0165 za koaxi\u00e1lny tienen\u00fd k\u00e1bel<\/p>\n<\/div>\n<p>Na ktor\u00e9 svorky sa prip\u00e1ja zvon\u010dekov\u00e9 tla\u010d\u00edtko?<\/p>\n<p>Rie\u0161enie: Na svorku 30 (PP) a svorku 32 (COM)<\/p>\n<\/div>\n<\/div>\n<\/div>\n<\/div>\n<\/div>\n<div id=\"pg-32-1\" class=\"panel-grid panel-has-style\">\n<div class=\"panel-row-style panel-row-style-for-32-1\" data-overlay=\"true\" data-overlay-color=\"#000000\">\n<div id=\"pgc-32-1-0\" class=\"panel-grid-cell panel-grid-cell-empty panel-grid-cell-mobile-last\"><a href=\"https:\/\/www.najlepsiepohonybran.eu\/wp-content\/uploads\/2020\/09\/N\u00e1vod-na-in\u0161tal\u00e1ciu-superr\u00fdchlych-brushless-pohonov-BM30.pdf\">N\u00e1vod na in\u0161tal\u00e1ciu superr\u00fdchlych brushless pohonov BM30<\/a><\/div>\n<div><\/div>\n<div><a href=\"https:\/\/www.najlepsiepohonybran.eu\/wp-content\/uploads\/2020\/09\/M40-n\u00e1vod-na-in\u0161tal\u00e1ciu.pdf\">M40-n\u00e1vod-na-in\u0161tal\u00e1ciu<\/a><\/div>\n<\/div>\n<\/div>\n<\/div>\n<\/div>\n<div><\/div>\n<div class=\"entry-content\">\n<div><\/div>\n<\/div>\n<footer class=\"entry-footer\"><\/footer>\n<\/article>\n<p>&nbsp;<\/p>\n<\/div>\n<div id=\"secondary\" class=\"widget-area col-md-3\" role=\"complementary\"><\/div>\n<p>&nbsp;<\/p>\n<\/div>\n\t\t<\/div><\/div><\/div><div id=\"pgc-32-0-1\"  class=\"panel-grid-cell\" ><div id=\"panel-32-0-1-0\" class=\"so-panel widget widget_text panel-first-child panel-last-child\" data-index=\"1\" ><div style=\"text-align: left;\" data-title-color=\"#443f3f\" data-headings-color=\"#443f3f\" class=\"panel-widget-style panel-widget-style-for-32-0-1-0\" ><h3 class=\"widget-title\">Bernal &#8211; n\u00e1vody a rady pri in\u0161tal\u00e1cii<\/h3>\t\t\t<div class=\"textwidget\"><div id=\"primary\" class=\"content-area col-md-9\">\n<article id=\"post-32\" class=\"post-32 page type-page status-publish hentry\">\n<div class=\"entry-content\">\n<div id=\"pl-32\" class=\"panel-layout\">\n<div id=\"pg-32-1\" class=\"panel-grid panel-has-style\">\n<div class=\"panel-row-style panel-row-style-for-32-1\" data-overlay=\"true\" data-overlay-color=\"#000000\">\n<div><\/div>\n<\/div>\n<\/div>\n<\/div>\n<\/div>\n<div>\n<div><strong>Pohony Bernal:<\/strong><\/div>\n<div>Videon\u00e1vod na mont\u00e1\u017e pohonov Bernal:<\/div>\n<div><a href=\"https:\/\/www.youtube.com\/watch?v=YkYjr1nSgMQ\">https:\/\/www.youtube.com\/watch?v=YkYjr1nSgMQ<\/a><\/div>\n<div><\/div>\n<\/div>\n<div class=\"entry-content\">\n<div id=\"pl-32\" class=\"panel-layout\">\n<div id=\"pg-32-1\" class=\"panel-grid panel-has-style\">\n<div><a href=\"https:\/\/www.najlepsiepohonybran.eu\/wp-content\/uploads\/2020\/09\/N\u00e1vod-na-in\u0161tal\u00e1ciu-gar\u00e1\u017eov\u00fdch-pohonov-Bernal.pdf\">N\u00e1vod na in\u0161tal\u00e1ciu gar\u00e1\u017eov\u00fdch pohonov Bernal\u00a0<\/a><\/div>\n<div><\/div>\n<div><em>Ak sa V\u00e1m be\u017eec po in\u0161tal\u00e1cii nezacvakne do re\u0165aze, dali ste ho naopak a je nutn\u00e9 ho oto\u010di\u0165 na druh\u00fa stranu.<\/em><\/div>\n<\/div>\n<\/div>\n<\/div>\n<div class=\"entry-content\">\n<div id=\"pl-32\" class=\"panel-layout\">\n<div id=\"pg-32-1\" class=\"panel-grid panel-has-style\">\n<div class=\"panel-row-style panel-row-style-for-32-1\" data-overlay=\"true\" data-overlay-color=\"#000000\">\n<div id=\"pgc-32-1-1\" class=\"panel-grid-cell panel-grid-cell-empty\"><\/div>\n<div><strong>Pripojenie fotobuniek k pohonom Bernal:<\/strong> Prv\u00e1 fotobunka: Svorka 1 prvej fotobunky ide do svorky L+ na pohone, svorka 2 prvej fotobunky ide do svorky L- na pohone.\u00a0 Svorka 1 druhej fotobunky ide do svorky L+ na pohone, svorka 2 druhej fotobunky ide do svorky L- na pohone, svorka 3 druhej fotobunky ide do svorky L &#8211; na pohone, svorka 4 druhej fotobunky ide do svorky LS na pohone.<\/div>\n<\/div>\n<div><strong>Pripojenie extern\u00e9ho prij\u00edma\u010du na pohony Bernal:<\/strong><\/div>\n<div>Svorka + na externom prij\u00edma\u010di ide do svorky L+ na pohone. Svorka &#8211; na externom prij\u00edma\u010di ide do svorky L- na pohone. Prv\u00e1 svorka kan\u00e1lu 1 (CH1) alebo prv\u00e1 svorka kan\u00e1lu 2 (CH2) ide do prvej svorky START na pohone. Druh\u00e1 svorka kan\u00e1lu 1 (CH1) alebo druh\u00e1 svorka kan\u00e1lu 2 (CH2) ide do druhej svorky START na pohone.<\/div>\n<div><\/div>\n<\/div>\n<\/div>\n<div><\/div>\n<\/div>\n<footer class=\"entry-footer\"><\/footer>\n<\/article>\n<p>&nbsp;<\/p>\n<\/div>\n<div id=\"secondary\" class=\"widget-area col-md-3\" role=\"complementary\"><\/div>\n<p>&nbsp;<\/p>\n<\/div>\n\t\t<\/div><\/div><\/div><\/div><\/div><div id=\"pg-32-1\"  class=\"panel-grid panel-has-style\" ><div style=\"padding: 10px 0; \" data-overlay=\"true\" data-overlay-color=\"#000000\" class=\"panel-row-style panel-row-style-for-32-1\" ><div id=\"pgc-32-1-0\"  class=\"panel-grid-cell panel-grid-cell-empty panel-grid-cell-mobile-last\" ><\/div><div id=\"pgc-32-1-1\"  class=\"panel-grid-cell panel-grid-cell-empty\" ><\/div><\/div><\/div><\/div>","protected":false},"excerpt":{"rendered":"<p>&nbsp; V\u0161eobecn\u00e9 inform\u00e1cie: Na \u010do sl\u00fa\u017ei plo\u0161\u00e1k dodan\u00fd spolu s pohonom pri dia\u013ekov\u00fdch ovl\u00e1da\u010doch?\u00a0 \u00a0 \u00a0 \u00a0 \u00a0 \u00a0 \u00a0 \u00a0 \u00a0 \u00a0 \u00a0 \u00a0 \u00a0 \u00a0 \u00a0 \u00a0 \u00a0 \u00a0 \u00a0 \u00a0 \u00a0 \u00a0 \u00a0 \u00a0 \u00a0 \u00a0 \u00a0 \u00a0 \u00a0 \u00a0 \u00a0 \u00a0 Rie\u0161enie: Jedn\u00e1 sa o prij\u00edma\u010d, zas\u00fava sa do riadiacej jednotky [&hellip;]<\/p>\n","protected":false},"author":2,"featured_media":0,"parent":0,"menu_order":0,"comment_status":"closed","ping_status":"closed","template":"page-templates\/page_fullwidth.php","meta":{"footnotes":""},"class_list":["post-32","page","type-page","status-publish","hentry"],"yoast_head":"<!-- This site is optimized with the Yoast SEO plugin v25.6 - https:\/\/yoast.com\/wordpress\/plugins\/seo\/ -->\n<title>Roger Technology - n\u00e1vody a rady pri in\u0161tal\u00e1cii - Premiov\u00e9 produkty<\/title>\n<meta name=\"robots\" content=\"index, follow, max-snippet:-1, max-image-preview:large, max-video-preview:-1\" \/>\n<link rel=\"canonical\" href=\"https:\/\/premioveprodukty.eu\/pohony-bran-a-zavory\/\" \/>\n<meta property=\"og:locale\" content=\"en_US\" \/>\n<meta property=\"og:type\" content=\"article\" \/>\n<meta property=\"og:title\" content=\"[:sk]Roger Technology a Bernal - n\u00e1vody a rady pri in\u0161tal\u00e1cii[:en]Roger Technology - n\u00e1vody a rady pri in\u0161tal\u00e1cii[:ru]Roger Technology - n\u00e1vody a rady pri in\u0161tal\u00e1cii[:] - Premiov\u00e9 produkty\" \/>\n<meta property=\"og:description\" content=\"&nbsp; V\u0161eobecn\u00e9 inform\u00e1cie: Na \u010do sl\u00fa\u017ei plo\u0161\u00e1k dodan\u00fd spolu s pohonom pri dia\u013ekov\u00fdch ovl\u00e1da\u010doch?\u00a0 \u00a0 \u00a0 \u00a0 \u00a0 \u00a0 \u00a0 \u00a0 \u00a0 \u00a0 \u00a0 \u00a0 \u00a0 \u00a0 \u00a0 \u00a0 \u00a0 \u00a0 \u00a0 \u00a0 \u00a0 \u00a0 \u00a0 \u00a0 \u00a0 \u00a0 \u00a0 \u00a0 \u00a0 \u00a0 \u00a0 \u00a0 Rie\u0161enie: Jedn\u00e1 sa o prij\u00edma\u010d, zas\u00fava sa do riadiacej jednotky [&hellip;]\" \/>\n<meta property=\"og:url\" content=\"https:\/\/premioveprodukty.eu\/pohony-bran-a-zavory\/\" \/>\n<meta property=\"og:site_name\" content=\"Premiov\u00e9 produkty\" \/>\n<meta property=\"article:modified_time\" content=\"2021-05-14T13:50:23+00:00\" \/>\n<meta name=\"twitter:card\" content=\"summary_large_image\" \/>\n<meta name=\"twitter:label1\" content=\"Est. reading time\" \/>\n\t<meta name=\"twitter:data1\" content=\"8 minutes\" \/>\n<script type=\"application\/ld+json\" class=\"yoast-schema-graph\">{\"@context\":\"https:\/\/schema.org\",\"@graph\":[{\"@type\":\"WebPage\",\"@id\":\"https:\/\/premioveprodukty.eu\/pohony-bran-a-zavory\/\",\"url\":\"https:\/\/premioveprodukty.eu\/pohony-bran-a-zavory\/\",\"name\":\"[:sk]Roger Technology a Bernal - n\u00e1vody a rady pri in\u0161tal\u00e1cii[:en]Roger Technology - n\u00e1vody a rady pri in\u0161tal\u00e1cii[:ru]Roger Technology - n\u00e1vody a rady pri in\u0161tal\u00e1cii[:] - Premiov\u00e9 produkty\",\"isPartOf\":{\"@id\":\"https:\/\/premioveprodukty.eu\/#website\"},\"datePublished\":\"2018-02-25T17:01:37+00:00\",\"dateModified\":\"2021-05-14T13:50:23+00:00\",\"breadcrumb\":{\"@id\":\"https:\/\/premioveprodukty.eu\/pohony-bran-a-zavory\/#breadcrumb\"},\"inLanguage\":\"en-US\",\"potentialAction\":[{\"@type\":\"ReadAction\",\"target\":[\"https:\/\/premioveprodukty.eu\/pohony-bran-a-zavory\/\"]}]},{\"@type\":\"BreadcrumbList\",\"@id\":\"https:\/\/premioveprodukty.eu\/pohony-bran-a-zavory\/#breadcrumb\",\"itemListElement\":[{\"@type\":\"ListItem\",\"position\":1,\"name\":\"Domovsk\u00e1 str\u00e1nka\",\"item\":\"https:\/\/premioveprodukty.eu\/\"},{\"@type\":\"ListItem\",\"position\":2,\"name\":\"Roger Technology a Bernal &#8211; n\u00e1vody a rady pri in\u0161tal\u00e1cii\"}]},{\"@type\":\"WebSite\",\"@id\":\"https:\/\/premioveprodukty.eu\/#website\",\"url\":\"https:\/\/premioveprodukty.eu\/\",\"name\":\"Premiov\u00e9 produkty\",\"description\":\"kvalitn\u00e9 produkty pre V\u00e1\u0161 \u017eivot a b\u00fdvanie\",\"potentialAction\":[{\"@type\":\"SearchAction\",\"target\":{\"@type\":\"EntryPoint\",\"urlTemplate\":\"https:\/\/premioveprodukty.eu\/?s={search_term_string}\"},\"query-input\":{\"@type\":\"PropertyValueSpecification\",\"valueRequired\":true,\"valueName\":\"search_term_string\"}}],\"inLanguage\":\"en-US\"}]}<\/script>\n<!-- \/ Yoast SEO plugin. -->","yoast_head_json":{"title":"[:sk]Roger Technology a Bernal - n\u00e1vody a rady pri in\u0161tal\u00e1cii[:en]Roger Technology - n\u00e1vody a rady pri in\u0161tal\u00e1cii[:ru]Roger Technology - n\u00e1vody a rady pri in\u0161tal\u00e1cii[:] - Premiov\u00e9 produkty","robots":{"index":"index","follow":"follow","max-snippet":"max-snippet:-1","max-image-preview":"max-image-preview:large","max-video-preview":"max-video-preview:-1"},"canonical":"https:\/\/premioveprodukty.eu\/pohony-bran-a-zavory\/","og_locale":"en_US","og_type":"article","og_title":"[:sk]Roger Technology a Bernal - n\u00e1vody a rady pri in\u0161tal\u00e1cii[:en]Roger Technology - n\u00e1vody a rady pri in\u0161tal\u00e1cii[:ru]Roger Technology - n\u00e1vody a rady pri in\u0161tal\u00e1cii[:] - Premiov\u00e9 produkty","og_description":"&nbsp; V\u0161eobecn\u00e9 inform\u00e1cie: Na \u010do sl\u00fa\u017ei plo\u0161\u00e1k dodan\u00fd spolu s pohonom pri dia\u013ekov\u00fdch ovl\u00e1da\u010doch?\u00a0 \u00a0 \u00a0 \u00a0 \u00a0 \u00a0 \u00a0 \u00a0 \u00a0 \u00a0 \u00a0 \u00a0 \u00a0 \u00a0 \u00a0 \u00a0 \u00a0 \u00a0 \u00a0 \u00a0 \u00a0 \u00a0 \u00a0 \u00a0 \u00a0 \u00a0 \u00a0 \u00a0 \u00a0 \u00a0 \u00a0 \u00a0 Rie\u0161enie: Jedn\u00e1 sa o prij\u00edma\u010d, zas\u00fava sa do riadiacej jednotky [&hellip;]","og_url":"https:\/\/premioveprodukty.eu\/pohony-bran-a-zavory\/","og_site_name":"Premiov\u00e9 produkty","article_modified_time":"2021-05-14T13:50:23+00:00","twitter_card":"summary_large_image","twitter_misc":{"Est. reading time":"8 minutes"},"schema":{"@context":"https:\/\/schema.org","@graph":[{"@type":"WebPage","@id":"https:\/\/premioveprodukty.eu\/pohony-bran-a-zavory\/","url":"https:\/\/premioveprodukty.eu\/pohony-bran-a-zavory\/","name":"[:sk]Roger Technology a Bernal - n\u00e1vody a rady pri in\u0161tal\u00e1cii[:en]Roger Technology - n\u00e1vody a rady pri in\u0161tal\u00e1cii[:ru]Roger Technology - n\u00e1vody a rady pri in\u0161tal\u00e1cii[:] - Premiov\u00e9 produkty","isPartOf":{"@id":"https:\/\/premioveprodukty.eu\/#website"},"datePublished":"2018-02-25T17:01:37+00:00","dateModified":"2021-05-14T13:50:23+00:00","breadcrumb":{"@id":"https:\/\/premioveprodukty.eu\/pohony-bran-a-zavory\/#breadcrumb"},"inLanguage":"en-US","potentialAction":[{"@type":"ReadAction","target":["https:\/\/premioveprodukty.eu\/pohony-bran-a-zavory\/"]}]},{"@type":"BreadcrumbList","@id":"https:\/\/premioveprodukty.eu\/pohony-bran-a-zavory\/#breadcrumb","itemListElement":[{"@type":"ListItem","position":1,"name":"Domovsk\u00e1 str\u00e1nka","item":"https:\/\/premioveprodukty.eu\/"},{"@type":"ListItem","position":2,"name":"Roger Technology a Bernal &#8211; n\u00e1vody a rady pri in\u0161tal\u00e1cii"}]},{"@type":"WebSite","@id":"https:\/\/premioveprodukty.eu\/#website","url":"https:\/\/premioveprodukty.eu\/","name":"Premiov\u00e9 produkty","description":"kvalitn\u00e9 produkty pre V\u00e1\u0161 \u017eivot a b\u00fdvanie","potentialAction":[{"@type":"SearchAction","target":{"@type":"EntryPoint","urlTemplate":"https:\/\/premioveprodukty.eu\/?s={search_term_string}"},"query-input":{"@type":"PropertyValueSpecification","valueRequired":true,"valueName":"search_term_string"}}],"inLanguage":"en-US"}]}},"_links":{"self":[{"href":"https:\/\/premioveprodukty.eu\/en\/wp-json\/wp\/v2\/pages\/32"}],"collection":[{"href":"https:\/\/premioveprodukty.eu\/en\/wp-json\/wp\/v2\/pages"}],"about":[{"href":"https:\/\/premioveprodukty.eu\/en\/wp-json\/wp\/v2\/types\/page"}],"author":[{"embeddable":true,"href":"https:\/\/premioveprodukty.eu\/en\/wp-json\/wp\/v2\/users\/2"}],"replies":[{"embeddable":true,"href":"https:\/\/premioveprodukty.eu\/en\/wp-json\/wp\/v2\/comments?post=32"}],"version-history":[{"count":163,"href":"https:\/\/premioveprodukty.eu\/en\/wp-json\/wp\/v2\/pages\/32\/revisions"}],"predecessor-version":[{"id":1046,"href":"https:\/\/premioveprodukty.eu\/en\/wp-json\/wp\/v2\/pages\/32\/revisions\/1046"}],"wp:attachment":[{"href":"https:\/\/premioveprodukty.eu\/en\/wp-json\/wp\/v2\/media?parent=32"}],"curies":[{"name":"wp","href":"https:\/\/api.w.org\/{rel}","templated":true}]}}