{"id":34,"date":"2018-02-25T18:01:45","date_gmt":"2018-02-25T17:01:45","guid":{"rendered":"http:\/\/premioveprodukty.eu\/?page_id=34"},"modified":"2026-04-27T16:38:47","modified_gmt":"2026-04-27T14:38:47","slug":"kontakt","status":"publish","type":"page","link":"https:\/\/premioveprodukty.eu\/en\/kontakt\/","title":{"rendered":"Contact"},"content":{"rendered":"<div id=\"pl-34\"  class=\"panel-layout\" ><div id=\"pg-34-0\"  class=\"panel-grid panel-has-style\" ><div style=\"padding: 10px 0; \" data-overlay=\"true\" data-overlay-color=\"#000000\" class=\"panel-row-style panel-row-style-for-34-0\" ><div id=\"pgc-34-0-0\"  class=\"panel-grid-cell\" ><div id=\"panel-34-0-0-0\" class=\"so-panel widget widget_text panel-first-child panel-last-child\" data-index=\"0\" ><div style=\"text-align: left;\" data-title-color=\"#443f3f\" data-headings-color=\"#443f3f\" class=\"panel-widget-style panel-widget-style-for-34-0-0-0\" >\t\t\t<div class=\"textwidget\"><p><strong>Email:\u00a0<a href=\"mailto:info@premioveprodukty.eu\">info@premioveprodukty.eu<\/a><\/strong><\/p>\n<p><strong>Phone:<\/strong> +421 944 944 204<\/p>\n<p><strong>Address:<\/strong> Fialkov\u00e1 14, 900 51 Zohor<\/p>\n<p>&nbsp;<\/p>\n<p>&nbsp;<\/p>\n<\/div>\n\t\t<\/div><\/div><\/div><div id=\"pgc-34-0-1\"  class=\"panel-grid-cell\" ><div id=\"panel-34-0-1-0\" class=\"so-panel widget widget_text panel-first-child panel-last-child\" data-index=\"1\" ><div style=\"text-align: left;\" data-title-color=\"#443f3f\" data-headings-color=\"#443f3f\" class=\"panel-widget-style panel-widget-style-for-34-0-1-0\" >\t\t\t<div class=\"textwidget\">\n<div class=\"wpcf7 no-js\" id=\"wpcf7-f93-o1\" lang=\"sk-SK\" dir=\"ltr\" data-wpcf7-id=\"93\">\n<div class=\"screen-reader-response\"><p role=\"status\" aria-live=\"polite\" aria-atomic=\"true\"><\/p> <ul><\/ul><\/div>\n<form action=\"\/en\/wp-json\/wp\/v2\/pages\/34#wpcf7-f93-o1\" method=\"post\" class=\"wpcf7-form init\" aria-label=\"Kontaktn\u00fd formul\u00e1r\" novalidate=\"novalidate\" data-status=\"init\">\n<div style=\"display: none;\">\n<input type=\"hidden\" name=\"_wpcf7\" value=\"93\" \/>\n<input type=\"hidden\" name=\"_wpcf7_version\" value=\"6.0.6\" \/>\n<input type=\"hidden\" name=\"_wpcf7_locale\" value=\"sk_SK\" \/>\n<input type=\"hidden\" name=\"_wpcf7_unit_tag\" value=\"wpcf7-f93-o1\" \/>\n<input type=\"hidden\" name=\"_wpcf7_container_post\" value=\"0\" \/>\n<input type=\"hidden\" name=\"_wpcf7_posted_data_hash\" value=\"\" \/>\n<\/div>\n<p><label> Va\u0161e meno (povinn\u00e9)<br \/>\n<span class=\"wpcf7-form-control-wrap\" data-name=\"your-name\"><input size=\"40\" maxlength=\"400\" class=\"wpcf7-form-control wpcf7-text wpcf7-validates-as-required\" aria-required=\"true\" aria-invalid=\"false\" value=\"\" type=\"text\" name=\"your-name\" \/><\/span> <\/label>\n<\/p>\n<p><label> V\u00e1\u0161 email (povinn\u00e9)<br \/>\n<span class=\"wpcf7-form-control-wrap\" data-name=\"your-email\"><input size=\"40\" maxlength=\"400\" class=\"wpcf7-form-control wpcf7-email wpcf7-validates-as-required wpcf7-text wpcf7-validates-as-email\" aria-required=\"true\" aria-invalid=\"false\" value=\"\" type=\"email\" name=\"your-email\" \/><\/span> <\/label>\n<\/p>\n<p><label> Telef\u00f3n<br \/>\n<span class=\"wpcf7-form-control-wrap\" data-name=\"your-subject\"><input size=\"40\" maxlength=\"400\" class=\"wpcf7-form-control wpcf7-text\" aria-invalid=\"false\" value=\"\" type=\"text\" name=\"your-subject\" \/><\/span> <\/label>\n<\/p>\n<p><label> Va\u0161a spr\u00e1va<br \/>\n<span class=\"wpcf7-form-control-wrap\" data-name=\"your-message\"><textarea cols=\"40\" rows=\"10\" maxlength=\"2000\" class=\"wpcf7-form-control wpcf7-textarea\" aria-invalid=\"false\" name=\"your-message\"><\/textarea><\/span> <\/label><br \/>\nOdp\u00ed\u0161te k\u00f3d: <input type=\"hidden\" name=\"_wpcf7_captcha_challenge_captcha-170\" value=\"1676496441\" \/><img loading=\"lazy\" decoding=\"async\" class=\"wpcf7-form-control wpcf7-captchac wpcf7-captcha-captcha-170\" width=\"72\" height=\"24\" alt=\"captcha\" src=\"https:\/\/premioveprodukty.eu\/wp-content\/uploads\/wpcf7_captcha\/1676496441.png\" \/><br \/>\n<span class=\"wpcf7-form-control-wrap\" data-name=\"captcha-170\"><input size=\"4\" maxlength=\"4\" class=\"wpcf7-form-control wpcf7-captchar\" autocomplete=\"off\" aria-invalid=\"false\" value=\"\" type=\"text\" name=\"captcha-170\" \/><\/span>\n<\/p>\n<p><input class=\"wpcf7-form-control wpcf7-submit has-spinner\" type=\"submit\" value=\"Odo\u0161li\" \/>\n<\/p><div class=\"wpcf7-response-output\" aria-hidden=\"true\"><\/div>\n<\/form>\n<\/div>\n\n<\/div>\n\t\t<\/div><\/div><\/div><\/div><\/div><\/div>","protected":false},"excerpt":{"rendered":"<p>Email:\u00a0info@premioveprodukty.eu Phone: +421 944 944 204 Address: Fialkov\u00e1 14, 900 51 Zohor &nbsp; &nbsp;<\/p>\n","protected":false},"author":2,"featured_media":0,"parent":0,"menu_order":0,"comment_status":"closed","ping_status":"closed","template":"","meta":{"footnotes":""},"class_list":["post-34","page","type-page","status-publish","hentry"],"yoast_head":"<!-- This site is optimized with the Yoast SEO plugin v25.6 - https:\/\/yoast.com\/wordpress\/plugins\/seo\/ -->\n<title>Contact - Premiov\u00e9 produkty<\/title>\n<meta name=\"robots\" content=\"index, follow, max-snippet:-1, max-image-preview:large, max-video-preview:-1\" \/>\n<link rel=\"canonical\" href=\"https:\/\/premioveprodukty.eu\/kontakt\/\" \/>\n<meta property=\"og:locale\" content=\"en_US\" \/>\n<meta property=\"og:type\" content=\"article\" \/>\n<meta property=\"og:title\" content=\"[:sk]Kontakt[:en]Contact[:ru]Kontakt[:] - Premiov\u00e9 produkty\" \/>\n<meta property=\"og:description\" content=\"Email:\u00a0info@premioveprodukty.eu Phone: +421 944 944 204 Address: Fialkov\u00e1 14, 900 51 Zohor &nbsp; &nbsp;\" \/>\n<meta property=\"og:url\" content=\"https:\/\/premioveprodukty.eu\/kontakt\/\" \/>\n<meta property=\"og:site_name\" content=\"Premiov\u00e9 produkty\" \/>\n<meta property=\"article:modified_time\" content=\"2026-04-27T14:38:47+00:00\" \/>\n<meta property=\"og:image\" content=\"https:\/\/premioveprodukty.eu\/wp-content\/uploads\/wpcf7_captcha\/4025483017.png\" \/>\n<meta name=\"twitter:card\" content=\"summary_large_image\" \/>\n<meta name=\"twitter:label1\" content=\"Est. reading time\" \/>\n\t<meta name=\"twitter:data1\" content=\"1 minute\" \/>\n<script type=\"application\/ld+json\" class=\"yoast-schema-graph\">{\"@context\":\"https:\/\/schema.org\",\"@graph\":[{\"@type\":\"WebPage\",\"@id\":\"https:\/\/premioveprodukty.eu\/kontakt\/\",\"url\":\"https:\/\/premioveprodukty.eu\/kontakt\/\",\"name\":\"[:sk]Kontakt[:en]Contact[:ru]Kontakt[:] - Premiov\u00e9 produkty\",\"isPartOf\":{\"@id\":\"https:\/\/premioveprodukty.eu\/#website\"},\"primaryImageOfPage\":{\"@id\":\"https:\/\/premioveprodukty.eu\/kontakt\/#primaryimage\"},\"image\":{\"@id\":\"https:\/\/premioveprodukty.eu\/kontakt\/#primaryimage\"},\"thumbnailUrl\":\"https:\/\/premioveprodukty.eu\/wp-content\/uploads\/wpcf7_captcha\/4025483017.png\",\"datePublished\":\"2018-02-25T17:01:45+00:00\",\"dateModified\":\"2026-04-27T14:38:47+00:00\",\"breadcrumb\":{\"@id\":\"https:\/\/premioveprodukty.eu\/kontakt\/#breadcrumb\"},\"inLanguage\":\"en-US\",\"potentialAction\":[{\"@type\":\"ReadAction\",\"target\":[\"https:\/\/premioveprodukty.eu\/kontakt\/\"]}]},{\"@type\":\"ImageObject\",\"inLanguage\":\"en-US\",\"@id\":\"https:\/\/premioveprodukty.eu\/kontakt\/#primaryimage\",\"url\":\"https:\/\/premioveprodukty.eu\/wp-content\/uploads\/wpcf7_captcha\/4025483017.png\",\"contentUrl\":\"https:\/\/premioveprodukty.eu\/wp-content\/uploads\/wpcf7_captcha\/4025483017.png\"},{\"@type\":\"BreadcrumbList\",\"@id\":\"https:\/\/premioveprodukty.eu\/kontakt\/#breadcrumb\",\"itemListElement\":[{\"@type\":\"ListItem\",\"position\":1,\"name\":\"Domovsk\u00e1 str\u00e1nka\",\"item\":\"https:\/\/premioveprodukty.eu\/\"},{\"@type\":\"ListItem\",\"position\":2,\"name\":\"Kontakt\"}]},{\"@type\":\"WebSite\",\"@id\":\"https:\/\/premioveprodukty.eu\/#website\",\"url\":\"https:\/\/premioveprodukty.eu\/\",\"name\":\"Premiov\u00e9 produkty\",\"description\":\"kvalitn\u00e9 produkty pre V\u00e1\u0161 \u017eivot a b\u00fdvanie\",\"potentialAction\":[{\"@type\":\"SearchAction\",\"target\":{\"@type\":\"EntryPoint\",\"urlTemplate\":\"https:\/\/premioveprodukty.eu\/?s={search_term_string}\"},\"query-input\":{\"@type\":\"PropertyValueSpecification\",\"valueRequired\":true,\"valueName\":\"search_term_string\"}}],\"inLanguage\":\"en-US\"}]}<\/script>\n<!-- \/ Yoast SEO plugin. -->","yoast_head_json":{"title":"[:sk]Kontakt[:en]Contact[:ru]Kontakt[:] - Premiov\u00e9 produkty","robots":{"index":"index","follow":"follow","max-snippet":"max-snippet:-1","max-image-preview":"max-image-preview:large","max-video-preview":"max-video-preview:-1"},"canonical":"https:\/\/premioveprodukty.eu\/kontakt\/","og_locale":"en_US","og_type":"article","og_title":"[:sk]Kontakt[:en]Contact[:ru]Kontakt[:] - Premiov\u00e9 produkty","og_description":"Email:\u00a0info@premioveprodukty.eu Phone: +421 944 944 204 Address: Fialkov\u00e1 14, 900 51 Zohor &nbsp; &nbsp;","og_url":"https:\/\/premioveprodukty.eu\/kontakt\/","og_site_name":"Premiov\u00e9 produkty","article_modified_time":"2026-04-27T14:38:47+00:00","og_image":[{"url":"https:\/\/premioveprodukty.eu\/wp-content\/uploads\/wpcf7_captcha\/4025483017.png","type":"","width":"","height":""}],"twitter_card":"summary_large_image","twitter_misc":{"Est. reading time":"1 minute"},"schema":{"@context":"https:\/\/schema.org","@graph":[{"@type":"WebPage","@id":"https:\/\/premioveprodukty.eu\/kontakt\/","url":"https:\/\/premioveprodukty.eu\/kontakt\/","name":"[:sk]Kontakt[:en]Contact[:ru]Kontakt[:] - Premiov\u00e9 produkty","isPartOf":{"@id":"https:\/\/premioveprodukty.eu\/#website"},"primaryImageOfPage":{"@id":"https:\/\/premioveprodukty.eu\/kontakt\/#primaryimage"},"image":{"@id":"https:\/\/premioveprodukty.eu\/kontakt\/#primaryimage"},"thumbnailUrl":"https:\/\/premioveprodukty.eu\/wp-content\/uploads\/wpcf7_captcha\/4025483017.png","datePublished":"2018-02-25T17:01:45+00:00","dateModified":"2026-04-27T14:38:47+00:00","breadcrumb":{"@id":"https:\/\/premioveprodukty.eu\/kontakt\/#breadcrumb"},"inLanguage":"en-US","potentialAction":[{"@type":"ReadAction","target":["https:\/\/premioveprodukty.eu\/kontakt\/"]}]},{"@type":"ImageObject","inLanguage":"en-US","@id":"https:\/\/premioveprodukty.eu\/kontakt\/#primaryimage","url":"https:\/\/premioveprodukty.eu\/wp-content\/uploads\/wpcf7_captcha\/4025483017.png","contentUrl":"https:\/\/premioveprodukty.eu\/wp-content\/uploads\/wpcf7_captcha\/4025483017.png"},{"@type":"BreadcrumbList","@id":"https:\/\/premioveprodukty.eu\/kontakt\/#breadcrumb","itemListElement":[{"@type":"ListItem","position":1,"name":"Domovsk\u00e1 str\u00e1nka","item":"https:\/\/premioveprodukty.eu\/"},{"@type":"ListItem","position":2,"name":"Kontakt"}]},{"@type":"WebSite","@id":"https:\/\/premioveprodukty.eu\/#website","url":"https:\/\/premioveprodukty.eu\/","name":"Premiov\u00e9 produkty","description":"kvalitn\u00e9 produkty pre V\u00e1\u0161 \u017eivot a b\u00fdvanie","potentialAction":[{"@type":"SearchAction","target":{"@type":"EntryPoint","urlTemplate":"https:\/\/premioveprodukty.eu\/?s={search_term_string}"},"query-input":{"@type":"PropertyValueSpecification","valueRequired":true,"valueName":"search_term_string"}}],"inLanguage":"en-US"}]}},"_links":{"self":[{"href":"https:\/\/premioveprodukty.eu\/en\/wp-json\/wp\/v2\/pages\/34"}],"collection":[{"href":"https:\/\/premioveprodukty.eu\/en\/wp-json\/wp\/v2\/pages"}],"about":[{"href":"https:\/\/premioveprodukty.eu\/en\/wp-json\/wp\/v2\/types\/page"}],"author":[{"embeddable":true,"href":"https:\/\/premioveprodukty.eu\/en\/wp-json\/wp\/v2\/users\/2"}],"replies":[{"embeddable":true,"href":"https:\/\/premioveprodukty.eu\/en\/wp-json\/wp\/v2\/comments?post=34"}],"version-history":[{"count":49,"href":"https:\/\/premioveprodukty.eu\/en\/wp-json\/wp\/v2\/pages\/34\/revisions"}],"predecessor-version":[{"id":1429,"href":"https:\/\/premioveprodukty.eu\/en\/wp-json\/wp\/v2\/pages\/34\/revisions\/1429"}],"wp:attachment":[{"href":"https:\/\/premioveprodukty.eu\/en\/wp-json\/wp\/v2\/media?parent=34"}],"curies":[{"name":"wp","href":"https:\/\/api.w.org\/{rel}","templated":true}]}}