{"id":1022,"date":"2021-04-30T14:16:59","date_gmt":"2021-04-30T12:16:59","guid":{"rendered":"http:\/\/premioveprodukty.eu\/?post_type=product&#038;p=1022"},"modified":"2021-04-30T14:16:59","modified_gmt":"2021-04-30T12:16:59","slug":"sekcna-garazova-brana-25-x-2-metre","status":"publish","type":"product","link":"https:\/\/premioveprodukty.eu\/en\/produkt\/sekcna-garazova-brana-25-x-2-metre\/","title":{"rendered":"(Sloven\u010dina) Sek\u010dn\u00e1 gar\u00e1\u017eov\u00e1 br\u00e1na 2,5 x 2 metre"},"content":{"rendered":"<p class=\"qtranxs-available-languages-message qtranxs-available-languages-message-en\">Sorry, this entry is only available in <a href=\"https:\/\/premioveprodukty.eu\/sk\/wp-json\/wp\/v2\/product\/1022\" class=\"qtranxs-available-language-link qtranxs-available-language-link-sk\" title=\"Sloven\u010dina\">Sloven\u010dina<\/a>.<\/p>","protected":false},"excerpt":{"rendered":"<p>Sorry, this entry is only available in Sloven\u010dina.<\/p>\n","protected":false},"featured_media":1008,"template":"","meta":[],"class_list":["post-1022","product","type-product","status-publish","has-post-thumbnail","hentry","product_cat-garazove-brany-normstahl"],"yoast_head":"<!-- This site is optimized with the Yoast SEO plugin v25.6 - https:\/\/yoast.com\/wordpress\/plugins\/seo\/ -->\n<title><\/title>\n<meta name=\"robots\" content=\"index, follow, max-snippet:-1, max-image-preview:large, max-video-preview:-1\" \/>\n<link rel=\"canonical\" href=\"https:\/\/premioveprodukty.eu\/produkt\/sekcna-garazova-brana-25-x-2-metre\/\" \/>\n<meta property=\"og:locale\" content=\"en_US\" \/>\n<meta property=\"og:type\" content=\"article\" \/>\n<meta property=\"og:title\" content=\"[:sk]Sek\u010dn\u00e1 gar\u00e1\u017eov\u00e1 br\u00e1na 2,5 x 2 metre[:] - Premiov\u00e9 produkty\" \/>\n<meta property=\"og:description\" content=\"Sorry, this entry is only available in Sloven\u010dina.\" \/>\n<meta property=\"og:url\" content=\"https:\/\/premioveprodukty.eu\/produkt\/sekcna-garazova-brana-25-x-2-metre\/\" \/>\n<meta property=\"og:site_name\" content=\"Premiov\u00e9 produkty\" \/>\n<meta property=\"og:image\" content=\"https:\/\/premioveprodukty.eu\/wp-content\/uploads\/2021\/04\/Garazova-brana.jpg\" \/>\n\t<meta property=\"og:image:width\" content=\"522\" \/>\n\t<meta property=\"og:image:height\" content=\"344\" \/>\n\t<meta property=\"og:image:type\" content=\"image\/jpeg\" \/>\n<meta name=\"twitter:card\" content=\"summary_large_image\" \/>\n<meta name=\"twitter:label1\" content=\"Est. reading time\" \/>\n\t<meta name=\"twitter:data1\" content=\"1 minute\" \/>\n<script type=\"application\/ld+json\" class=\"yoast-schema-graph\">{\"@context\":\"https:\/\/schema.org\",\"@graph\":[{\"@type\":\"WebPage\",\"@id\":\"https:\/\/premioveprodukty.eu\/produkt\/sekcna-garazova-brana-25-x-2-metre\/\",\"url\":\"https:\/\/premioveprodukty.eu\/produkt\/sekcna-garazova-brana-25-x-2-metre\/\",\"name\":\"[:sk]Sek\u010dn\u00e1 gar\u00e1\u017eov\u00e1 br\u00e1na 2,5 x 2 metre[:] - Premiov\u00e9 produkty\",\"isPartOf\":{\"@id\":\"https:\/\/premioveprodukty.eu\/#website\"},\"primaryImageOfPage\":{\"@id\":\"https:\/\/premioveprodukty.eu\/produkt\/sekcna-garazova-brana-25-x-2-metre\/#primaryimage\"},\"image\":{\"@id\":\"https:\/\/premioveprodukty.eu\/produkt\/sekcna-garazova-brana-25-x-2-metre\/#primaryimage\"},\"thumbnailUrl\":\"https:\/\/premioveprodukty.eu\/wp-content\/uploads\/2021\/04\/Garazova-brana.jpg\",\"datePublished\":\"2021-04-30T12:16:59+00:00\",\"breadcrumb\":{\"@id\":\"https:\/\/premioveprodukty.eu\/produkt\/sekcna-garazova-brana-25-x-2-metre\/#breadcrumb\"},\"inLanguage\":\"en-US\",\"potentialAction\":[{\"@type\":\"ReadAction\",\"target\":[\"https:\/\/premioveprodukty.eu\/produkt\/sekcna-garazova-brana-25-x-2-metre\/\"]}]},{\"@type\":\"ImageObject\",\"inLanguage\":\"en-US\",\"@id\":\"https:\/\/premioveprodukty.eu\/produkt\/sekcna-garazova-brana-25-x-2-metre\/#primaryimage\",\"url\":\"https:\/\/premioveprodukty.eu\/wp-content\/uploads\/2021\/04\/Garazova-brana.jpg\",\"contentUrl\":\"https:\/\/premioveprodukty.eu\/wp-content\/uploads\/2021\/04\/Garazova-brana.jpg\",\"width\":522,\"height\":344},{\"@type\":\"BreadcrumbList\",\"@id\":\"https:\/\/premioveprodukty.eu\/produkt\/sekcna-garazova-brana-25-x-2-metre\/#breadcrumb\",\"itemListElement\":[{\"@type\":\"ListItem\",\"position\":1,\"name\":\"Domovsk\u00e1 str\u00e1nka\",\"item\":\"https:\/\/premioveprodukty.eu\/\"},{\"@type\":\"ListItem\",\"position\":2,\"name\":\"Obchod\",\"item\":\"https:\/\/premioveprodukty.eu\/obchod\/\"},{\"@type\":\"ListItem\",\"position\":3,\"name\":\"Sek\u010dn\u00e1 gar\u00e1\u017eov\u00e1 br\u00e1na 2,5 x 2 metre\"}]},{\"@type\":\"WebSite\",\"@id\":\"https:\/\/premioveprodukty.eu\/#website\",\"url\":\"https:\/\/premioveprodukty.eu\/\",\"name\":\"Premiov\u00e9 produkty\",\"description\":\"kvalitn\u00e9 produkty pre V\u00e1\u0161 \u017eivot a b\u00fdvanie\",\"potentialAction\":[{\"@type\":\"SearchAction\",\"target\":{\"@type\":\"EntryPoint\",\"urlTemplate\":\"https:\/\/premioveprodukty.eu\/?s={search_term_string}\"},\"query-input\":{\"@type\":\"PropertyValueSpecification\",\"valueRequired\":true,\"valueName\":\"search_term_string\"}}],\"inLanguage\":\"en-US\"}]}<\/script>\n<!-- \/ Yoast SEO plugin. -->","yoast_head_json":{"title":"[:sk]Sek\u010dn\u00e1 gar\u00e1\u017eov\u00e1 br\u00e1na 2,5 x 2 metre[:] - Premiov\u00e9 produkty","robots":{"index":"index","follow":"follow","max-snippet":"max-snippet:-1","max-image-preview":"max-image-preview:large","max-video-preview":"max-video-preview:-1"},"canonical":"https:\/\/premioveprodukty.eu\/produkt\/sekcna-garazova-brana-25-x-2-metre\/","og_locale":"en_US","og_type":"article","og_title":"[:sk]Sek\u010dn\u00e1 gar\u00e1\u017eov\u00e1 br\u00e1na 2,5 x 2 metre[:] - Premiov\u00e9 produkty","og_description":"Sorry, this entry is only available in Sloven\u010dina.","og_url":"https:\/\/premioveprodukty.eu\/produkt\/sekcna-garazova-brana-25-x-2-metre\/","og_site_name":"Premiov\u00e9 produkty","og_image":[{"width":522,"height":344,"url":"https:\/\/premioveprodukty.eu\/wp-content\/uploads\/2021\/04\/Garazova-brana.jpg","type":"image\/jpeg"}],"twitter_card":"summary_large_image","twitter_misc":{"Est. reading time":"1 minute"},"schema":{"@context":"https:\/\/schema.org","@graph":[{"@type":"WebPage","@id":"https:\/\/premioveprodukty.eu\/produkt\/sekcna-garazova-brana-25-x-2-metre\/","url":"https:\/\/premioveprodukty.eu\/produkt\/sekcna-garazova-brana-25-x-2-metre\/","name":"[:sk]Sek\u010dn\u00e1 gar\u00e1\u017eov\u00e1 br\u00e1na 2,5 x 2 metre[:] - Premiov\u00e9 produkty","isPartOf":{"@id":"https:\/\/premioveprodukty.eu\/#website"},"primaryImageOfPage":{"@id":"https:\/\/premioveprodukty.eu\/produkt\/sekcna-garazova-brana-25-x-2-metre\/#primaryimage"},"image":{"@id":"https:\/\/premioveprodukty.eu\/produkt\/sekcna-garazova-brana-25-x-2-metre\/#primaryimage"},"thumbnailUrl":"https:\/\/premioveprodukty.eu\/wp-content\/uploads\/2021\/04\/Garazova-brana.jpg","datePublished":"2021-04-30T12:16:59+00:00","breadcrumb":{"@id":"https:\/\/premioveprodukty.eu\/produkt\/sekcna-garazova-brana-25-x-2-metre\/#breadcrumb"},"inLanguage":"en-US","potentialAction":[{"@type":"ReadAction","target":["https:\/\/premioveprodukty.eu\/produkt\/sekcna-garazova-brana-25-x-2-metre\/"]}]},{"@type":"ImageObject","inLanguage":"en-US","@id":"https:\/\/premioveprodukty.eu\/produkt\/sekcna-garazova-brana-25-x-2-metre\/#primaryimage","url":"https:\/\/premioveprodukty.eu\/wp-content\/uploads\/2021\/04\/Garazova-brana.jpg","contentUrl":"https:\/\/premioveprodukty.eu\/wp-content\/uploads\/2021\/04\/Garazova-brana.jpg","width":522,"height":344},{"@type":"BreadcrumbList","@id":"https:\/\/premioveprodukty.eu\/produkt\/sekcna-garazova-brana-25-x-2-metre\/#breadcrumb","itemListElement":[{"@type":"ListItem","position":1,"name":"Domovsk\u00e1 str\u00e1nka","item":"https:\/\/premioveprodukty.eu\/"},{"@type":"ListItem","position":2,"name":"Obchod","item":"https:\/\/premioveprodukty.eu\/obchod\/"},{"@type":"ListItem","position":3,"name":"Sek\u010dn\u00e1 gar\u00e1\u017eov\u00e1 br\u00e1na 2,5 x 2 metre"}]},{"@type":"WebSite","@id":"https:\/\/premioveprodukty.eu\/#website","url":"https:\/\/premioveprodukty.eu\/","name":"Premiov\u00e9 produkty","description":"kvalitn\u00e9 produkty pre V\u00e1\u0161 \u017eivot a b\u00fdvanie","potentialAction":[{"@type":"SearchAction","target":{"@type":"EntryPoint","urlTemplate":"https:\/\/premioveprodukty.eu\/?s={search_term_string}"},"query-input":{"@type":"PropertyValueSpecification","valueRequired":true,"valueName":"search_term_string"}}],"inLanguage":"en-US"}]}},"_links":{"self":[{"href":"https:\/\/premioveprodukty.eu\/en\/wp-json\/wp\/v2\/product\/1022"}],"collection":[{"href":"https:\/\/premioveprodukty.eu\/en\/wp-json\/wp\/v2\/product"}],"about":[{"href":"https:\/\/premioveprodukty.eu\/en\/wp-json\/wp\/v2\/types\/product"}],"wp:featuredmedia":[{"embeddable":true,"href":"https:\/\/premioveprodukty.eu\/en\/wp-json\/wp\/v2\/media\/1008"}],"wp:attachment":[{"href":"https:\/\/premioveprodukty.eu\/en\/wp-json\/wp\/v2\/media?parent=1022"}],"curies":[{"name":"wp","href":"https:\/\/api.w.org\/{rel}","templated":true}]}}