{"id":1039,"date":"2021-05-10T15:57:46","date_gmt":"2021-05-10T13:57:46","guid":{"rendered":"http:\/\/premioveprodukty.eu\/?post_type=product&#038;p=1039"},"modified":"2023-05-31T16:35:45","modified_gmt":"2023-05-31T14:35:45","slug":"nice-wingo-2024-s-fotobunkami-a-majakom","status":"publish","type":"product","link":"https:\/\/premioveprodukty.eu\/en\/produkt\/nice-wingo-2024-s-fotobunkami-a-majakom\/","title":{"rendered":"(Sloven\u010dina) Nice Wingo 2024 s fotobunkami a maj\u00e1kom"},"content":{"rendered":"<p class=\"qtranxs-available-languages-message qtranxs-available-languages-message-en\">Sorry, this entry is only available in <a href=\"https:\/\/premioveprodukty.eu\/sk\/wp-json\/wp\/v2\/product\/1039\" class=\"qtranxs-available-language-link qtranxs-available-language-link-sk\" title=\"Sloven\u010dina\">Sloven\u010dina<\/a>.<\/p>","protected":false},"excerpt":{"rendered":"<p class=\"qtranxs-available-languages-message qtranxs-available-languages-message-en\">Sorry, this entry is only available in <a href=\"https:\/\/premioveprodukty.eu\/sk\/wp-json\/wp\/v2\/product\/1039\" class=\"qtranxs-available-language-link qtranxs-available-language-link-sk\" title=\"Sloven\u010dina\">Sloven\u010dina<\/a>.<\/p>\n","protected":false},"featured_media":960,"template":"","meta":[],"class_list":["post-1039","product","type-product","status-publish","has-post-thumbnail","hentry","product_cat-sady-kridlovych-pohonov-bran"],"yoast_head":"<!-- This site is optimized with the Yoast SEO plugin v25.6 - https:\/\/yoast.com\/wordpress\/plugins\/seo\/ -->\n<title><\/title>\n<meta name=\"description\" content=\"Nice Wingo 2024 s fotobunkami a maj\u00e1kom je sada na automatiz\u00e1ciu 2 - kr\u00eddlovej br\u00e1ny s maxim\u00e1lnou d\u013a\u017ekou kr\u00eddla 2 metre a v\u00e1hou do 200 kg.\" \/>\n<meta name=\"robots\" content=\"index, follow, max-snippet:-1, max-image-preview:large, max-video-preview:-1\" \/>\n<link rel=\"canonical\" href=\"https:\/\/premioveprodukty.eu\/en\/produkt\/nice-wingo-2024-s-fotobunkami-a-majakom\/\" \/>\n<meta property=\"og:locale\" content=\"en_US\" \/>\n<meta property=\"og:type\" content=\"article\" \/>\n<meta property=\"og:title\" content=\"[:sk]Nice Wingo 2024 s fotobunkami a maj\u00e1kom[:ru] [:] - Premiov\u00e9 produkty\" \/>\n<meta property=\"og:description\" content=\"Nice Wingo 2024 s fotobunkami a maj\u00e1kom je sada na automatiz\u00e1ciu 2 - kr\u00eddlovej br\u00e1ny s maxim\u00e1lnou d\u013a\u017ekou kr\u00eddla 2 metre a v\u00e1hou do 200 kg.\" \/>\n<meta property=\"og:url\" content=\"https:\/\/premioveprodukty.eu\/en\/produkt\/nice-wingo-2024-s-fotobunkami-a-majakom\/\" \/>\n<meta property=\"og:site_name\" content=\"Premiov\u00e9 produkty\" \/>\n<meta property=\"article:modified_time\" content=\"2023-05-31T14:35:45+00:00\" \/>\n<meta property=\"og:image\" content=\"https:\/\/premioveprodukty.eu\/wp-content\/uploads\/2021\/02\/wingo5kce-scaled.jpg\" \/>\n\t<meta property=\"og:image:width\" content=\"2560\" \/>\n\t<meta property=\"og:image:height\" content=\"2003\" \/>\n\t<meta property=\"og:image:type\" content=\"image\/jpeg\" \/>\n<meta name=\"twitter:card\" content=\"summary_large_image\" \/>\n<meta name=\"twitter:label1\" content=\"Est. reading time\" \/>\n\t<meta name=\"twitter:data1\" content=\"1 minute\" \/>\n<script type=\"application\/ld+json\" class=\"yoast-schema-graph\">{\"@context\":\"https:\/\/schema.org\",\"@graph\":[{\"@type\":\"WebPage\",\"@id\":\"https:\/\/premioveprodukty.eu\/en\/produkt\/nice-wingo-2024-s-fotobunkami-a-majakom\/\",\"url\":\"https:\/\/premioveprodukty.eu\/en\/produkt\/nice-wingo-2024-s-fotobunkami-a-majakom\/\",\"name\":\"[:sk]Nice Wingo 2024 s fotobunkami a maj\u00e1kom[:ru] [:] - Premiov\u00e9 produkty\",\"isPartOf\":{\"@id\":\"https:\/\/premioveprodukty.eu\/#website\"},\"primaryImageOfPage\":{\"@id\":\"https:\/\/premioveprodukty.eu\/en\/produkt\/nice-wingo-2024-s-fotobunkami-a-majakom\/#primaryimage\"},\"image\":{\"@id\":\"https:\/\/premioveprodukty.eu\/en\/produkt\/nice-wingo-2024-s-fotobunkami-a-majakom\/#primaryimage\"},\"thumbnailUrl\":\"https:\/\/premioveprodukty.eu\/wp-content\/uploads\/2021\/02\/wingo5kce-scaled.jpg\",\"datePublished\":\"2021-05-10T13:57:46+00:00\",\"dateModified\":\"2023-05-31T14:35:45+00:00\",\"description\":\"Nice Wingo 2024 s fotobunkami a maj\u00e1kom je sada na automatiz\u00e1ciu 2 - kr\u00eddlovej br\u00e1ny s maxim\u00e1lnou d\u013a\u017ekou kr\u00eddla 2 metre a v\u00e1hou do 200 kg.\",\"breadcrumb\":{\"@id\":\"https:\/\/premioveprodukty.eu\/en\/produkt\/nice-wingo-2024-s-fotobunkami-a-majakom\/#breadcrumb\"},\"inLanguage\":\"en-US\",\"potentialAction\":[{\"@type\":\"ReadAction\",\"target\":[\"https:\/\/premioveprodukty.eu\/en\/produkt\/nice-wingo-2024-s-fotobunkami-a-majakom\/\"]}]},{\"@type\":\"ImageObject\",\"inLanguage\":\"en-US\",\"@id\":\"https:\/\/premioveprodukty.eu\/en\/produkt\/nice-wingo-2024-s-fotobunkami-a-majakom\/#primaryimage\",\"url\":\"https:\/\/premioveprodukty.eu\/wp-content\/uploads\/2021\/02\/wingo5kce-scaled.jpg\",\"contentUrl\":\"https:\/\/premioveprodukty.eu\/wp-content\/uploads\/2021\/02\/wingo5kce-scaled.jpg\",\"width\":2560,\"height\":2003},{\"@type\":\"BreadcrumbList\",\"@id\":\"https:\/\/premioveprodukty.eu\/en\/produkt\/nice-wingo-2024-s-fotobunkami-a-majakom\/#breadcrumb\",\"itemListElement\":[{\"@type\":\"ListItem\",\"position\":1,\"name\":\"Domovsk\u00e1 str\u00e1nka\",\"item\":\"https:\/\/premioveprodukty.eu\/\"},{\"@type\":\"ListItem\",\"position\":2,\"name\":\"Obchod\",\"item\":\"https:\/\/premioveprodukty.eu\/obchod\/\"},{\"@type\":\"ListItem\",\"position\":3,\"name\":\"Nice Wingo 2024 s fotobunkami a maj\u00e1kom\"}]},{\"@type\":\"WebSite\",\"@id\":\"https:\/\/premioveprodukty.eu\/#website\",\"url\":\"https:\/\/premioveprodukty.eu\/\",\"name\":\"Premiov\u00e9 produkty\",\"description\":\"kvalitn\u00e9 produkty pre V\u00e1\u0161 \u017eivot a b\u00fdvanie\",\"potentialAction\":[{\"@type\":\"SearchAction\",\"target\":{\"@type\":\"EntryPoint\",\"urlTemplate\":\"https:\/\/premioveprodukty.eu\/?s={search_term_string}\"},\"query-input\":{\"@type\":\"PropertyValueSpecification\",\"valueRequired\":true,\"valueName\":\"search_term_string\"}}],\"inLanguage\":\"en-US\"}]}<\/script>\n<!-- \/ Yoast SEO plugin. -->","yoast_head_json":{"title":"[:sk]Nice Wingo 2024 s fotobunkami a maj\u00e1kom[:ru] [:] - Premiov\u00e9 produkty","description":"Nice Wingo 2024 s fotobunkami a maj\u00e1kom je sada na automatiz\u00e1ciu 2 - kr\u00eddlovej br\u00e1ny s maxim\u00e1lnou d\u013a\u017ekou kr\u00eddla 2 metre a v\u00e1hou do 200 kg.","robots":{"index":"index","follow":"follow","max-snippet":"max-snippet:-1","max-image-preview":"max-image-preview:large","max-video-preview":"max-video-preview:-1"},"canonical":"https:\/\/premioveprodukty.eu\/en\/produkt\/nice-wingo-2024-s-fotobunkami-a-majakom\/","og_locale":"en_US","og_type":"article","og_title":"[:sk]Nice Wingo 2024 s fotobunkami a maj\u00e1kom[:ru] [:] - Premiov\u00e9 produkty","og_description":"Nice Wingo 2024 s fotobunkami a maj\u00e1kom je sada na automatiz\u00e1ciu 2 - kr\u00eddlovej br\u00e1ny s maxim\u00e1lnou d\u013a\u017ekou kr\u00eddla 2 metre a v\u00e1hou do 200 kg.","og_url":"https:\/\/premioveprodukty.eu\/en\/produkt\/nice-wingo-2024-s-fotobunkami-a-majakom\/","og_site_name":"Premiov\u00e9 produkty","article_modified_time":"2023-05-31T14:35:45+00:00","og_image":[{"width":2560,"height":2003,"url":"https:\/\/premioveprodukty.eu\/wp-content\/uploads\/2021\/02\/wingo5kce-scaled.jpg","type":"image\/jpeg"}],"twitter_card":"summary_large_image","twitter_misc":{"Est. reading time":"1 minute"},"schema":{"@context":"https:\/\/schema.org","@graph":[{"@type":"WebPage","@id":"https:\/\/premioveprodukty.eu\/en\/produkt\/nice-wingo-2024-s-fotobunkami-a-majakom\/","url":"https:\/\/premioveprodukty.eu\/en\/produkt\/nice-wingo-2024-s-fotobunkami-a-majakom\/","name":"[:sk]Nice Wingo 2024 s fotobunkami a maj\u00e1kom[:ru] [:] - Premiov\u00e9 produkty","isPartOf":{"@id":"https:\/\/premioveprodukty.eu\/#website"},"primaryImageOfPage":{"@id":"https:\/\/premioveprodukty.eu\/en\/produkt\/nice-wingo-2024-s-fotobunkami-a-majakom\/#primaryimage"},"image":{"@id":"https:\/\/premioveprodukty.eu\/en\/produkt\/nice-wingo-2024-s-fotobunkami-a-majakom\/#primaryimage"},"thumbnailUrl":"https:\/\/premioveprodukty.eu\/wp-content\/uploads\/2021\/02\/wingo5kce-scaled.jpg","datePublished":"2021-05-10T13:57:46+00:00","dateModified":"2023-05-31T14:35:45+00:00","description":"Nice Wingo 2024 s fotobunkami a maj\u00e1kom je sada na automatiz\u00e1ciu 2 - kr\u00eddlovej br\u00e1ny s maxim\u00e1lnou d\u013a\u017ekou kr\u00eddla 2 metre a v\u00e1hou do 200 kg.","breadcrumb":{"@id":"https:\/\/premioveprodukty.eu\/en\/produkt\/nice-wingo-2024-s-fotobunkami-a-majakom\/#breadcrumb"},"inLanguage":"en-US","potentialAction":[{"@type":"ReadAction","target":["https:\/\/premioveprodukty.eu\/en\/produkt\/nice-wingo-2024-s-fotobunkami-a-majakom\/"]}]},{"@type":"ImageObject","inLanguage":"en-US","@id":"https:\/\/premioveprodukty.eu\/en\/produkt\/nice-wingo-2024-s-fotobunkami-a-majakom\/#primaryimage","url":"https:\/\/premioveprodukty.eu\/wp-content\/uploads\/2021\/02\/wingo5kce-scaled.jpg","contentUrl":"https:\/\/premioveprodukty.eu\/wp-content\/uploads\/2021\/02\/wingo5kce-scaled.jpg","width":2560,"height":2003},{"@type":"BreadcrumbList","@id":"https:\/\/premioveprodukty.eu\/en\/produkt\/nice-wingo-2024-s-fotobunkami-a-majakom\/#breadcrumb","itemListElement":[{"@type":"ListItem","position":1,"name":"Domovsk\u00e1 str\u00e1nka","item":"https:\/\/premioveprodukty.eu\/"},{"@type":"ListItem","position":2,"name":"Obchod","item":"https:\/\/premioveprodukty.eu\/obchod\/"},{"@type":"ListItem","position":3,"name":"Nice Wingo 2024 s fotobunkami a maj\u00e1kom"}]},{"@type":"WebSite","@id":"https:\/\/premioveprodukty.eu\/#website","url":"https:\/\/premioveprodukty.eu\/","name":"Premiov\u00e9 produkty","description":"kvalitn\u00e9 produkty pre V\u00e1\u0161 \u017eivot a b\u00fdvanie","potentialAction":[{"@type":"SearchAction","target":{"@type":"EntryPoint","urlTemplate":"https:\/\/premioveprodukty.eu\/?s={search_term_string}"},"query-input":{"@type":"PropertyValueSpecification","valueRequired":true,"valueName":"search_term_string"}}],"inLanguage":"en-US"}]}},"_links":{"self":[{"href":"https:\/\/premioveprodukty.eu\/en\/wp-json\/wp\/v2\/product\/1039"}],"collection":[{"href":"https:\/\/premioveprodukty.eu\/en\/wp-json\/wp\/v2\/product"}],"about":[{"href":"https:\/\/premioveprodukty.eu\/en\/wp-json\/wp\/v2\/types\/product"}],"wp:featuredmedia":[{"embeddable":true,"href":"https:\/\/premioveprodukty.eu\/en\/wp-json\/wp\/v2\/media\/960"}],"wp:attachment":[{"href":"https:\/\/premioveprodukty.eu\/en\/wp-json\/wp\/v2\/media?parent=1039"}],"curies":[{"name":"wp","href":"https:\/\/api.w.org\/{rel}","templated":true}]}}