{"id":1040,"date":"2021-05-10T16:39:32","date_gmt":"2021-05-10T14:39:32","guid":{"rendered":"http:\/\/premioveprodukty.eu\/?post_type=product&#038;p=1040"},"modified":"2023-05-30T13:55:57","modified_gmt":"2023-05-30T11:55:57","slug":"nice-toona4024bdkce-sada-pohonov-do-3-metrov","status":"publish","type":"product","link":"https:\/\/premioveprodukty.eu\/en\/produkt\/nice-toona4024bdkce-sada-pohonov-do-3-metrov\/","title":{"rendered":"(Sloven\u010dina) Nice TOONA4024BDKCE &#8211; Sada pohonov do 3 metrov"},"content":{"rendered":"<p class=\"qtranxs-available-languages-message qtranxs-available-languages-message-en\">Sorry, this entry is only available in <a href=\"https:\/\/premioveprodukty.eu\/sk\/wp-json\/wp\/v2\/product\/1040\" class=\"qtranxs-available-language-link qtranxs-available-language-link-sk\" title=\"Sloven\u010dina\">Sloven\u010dina<\/a>.<\/p>","protected":false},"excerpt":{"rendered":"<p class=\"qtranxs-available-languages-message qtranxs-available-languages-message-en\">Sorry, this entry is only available in <a href=\"https:\/\/premioveprodukty.eu\/sk\/wp-json\/wp\/v2\/product\/1040\" class=\"qtranxs-available-language-link qtranxs-available-language-link-sk\" title=\"Sloven\u010dina\">Sloven\u010dina<\/a>.<\/p>\n","protected":false},"featured_media":1041,"template":"","meta":[],"class_list":["post-1040","product","type-product","status-publish","has-post-thumbnail","hentry","product_cat-sady-kridlovych-pohonov-bran"],"yoast_head":"<!-- This site is optimized with the Yoast SEO plugin v25.6 - https:\/\/yoast.com\/wordpress\/plugins\/seo\/ -->\n<title>Nice TOONA4024BDKCE - Sada pohonov do 3 metrov<\/title>\n<meta name=\"description\" content=\"Nice TOONA4024BDKCE - Sada profesion\u00e1lnych pohonov s ovl\u00e1da\u010dmi, fotobunkami a maj\u00e1kom do 3 metrov pre 2 kr\u00eddlov\u00e9 br\u00e1ny.\" \/>\n<meta name=\"robots\" content=\"index, follow, max-snippet:-1, max-image-preview:large, max-video-preview:-1\" \/>\n<link rel=\"canonical\" href=\"https:\/\/premioveprodukty.eu\/en\/produkt\/nice-toona4024bdkce-sada-pohonov-do-3-metrov\/\" \/>\n<meta property=\"og:locale\" content=\"en_US\" \/>\n<meta property=\"og:type\" content=\"article\" \/>\n<meta property=\"og:title\" content=\"Nice TOONA4024BDKCE - Sada pohonov do 3 metrov\" \/>\n<meta property=\"og:description\" content=\"Nice TOONA4024BDKCE - Sada profesion\u00e1lnych pohonov s ovl\u00e1da\u010dmi, fotobunkami a maj\u00e1kom do 3 metrov pre 2 kr\u00eddlov\u00e9 br\u00e1ny.\" \/>\n<meta property=\"og:url\" content=\"https:\/\/premioveprodukty.eu\/en\/produkt\/nice-toona4024bdkce-sada-pohonov-do-3-metrov\/\" \/>\n<meta property=\"og:site_name\" content=\"Premiov\u00e9 produkty\" \/>\n<meta property=\"article:modified_time\" content=\"2023-05-30T11:55:57+00:00\" \/>\n<meta property=\"og:image\" content=\"https:\/\/premioveprodukty.eu\/wp-content\/uploads\/2021\/05\/to4024kce-scaled.jpg\" \/>\n\t<meta property=\"og:image:width\" content=\"2560\" \/>\n\t<meta property=\"og:image:height\" content=\"1920\" \/>\n\t<meta property=\"og:image:type\" content=\"image\/jpeg\" \/>\n<meta name=\"twitter:card\" content=\"summary_large_image\" \/>\n<script type=\"application\/ld+json\" class=\"yoast-schema-graph\">{\"@context\":\"https:\/\/schema.org\",\"@graph\":[{\"@type\":\"WebPage\",\"@id\":\"https:\/\/premioveprodukty.eu\/en\/produkt\/nice-toona4024bdkce-sada-pohonov-do-3-metrov\/\",\"url\":\"https:\/\/premioveprodukty.eu\/en\/produkt\/nice-toona4024bdkce-sada-pohonov-do-3-metrov\/\",\"name\":\"Nice TOONA4024BDKCE - Sada pohonov do 3 metrov\",\"isPartOf\":{\"@id\":\"https:\/\/premioveprodukty.eu\/#website\"},\"primaryImageOfPage\":{\"@id\":\"https:\/\/premioveprodukty.eu\/en\/produkt\/nice-toona4024bdkce-sada-pohonov-do-3-metrov\/#primaryimage\"},\"image\":{\"@id\":\"https:\/\/premioveprodukty.eu\/en\/produkt\/nice-toona4024bdkce-sada-pohonov-do-3-metrov\/#primaryimage\"},\"thumbnailUrl\":\"https:\/\/premioveprodukty.eu\/wp-content\/uploads\/2021\/05\/to4024kce-scaled.jpg\",\"datePublished\":\"2021-05-10T14:39:32+00:00\",\"dateModified\":\"2023-05-30T11:55:57+00:00\",\"description\":\"Nice TOONA4024BDKCE - Sada profesion\u00e1lnych pohonov s ovl\u00e1da\u010dmi, fotobunkami a maj\u00e1kom do 3 metrov pre 2 kr\u00eddlov\u00e9 br\u00e1ny.\",\"breadcrumb\":{\"@id\":\"https:\/\/premioveprodukty.eu\/en\/produkt\/nice-toona4024bdkce-sada-pohonov-do-3-metrov\/#breadcrumb\"},\"inLanguage\":\"en-US\",\"potentialAction\":[{\"@type\":\"ReadAction\",\"target\":[\"https:\/\/premioveprodukty.eu\/en\/produkt\/nice-toona4024bdkce-sada-pohonov-do-3-metrov\/\"]}]},{\"@type\":\"ImageObject\",\"inLanguage\":\"en-US\",\"@id\":\"https:\/\/premioveprodukty.eu\/en\/produkt\/nice-toona4024bdkce-sada-pohonov-do-3-metrov\/#primaryimage\",\"url\":\"https:\/\/premioveprodukty.eu\/wp-content\/uploads\/2021\/05\/to4024kce-scaled.jpg\",\"contentUrl\":\"https:\/\/premioveprodukty.eu\/wp-content\/uploads\/2021\/05\/to4024kce-scaled.jpg\",\"width\":2560,\"height\":1920},{\"@type\":\"BreadcrumbList\",\"@id\":\"https:\/\/premioveprodukty.eu\/en\/produkt\/nice-toona4024bdkce-sada-pohonov-do-3-metrov\/#breadcrumb\",\"itemListElement\":[{\"@type\":\"ListItem\",\"position\":1,\"name\":\"Domovsk\u00e1 str\u00e1nka\",\"item\":\"https:\/\/premioveprodukty.eu\/\"},{\"@type\":\"ListItem\",\"position\":2,\"name\":\"Obchod\",\"item\":\"https:\/\/premioveprodukty.eu\/obchod\/\"},{\"@type\":\"ListItem\",\"position\":3,\"name\":\"(Sloven\u010dina) Nice TOONA4024BDKCE &#8211; Sada pohonov do 3 metrov\"}]},{\"@type\":\"WebSite\",\"@id\":\"https:\/\/premioveprodukty.eu\/#website\",\"url\":\"https:\/\/premioveprodukty.eu\/\",\"name\":\"Premiov\u00e9 produkty\",\"description\":\"kvalitn\u00e9 produkty pre V\u00e1\u0161 \u017eivot a b\u00fdvanie\",\"potentialAction\":[{\"@type\":\"SearchAction\",\"target\":{\"@type\":\"EntryPoint\",\"urlTemplate\":\"https:\/\/premioveprodukty.eu\/?s={search_term_string}\"},\"query-input\":{\"@type\":\"PropertyValueSpecification\",\"valueRequired\":true,\"valueName\":\"search_term_string\"}}],\"inLanguage\":\"en-US\"}]}<\/script>\n<!-- \/ Yoast SEO plugin. -->","yoast_head_json":{"title":"Nice TOONA4024BDKCE - Sada pohonov do 3 metrov","description":"Nice TOONA4024BDKCE - Sada profesion\u00e1lnych pohonov s ovl\u00e1da\u010dmi, fotobunkami a maj\u00e1kom do 3 metrov pre 2 kr\u00eddlov\u00e9 br\u00e1ny.","robots":{"index":"index","follow":"follow","max-snippet":"max-snippet:-1","max-image-preview":"max-image-preview:large","max-video-preview":"max-video-preview:-1"},"canonical":"https:\/\/premioveprodukty.eu\/en\/produkt\/nice-toona4024bdkce-sada-pohonov-do-3-metrov\/","og_locale":"en_US","og_type":"article","og_title":"Nice TOONA4024BDKCE - Sada pohonov do 3 metrov","og_description":"Nice TOONA4024BDKCE - Sada profesion\u00e1lnych pohonov s ovl\u00e1da\u010dmi, fotobunkami a maj\u00e1kom do 3 metrov pre 2 kr\u00eddlov\u00e9 br\u00e1ny.","og_url":"https:\/\/premioveprodukty.eu\/en\/produkt\/nice-toona4024bdkce-sada-pohonov-do-3-metrov\/","og_site_name":"Premiov\u00e9 produkty","article_modified_time":"2023-05-30T11:55:57+00:00","og_image":[{"width":2560,"height":1920,"url":"https:\/\/premioveprodukty.eu\/wp-content\/uploads\/2021\/05\/to4024kce-scaled.jpg","type":"image\/jpeg"}],"twitter_card":"summary_large_image","schema":{"@context":"https:\/\/schema.org","@graph":[{"@type":"WebPage","@id":"https:\/\/premioveprodukty.eu\/en\/produkt\/nice-toona4024bdkce-sada-pohonov-do-3-metrov\/","url":"https:\/\/premioveprodukty.eu\/en\/produkt\/nice-toona4024bdkce-sada-pohonov-do-3-metrov\/","name":"Nice TOONA4024BDKCE - Sada pohonov do 3 metrov","isPartOf":{"@id":"https:\/\/premioveprodukty.eu\/#website"},"primaryImageOfPage":{"@id":"https:\/\/premioveprodukty.eu\/en\/produkt\/nice-toona4024bdkce-sada-pohonov-do-3-metrov\/#primaryimage"},"image":{"@id":"https:\/\/premioveprodukty.eu\/en\/produkt\/nice-toona4024bdkce-sada-pohonov-do-3-metrov\/#primaryimage"},"thumbnailUrl":"https:\/\/premioveprodukty.eu\/wp-content\/uploads\/2021\/05\/to4024kce-scaled.jpg","datePublished":"2021-05-10T14:39:32+00:00","dateModified":"2023-05-30T11:55:57+00:00","description":"Nice TOONA4024BDKCE - Sada profesion\u00e1lnych pohonov s ovl\u00e1da\u010dmi, fotobunkami a maj\u00e1kom do 3 metrov pre 2 kr\u00eddlov\u00e9 br\u00e1ny.","breadcrumb":{"@id":"https:\/\/premioveprodukty.eu\/en\/produkt\/nice-toona4024bdkce-sada-pohonov-do-3-metrov\/#breadcrumb"},"inLanguage":"en-US","potentialAction":[{"@type":"ReadAction","target":["https:\/\/premioveprodukty.eu\/en\/produkt\/nice-toona4024bdkce-sada-pohonov-do-3-metrov\/"]}]},{"@type":"ImageObject","inLanguage":"en-US","@id":"https:\/\/premioveprodukty.eu\/en\/produkt\/nice-toona4024bdkce-sada-pohonov-do-3-metrov\/#primaryimage","url":"https:\/\/premioveprodukty.eu\/wp-content\/uploads\/2021\/05\/to4024kce-scaled.jpg","contentUrl":"https:\/\/premioveprodukty.eu\/wp-content\/uploads\/2021\/05\/to4024kce-scaled.jpg","width":2560,"height":1920},{"@type":"BreadcrumbList","@id":"https:\/\/premioveprodukty.eu\/en\/produkt\/nice-toona4024bdkce-sada-pohonov-do-3-metrov\/#breadcrumb","itemListElement":[{"@type":"ListItem","position":1,"name":"Domovsk\u00e1 str\u00e1nka","item":"https:\/\/premioveprodukty.eu\/"},{"@type":"ListItem","position":2,"name":"Obchod","item":"https:\/\/premioveprodukty.eu\/obchod\/"},{"@type":"ListItem","position":3,"name":"(Sloven\u010dina) Nice TOONA4024BDKCE &#8211; Sada pohonov do 3 metrov"}]},{"@type":"WebSite","@id":"https:\/\/premioveprodukty.eu\/#website","url":"https:\/\/premioveprodukty.eu\/","name":"Premiov\u00e9 produkty","description":"kvalitn\u00e9 produkty pre V\u00e1\u0161 \u017eivot a b\u00fdvanie","potentialAction":[{"@type":"SearchAction","target":{"@type":"EntryPoint","urlTemplate":"https:\/\/premioveprodukty.eu\/?s={search_term_string}"},"query-input":{"@type":"PropertyValueSpecification","valueRequired":true,"valueName":"search_term_string"}}],"inLanguage":"en-US"}]}},"_links":{"self":[{"href":"https:\/\/premioveprodukty.eu\/en\/wp-json\/wp\/v2\/product\/1040"}],"collection":[{"href":"https:\/\/premioveprodukty.eu\/en\/wp-json\/wp\/v2\/product"}],"about":[{"href":"https:\/\/premioveprodukty.eu\/en\/wp-json\/wp\/v2\/types\/product"}],"wp:featuredmedia":[{"embeddable":true,"href":"https:\/\/premioveprodukty.eu\/en\/wp-json\/wp\/v2\/media\/1041"}],"wp:attachment":[{"href":"https:\/\/premioveprodukty.eu\/en\/wp-json\/wp\/v2\/media?parent=1040"}],"curies":[{"name":"wp","href":"https:\/\/api.w.org\/{rel}","templated":true}]}}