{"id":1068,"date":"2021-07-21T13:07:34","date_gmt":"2021-07-21T11:07:34","guid":{"rendered":"http:\/\/premioveprodukty.eu\/?post_type=product&#038;p=1068"},"modified":"2021-12-06T22:26:28","modified_gmt":"2021-12-06T21:26:28","slug":"nice-it4wifi-wifi-modul-pre-ovladanie-pohonov-nice-prostrednictvom-internetu","status":"publish","type":"product","link":"https:\/\/premioveprodukty.eu\/en\/produkt\/nice-it4wifi-wifi-modul-pre-ovladanie-pohonov-nice-prostrednictvom-internetu\/","title":{"rendered":"(Sloven\u010dina) Nice IT4WIFI &#8211; wifi modul pre ovl\u00e1danie pohonov Nice prostredn\u00edctvom internetu"},"content":{"rendered":"<p class=\"qtranxs-available-languages-message qtranxs-available-languages-message-en\">Sorry, this entry is only available in <a href=\"https:\/\/premioveprodukty.eu\/sk\/wp-json\/wp\/v2\/product\/1068\" class=\"qtranxs-available-language-link qtranxs-available-language-link-sk\" title=\"Sloven\u010dina\">Sloven\u010dina<\/a>.<\/p>","protected":false},"excerpt":{"rendered":"<p class=\"qtranxs-available-languages-message qtranxs-available-languages-message-en\">Sorry, this entry is only available in <a href=\"https:\/\/premioveprodukty.eu\/sk\/wp-json\/wp\/v2\/product\/1068\" class=\"qtranxs-available-language-link qtranxs-available-language-link-sk\" title=\"Sloven\u010dina\">Sloven\u010dina<\/a>.<\/p>\n","protected":false},"featured_media":1069,"template":"","meta":[],"class_list":["post-1068","product","type-product","status-publish","has-post-thumbnail","hentry","product_cat-prijimace"],"yoast_head":"<!-- This site is optimized with the Yoast SEO plugin v25.6 - https:\/\/yoast.com\/wordpress\/plugins\/seo\/ -->\n<title><\/title>\n<meta name=\"description\" content=\"Nice IT4WIFI je wifi modul prostredn\u00edctvom ktor\u00e9ho m\u00f4\u017eete ovl\u00e1da\u0165 pohon Nice po\u010d\u00edta\u010dom, tabletom, \u010di smartf\u00f3nom s pr\u00edstupom na wifi.\" \/>\n<meta name=\"robots\" content=\"index, follow, max-snippet:-1, max-image-preview:large, max-video-preview:-1\" \/>\n<link rel=\"canonical\" href=\"https:\/\/premioveprodukty.eu\/produkt\/nice-it4wifi-wifi-modul-pre-ovladanie-pohonov-nice-prostrednictvom-internetu\/\" \/>\n<meta property=\"og:locale\" content=\"en_US\" \/>\n<meta property=\"og:type\" content=\"article\" \/>\n<meta property=\"og:title\" content=\"[:sk]Nice IT4WIFI - wifi modul pre ovl\u00e1danie pohonov Nice prostredn\u00edctvom internetu[:] - Premiov\u00e9 produkty\" \/>\n<meta property=\"og:description\" content=\"Nice IT4WIFI je wifi modul prostredn\u00edctvom ktor\u00e9ho m\u00f4\u017eete ovl\u00e1da\u0165 pohon Nice po\u010d\u00edta\u010dom, tabletom, \u010di smartf\u00f3nom s pr\u00edstupom na wifi.\" \/>\n<meta property=\"og:url\" content=\"https:\/\/premioveprodukty.eu\/produkt\/nice-it4wifi-wifi-modul-pre-ovladanie-pohonov-nice-prostrednictvom-internetu\/\" \/>\n<meta property=\"og:site_name\" content=\"Premiov\u00e9 produkty\" \/>\n<meta property=\"article:modified_time\" content=\"2021-12-06T21:26:28+00:00\" \/>\n<meta property=\"og:image\" content=\"https:\/\/premioveprodukty.eu\/wp-content\/uploads\/2021\/07\/IT4WIFI.jpg\" \/>\n\t<meta property=\"og:image:width\" content=\"1000\" \/>\n\t<meta property=\"og:image:height\" content=\"1000\" \/>\n\t<meta property=\"og:image:type\" content=\"image\/jpeg\" \/>\n<meta name=\"twitter:card\" content=\"summary_large_image\" \/>\n<script type=\"application\/ld+json\" class=\"yoast-schema-graph\">{\"@context\":\"https:\/\/schema.org\",\"@graph\":[{\"@type\":\"WebPage\",\"@id\":\"https:\/\/premioveprodukty.eu\/produkt\/nice-it4wifi-wifi-modul-pre-ovladanie-pohonov-nice-prostrednictvom-internetu\/\",\"url\":\"https:\/\/premioveprodukty.eu\/produkt\/nice-it4wifi-wifi-modul-pre-ovladanie-pohonov-nice-prostrednictvom-internetu\/\",\"name\":\"[:sk]Nice IT4WIFI - wifi modul pre ovl\u00e1danie pohonov Nice prostredn\u00edctvom internetu[:] - Premiov\u00e9 produkty\",\"isPartOf\":{\"@id\":\"https:\/\/premioveprodukty.eu\/#website\"},\"primaryImageOfPage\":{\"@id\":\"https:\/\/premioveprodukty.eu\/produkt\/nice-it4wifi-wifi-modul-pre-ovladanie-pohonov-nice-prostrednictvom-internetu\/#primaryimage\"},\"image\":{\"@id\":\"https:\/\/premioveprodukty.eu\/produkt\/nice-it4wifi-wifi-modul-pre-ovladanie-pohonov-nice-prostrednictvom-internetu\/#primaryimage\"},\"thumbnailUrl\":\"https:\/\/premioveprodukty.eu\/wp-content\/uploads\/2021\/07\/IT4WIFI.jpg\",\"datePublished\":\"2021-07-21T11:07:34+00:00\",\"dateModified\":\"2021-12-06T21:26:28+00:00\",\"description\":\"Nice IT4WIFI je wifi modul prostredn\u00edctvom ktor\u00e9ho m\u00f4\u017eete ovl\u00e1da\u0165 pohon Nice po\u010d\u00edta\u010dom, tabletom, \u010di smartf\u00f3nom s pr\u00edstupom na wifi.\",\"breadcrumb\":{\"@id\":\"https:\/\/premioveprodukty.eu\/produkt\/nice-it4wifi-wifi-modul-pre-ovladanie-pohonov-nice-prostrednictvom-internetu\/#breadcrumb\"},\"inLanguage\":\"en-US\",\"potentialAction\":[{\"@type\":\"ReadAction\",\"target\":[\"https:\/\/premioveprodukty.eu\/produkt\/nice-it4wifi-wifi-modul-pre-ovladanie-pohonov-nice-prostrednictvom-internetu\/\"]}]},{\"@type\":\"ImageObject\",\"inLanguage\":\"en-US\",\"@id\":\"https:\/\/premioveprodukty.eu\/produkt\/nice-it4wifi-wifi-modul-pre-ovladanie-pohonov-nice-prostrednictvom-internetu\/#primaryimage\",\"url\":\"https:\/\/premioveprodukty.eu\/wp-content\/uploads\/2021\/07\/IT4WIFI.jpg\",\"contentUrl\":\"https:\/\/premioveprodukty.eu\/wp-content\/uploads\/2021\/07\/IT4WIFI.jpg\",\"width\":1000,\"height\":1000},{\"@type\":\"BreadcrumbList\",\"@id\":\"https:\/\/premioveprodukty.eu\/produkt\/nice-it4wifi-wifi-modul-pre-ovladanie-pohonov-nice-prostrednictvom-internetu\/#breadcrumb\",\"itemListElement\":[{\"@type\":\"ListItem\",\"position\":1,\"name\":\"Domovsk\u00e1 str\u00e1nka\",\"item\":\"https:\/\/premioveprodukty.eu\/\"},{\"@type\":\"ListItem\",\"position\":2,\"name\":\"Obchod\",\"item\":\"https:\/\/premioveprodukty.eu\/obchod\/\"},{\"@type\":\"ListItem\",\"position\":3,\"name\":\"Nice IT4WIFI &#8211; wifi modul pre ovl\u00e1danie pohonov Nice prostredn\u00edctvom internetu\"}]},{\"@type\":\"WebSite\",\"@id\":\"https:\/\/premioveprodukty.eu\/#website\",\"url\":\"https:\/\/premioveprodukty.eu\/\",\"name\":\"Premiov\u00e9 produkty\",\"description\":\"kvalitn\u00e9 produkty pre V\u00e1\u0161 \u017eivot a b\u00fdvanie\",\"potentialAction\":[{\"@type\":\"SearchAction\",\"target\":{\"@type\":\"EntryPoint\",\"urlTemplate\":\"https:\/\/premioveprodukty.eu\/?s={search_term_string}\"},\"query-input\":{\"@type\":\"PropertyValueSpecification\",\"valueRequired\":true,\"valueName\":\"search_term_string\"}}],\"inLanguage\":\"en-US\"}]}<\/script>\n<!-- \/ Yoast SEO plugin. -->","yoast_head_json":{"title":"[:sk]Nice IT4WIFI - wifi modul pre ovl\u00e1danie pohonov Nice prostredn\u00edctvom internetu[:] - Premiov\u00e9 produkty","description":"Nice IT4WIFI je wifi modul prostredn\u00edctvom ktor\u00e9ho m\u00f4\u017eete ovl\u00e1da\u0165 pohon Nice po\u010d\u00edta\u010dom, tabletom, \u010di smartf\u00f3nom s pr\u00edstupom na wifi.","robots":{"index":"index","follow":"follow","max-snippet":"max-snippet:-1","max-image-preview":"max-image-preview:large","max-video-preview":"max-video-preview:-1"},"canonical":"https:\/\/premioveprodukty.eu\/produkt\/nice-it4wifi-wifi-modul-pre-ovladanie-pohonov-nice-prostrednictvom-internetu\/","og_locale":"en_US","og_type":"article","og_title":"[:sk]Nice IT4WIFI - wifi modul pre ovl\u00e1danie pohonov Nice prostredn\u00edctvom internetu[:] - Premiov\u00e9 produkty","og_description":"Nice IT4WIFI je wifi modul prostredn\u00edctvom ktor\u00e9ho m\u00f4\u017eete ovl\u00e1da\u0165 pohon Nice po\u010d\u00edta\u010dom, tabletom, \u010di smartf\u00f3nom s pr\u00edstupom na wifi.","og_url":"https:\/\/premioveprodukty.eu\/produkt\/nice-it4wifi-wifi-modul-pre-ovladanie-pohonov-nice-prostrednictvom-internetu\/","og_site_name":"Premiov\u00e9 produkty","article_modified_time":"2021-12-06T21:26:28+00:00","og_image":[{"width":1000,"height":1000,"url":"https:\/\/premioveprodukty.eu\/wp-content\/uploads\/2021\/07\/IT4WIFI.jpg","type":"image\/jpeg"}],"twitter_card":"summary_large_image","schema":{"@context":"https:\/\/schema.org","@graph":[{"@type":"WebPage","@id":"https:\/\/premioveprodukty.eu\/produkt\/nice-it4wifi-wifi-modul-pre-ovladanie-pohonov-nice-prostrednictvom-internetu\/","url":"https:\/\/premioveprodukty.eu\/produkt\/nice-it4wifi-wifi-modul-pre-ovladanie-pohonov-nice-prostrednictvom-internetu\/","name":"[:sk]Nice IT4WIFI - wifi modul pre ovl\u00e1danie pohonov Nice prostredn\u00edctvom internetu[:] - Premiov\u00e9 produkty","isPartOf":{"@id":"https:\/\/premioveprodukty.eu\/#website"},"primaryImageOfPage":{"@id":"https:\/\/premioveprodukty.eu\/produkt\/nice-it4wifi-wifi-modul-pre-ovladanie-pohonov-nice-prostrednictvom-internetu\/#primaryimage"},"image":{"@id":"https:\/\/premioveprodukty.eu\/produkt\/nice-it4wifi-wifi-modul-pre-ovladanie-pohonov-nice-prostrednictvom-internetu\/#primaryimage"},"thumbnailUrl":"https:\/\/premioveprodukty.eu\/wp-content\/uploads\/2021\/07\/IT4WIFI.jpg","datePublished":"2021-07-21T11:07:34+00:00","dateModified":"2021-12-06T21:26:28+00:00","description":"Nice IT4WIFI je wifi modul prostredn\u00edctvom ktor\u00e9ho m\u00f4\u017eete ovl\u00e1da\u0165 pohon Nice po\u010d\u00edta\u010dom, tabletom, \u010di smartf\u00f3nom s pr\u00edstupom na wifi.","breadcrumb":{"@id":"https:\/\/premioveprodukty.eu\/produkt\/nice-it4wifi-wifi-modul-pre-ovladanie-pohonov-nice-prostrednictvom-internetu\/#breadcrumb"},"inLanguage":"en-US","potentialAction":[{"@type":"ReadAction","target":["https:\/\/premioveprodukty.eu\/produkt\/nice-it4wifi-wifi-modul-pre-ovladanie-pohonov-nice-prostrednictvom-internetu\/"]}]},{"@type":"ImageObject","inLanguage":"en-US","@id":"https:\/\/premioveprodukty.eu\/produkt\/nice-it4wifi-wifi-modul-pre-ovladanie-pohonov-nice-prostrednictvom-internetu\/#primaryimage","url":"https:\/\/premioveprodukty.eu\/wp-content\/uploads\/2021\/07\/IT4WIFI.jpg","contentUrl":"https:\/\/premioveprodukty.eu\/wp-content\/uploads\/2021\/07\/IT4WIFI.jpg","width":1000,"height":1000},{"@type":"BreadcrumbList","@id":"https:\/\/premioveprodukty.eu\/produkt\/nice-it4wifi-wifi-modul-pre-ovladanie-pohonov-nice-prostrednictvom-internetu\/#breadcrumb","itemListElement":[{"@type":"ListItem","position":1,"name":"Domovsk\u00e1 str\u00e1nka","item":"https:\/\/premioveprodukty.eu\/"},{"@type":"ListItem","position":2,"name":"Obchod","item":"https:\/\/premioveprodukty.eu\/obchod\/"},{"@type":"ListItem","position":3,"name":"Nice IT4WIFI &#8211; wifi modul pre ovl\u00e1danie pohonov Nice prostredn\u00edctvom internetu"}]},{"@type":"WebSite","@id":"https:\/\/premioveprodukty.eu\/#website","url":"https:\/\/premioveprodukty.eu\/","name":"Premiov\u00e9 produkty","description":"kvalitn\u00e9 produkty pre V\u00e1\u0161 \u017eivot a b\u00fdvanie","potentialAction":[{"@type":"SearchAction","target":{"@type":"EntryPoint","urlTemplate":"https:\/\/premioveprodukty.eu\/?s={search_term_string}"},"query-input":{"@type":"PropertyValueSpecification","valueRequired":true,"valueName":"search_term_string"}}],"inLanguage":"en-US"}]}},"_links":{"self":[{"href":"https:\/\/premioveprodukty.eu\/en\/wp-json\/wp\/v2\/product\/1068"}],"collection":[{"href":"https:\/\/premioveprodukty.eu\/en\/wp-json\/wp\/v2\/product"}],"about":[{"href":"https:\/\/premioveprodukty.eu\/en\/wp-json\/wp\/v2\/types\/product"}],"wp:featuredmedia":[{"embeddable":true,"href":"https:\/\/premioveprodukty.eu\/en\/wp-json\/wp\/v2\/media\/1069"}],"wp:attachment":[{"href":"https:\/\/premioveprodukty.eu\/en\/wp-json\/wp\/v2\/media?parent=1068"}],"curies":[{"name":"wp","href":"https:\/\/api.w.org\/{rel}","templated":true}]}}