{"id":1075,"date":"2021-08-02T22:41:20","date_gmt":"2021-08-02T20:41:20","guid":{"rendered":"http:\/\/premioveprodukty.eu\/?post_type=product&#038;p=1075"},"modified":"2025-11-24T12:06:48","modified_gmt":"2025-11-24T11:06:48","slug":"fogo-fh-3001","status":"publish","type":"product","link":"https:\/\/premioveprodukty.eu\/en\/produkt\/fogo-fh-3001\/","title":{"rendered":"Fogo FH 3001"},"content":{"rendered":"<p><strong>Nominal voltage:<\/strong> 230 V<\/p>\n<p><strong>Max. output 1 ph~ :<\/strong> 2700 W<\/p>\n<p><strong>Max. output 3 ph~ :<\/strong> &#8212;&#8212;<\/p>\n<p><strong>Continuous power 1 ph~ : <\/strong>2500 W<\/p>\n<p><strong>Continuous power 3 ph~ :<\/strong> &#8212;&#8212;<\/p>\n<p><strong>Frequency:<\/strong> 50 Hz<\/p>\n<p><strong>Protection class:<\/strong> IP23<\/p>\n<p><strong>Engine:<\/strong> Honda<\/p>\n<p><strong>Model:<\/strong> GX 200<\/p>\n<p><strong>Type:<\/strong> 4 stroke\/OHV<\/p>\n<p><strong>Engine output:<\/strong> 5,5 k<\/p>\n<p><strong>Start system:<\/strong> Recoil<\/p>\n<p><strong>Tank:<\/strong> 3,1 L<\/p>\n<p><strong>Consumption:<\/strong> 1,4 l \/ h<\/p>\n<p><strong>Alternator:<\/strong> Synchronous, LINZ\/SINCRO<\/p>\n<p><strong>Regulation type:<\/strong> Condenser regulation<\/p>\n<p><strong>Dimensions: (L x W x H roughly in mm):<\/strong> 585 x 395 x 405<\/p>\n<p><strong>Weight:<\/strong> 36 kg<\/p>","protected":false},"excerpt":{"rendered":"<p>&nbsp;<\/p>\n<p>Fogo FH 3001\u00a0 is professional single phase petrol generator without AVR, with 2 sockets 230V, Honda engine and max. output 2,7 kW. Made in EU!<\/p>\n","protected":false},"featured_media":1209,"template":"","meta":[],"class_list":["post-1075","product","type-product","status-publish","has-post-thumbnail","hentry","product_cat-jednofazove-do-33-kw","product_cat-jednofazove-elektrocentraly"],"yoast_head":"<!-- This site is optimized with the Yoast SEO plugin v25.6 - https:\/\/yoast.com\/wordpress\/plugins\/seo\/ -->\n<title>Fogo FH 3001<\/title>\n<meta name=\"description\" content=\"Fogo FH 3001 je profesion\u00e1lna 1 - f\u00e1zov\u00e1 elektrocentr\u00e1la s dvoma z\u00e1suvkami 230 V, bez AVR, Honda motor, max. v\u00fdkon 2,7 kW. Vyroben\u00e9 v E\u00da!\" \/>\n<meta name=\"robots\" content=\"index, follow, max-snippet:-1, max-image-preview:large, max-video-preview:-1\" \/>\n<link rel=\"canonical\" href=\"https:\/\/premioveprodukty.eu\/produkt\/fogo-fh-3001\/\" \/>\n<meta property=\"og:locale\" content=\"en_US\" \/>\n<meta property=\"og:type\" content=\"article\" \/>\n<meta property=\"og:title\" content=\"[:sk]Fogo FH 3001[:en]Fogo FH 3001[:]\" \/>\n<meta property=\"og:description\" content=\"Fogo FH 3001 je profesion\u00e1lna 1 - f\u00e1zov\u00e1 elektrocentr\u00e1la s dvoma z\u00e1suvkami 230 V, bez AVR, Honda motor, max. v\u00fdkon 2,7 kW. Vyroben\u00e9 v E\u00da!\" \/>\n<meta property=\"og:url\" content=\"https:\/\/premioveprodukty.eu\/produkt\/fogo-fh-3001\/\" \/>\n<meta property=\"og:site_name\" content=\"Premiov\u00e9 produkty\" \/>\n<meta property=\"article:modified_time\" content=\"2025-11-24T11:06:48+00:00\" \/>\n<meta property=\"og:image\" content=\"http:\/\/premioveprodukty.eu\/wp-content\/uploads\/2022\/11\/FOGO-FH3001.jpg\" \/>\n\t<meta property=\"og:image:width\" content=\"1024\" \/>\n\t<meta property=\"og:image:height\" content=\"586\" \/>\n\t<meta property=\"og:image:type\" content=\"image\/jpeg\" \/>\n<meta name=\"twitter:card\" content=\"summary_large_image\" \/>\n<meta name=\"twitter:label1\" content=\"Est. reading time\" \/>\n\t<meta name=\"twitter:data1\" content=\"1 minute\" \/>\n<script type=\"application\/ld+json\" class=\"yoast-schema-graph\">{\"@context\":\"https:\/\/schema.org\",\"@graph\":[{\"@type\":\"WebPage\",\"@id\":\"https:\/\/premioveprodukty.eu\/produkt\/fogo-fh-3001\/\",\"url\":\"https:\/\/premioveprodukty.eu\/produkt\/fogo-fh-3001\/\",\"name\":\"[:sk]Fogo FH 3001[:en]Fogo FH 3001[:]\",\"isPartOf\":{\"@id\":\"https:\/\/premioveprodukty.eu\/#website\"},\"primaryImageOfPage\":{\"@id\":\"https:\/\/premioveprodukty.eu\/produkt\/fogo-fh-3001\/#primaryimage\"},\"image\":{\"@id\":\"https:\/\/premioveprodukty.eu\/produkt\/fogo-fh-3001\/#primaryimage\"},\"thumbnailUrl\":\"https:\/\/premioveprodukty.eu\/wp-content\/uploads\/2022\/11\/FOGO-FH3001.jpg\",\"datePublished\":\"2021-08-02T20:41:20+00:00\",\"dateModified\":\"2025-11-24T11:06:48+00:00\",\"description\":\"Fogo FH 3001 je profesion\u00e1lna 1 - f\u00e1zov\u00e1 elektrocentr\u00e1la s dvoma z\u00e1suvkami 230 V, bez AVR, Honda motor, max. v\u00fdkon 2,7 kW. Vyroben\u00e9 v E\u00da!\",\"breadcrumb\":{\"@id\":\"https:\/\/premioveprodukty.eu\/produkt\/fogo-fh-3001\/#breadcrumb\"},\"inLanguage\":\"en-US\",\"potentialAction\":[{\"@type\":\"ReadAction\",\"target\":[\"https:\/\/premioveprodukty.eu\/produkt\/fogo-fh-3001\/\"]}]},{\"@type\":\"ImageObject\",\"inLanguage\":\"en-US\",\"@id\":\"https:\/\/premioveprodukty.eu\/produkt\/fogo-fh-3001\/#primaryimage\",\"url\":\"https:\/\/premioveprodukty.eu\/wp-content\/uploads\/2022\/11\/FOGO-FH3001.jpg\",\"contentUrl\":\"https:\/\/premioveprodukty.eu\/wp-content\/uploads\/2022\/11\/FOGO-FH3001.jpg\",\"width\":1024,\"height\":586},{\"@type\":\"BreadcrumbList\",\"@id\":\"https:\/\/premioveprodukty.eu\/produkt\/fogo-fh-3001\/#breadcrumb\",\"itemListElement\":[{\"@type\":\"ListItem\",\"position\":1,\"name\":\"Domovsk\u00e1 str\u00e1nka\",\"item\":\"https:\/\/premioveprodukty.eu\/\"},{\"@type\":\"ListItem\",\"position\":2,\"name\":\"Obchod\",\"item\":\"https:\/\/premioveprodukty.eu\/obchod\/\"},{\"@type\":\"ListItem\",\"position\":3,\"name\":\"Fogo FH 3001\"}]},{\"@type\":\"WebSite\",\"@id\":\"https:\/\/premioveprodukty.eu\/#website\",\"url\":\"https:\/\/premioveprodukty.eu\/\",\"name\":\"Premiov\u00e9 produkty\",\"description\":\"kvalitn\u00e9 produkty pre V\u00e1\u0161 \u017eivot a b\u00fdvanie\",\"potentialAction\":[{\"@type\":\"SearchAction\",\"target\":{\"@type\":\"EntryPoint\",\"urlTemplate\":\"https:\/\/premioveprodukty.eu\/?s={search_term_string}\"},\"query-input\":{\"@type\":\"PropertyValueSpecification\",\"valueRequired\":true,\"valueName\":\"search_term_string\"}}],\"inLanguage\":\"en-US\"}]}<\/script>\n<!-- \/ Yoast SEO plugin. -->","yoast_head_json":{"title":"[:sk]Fogo FH 3001[:en]Fogo FH 3001[:]","description":"Fogo FH 3001 je profesion\u00e1lna 1 - f\u00e1zov\u00e1 elektrocentr\u00e1la s dvoma z\u00e1suvkami 230 V, bez AVR, Honda motor, max. v\u00fdkon 2,7 kW. Vyroben\u00e9 v E\u00da!","robots":{"index":"index","follow":"follow","max-snippet":"max-snippet:-1","max-image-preview":"max-image-preview:large","max-video-preview":"max-video-preview:-1"},"canonical":"https:\/\/premioveprodukty.eu\/produkt\/fogo-fh-3001\/","og_locale":"en_US","og_type":"article","og_title":"[:sk]Fogo FH 3001[:en]Fogo FH 3001[:]","og_description":"Fogo FH 3001 je profesion\u00e1lna 1 - f\u00e1zov\u00e1 elektrocentr\u00e1la s dvoma z\u00e1suvkami 230 V, bez AVR, Honda motor, max. v\u00fdkon 2,7 kW. Vyroben\u00e9 v E\u00da!","og_url":"https:\/\/premioveprodukty.eu\/produkt\/fogo-fh-3001\/","og_site_name":"Premiov\u00e9 produkty","article_modified_time":"2025-11-24T11:06:48+00:00","og_image":[{"width":1024,"height":586,"url":"http:\/\/premioveprodukty.eu\/wp-content\/uploads\/2022\/11\/FOGO-FH3001.jpg","type":"image\/jpeg"}],"twitter_card":"summary_large_image","twitter_misc":{"Est. reading time":"1 minute"},"schema":{"@context":"https:\/\/schema.org","@graph":[{"@type":"WebPage","@id":"https:\/\/premioveprodukty.eu\/produkt\/fogo-fh-3001\/","url":"https:\/\/premioveprodukty.eu\/produkt\/fogo-fh-3001\/","name":"[:sk]Fogo FH 3001[:en]Fogo FH 3001[:]","isPartOf":{"@id":"https:\/\/premioveprodukty.eu\/#website"},"primaryImageOfPage":{"@id":"https:\/\/premioveprodukty.eu\/produkt\/fogo-fh-3001\/#primaryimage"},"image":{"@id":"https:\/\/premioveprodukty.eu\/produkt\/fogo-fh-3001\/#primaryimage"},"thumbnailUrl":"https:\/\/premioveprodukty.eu\/wp-content\/uploads\/2022\/11\/FOGO-FH3001.jpg","datePublished":"2021-08-02T20:41:20+00:00","dateModified":"2025-11-24T11:06:48+00:00","description":"Fogo FH 3001 je profesion\u00e1lna 1 - f\u00e1zov\u00e1 elektrocentr\u00e1la s dvoma z\u00e1suvkami 230 V, bez AVR, Honda motor, max. v\u00fdkon 2,7 kW. Vyroben\u00e9 v E\u00da!","breadcrumb":{"@id":"https:\/\/premioveprodukty.eu\/produkt\/fogo-fh-3001\/#breadcrumb"},"inLanguage":"en-US","potentialAction":[{"@type":"ReadAction","target":["https:\/\/premioveprodukty.eu\/produkt\/fogo-fh-3001\/"]}]},{"@type":"ImageObject","inLanguage":"en-US","@id":"https:\/\/premioveprodukty.eu\/produkt\/fogo-fh-3001\/#primaryimage","url":"https:\/\/premioveprodukty.eu\/wp-content\/uploads\/2022\/11\/FOGO-FH3001.jpg","contentUrl":"https:\/\/premioveprodukty.eu\/wp-content\/uploads\/2022\/11\/FOGO-FH3001.jpg","width":1024,"height":586},{"@type":"BreadcrumbList","@id":"https:\/\/premioveprodukty.eu\/produkt\/fogo-fh-3001\/#breadcrumb","itemListElement":[{"@type":"ListItem","position":1,"name":"Domovsk\u00e1 str\u00e1nka","item":"https:\/\/premioveprodukty.eu\/"},{"@type":"ListItem","position":2,"name":"Obchod","item":"https:\/\/premioveprodukty.eu\/obchod\/"},{"@type":"ListItem","position":3,"name":"Fogo FH 3001"}]},{"@type":"WebSite","@id":"https:\/\/premioveprodukty.eu\/#website","url":"https:\/\/premioveprodukty.eu\/","name":"Premiov\u00e9 produkty","description":"kvalitn\u00e9 produkty pre V\u00e1\u0161 \u017eivot a b\u00fdvanie","potentialAction":[{"@type":"SearchAction","target":{"@type":"EntryPoint","urlTemplate":"https:\/\/premioveprodukty.eu\/?s={search_term_string}"},"query-input":{"@type":"PropertyValueSpecification","valueRequired":true,"valueName":"search_term_string"}}],"inLanguage":"en-US"}]}},"_links":{"self":[{"href":"https:\/\/premioveprodukty.eu\/en\/wp-json\/wp\/v2\/product\/1075"}],"collection":[{"href":"https:\/\/premioveprodukty.eu\/en\/wp-json\/wp\/v2\/product"}],"about":[{"href":"https:\/\/premioveprodukty.eu\/en\/wp-json\/wp\/v2\/types\/product"}],"wp:featuredmedia":[{"embeddable":true,"href":"https:\/\/premioveprodukty.eu\/en\/wp-json\/wp\/v2\/media\/1209"}],"wp:attachment":[{"href":"https:\/\/premioveprodukty.eu\/en\/wp-json\/wp\/v2\/media?parent=1075"}],"curies":[{"name":"wp","href":"https:\/\/api.w.org\/{rel}","templated":true}]}}