{"id":1178,"date":"2022-04-26T15:39:44","date_gmt":"2022-04-26T13:39:44","guid":{"rendered":"http:\/\/premioveprodukty.eu\/?post_type=product&#038;p=1178"},"modified":"2022-12-16T13:34:43","modified_gmt":"2022-12-16T12:34:43","slug":"bernal-gatemaster-1000","status":"publish","type":"product","link":"https:\/\/premioveprodukty.eu\/en\/produkt\/bernal-gatemaster-1000\/","title":{"rendered":"(Sloven\u010dina) Bernal Gatemaster 1000 &#8211; sada pohonu s dvoma ovl\u00e1da\u010dmi"},"content":{"rendered":"<p class=\"qtranxs-available-languages-message qtranxs-available-languages-message-en\">Sorry, this entry is only available in <a href=\"https:\/\/premioveprodukty.eu\/sk\/wp-json\/wp\/v2\/product\/1178\" class=\"qtranxs-available-language-link qtranxs-available-language-link-sk\" title=\"Sloven\u010dina\">Sloven\u010dina<\/a>.<\/p>","protected":false},"excerpt":{"rendered":"<p class=\"qtranxs-available-languages-message qtranxs-available-languages-message-en\">Sorry, this entry is only available in <a href=\"https:\/\/premioveprodukty.eu\/sk\/wp-json\/wp\/v2\/product\/1178\" class=\"qtranxs-available-language-link qtranxs-available-language-link-sk\" title=\"Sloven\u010dina\">Sloven\u010dina<\/a>.<\/p>\n","protected":false},"featured_media":1179,"template":"","meta":[],"class_list":["post-1178","product","type-product","status-publish","has-post-thumbnail","hentry","product_cat-pohony-bran-a-zavory"],"yoast_head":"<!-- This site is optimized with the Yoast SEO plugin v25.6 - https:\/\/yoast.com\/wordpress\/plugins\/seo\/ -->\n<title><\/title>\n<meta name=\"description\" content=\"Bernal Gatemaster 1000 - sada pohonu v\u00fdnimo\u010dnej kvality s ve\u013emi dlhou \u017eivotnos\u0165ou. \u0160tandardn\u00e1 z\u00e1ruka 3 roky s mo\u017enos\u0165ou pred\u013a\u017eenia na 5 rokov\" \/>\n<meta name=\"robots\" content=\"index, follow, max-snippet:-1, max-image-preview:large, max-video-preview:-1\" \/>\n<link rel=\"canonical\" href=\"https:\/\/premioveprodukty.eu\/en\/produkt\/bernal-gatemaster-1000\/\" \/>\n<meta property=\"og:locale\" content=\"en_US\" \/>\n<meta property=\"og:type\" content=\"article\" \/>\n<meta property=\"og:title\" content=\"[:sk]Bernal Gatemaster 1000 - sada pohonu s dvoma ovl\u00e1da\u010dmi[:]\" \/>\n<meta property=\"og:description\" content=\"Bernal Gatemaster 1000 - sada pohonu v\u00fdnimo\u010dnej kvality s ve\u013emi dlhou \u017eivotnos\u0165ou. \u0160tandardn\u00e1 z\u00e1ruka 3 roky s mo\u017enos\u0165ou pred\u013a\u017eenia na 5 rokov\" \/>\n<meta property=\"og:url\" content=\"https:\/\/premioveprodukty.eu\/en\/produkt\/bernal-gatemaster-1000\/\" \/>\n<meta property=\"og:site_name\" content=\"Premiov\u00e9 produkty\" \/>\n<meta property=\"article:modified_time\" content=\"2022-12-16T12:34:43+00:00\" \/>\n<meta property=\"og:image\" content=\"https:\/\/premioveprodukty.eu\/wp-content\/uploads\/2022\/04\/BER_Gatemaster-scaled.jpg\" \/>\n\t<meta property=\"og:image:width\" content=\"2560\" \/>\n\t<meta property=\"og:image:height\" content=\"2560\" \/>\n\t<meta property=\"og:image:type\" content=\"image\/jpeg\" \/>\n<meta name=\"twitter:card\" content=\"summary_large_image\" \/>\n<meta name=\"twitter:label1\" content=\"Est. reading time\" \/>\n\t<meta name=\"twitter:data1\" content=\"1 minute\" \/>\n<script type=\"application\/ld+json\" class=\"yoast-schema-graph\">{\"@context\":\"https:\/\/schema.org\",\"@graph\":[{\"@type\":\"WebPage\",\"@id\":\"https:\/\/premioveprodukty.eu\/en\/produkt\/bernal-gatemaster-1000\/\",\"url\":\"https:\/\/premioveprodukty.eu\/en\/produkt\/bernal-gatemaster-1000\/\",\"name\":\"[:sk]Bernal Gatemaster 1000 - sada pohonu s dvoma ovl\u00e1da\u010dmi[:]\",\"isPartOf\":{\"@id\":\"https:\/\/premioveprodukty.eu\/#website\"},\"primaryImageOfPage\":{\"@id\":\"https:\/\/premioveprodukty.eu\/en\/produkt\/bernal-gatemaster-1000\/#primaryimage\"},\"image\":{\"@id\":\"https:\/\/premioveprodukty.eu\/en\/produkt\/bernal-gatemaster-1000\/#primaryimage\"},\"thumbnailUrl\":\"https:\/\/premioveprodukty.eu\/wp-content\/uploads\/2022\/04\/BER_Gatemaster-scaled.jpg\",\"datePublished\":\"2022-04-26T13:39:44+00:00\",\"dateModified\":\"2022-12-16T12:34:43+00:00\",\"description\":\"Bernal Gatemaster 1000 - sada pohonu v\u00fdnimo\u010dnej kvality s ve\u013emi dlhou \u017eivotnos\u0165ou. \u0160tandardn\u00e1 z\u00e1ruka 3 roky s mo\u017enos\u0165ou pred\u013a\u017eenia na 5 rokov\",\"breadcrumb\":{\"@id\":\"https:\/\/premioveprodukty.eu\/en\/produkt\/bernal-gatemaster-1000\/#breadcrumb\"},\"inLanguage\":\"en-US\",\"potentialAction\":[{\"@type\":\"ReadAction\",\"target\":[\"https:\/\/premioveprodukty.eu\/en\/produkt\/bernal-gatemaster-1000\/\"]}]},{\"@type\":\"ImageObject\",\"inLanguage\":\"en-US\",\"@id\":\"https:\/\/premioveprodukty.eu\/en\/produkt\/bernal-gatemaster-1000\/#primaryimage\",\"url\":\"https:\/\/premioveprodukty.eu\/wp-content\/uploads\/2022\/04\/BER_Gatemaster-scaled.jpg\",\"contentUrl\":\"https:\/\/premioveprodukty.eu\/wp-content\/uploads\/2022\/04\/BER_Gatemaster-scaled.jpg\",\"width\":2560,\"height\":2560},{\"@type\":\"BreadcrumbList\",\"@id\":\"https:\/\/premioveprodukty.eu\/en\/produkt\/bernal-gatemaster-1000\/#breadcrumb\",\"itemListElement\":[{\"@type\":\"ListItem\",\"position\":1,\"name\":\"Domovsk\u00e1 str\u00e1nka\",\"item\":\"https:\/\/premioveprodukty.eu\/\"},{\"@type\":\"ListItem\",\"position\":2,\"name\":\"Obchod\",\"item\":\"https:\/\/premioveprodukty.eu\/obchod\/\"},{\"@type\":\"ListItem\",\"position\":3,\"name\":\"(Sloven\u010dina) Bernal Gatemaster 1000 &#8211; sada pohonu s dvoma ovl\u00e1da\u010dmi\"}]},{\"@type\":\"WebSite\",\"@id\":\"https:\/\/premioveprodukty.eu\/#website\",\"url\":\"https:\/\/premioveprodukty.eu\/\",\"name\":\"Premiov\u00e9 produkty\",\"description\":\"kvalitn\u00e9 produkty pre V\u00e1\u0161 \u017eivot a b\u00fdvanie\",\"potentialAction\":[{\"@type\":\"SearchAction\",\"target\":{\"@type\":\"EntryPoint\",\"urlTemplate\":\"https:\/\/premioveprodukty.eu\/?s={search_term_string}\"},\"query-input\":{\"@type\":\"PropertyValueSpecification\",\"valueRequired\":true,\"valueName\":\"search_term_string\"}}],\"inLanguage\":\"en-US\"}]}<\/script>\n<!-- \/ Yoast SEO plugin. -->","yoast_head_json":{"title":"[:sk]Bernal Gatemaster 1000 - sada pohonu s dvoma ovl\u00e1da\u010dmi[:]","description":"Bernal Gatemaster 1000 - sada pohonu v\u00fdnimo\u010dnej kvality s ve\u013emi dlhou \u017eivotnos\u0165ou. \u0160tandardn\u00e1 z\u00e1ruka 3 roky s mo\u017enos\u0165ou pred\u013a\u017eenia na 5 rokov","robots":{"index":"index","follow":"follow","max-snippet":"max-snippet:-1","max-image-preview":"max-image-preview:large","max-video-preview":"max-video-preview:-1"},"canonical":"https:\/\/premioveprodukty.eu\/en\/produkt\/bernal-gatemaster-1000\/","og_locale":"en_US","og_type":"article","og_title":"[:sk]Bernal Gatemaster 1000 - sada pohonu s dvoma ovl\u00e1da\u010dmi[:]","og_description":"Bernal Gatemaster 1000 - sada pohonu v\u00fdnimo\u010dnej kvality s ve\u013emi dlhou \u017eivotnos\u0165ou. \u0160tandardn\u00e1 z\u00e1ruka 3 roky s mo\u017enos\u0165ou pred\u013a\u017eenia na 5 rokov","og_url":"https:\/\/premioveprodukty.eu\/en\/produkt\/bernal-gatemaster-1000\/","og_site_name":"Premiov\u00e9 produkty","article_modified_time":"2022-12-16T12:34:43+00:00","og_image":[{"width":2560,"height":2560,"url":"https:\/\/premioveprodukty.eu\/wp-content\/uploads\/2022\/04\/BER_Gatemaster-scaled.jpg","type":"image\/jpeg"}],"twitter_card":"summary_large_image","twitter_misc":{"Est. reading time":"1 minute"},"schema":{"@context":"https:\/\/schema.org","@graph":[{"@type":"WebPage","@id":"https:\/\/premioveprodukty.eu\/en\/produkt\/bernal-gatemaster-1000\/","url":"https:\/\/premioveprodukty.eu\/en\/produkt\/bernal-gatemaster-1000\/","name":"[:sk]Bernal Gatemaster 1000 - sada pohonu s dvoma ovl\u00e1da\u010dmi[:]","isPartOf":{"@id":"https:\/\/premioveprodukty.eu\/#website"},"primaryImageOfPage":{"@id":"https:\/\/premioveprodukty.eu\/en\/produkt\/bernal-gatemaster-1000\/#primaryimage"},"image":{"@id":"https:\/\/premioveprodukty.eu\/en\/produkt\/bernal-gatemaster-1000\/#primaryimage"},"thumbnailUrl":"https:\/\/premioveprodukty.eu\/wp-content\/uploads\/2022\/04\/BER_Gatemaster-scaled.jpg","datePublished":"2022-04-26T13:39:44+00:00","dateModified":"2022-12-16T12:34:43+00:00","description":"Bernal Gatemaster 1000 - sada pohonu v\u00fdnimo\u010dnej kvality s ve\u013emi dlhou \u017eivotnos\u0165ou. \u0160tandardn\u00e1 z\u00e1ruka 3 roky s mo\u017enos\u0165ou pred\u013a\u017eenia na 5 rokov","breadcrumb":{"@id":"https:\/\/premioveprodukty.eu\/en\/produkt\/bernal-gatemaster-1000\/#breadcrumb"},"inLanguage":"en-US","potentialAction":[{"@type":"ReadAction","target":["https:\/\/premioveprodukty.eu\/en\/produkt\/bernal-gatemaster-1000\/"]}]},{"@type":"ImageObject","inLanguage":"en-US","@id":"https:\/\/premioveprodukty.eu\/en\/produkt\/bernal-gatemaster-1000\/#primaryimage","url":"https:\/\/premioveprodukty.eu\/wp-content\/uploads\/2022\/04\/BER_Gatemaster-scaled.jpg","contentUrl":"https:\/\/premioveprodukty.eu\/wp-content\/uploads\/2022\/04\/BER_Gatemaster-scaled.jpg","width":2560,"height":2560},{"@type":"BreadcrumbList","@id":"https:\/\/premioveprodukty.eu\/en\/produkt\/bernal-gatemaster-1000\/#breadcrumb","itemListElement":[{"@type":"ListItem","position":1,"name":"Domovsk\u00e1 str\u00e1nka","item":"https:\/\/premioveprodukty.eu\/"},{"@type":"ListItem","position":2,"name":"Obchod","item":"https:\/\/premioveprodukty.eu\/obchod\/"},{"@type":"ListItem","position":3,"name":"(Sloven\u010dina) Bernal Gatemaster 1000 &#8211; sada pohonu s dvoma ovl\u00e1da\u010dmi"}]},{"@type":"WebSite","@id":"https:\/\/premioveprodukty.eu\/#website","url":"https:\/\/premioveprodukty.eu\/","name":"Premiov\u00e9 produkty","description":"kvalitn\u00e9 produkty pre V\u00e1\u0161 \u017eivot a b\u00fdvanie","potentialAction":[{"@type":"SearchAction","target":{"@type":"EntryPoint","urlTemplate":"https:\/\/premioveprodukty.eu\/?s={search_term_string}"},"query-input":{"@type":"PropertyValueSpecification","valueRequired":true,"valueName":"search_term_string"}}],"inLanguage":"en-US"}]}},"_links":{"self":[{"href":"https:\/\/premioveprodukty.eu\/en\/wp-json\/wp\/v2\/product\/1178"}],"collection":[{"href":"https:\/\/premioveprodukty.eu\/en\/wp-json\/wp\/v2\/product"}],"about":[{"href":"https:\/\/premioveprodukty.eu\/en\/wp-json\/wp\/v2\/types\/product"}],"wp:featuredmedia":[{"embeddable":true,"href":"https:\/\/premioveprodukty.eu\/en\/wp-json\/wp\/v2\/media\/1179"}],"wp:attachment":[{"href":"https:\/\/premioveprodukty.eu\/en\/wp-json\/wp\/v2\/media?parent=1178"}],"curies":[{"name":"wp","href":"https:\/\/api.w.org\/{rel}","templated":true}]}}