{"id":1339,"date":"2023-10-16T11:52:52","date_gmt":"2023-10-16T09:52:52","guid":{"rendered":"http:\/\/premioveprodukty.eu\/?post_type=product&#038;p=1339"},"modified":"2023-10-17T13:31:31","modified_gmt":"2023-10-17T11:31:31","slug":"zosit-a4-linajkovy-442-amerika","status":"publish","type":"product","link":"https:\/\/premioveprodukty.eu\/en\/produkt\/zosit-a4-linajkovy-442-amerika\/","title":{"rendered":"(K\u00f3pia)"},"content":{"rendered":"<p class=\"qtranxs-available-languages-message qtranxs-available-languages-message-en\">Sorry, this entry is only available in <a href=\"https:\/\/premioveprodukty.eu\/sk\/wp-json\/wp\/v2\/product\/1339\" class=\"qtranxs-available-language-link qtranxs-available-language-link-sk\" title=\"Sloven\u010dina\">Sloven\u010dina<\/a>.<\/p>","protected":false},"excerpt":{"rendered":"<p class=\"qtranxs-available-languages-message qtranxs-available-languages-message-en\">Sorry, this entry is only available in <a href=\"https:\/\/premioveprodukty.eu\/sk\/wp-json\/wp\/v2\/product\/1339\" class=\"qtranxs-available-language-link qtranxs-available-language-link-sk\" title=\"Sloven\u010dina\">Sloven\u010dina<\/a>.<\/p>\n","protected":false},"featured_media":1333,"template":"","meta":[],"class_list":["post-1339","product","type-product","status-publish","has-post-thumbnail","hentry"],"yoast_head":"<!-- This site is optimized with the Yoast SEO plugin v25.6 - https:\/\/yoast.com\/wordpress\/plugins\/seo\/ -->\n<title>(K\u00f3pia)<\/title>\n<meta name=\"description\" content=\"40-stranov\u00fd zo\u0161it ve\u013ekos\u0165 A4 linajkov\u00fd so \u0161peci\u00e1lnym linajkovan\u00edm 16 mm\" \/>\n<meta name=\"robots\" content=\"index, follow, max-snippet:-1, max-image-preview:large, max-video-preview:-1\" \/>\n<link rel=\"canonical\" href=\"https:\/\/premioveprodukty.eu\/produkt\/zosit-a4-linajkovy-442-amerika\/\" \/>\n<meta property=\"og:locale\" content=\"en_US\" \/>\n<meta property=\"og:type\" content=\"article\" \/>\n<meta property=\"og:title\" content=\"[:sk]Zo\u0161it A4 linajkov\u00fd 442 - Amerika[:en] (K\u00f3pia)[:ru] (K\u00f3pia)[:]\" \/>\n<meta property=\"og:description\" content=\"40-stranov\u00fd zo\u0161it ve\u013ekos\u0165 A4 linajkov\u00fd so \u0161peci\u00e1lnym linajkovan\u00edm 16 mm\" \/>\n<meta property=\"og:url\" content=\"https:\/\/premioveprodukty.eu\/produkt\/zosit-a4-linajkovy-442-amerika\/\" \/>\n<meta property=\"og:site_name\" content=\"Premiov\u00e9 produkty\" \/>\n<meta property=\"article:modified_time\" content=\"2023-10-17T11:31:31+00:00\" \/>\n<meta property=\"og:image\" content=\"https:\/\/premioveprodukty.eu\/wp-content\/uploads\/2023\/10\/20231016_103746.jpg\" \/>\n\t<meta property=\"og:image:width\" content=\"1456\" \/>\n\t<meta property=\"og:image:height\" content=\"2020\" \/>\n\t<meta property=\"og:image:type\" content=\"image\/jpeg\" \/>\n<meta name=\"twitter:card\" content=\"summary_large_image\" \/>\n<meta name=\"twitter:label1\" content=\"Est. reading time\" \/>\n\t<meta name=\"twitter:data1\" content=\"1 minute\" \/>\n<script type=\"application\/ld+json\" class=\"yoast-schema-graph\">{\"@context\":\"https:\/\/schema.org\",\"@graph\":[{\"@type\":\"WebPage\",\"@id\":\"https:\/\/premioveprodukty.eu\/produkt\/zosit-a4-linajkovy-442-amerika\/\",\"url\":\"https:\/\/premioveprodukty.eu\/produkt\/zosit-a4-linajkovy-442-amerika\/\",\"name\":\"[:sk]Zo\u0161it A4 linajkov\u00fd 442 - Amerika[:en] (K\u00f3pia)[:ru] (K\u00f3pia)[:]\",\"isPartOf\":{\"@id\":\"https:\/\/premioveprodukty.eu\/#website\"},\"primaryImageOfPage\":{\"@id\":\"https:\/\/premioveprodukty.eu\/produkt\/zosit-a4-linajkovy-442-amerika\/#primaryimage\"},\"image\":{\"@id\":\"https:\/\/premioveprodukty.eu\/produkt\/zosit-a4-linajkovy-442-amerika\/#primaryimage\"},\"thumbnailUrl\":\"https:\/\/premioveprodukty.eu\/wp-content\/uploads\/2023\/10\/20231016_103746.jpg\",\"datePublished\":\"2023-10-16T09:52:52+00:00\",\"dateModified\":\"2023-10-17T11:31:31+00:00\",\"description\":\"40-stranov\u00fd zo\u0161it ve\u013ekos\u0165 A4 linajkov\u00fd so \u0161peci\u00e1lnym linajkovan\u00edm 16 mm\",\"breadcrumb\":{\"@id\":\"https:\/\/premioveprodukty.eu\/produkt\/zosit-a4-linajkovy-442-amerika\/#breadcrumb\"},\"inLanguage\":\"en-US\",\"potentialAction\":[{\"@type\":\"ReadAction\",\"target\":[\"https:\/\/premioveprodukty.eu\/produkt\/zosit-a4-linajkovy-442-amerika\/\"]}]},{\"@type\":\"ImageObject\",\"inLanguage\":\"en-US\",\"@id\":\"https:\/\/premioveprodukty.eu\/produkt\/zosit-a4-linajkovy-442-amerika\/#primaryimage\",\"url\":\"https:\/\/premioveprodukty.eu\/wp-content\/uploads\/2023\/10\/20231016_103746.jpg\",\"contentUrl\":\"https:\/\/premioveprodukty.eu\/wp-content\/uploads\/2023\/10\/20231016_103746.jpg\",\"width\":1456,\"height\":2020,\"caption\":\"na vyfarbenie\"},{\"@type\":\"BreadcrumbList\",\"@id\":\"https:\/\/premioveprodukty.eu\/produkt\/zosit-a4-linajkovy-442-amerika\/#breadcrumb\",\"itemListElement\":[{\"@type\":\"ListItem\",\"position\":1,\"name\":\"Domovsk\u00e1 str\u00e1nka\",\"item\":\"https:\/\/premioveprodukty.eu\/\"},{\"@type\":\"ListItem\",\"position\":2,\"name\":\"Obchod\",\"item\":\"https:\/\/premioveprodukty.eu\/obchod\/\"},{\"@type\":\"ListItem\",\"position\":3,\"name\":\"Zo\u0161it A4 linajkov\u00fd 442 &#8211; Amerika\"}]},{\"@type\":\"WebSite\",\"@id\":\"https:\/\/premioveprodukty.eu\/#website\",\"url\":\"https:\/\/premioveprodukty.eu\/\",\"name\":\"Premiov\u00e9 produkty\",\"description\":\"kvalitn\u00e9 produkty pre V\u00e1\u0161 \u017eivot a b\u00fdvanie\",\"potentialAction\":[{\"@type\":\"SearchAction\",\"target\":{\"@type\":\"EntryPoint\",\"urlTemplate\":\"https:\/\/premioveprodukty.eu\/?s={search_term_string}\"},\"query-input\":{\"@type\":\"PropertyValueSpecification\",\"valueRequired\":true,\"valueName\":\"search_term_string\"}}],\"inLanguage\":\"en-US\"}]}<\/script>\n<!-- \/ Yoast SEO plugin. -->","yoast_head_json":{"title":"[:sk]Zo\u0161it A4 linajkov\u00fd 442 - Amerika[:en] (K\u00f3pia)[:ru] (K\u00f3pia)[:]","description":"40-stranov\u00fd zo\u0161it ve\u013ekos\u0165 A4 linajkov\u00fd so \u0161peci\u00e1lnym linajkovan\u00edm 16 mm","robots":{"index":"index","follow":"follow","max-snippet":"max-snippet:-1","max-image-preview":"max-image-preview:large","max-video-preview":"max-video-preview:-1"},"canonical":"https:\/\/premioveprodukty.eu\/produkt\/zosit-a4-linajkovy-442-amerika\/","og_locale":"en_US","og_type":"article","og_title":"[:sk]Zo\u0161it A4 linajkov\u00fd 442 - Amerika[:en] (K\u00f3pia)[:ru] (K\u00f3pia)[:]","og_description":"40-stranov\u00fd zo\u0161it ve\u013ekos\u0165 A4 linajkov\u00fd so \u0161peci\u00e1lnym linajkovan\u00edm 16 mm","og_url":"https:\/\/premioveprodukty.eu\/produkt\/zosit-a4-linajkovy-442-amerika\/","og_site_name":"Premiov\u00e9 produkty","article_modified_time":"2023-10-17T11:31:31+00:00","og_image":[{"width":1456,"height":2020,"url":"https:\/\/premioveprodukty.eu\/wp-content\/uploads\/2023\/10\/20231016_103746.jpg","type":"image\/jpeg"}],"twitter_card":"summary_large_image","twitter_misc":{"Est. reading time":"1 minute"},"schema":{"@context":"https:\/\/schema.org","@graph":[{"@type":"WebPage","@id":"https:\/\/premioveprodukty.eu\/produkt\/zosit-a4-linajkovy-442-amerika\/","url":"https:\/\/premioveprodukty.eu\/produkt\/zosit-a4-linajkovy-442-amerika\/","name":"[:sk]Zo\u0161it A4 linajkov\u00fd 442 - Amerika[:en] (K\u00f3pia)[:ru] (K\u00f3pia)[:]","isPartOf":{"@id":"https:\/\/premioveprodukty.eu\/#website"},"primaryImageOfPage":{"@id":"https:\/\/premioveprodukty.eu\/produkt\/zosit-a4-linajkovy-442-amerika\/#primaryimage"},"image":{"@id":"https:\/\/premioveprodukty.eu\/produkt\/zosit-a4-linajkovy-442-amerika\/#primaryimage"},"thumbnailUrl":"https:\/\/premioveprodukty.eu\/wp-content\/uploads\/2023\/10\/20231016_103746.jpg","datePublished":"2023-10-16T09:52:52+00:00","dateModified":"2023-10-17T11:31:31+00:00","description":"40-stranov\u00fd zo\u0161it ve\u013ekos\u0165 A4 linajkov\u00fd so \u0161peci\u00e1lnym linajkovan\u00edm 16 mm","breadcrumb":{"@id":"https:\/\/premioveprodukty.eu\/produkt\/zosit-a4-linajkovy-442-amerika\/#breadcrumb"},"inLanguage":"en-US","potentialAction":[{"@type":"ReadAction","target":["https:\/\/premioveprodukty.eu\/produkt\/zosit-a4-linajkovy-442-amerika\/"]}]},{"@type":"ImageObject","inLanguage":"en-US","@id":"https:\/\/premioveprodukty.eu\/produkt\/zosit-a4-linajkovy-442-amerika\/#primaryimage","url":"https:\/\/premioveprodukty.eu\/wp-content\/uploads\/2023\/10\/20231016_103746.jpg","contentUrl":"https:\/\/premioveprodukty.eu\/wp-content\/uploads\/2023\/10\/20231016_103746.jpg","width":1456,"height":2020,"caption":"na vyfarbenie"},{"@type":"BreadcrumbList","@id":"https:\/\/premioveprodukty.eu\/produkt\/zosit-a4-linajkovy-442-amerika\/#breadcrumb","itemListElement":[{"@type":"ListItem","position":1,"name":"Domovsk\u00e1 str\u00e1nka","item":"https:\/\/premioveprodukty.eu\/"},{"@type":"ListItem","position":2,"name":"Obchod","item":"https:\/\/premioveprodukty.eu\/obchod\/"},{"@type":"ListItem","position":3,"name":"Zo\u0161it A4 linajkov\u00fd 442 &#8211; Amerika"}]},{"@type":"WebSite","@id":"https:\/\/premioveprodukty.eu\/#website","url":"https:\/\/premioveprodukty.eu\/","name":"Premiov\u00e9 produkty","description":"kvalitn\u00e9 produkty pre V\u00e1\u0161 \u017eivot a b\u00fdvanie","potentialAction":[{"@type":"SearchAction","target":{"@type":"EntryPoint","urlTemplate":"https:\/\/premioveprodukty.eu\/?s={search_term_string}"},"query-input":{"@type":"PropertyValueSpecification","valueRequired":true,"valueName":"search_term_string"}}],"inLanguage":"en-US"}]}},"_links":{"self":[{"href":"https:\/\/premioveprodukty.eu\/en\/wp-json\/wp\/v2\/product\/1339"}],"collection":[{"href":"https:\/\/premioveprodukty.eu\/en\/wp-json\/wp\/v2\/product"}],"about":[{"href":"https:\/\/premioveprodukty.eu\/en\/wp-json\/wp\/v2\/types\/product"}],"wp:featuredmedia":[{"embeddable":true,"href":"https:\/\/premioveprodukty.eu\/en\/wp-json\/wp\/v2\/media\/1333"}],"wp:attachment":[{"href":"https:\/\/premioveprodukty.eu\/en\/wp-json\/wp\/v2\/media?parent=1339"}],"curies":[{"name":"wp","href":"https:\/\/api.w.org\/{rel}","templated":true}]}}