{"id":848,"date":"2021-02-01T16:10:53","date_gmt":"2021-02-01T15:10:53","guid":{"rendered":"http:\/\/premioveprodukty.eu\/?post_type=product&#038;p=848"},"modified":"2022-03-07T15:05:56","modified_gmt":"2022-03-07T14:05:56","slug":"roger-h30-650-2v-4h-sada-pohonu-do-600kg-vahy-brany-obsahujuca-pohon-riadiacu-jednotku-s-prijimacom-2-ovladace-a-4-metre-hrebena","status":"publish","type":"product","link":"https:\/\/premioveprodukty.eu\/en\/produkt\/roger-h30-650-2v-4h-sada-pohonu-do-600kg-vahy-brany-obsahujuca-pohon-riadiacu-jednotku-s-prijimacom-2-ovladace-a-4-metre-hrebena\/","title":{"rendered":"(Sloven\u010dina) Roger H30\/650\/2V\/4H \u2013 sada pohonu do 600kg v\u00e1hy br\u00e1ny obsahuj\u00faca pohon, riadiacu jednotku s prij\u00edma\u010dom, 2 ovl\u00e1da\u010de a 4 metre hrebe\u0148a"},"content":{"rendered":"<p class=\"qtranxs-available-languages-message qtranxs-available-languages-message-en\">Sorry, this entry is only available in <a href=\"https:\/\/premioveprodukty.eu\/sk\/wp-json\/wp\/v2\/product\/848\" class=\"qtranxs-available-language-link qtranxs-available-language-link-sk\" title=\"Sloven\u010dina\">Sloven\u010dina<\/a>.<\/p>","protected":false},"excerpt":{"rendered":"<p class=\"qtranxs-available-languages-message qtranxs-available-languages-message-en\">Sorry, this entry is only available in <a href=\"https:\/\/premioveprodukty.eu\/sk\/wp-json\/wp\/v2\/product\/848\" class=\"qtranxs-available-language-link qtranxs-available-language-link-sk\" title=\"Sloven\u010dina\">Sloven\u010dina<\/a>.<\/p>\n","protected":false},"featured_media":849,"template":"","meta":[],"class_list":["post-848","product","type-product","status-publish","has-post-thumbnail","hentry","product_cat-sady-posuvnych-pohonov-bran"],"yoast_head":"<!-- This site is optimized with the Yoast SEO plugin v25.6 - https:\/\/yoast.com\/wordpress\/plugins\/seo\/ -->\n<title><\/title>\n<meta name=\"robots\" content=\"index, follow, max-snippet:-1, max-image-preview:large, max-video-preview:-1\" \/>\n<link rel=\"canonical\" href=\"https:\/\/premioveprodukty.eu\/en\/produkt\/roger-h30-650-2v-4h-sada-pohonu-do-600kg-vahy-brany-obsahujuca-pohon-riadiacu-jednotku-s-prijimacom-2-ovladace-a-4-metre-hrebena\/\" \/>\n<meta property=\"og:locale\" content=\"en_US\" \/>\n<meta property=\"og:type\" content=\"article\" \/>\n<meta property=\"og:title\" content=\"[:sk]Roger H30\/650\/2V\/4H \u2013 sada pohonu do 600kg v\u00e1hy br\u00e1ny obsahuj\u00faca pohon, riadiacu jednotku s prij\u00edma\u010dom, 2 ovl\u00e1da\u010de a 4 metre hrebe\u0148a[:] - Premiov\u00e9 produkty\" \/>\n<meta property=\"og:description\" content=\"[:sk]Ve\u013emi siln\u00fd, robustn\u00fd 230 V pohon posuvnej br\u00e1ny. Vyzna\u010duje sa extr\u00e9mne dlhou \u017eivotnos\u0165ou a plynul\u00fdm, elegantn\u00fdm pohybom. S\u00fa\u010das\u0165ou balenia s\u00fa 2 kl\u00fa\u010de sl\u00fa\u017eiace k odblokovaniu pohou v pr\u00edpade v\u00fdpadku elektrick\u00e9ho pr\u00fadu.  Mo\u017enos\u0165 nastavenia re\u017eimu pr\u00e1ce pohonu, \u010diasto\u010dn\u00e9ho otvorenia, sp\u00f4sobu pr\u00e1ce fotobuniek, \u010dasu pauzy, automatick\u00e9ho zatv\u00e1rania, sp\u00f4sobu reakcie na v\u00fdpadok pr\u00fadu, mo\u017enosti dodatkov\u00e9ho nap\u00e1jania z alternat\u00edvneho zdroja energie, sp\u00f4sobu reagovania maj\u00e1ku, r\u00fdchosti chodu, bodu zr\u00fdchlenia a spomalenia, reverzu br\u00e1ny, elektrick\u00e9ho z\u00e1mku, automatickej brzdy pohonu.    &nbsp;[:]\" \/>\n<meta property=\"og:url\" content=\"https:\/\/premioveprodukty.eu\/en\/produkt\/roger-h30-650-2v-4h-sada-pohonu-do-600kg-vahy-brany-obsahujuca-pohon-riadiacu-jednotku-s-prijimacom-2-ovladace-a-4-metre-hrebena\/\" \/>\n<meta property=\"og:site_name\" content=\"Premiov\u00e9 produkty\" \/>\n<meta property=\"article:modified_time\" content=\"2022-03-07T14:05:56+00:00\" \/>\n<meta property=\"og:image\" content=\"https:\/\/premioveprodukty.eu\/wp-content\/uploads\/2021\/02\/kit_h30_650-novy.jpg\" \/>\n\t<meta property=\"og:image:width\" content=\"208\" \/>\n\t<meta property=\"og:image:height\" content=\"282\" \/>\n\t<meta property=\"og:image:type\" content=\"image\/jpeg\" \/>\n<meta name=\"twitter:card\" content=\"summary_large_image\" \/>\n<meta name=\"twitter:label1\" content=\"Est. reading time\" \/>\n\t<meta name=\"twitter:data1\" content=\"1 minute\" \/>\n<script type=\"application\/ld+json\" class=\"yoast-schema-graph\">{\"@context\":\"https:\/\/schema.org\",\"@graph\":[{\"@type\":\"WebPage\",\"@id\":\"https:\/\/premioveprodukty.eu\/en\/produkt\/roger-h30-650-2v-4h-sada-pohonu-do-600kg-vahy-brany-obsahujuca-pohon-riadiacu-jednotku-s-prijimacom-2-ovladace-a-4-metre-hrebena\/\",\"url\":\"https:\/\/premioveprodukty.eu\/en\/produkt\/roger-h30-650-2v-4h-sada-pohonu-do-600kg-vahy-brany-obsahujuca-pohon-riadiacu-jednotku-s-prijimacom-2-ovladace-a-4-metre-hrebena\/\",\"name\":\"[:sk]Roger H30\/650\/2V\/4H \u2013 sada pohonu do 600kg v\u00e1hy br\u00e1ny obsahuj\u00faca pohon, riadiacu jednotku s prij\u00edma\u010dom, 2 ovl\u00e1da\u010de a 4 metre hrebe\u0148a[:] - Premiov\u00e9 produkty\",\"isPartOf\":{\"@id\":\"https:\/\/premioveprodukty.eu\/#website\"},\"primaryImageOfPage\":{\"@id\":\"https:\/\/premioveprodukty.eu\/en\/produkt\/roger-h30-650-2v-4h-sada-pohonu-do-600kg-vahy-brany-obsahujuca-pohon-riadiacu-jednotku-s-prijimacom-2-ovladace-a-4-metre-hrebena\/#primaryimage\"},\"image\":{\"@id\":\"https:\/\/premioveprodukty.eu\/en\/produkt\/roger-h30-650-2v-4h-sada-pohonu-do-600kg-vahy-brany-obsahujuca-pohon-riadiacu-jednotku-s-prijimacom-2-ovladace-a-4-metre-hrebena\/#primaryimage\"},\"thumbnailUrl\":\"https:\/\/premioveprodukty.eu\/wp-content\/uploads\/2021\/02\/kit_h30_650-novy.jpg\",\"datePublished\":\"2021-02-01T15:10:53+00:00\",\"dateModified\":\"2022-03-07T14:05:56+00:00\",\"breadcrumb\":{\"@id\":\"https:\/\/premioveprodukty.eu\/en\/produkt\/roger-h30-650-2v-4h-sada-pohonu-do-600kg-vahy-brany-obsahujuca-pohon-riadiacu-jednotku-s-prijimacom-2-ovladace-a-4-metre-hrebena\/#breadcrumb\"},\"inLanguage\":\"en-US\",\"potentialAction\":[{\"@type\":\"ReadAction\",\"target\":[\"https:\/\/premioveprodukty.eu\/en\/produkt\/roger-h30-650-2v-4h-sada-pohonu-do-600kg-vahy-brany-obsahujuca-pohon-riadiacu-jednotku-s-prijimacom-2-ovladace-a-4-metre-hrebena\/\"]}]},{\"@type\":\"ImageObject\",\"inLanguage\":\"en-US\",\"@id\":\"https:\/\/premioveprodukty.eu\/en\/produkt\/roger-h30-650-2v-4h-sada-pohonu-do-600kg-vahy-brany-obsahujuca-pohon-riadiacu-jednotku-s-prijimacom-2-ovladace-a-4-metre-hrebena\/#primaryimage\",\"url\":\"https:\/\/premioveprodukty.eu\/wp-content\/uploads\/2021\/02\/kit_h30_650-novy.jpg\",\"contentUrl\":\"https:\/\/premioveprodukty.eu\/wp-content\/uploads\/2021\/02\/kit_h30_650-novy.jpg\",\"width\":208,\"height\":282},{\"@type\":\"BreadcrumbList\",\"@id\":\"https:\/\/premioveprodukty.eu\/en\/produkt\/roger-h30-650-2v-4h-sada-pohonu-do-600kg-vahy-brany-obsahujuca-pohon-riadiacu-jednotku-s-prijimacom-2-ovladace-a-4-metre-hrebena\/#breadcrumb\",\"itemListElement\":[{\"@type\":\"ListItem\",\"position\":1,\"name\":\"Domovsk\u00e1 str\u00e1nka\",\"item\":\"https:\/\/premioveprodukty.eu\/\"},{\"@type\":\"ListItem\",\"position\":2,\"name\":\"Obchod\",\"item\":\"https:\/\/premioveprodukty.eu\/obchod\/\"},{\"@type\":\"ListItem\",\"position\":3,\"name\":\"(Sloven\u010dina) Roger H30\/650\/2V\/4H \u2013 sada pohonu do 600kg v\u00e1hy br\u00e1ny obsahuj\u00faca pohon, riadiacu jednotku s prij\u00edma\u010dom, 2 ovl\u00e1da\u010de a 4 metre hrebe\u0148a\"}]},{\"@type\":\"WebSite\",\"@id\":\"https:\/\/premioveprodukty.eu\/#website\",\"url\":\"https:\/\/premioveprodukty.eu\/\",\"name\":\"Premiov\u00e9 produkty\",\"description\":\"kvalitn\u00e9 produkty pre V\u00e1\u0161 \u017eivot a b\u00fdvanie\",\"potentialAction\":[{\"@type\":\"SearchAction\",\"target\":{\"@type\":\"EntryPoint\",\"urlTemplate\":\"https:\/\/premioveprodukty.eu\/?s={search_term_string}\"},\"query-input\":{\"@type\":\"PropertyValueSpecification\",\"valueRequired\":true,\"valueName\":\"search_term_string\"}}],\"inLanguage\":\"en-US\"}]}<\/script>\n<!-- \/ Yoast SEO plugin. -->","yoast_head_json":{"title":"[:sk]Roger H30\/650\/2V\/4H \u2013 sada pohonu do 600kg v\u00e1hy br\u00e1ny obsahuj\u00faca pohon, riadiacu jednotku s prij\u00edma\u010dom, 2 ovl\u00e1da\u010de a 4 metre hrebe\u0148a[:] - Premiov\u00e9 produkty","robots":{"index":"index","follow":"follow","max-snippet":"max-snippet:-1","max-image-preview":"max-image-preview:large","max-video-preview":"max-video-preview:-1"},"canonical":"https:\/\/premioveprodukty.eu\/en\/produkt\/roger-h30-650-2v-4h-sada-pohonu-do-600kg-vahy-brany-obsahujuca-pohon-riadiacu-jednotku-s-prijimacom-2-ovladace-a-4-metre-hrebena\/","og_locale":"en_US","og_type":"article","og_title":"[:sk]Roger H30\/650\/2V\/4H \u2013 sada pohonu do 600kg v\u00e1hy br\u00e1ny obsahuj\u00faca pohon, riadiacu jednotku s prij\u00edma\u010dom, 2 ovl\u00e1da\u010de a 4 metre hrebe\u0148a[:] - Premiov\u00e9 produkty","og_description":"[:sk]Ve\u013emi siln\u00fd, robustn\u00fd 230 V pohon posuvnej br\u00e1ny. Vyzna\u010duje sa extr\u00e9mne dlhou \u017eivotnos\u0165ou a plynul\u00fdm, elegantn\u00fdm pohybom. S\u00fa\u010das\u0165ou balenia s\u00fa 2 kl\u00fa\u010de sl\u00fa\u017eiace k odblokovaniu pohou v pr\u00edpade v\u00fdpadku elektrick\u00e9ho pr\u00fadu.  Mo\u017enos\u0165 nastavenia re\u017eimu pr\u00e1ce pohonu, \u010diasto\u010dn\u00e9ho otvorenia, sp\u00f4sobu pr\u00e1ce fotobuniek, \u010dasu pauzy, automatick\u00e9ho zatv\u00e1rania, sp\u00f4sobu reakcie na v\u00fdpadok pr\u00fadu, mo\u017enosti dodatkov\u00e9ho nap\u00e1jania z alternat\u00edvneho zdroja energie, sp\u00f4sobu reagovania maj\u00e1ku, r\u00fdchosti chodu, bodu zr\u00fdchlenia a spomalenia, reverzu br\u00e1ny, elektrick\u00e9ho z\u00e1mku, automatickej brzdy pohonu.    &nbsp;[:]","og_url":"https:\/\/premioveprodukty.eu\/en\/produkt\/roger-h30-650-2v-4h-sada-pohonu-do-600kg-vahy-brany-obsahujuca-pohon-riadiacu-jednotku-s-prijimacom-2-ovladace-a-4-metre-hrebena\/","og_site_name":"Premiov\u00e9 produkty","article_modified_time":"2022-03-07T14:05:56+00:00","og_image":[{"width":208,"height":282,"url":"https:\/\/premioveprodukty.eu\/wp-content\/uploads\/2021\/02\/kit_h30_650-novy.jpg","type":"image\/jpeg"}],"twitter_card":"summary_large_image","twitter_misc":{"Est. reading time":"1 minute"},"schema":{"@context":"https:\/\/schema.org","@graph":[{"@type":"WebPage","@id":"https:\/\/premioveprodukty.eu\/en\/produkt\/roger-h30-650-2v-4h-sada-pohonu-do-600kg-vahy-brany-obsahujuca-pohon-riadiacu-jednotku-s-prijimacom-2-ovladace-a-4-metre-hrebena\/","url":"https:\/\/premioveprodukty.eu\/en\/produkt\/roger-h30-650-2v-4h-sada-pohonu-do-600kg-vahy-brany-obsahujuca-pohon-riadiacu-jednotku-s-prijimacom-2-ovladace-a-4-metre-hrebena\/","name":"[:sk]Roger H30\/650\/2V\/4H \u2013 sada pohonu do 600kg v\u00e1hy br\u00e1ny obsahuj\u00faca pohon, riadiacu jednotku s prij\u00edma\u010dom, 2 ovl\u00e1da\u010de a 4 metre hrebe\u0148a[:] - Premiov\u00e9 produkty","isPartOf":{"@id":"https:\/\/premioveprodukty.eu\/#website"},"primaryImageOfPage":{"@id":"https:\/\/premioveprodukty.eu\/en\/produkt\/roger-h30-650-2v-4h-sada-pohonu-do-600kg-vahy-brany-obsahujuca-pohon-riadiacu-jednotku-s-prijimacom-2-ovladace-a-4-metre-hrebena\/#primaryimage"},"image":{"@id":"https:\/\/premioveprodukty.eu\/en\/produkt\/roger-h30-650-2v-4h-sada-pohonu-do-600kg-vahy-brany-obsahujuca-pohon-riadiacu-jednotku-s-prijimacom-2-ovladace-a-4-metre-hrebena\/#primaryimage"},"thumbnailUrl":"https:\/\/premioveprodukty.eu\/wp-content\/uploads\/2021\/02\/kit_h30_650-novy.jpg","datePublished":"2021-02-01T15:10:53+00:00","dateModified":"2022-03-07T14:05:56+00:00","breadcrumb":{"@id":"https:\/\/premioveprodukty.eu\/en\/produkt\/roger-h30-650-2v-4h-sada-pohonu-do-600kg-vahy-brany-obsahujuca-pohon-riadiacu-jednotku-s-prijimacom-2-ovladace-a-4-metre-hrebena\/#breadcrumb"},"inLanguage":"en-US","potentialAction":[{"@type":"ReadAction","target":["https:\/\/premioveprodukty.eu\/en\/produkt\/roger-h30-650-2v-4h-sada-pohonu-do-600kg-vahy-brany-obsahujuca-pohon-riadiacu-jednotku-s-prijimacom-2-ovladace-a-4-metre-hrebena\/"]}]},{"@type":"ImageObject","inLanguage":"en-US","@id":"https:\/\/premioveprodukty.eu\/en\/produkt\/roger-h30-650-2v-4h-sada-pohonu-do-600kg-vahy-brany-obsahujuca-pohon-riadiacu-jednotku-s-prijimacom-2-ovladace-a-4-metre-hrebena\/#primaryimage","url":"https:\/\/premioveprodukty.eu\/wp-content\/uploads\/2021\/02\/kit_h30_650-novy.jpg","contentUrl":"https:\/\/premioveprodukty.eu\/wp-content\/uploads\/2021\/02\/kit_h30_650-novy.jpg","width":208,"height":282},{"@type":"BreadcrumbList","@id":"https:\/\/premioveprodukty.eu\/en\/produkt\/roger-h30-650-2v-4h-sada-pohonu-do-600kg-vahy-brany-obsahujuca-pohon-riadiacu-jednotku-s-prijimacom-2-ovladace-a-4-metre-hrebena\/#breadcrumb","itemListElement":[{"@type":"ListItem","position":1,"name":"Domovsk\u00e1 str\u00e1nka","item":"https:\/\/premioveprodukty.eu\/"},{"@type":"ListItem","position":2,"name":"Obchod","item":"https:\/\/premioveprodukty.eu\/obchod\/"},{"@type":"ListItem","position":3,"name":"(Sloven\u010dina) Roger H30\/650\/2V\/4H \u2013 sada pohonu do 600kg v\u00e1hy br\u00e1ny obsahuj\u00faca pohon, riadiacu jednotku s prij\u00edma\u010dom, 2 ovl\u00e1da\u010de a 4 metre hrebe\u0148a"}]},{"@type":"WebSite","@id":"https:\/\/premioveprodukty.eu\/#website","url":"https:\/\/premioveprodukty.eu\/","name":"Premiov\u00e9 produkty","description":"kvalitn\u00e9 produkty pre V\u00e1\u0161 \u017eivot a b\u00fdvanie","potentialAction":[{"@type":"SearchAction","target":{"@type":"EntryPoint","urlTemplate":"https:\/\/premioveprodukty.eu\/?s={search_term_string}"},"query-input":{"@type":"PropertyValueSpecification","valueRequired":true,"valueName":"search_term_string"}}],"inLanguage":"en-US"}]}},"_links":{"self":[{"href":"https:\/\/premioveprodukty.eu\/en\/wp-json\/wp\/v2\/product\/848"}],"collection":[{"href":"https:\/\/premioveprodukty.eu\/en\/wp-json\/wp\/v2\/product"}],"about":[{"href":"https:\/\/premioveprodukty.eu\/en\/wp-json\/wp\/v2\/types\/product"}],"wp:featuredmedia":[{"embeddable":true,"href":"https:\/\/premioveprodukty.eu\/en\/wp-json\/wp\/v2\/media\/849"}],"wp:attachment":[{"href":"https:\/\/premioveprodukty.eu\/en\/wp-json\/wp\/v2\/media?parent=848"}],"curies":[{"name":"wp","href":"https:\/\/api.w.org\/{rel}","templated":true}]}}