{"id":901,"date":"2021-02-03T13:09:12","date_gmt":"2021-02-03T12:09:12","guid":{"rendered":"http:\/\/premioveprodukty.eu\/?post_type=product&#038;p=901"},"modified":"2025-04-07T22:16:16","modified_gmt":"2025-04-07T20:16:16","slug":"roger-c40-3-sada-pohonu-do-25-m-vysky-brany-obsahujuca-cca-31-m-remenovu-drahu-pohon-riadiacu-jednotku-s-prijimacom-a-2-ovladace","status":"publish","type":"product","link":"https:\/\/premioveprodukty.eu\/en\/produkt\/roger-c40-3-sada-pohonu-do-25-m-vysky-brany-obsahujuca-cca-31-m-remenovu-drahu-pohon-riadiacu-jednotku-s-prijimacom-a-2-ovladace\/","title":{"rendered":"(Sloven\u010dina) Roger C40 &#8211; 3: sada pohonu do 2,5 m v\u00fd\u0161ky br\u00e1ny obsahuj\u00faca cca 3,1 m reme\u0148ov\u00fa dr\u00e1hu, pohon, riadiacu jednotku s prij\u00edma\u010dom a 2 ovl\u00e1da\u010de"},"content":{"rendered":"<p class=\"qtranxs-available-languages-message qtranxs-available-languages-message-en\">Sorry, this entry is only available in <a href=\"https:\/\/premioveprodukty.eu\/sk\/wp-json\/wp\/v2\/product\/901\" class=\"qtranxs-available-language-link qtranxs-available-language-link-sk\" title=\"Sloven\u010dina\">Sloven\u010dina<\/a>.<\/p>","protected":false},"excerpt":{"rendered":"<p class=\"qtranxs-available-languages-message qtranxs-available-languages-message-en\">Sorry, this entry is only available in <a href=\"https:\/\/premioveprodukty.eu\/sk\/wp-json\/wp\/v2\/product\/901\" class=\"qtranxs-available-language-link qtranxs-available-language-link-sk\" title=\"Sloven\u010dina\">Sloven\u010dina<\/a>.<\/p>\n","protected":false},"featured_media":902,"template":"","meta":[],"class_list":["post-901","product","type-product","status-publish","has-post-thumbnail","hentry","product_cat-sady-pohonov-garazovych-bran"],"yoast_head":"<!-- This site is optimized with the Yoast SEO plugin v25.6 - https:\/\/yoast.com\/wordpress\/plugins\/seo\/ -->\n<title><\/title>\n<meta name=\"robots\" content=\"index, follow, max-snippet:-1, max-image-preview:large, max-video-preview:-1\" \/>\n<link rel=\"canonical\" href=\"https:\/\/premioveprodukty.eu\/produkt\/roger-c40-3-sada-pohonu-do-25-m-vysky-brany-obsahujuca-cca-31-m-remenovu-drahu-pohon-riadiacu-jednotku-s-prijimacom-a-2-ovladace\/\" \/>\n<meta property=\"og:locale\" content=\"en_US\" \/>\n<meta property=\"og:type\" content=\"article\" \/>\n<meta property=\"og:title\" content=\"[:sk]Roger C40 - 3: sada pohonu do 2,5 m v\u00fd\u0161ky br\u00e1ny obsahuj\u00faca cca 3,1 m reme\u0148ov\u00fa dr\u00e1hu, pohon, riadiacu jednotku s prij\u00edma\u010dom a 2 ovl\u00e1da\u010de[:] - Premiov\u00e9 produkty\" \/>\n<meta property=\"og:description\" content=\"[:sk]&nbsp;  Pohon pre gar\u00e1\u017eov\u00fa sekcion\u00e1lnu alebo v\u00fdklopn\u00fa br\u00e1nu s d\u013a\u017ekou re\u0165azovej dr\u00e1hy vy\u0161e 3 metre, pre otvor do v\u00fd\u0161ky 2,5 metra. Obrovsk\u00e1 sila 1000N a reme\u0148ov\u00e1 dr\u00e1ha zaru\u010duje man\u00e9vrovanie aj \u0165a\u017ek\u00fdmi br\u00e1nami do 18 m2 a ni\u017e\u0161iu hlu\u010dnos\u0165 oproti be\u017en\u00fdm re\u0165azov\u00fdm dr\u00e1ham.  Mo\u017enos\u0165 nastavenia re\u017eimu pr\u00e1ce pohonu, \u010diasto\u010dn\u00e9ho otvorenia, sp\u00f4sobu pr\u00e1ce fotobuniek, \u010dasu pauzy, automatick\u00e9ho zatv\u00e1rania, sp\u00f4sobu reakcie na v\u00fdpadok pr\u00fadu.  &nbsp;[:]\" \/>\n<meta property=\"og:url\" content=\"https:\/\/premioveprodukty.eu\/produkt\/roger-c40-3-sada-pohonu-do-25-m-vysky-brany-obsahujuca-cca-31-m-remenovu-drahu-pohon-riadiacu-jednotku-s-prijimacom-a-2-ovladace\/\" \/>\n<meta property=\"og:site_name\" content=\"Premiov\u00e9 produkty\" \/>\n<meta property=\"article:modified_time\" content=\"2025-04-07T20:16:16+00:00\" \/>\n<meta property=\"og:image\" content=\"http:\/\/premioveprodukty.eu\/wp-content\/uploads\/2021\/02\/Sada-C40-2.jpg\" \/>\n\t<meta property=\"og:image:width\" content=\"1272\" \/>\n\t<meta property=\"og:image:height\" content=\"913\" \/>\n\t<meta property=\"og:image:type\" content=\"image\/jpeg\" \/>\n<meta name=\"twitter:card\" content=\"summary_large_image\" \/>\n<meta name=\"twitter:label1\" content=\"Est. reading time\" \/>\n\t<meta name=\"twitter:data1\" content=\"1 minute\" \/>\n<script type=\"application\/ld+json\" class=\"yoast-schema-graph\">{\"@context\":\"https:\/\/schema.org\",\"@graph\":[{\"@type\":\"WebPage\",\"@id\":\"https:\/\/premioveprodukty.eu\/produkt\/roger-c40-3-sada-pohonu-do-25-m-vysky-brany-obsahujuca-cca-31-m-remenovu-drahu-pohon-riadiacu-jednotku-s-prijimacom-a-2-ovladace\/\",\"url\":\"https:\/\/premioveprodukty.eu\/produkt\/roger-c40-3-sada-pohonu-do-25-m-vysky-brany-obsahujuca-cca-31-m-remenovu-drahu-pohon-riadiacu-jednotku-s-prijimacom-a-2-ovladace\/\",\"name\":\"[:sk]Roger C40 - 3: sada pohonu do 2,5 m v\u00fd\u0161ky br\u00e1ny obsahuj\u00faca cca 3,1 m reme\u0148ov\u00fa dr\u00e1hu, pohon, riadiacu jednotku s prij\u00edma\u010dom a 2 ovl\u00e1da\u010de[:] - Premiov\u00e9 produkty\",\"isPartOf\":{\"@id\":\"https:\/\/premioveprodukty.eu\/#website\"},\"primaryImageOfPage\":{\"@id\":\"https:\/\/premioveprodukty.eu\/produkt\/roger-c40-3-sada-pohonu-do-25-m-vysky-brany-obsahujuca-cca-31-m-remenovu-drahu-pohon-riadiacu-jednotku-s-prijimacom-a-2-ovladace\/#primaryimage\"},\"image\":{\"@id\":\"https:\/\/premioveprodukty.eu\/produkt\/roger-c40-3-sada-pohonu-do-25-m-vysky-brany-obsahujuca-cca-31-m-remenovu-drahu-pohon-riadiacu-jednotku-s-prijimacom-a-2-ovladace\/#primaryimage\"},\"thumbnailUrl\":\"https:\/\/premioveprodukty.eu\/wp-content\/uploads\/2021\/02\/Sada-C40-2.jpg\",\"datePublished\":\"2021-02-03T12:09:12+00:00\",\"dateModified\":\"2025-04-07T20:16:16+00:00\",\"breadcrumb\":{\"@id\":\"https:\/\/premioveprodukty.eu\/produkt\/roger-c40-3-sada-pohonu-do-25-m-vysky-brany-obsahujuca-cca-31-m-remenovu-drahu-pohon-riadiacu-jednotku-s-prijimacom-a-2-ovladace\/#breadcrumb\"},\"inLanguage\":\"en-US\",\"potentialAction\":[{\"@type\":\"ReadAction\",\"target\":[\"https:\/\/premioveprodukty.eu\/produkt\/roger-c40-3-sada-pohonu-do-25-m-vysky-brany-obsahujuca-cca-31-m-remenovu-drahu-pohon-riadiacu-jednotku-s-prijimacom-a-2-ovladace\/\"]}]},{\"@type\":\"ImageObject\",\"inLanguage\":\"en-US\",\"@id\":\"https:\/\/premioveprodukty.eu\/produkt\/roger-c40-3-sada-pohonu-do-25-m-vysky-brany-obsahujuca-cca-31-m-remenovu-drahu-pohon-riadiacu-jednotku-s-prijimacom-a-2-ovladace\/#primaryimage\",\"url\":\"https:\/\/premioveprodukty.eu\/wp-content\/uploads\/2021\/02\/Sada-C40-2.jpg\",\"contentUrl\":\"https:\/\/premioveprodukty.eu\/wp-content\/uploads\/2021\/02\/Sada-C40-2.jpg\",\"width\":1272,\"height\":913},{\"@type\":\"BreadcrumbList\",\"@id\":\"https:\/\/premioveprodukty.eu\/produkt\/roger-c40-3-sada-pohonu-do-25-m-vysky-brany-obsahujuca-cca-31-m-remenovu-drahu-pohon-riadiacu-jednotku-s-prijimacom-a-2-ovladace\/#breadcrumb\",\"itemListElement\":[{\"@type\":\"ListItem\",\"position\":1,\"name\":\"Domovsk\u00e1 str\u00e1nka\",\"item\":\"https:\/\/premioveprodukty.eu\/\"},{\"@type\":\"ListItem\",\"position\":2,\"name\":\"Obchod\",\"item\":\"https:\/\/premioveprodukty.eu\/obchod\/\"},{\"@type\":\"ListItem\",\"position\":3,\"name\":\"Roger C40 &#8211; 3: sada pohonu do 2,5 m v\u00fd\u0161ky br\u00e1ny obsahuj\u00faca cca 3,1 m reme\u0148ov\u00fa dr\u00e1hu, pohon, riadiacu jednotku s prij\u00edma\u010dom a 2 ovl\u00e1da\u010de\"}]},{\"@type\":\"WebSite\",\"@id\":\"https:\/\/premioveprodukty.eu\/#website\",\"url\":\"https:\/\/premioveprodukty.eu\/\",\"name\":\"Premiov\u00e9 produkty\",\"description\":\"kvalitn\u00e9 produkty pre V\u00e1\u0161 \u017eivot a b\u00fdvanie\",\"potentialAction\":[{\"@type\":\"SearchAction\",\"target\":{\"@type\":\"EntryPoint\",\"urlTemplate\":\"https:\/\/premioveprodukty.eu\/?s={search_term_string}\"},\"query-input\":{\"@type\":\"PropertyValueSpecification\",\"valueRequired\":true,\"valueName\":\"search_term_string\"}}],\"inLanguage\":\"en-US\"}]}<\/script>\n<!-- \/ Yoast SEO plugin. -->","yoast_head_json":{"title":"[:sk]Roger C40 - 3: sada pohonu do 2,5 m v\u00fd\u0161ky br\u00e1ny obsahuj\u00faca cca 3,1 m reme\u0148ov\u00fa dr\u00e1hu, pohon, riadiacu jednotku s prij\u00edma\u010dom a 2 ovl\u00e1da\u010de[:] - Premiov\u00e9 produkty","robots":{"index":"index","follow":"follow","max-snippet":"max-snippet:-1","max-image-preview":"max-image-preview:large","max-video-preview":"max-video-preview:-1"},"canonical":"https:\/\/premioveprodukty.eu\/produkt\/roger-c40-3-sada-pohonu-do-25-m-vysky-brany-obsahujuca-cca-31-m-remenovu-drahu-pohon-riadiacu-jednotku-s-prijimacom-a-2-ovladace\/","og_locale":"en_US","og_type":"article","og_title":"[:sk]Roger C40 - 3: sada pohonu do 2,5 m v\u00fd\u0161ky br\u00e1ny obsahuj\u00faca cca 3,1 m reme\u0148ov\u00fa dr\u00e1hu, pohon, riadiacu jednotku s prij\u00edma\u010dom a 2 ovl\u00e1da\u010de[:] - Premiov\u00e9 produkty","og_description":"[:sk]&nbsp;  Pohon pre gar\u00e1\u017eov\u00fa sekcion\u00e1lnu alebo v\u00fdklopn\u00fa br\u00e1nu s d\u013a\u017ekou re\u0165azovej dr\u00e1hy vy\u0161e 3 metre, pre otvor do v\u00fd\u0161ky 2,5 metra. Obrovsk\u00e1 sila 1000N a reme\u0148ov\u00e1 dr\u00e1ha zaru\u010duje man\u00e9vrovanie aj \u0165a\u017ek\u00fdmi br\u00e1nami do 18 m2 a ni\u017e\u0161iu hlu\u010dnos\u0165 oproti be\u017en\u00fdm re\u0165azov\u00fdm dr\u00e1ham.  Mo\u017enos\u0165 nastavenia re\u017eimu pr\u00e1ce pohonu, \u010diasto\u010dn\u00e9ho otvorenia, sp\u00f4sobu pr\u00e1ce fotobuniek, \u010dasu pauzy, automatick\u00e9ho zatv\u00e1rania, sp\u00f4sobu reakcie na v\u00fdpadok pr\u00fadu.  &nbsp;[:]","og_url":"https:\/\/premioveprodukty.eu\/produkt\/roger-c40-3-sada-pohonu-do-25-m-vysky-brany-obsahujuca-cca-31-m-remenovu-drahu-pohon-riadiacu-jednotku-s-prijimacom-a-2-ovladace\/","og_site_name":"Premiov\u00e9 produkty","article_modified_time":"2025-04-07T20:16:16+00:00","og_image":[{"width":1272,"height":913,"url":"http:\/\/premioveprodukty.eu\/wp-content\/uploads\/2021\/02\/Sada-C40-2.jpg","type":"image\/jpeg"}],"twitter_card":"summary_large_image","twitter_misc":{"Est. reading time":"1 minute"},"schema":{"@context":"https:\/\/schema.org","@graph":[{"@type":"WebPage","@id":"https:\/\/premioveprodukty.eu\/produkt\/roger-c40-3-sada-pohonu-do-25-m-vysky-brany-obsahujuca-cca-31-m-remenovu-drahu-pohon-riadiacu-jednotku-s-prijimacom-a-2-ovladace\/","url":"https:\/\/premioveprodukty.eu\/produkt\/roger-c40-3-sada-pohonu-do-25-m-vysky-brany-obsahujuca-cca-31-m-remenovu-drahu-pohon-riadiacu-jednotku-s-prijimacom-a-2-ovladace\/","name":"[:sk]Roger C40 - 3: sada pohonu do 2,5 m v\u00fd\u0161ky br\u00e1ny obsahuj\u00faca cca 3,1 m reme\u0148ov\u00fa dr\u00e1hu, pohon, riadiacu jednotku s prij\u00edma\u010dom a 2 ovl\u00e1da\u010de[:] - Premiov\u00e9 produkty","isPartOf":{"@id":"https:\/\/premioveprodukty.eu\/#website"},"primaryImageOfPage":{"@id":"https:\/\/premioveprodukty.eu\/produkt\/roger-c40-3-sada-pohonu-do-25-m-vysky-brany-obsahujuca-cca-31-m-remenovu-drahu-pohon-riadiacu-jednotku-s-prijimacom-a-2-ovladace\/#primaryimage"},"image":{"@id":"https:\/\/premioveprodukty.eu\/produkt\/roger-c40-3-sada-pohonu-do-25-m-vysky-brany-obsahujuca-cca-31-m-remenovu-drahu-pohon-riadiacu-jednotku-s-prijimacom-a-2-ovladace\/#primaryimage"},"thumbnailUrl":"https:\/\/premioveprodukty.eu\/wp-content\/uploads\/2021\/02\/Sada-C40-2.jpg","datePublished":"2021-02-03T12:09:12+00:00","dateModified":"2025-04-07T20:16:16+00:00","breadcrumb":{"@id":"https:\/\/premioveprodukty.eu\/produkt\/roger-c40-3-sada-pohonu-do-25-m-vysky-brany-obsahujuca-cca-31-m-remenovu-drahu-pohon-riadiacu-jednotku-s-prijimacom-a-2-ovladace\/#breadcrumb"},"inLanguage":"en-US","potentialAction":[{"@type":"ReadAction","target":["https:\/\/premioveprodukty.eu\/produkt\/roger-c40-3-sada-pohonu-do-25-m-vysky-brany-obsahujuca-cca-31-m-remenovu-drahu-pohon-riadiacu-jednotku-s-prijimacom-a-2-ovladace\/"]}]},{"@type":"ImageObject","inLanguage":"en-US","@id":"https:\/\/premioveprodukty.eu\/produkt\/roger-c40-3-sada-pohonu-do-25-m-vysky-brany-obsahujuca-cca-31-m-remenovu-drahu-pohon-riadiacu-jednotku-s-prijimacom-a-2-ovladace\/#primaryimage","url":"https:\/\/premioveprodukty.eu\/wp-content\/uploads\/2021\/02\/Sada-C40-2.jpg","contentUrl":"https:\/\/premioveprodukty.eu\/wp-content\/uploads\/2021\/02\/Sada-C40-2.jpg","width":1272,"height":913},{"@type":"BreadcrumbList","@id":"https:\/\/premioveprodukty.eu\/produkt\/roger-c40-3-sada-pohonu-do-25-m-vysky-brany-obsahujuca-cca-31-m-remenovu-drahu-pohon-riadiacu-jednotku-s-prijimacom-a-2-ovladace\/#breadcrumb","itemListElement":[{"@type":"ListItem","position":1,"name":"Domovsk\u00e1 str\u00e1nka","item":"https:\/\/premioveprodukty.eu\/"},{"@type":"ListItem","position":2,"name":"Obchod","item":"https:\/\/premioveprodukty.eu\/obchod\/"},{"@type":"ListItem","position":3,"name":"Roger C40 &#8211; 3: sada pohonu do 2,5 m v\u00fd\u0161ky br\u00e1ny obsahuj\u00faca cca 3,1 m reme\u0148ov\u00fa dr\u00e1hu, pohon, riadiacu jednotku s prij\u00edma\u010dom a 2 ovl\u00e1da\u010de"}]},{"@type":"WebSite","@id":"https:\/\/premioveprodukty.eu\/#website","url":"https:\/\/premioveprodukty.eu\/","name":"Premiov\u00e9 produkty","description":"kvalitn\u00e9 produkty pre V\u00e1\u0161 \u017eivot a b\u00fdvanie","potentialAction":[{"@type":"SearchAction","target":{"@type":"EntryPoint","urlTemplate":"https:\/\/premioveprodukty.eu\/?s={search_term_string}"},"query-input":{"@type":"PropertyValueSpecification","valueRequired":true,"valueName":"search_term_string"}}],"inLanguage":"en-US"}]}},"_links":{"self":[{"href":"https:\/\/premioveprodukty.eu\/en\/wp-json\/wp\/v2\/product\/901"}],"collection":[{"href":"https:\/\/premioveprodukty.eu\/en\/wp-json\/wp\/v2\/product"}],"about":[{"href":"https:\/\/premioveprodukty.eu\/en\/wp-json\/wp\/v2\/types\/product"}],"wp:featuredmedia":[{"embeddable":true,"href":"https:\/\/premioveprodukty.eu\/en\/wp-json\/wp\/v2\/media\/902"}],"wp:attachment":[{"href":"https:\/\/premioveprodukty.eu\/en\/wp-json\/wp\/v2\/media?parent=901"}],"curies":[{"name":"wp","href":"https:\/\/api.w.org\/{rel}","templated":true}]}}