{"id":908,"date":"2021-02-03T13:17:41","date_gmt":"2021-02-03T12:17:41","guid":{"rendered":"http:\/\/premioveprodukty.eu\/?post_type=product&#038;p=908"},"modified":"2025-04-07T22:19:03","modified_gmt":"2025-04-07T20:19:03","slug":"roger-m40-4-sada-pohonu-do-35-m-vysky-brany-obsahujuca-retazovu-drahu-4-m-pohon-riadiacu-jednotku-s-prijimacom-a-ovladacom","status":"publish","type":"product","link":"https:\/\/premioveprodukty.eu\/en\/produkt\/roger-m40-4-sada-pohonu-do-35-m-vysky-brany-obsahujuca-retazovu-drahu-4-m-pohon-riadiacu-jednotku-s-prijimacom-a-ovladacom\/","title":{"rendered":"(Sloven\u010dina) Roger M40 &#8211; 4: sada pohonu do 3,5 m v\u00fd\u0161ky br\u00e1ny obsahuj\u00faca re\u0165azov\u00fa dr\u00e1hu 4 m, pohon, riadiacu jednotku s prij\u00edma\u010dom a 2 ovl\u00e1da\u010dmi"},"content":{"rendered":"<p class=\"qtranxs-available-languages-message qtranxs-available-languages-message-en\">Sorry, this entry is only available in <a href=\"https:\/\/premioveprodukty.eu\/sk\/wp-json\/wp\/v2\/product\/908\" class=\"qtranxs-available-language-link qtranxs-available-language-link-sk\" title=\"Sloven\u010dina\">Sloven\u010dina<\/a>.<\/p>","protected":false},"excerpt":{"rendered":"<p class=\"qtranxs-available-languages-message qtranxs-available-languages-message-en\">Sorry, this entry is only available in <a href=\"https:\/\/premioveprodukty.eu\/sk\/wp-json\/wp\/v2\/product\/908\" class=\"qtranxs-available-language-link qtranxs-available-language-link-sk\" title=\"Sloven\u010dina\">Sloven\u010dina<\/a>.<\/p>\n","protected":false},"featured_media":907,"template":"","meta":[],"class_list":["post-908","product","type-product","status-publish","has-post-thumbnail","hentry","product_cat-sady-pohonov-garazovych-bran"],"yoast_head":"<!-- This site is optimized with the Yoast SEO plugin v25.6 - https:\/\/yoast.com\/wordpress\/plugins\/seo\/ -->\n<title><\/title>\n<meta name=\"robots\" content=\"index, follow, max-snippet:-1, max-image-preview:large, max-video-preview:-1\" \/>\n<link rel=\"canonical\" href=\"https:\/\/premioveprodukty.eu\/produkt\/roger-m40-4-sada-pohonu-do-35-m-vysky-brany-obsahujuca-retazovu-drahu-4-m-pohon-riadiacu-jednotku-s-prijimacom-a-ovladacom\/\" \/>\n<meta property=\"og:locale\" content=\"en_US\" \/>\n<meta property=\"og:type\" content=\"article\" \/>\n<meta property=\"og:title\" content=\"[:sk]Roger M40 - 4: sada pohonu do 3,5 m v\u00fd\u0161ky br\u00e1ny obsahuj\u00faca re\u0165azov\u00fa dr\u00e1hu 4 m, pohon, riadiacu jednotku s prij\u00edma\u010dom a 2 ovl\u00e1da\u010dmi[:] - Premiov\u00e9 produkty\" \/>\n<meta property=\"og:description\" content=\"[:sk]Pohon pre gar\u00e1\u017eov\u00fa sekcion\u00e1lnu br\u00e1nu s d\u013a\u017ekou re\u0165azovej dr\u00e1hy 4 metre, pre otvor do v\u00fd\u0161ky 3,5 metra. \u0160peci\u00e1lna patentovan\u00e1 re\u0165az zaru\u010duje v\u00e4\u010d\u0161iu pevnos\u0165, stabilitu dr\u00e1hy a ni\u017e\u0161iu hlu\u010dnos\u0165 oproti i be\u017en\u00fdm re\u0165azov\u00fdm dr\u00e1ham.  Mo\u017enos\u0165 nastavenia re\u017eimu pr\u00e1ce pohonu, \u010diasto\u010dn\u00e9ho otvorenia, sp\u00f4sobu pr\u00e1ce fotobuniek, \u010dasu pauzy, automatick\u00e9ho zatv\u00e1rania, sp\u00f4sobu reakcie na v\u00fdpadok pr\u00fadu.[:]\" \/>\n<meta property=\"og:url\" content=\"https:\/\/premioveprodukty.eu\/produkt\/roger-m40-4-sada-pohonu-do-35-m-vysky-brany-obsahujuca-retazovu-drahu-4-m-pohon-riadiacu-jednotku-s-prijimacom-a-ovladacom\/\" \/>\n<meta property=\"og:site_name\" content=\"Premiov\u00e9 produkty\" \/>\n<meta property=\"article:modified_time\" content=\"2025-04-07T20:19:03+00:00\" \/>\n<meta property=\"og:image\" content=\"http:\/\/premioveprodukty.eu\/wp-content\/uploads\/2021\/02\/SET_M40_662HRS1.jpg\" \/>\n\t<meta property=\"og:image:width\" content=\"2048\" \/>\n\t<meta property=\"og:image:height\" content=\"1536\" \/>\n\t<meta property=\"og:image:type\" content=\"image\/jpeg\" \/>\n<meta name=\"twitter:card\" content=\"summary_large_image\" \/>\n<meta name=\"twitter:label1\" content=\"Est. reading time\" \/>\n\t<meta name=\"twitter:data1\" content=\"1 minute\" \/>\n<script type=\"application\/ld+json\" class=\"yoast-schema-graph\">{\"@context\":\"https:\/\/schema.org\",\"@graph\":[{\"@type\":\"WebPage\",\"@id\":\"https:\/\/premioveprodukty.eu\/produkt\/roger-m40-4-sada-pohonu-do-35-m-vysky-brany-obsahujuca-retazovu-drahu-4-m-pohon-riadiacu-jednotku-s-prijimacom-a-ovladacom\/\",\"url\":\"https:\/\/premioveprodukty.eu\/produkt\/roger-m40-4-sada-pohonu-do-35-m-vysky-brany-obsahujuca-retazovu-drahu-4-m-pohon-riadiacu-jednotku-s-prijimacom-a-ovladacom\/\",\"name\":\"[:sk]Roger M40 - 4: sada pohonu do 3,5 m v\u00fd\u0161ky br\u00e1ny obsahuj\u00faca re\u0165azov\u00fa dr\u00e1hu 4 m, pohon, riadiacu jednotku s prij\u00edma\u010dom a 2 ovl\u00e1da\u010dmi[:] - Premiov\u00e9 produkty\",\"isPartOf\":{\"@id\":\"https:\/\/premioveprodukty.eu\/#website\"},\"primaryImageOfPage\":{\"@id\":\"https:\/\/premioveprodukty.eu\/produkt\/roger-m40-4-sada-pohonu-do-35-m-vysky-brany-obsahujuca-retazovu-drahu-4-m-pohon-riadiacu-jednotku-s-prijimacom-a-ovladacom\/#primaryimage\"},\"image\":{\"@id\":\"https:\/\/premioveprodukty.eu\/produkt\/roger-m40-4-sada-pohonu-do-35-m-vysky-brany-obsahujuca-retazovu-drahu-4-m-pohon-riadiacu-jednotku-s-prijimacom-a-ovladacom\/#primaryimage\"},\"thumbnailUrl\":\"https:\/\/premioveprodukty.eu\/wp-content\/uploads\/2021\/02\/SET_M40_662HRS1.jpg\",\"datePublished\":\"2021-02-03T12:17:41+00:00\",\"dateModified\":\"2025-04-07T20:19:03+00:00\",\"breadcrumb\":{\"@id\":\"https:\/\/premioveprodukty.eu\/produkt\/roger-m40-4-sada-pohonu-do-35-m-vysky-brany-obsahujuca-retazovu-drahu-4-m-pohon-riadiacu-jednotku-s-prijimacom-a-ovladacom\/#breadcrumb\"},\"inLanguage\":\"en-US\",\"potentialAction\":[{\"@type\":\"ReadAction\",\"target\":[\"https:\/\/premioveprodukty.eu\/produkt\/roger-m40-4-sada-pohonu-do-35-m-vysky-brany-obsahujuca-retazovu-drahu-4-m-pohon-riadiacu-jednotku-s-prijimacom-a-ovladacom\/\"]}]},{\"@type\":\"ImageObject\",\"inLanguage\":\"en-US\",\"@id\":\"https:\/\/premioveprodukty.eu\/produkt\/roger-m40-4-sada-pohonu-do-35-m-vysky-brany-obsahujuca-retazovu-drahu-4-m-pohon-riadiacu-jednotku-s-prijimacom-a-ovladacom\/#primaryimage\",\"url\":\"https:\/\/premioveprodukty.eu\/wp-content\/uploads\/2021\/02\/SET_M40_662HRS1.jpg\",\"contentUrl\":\"https:\/\/premioveprodukty.eu\/wp-content\/uploads\/2021\/02\/SET_M40_662HRS1.jpg\",\"width\":2048,\"height\":1536},{\"@type\":\"BreadcrumbList\",\"@id\":\"https:\/\/premioveprodukty.eu\/produkt\/roger-m40-4-sada-pohonu-do-35-m-vysky-brany-obsahujuca-retazovu-drahu-4-m-pohon-riadiacu-jednotku-s-prijimacom-a-ovladacom\/#breadcrumb\",\"itemListElement\":[{\"@type\":\"ListItem\",\"position\":1,\"name\":\"Domovsk\u00e1 str\u00e1nka\",\"item\":\"https:\/\/premioveprodukty.eu\/\"},{\"@type\":\"ListItem\",\"position\":2,\"name\":\"Obchod\",\"item\":\"https:\/\/premioveprodukty.eu\/obchod\/\"},{\"@type\":\"ListItem\",\"position\":3,\"name\":\"Roger M40 &#8211; 4: sada pohonu do 3,5 m v\u00fd\u0161ky br\u00e1ny obsahuj\u00faca re\u0165azov\u00fa dr\u00e1hu 4 m, pohon, riadiacu jednotku s prij\u00edma\u010dom a 2 ovl\u00e1da\u010dmi\"}]},{\"@type\":\"WebSite\",\"@id\":\"https:\/\/premioveprodukty.eu\/#website\",\"url\":\"https:\/\/premioveprodukty.eu\/\",\"name\":\"Premiov\u00e9 produkty\",\"description\":\"kvalitn\u00e9 produkty pre V\u00e1\u0161 \u017eivot a b\u00fdvanie\",\"potentialAction\":[{\"@type\":\"SearchAction\",\"target\":{\"@type\":\"EntryPoint\",\"urlTemplate\":\"https:\/\/premioveprodukty.eu\/?s={search_term_string}\"},\"query-input\":{\"@type\":\"PropertyValueSpecification\",\"valueRequired\":true,\"valueName\":\"search_term_string\"}}],\"inLanguage\":\"en-US\"}]}<\/script>\n<!-- \/ Yoast SEO plugin. -->","yoast_head_json":{"title":"[:sk]Roger M40 - 4: sada pohonu do 3,5 m v\u00fd\u0161ky br\u00e1ny obsahuj\u00faca re\u0165azov\u00fa dr\u00e1hu 4 m, pohon, riadiacu jednotku s prij\u00edma\u010dom a 2 ovl\u00e1da\u010dmi[:] - Premiov\u00e9 produkty","robots":{"index":"index","follow":"follow","max-snippet":"max-snippet:-1","max-image-preview":"max-image-preview:large","max-video-preview":"max-video-preview:-1"},"canonical":"https:\/\/premioveprodukty.eu\/produkt\/roger-m40-4-sada-pohonu-do-35-m-vysky-brany-obsahujuca-retazovu-drahu-4-m-pohon-riadiacu-jednotku-s-prijimacom-a-ovladacom\/","og_locale":"en_US","og_type":"article","og_title":"[:sk]Roger M40 - 4: sada pohonu do 3,5 m v\u00fd\u0161ky br\u00e1ny obsahuj\u00faca re\u0165azov\u00fa dr\u00e1hu 4 m, pohon, riadiacu jednotku s prij\u00edma\u010dom a 2 ovl\u00e1da\u010dmi[:] - Premiov\u00e9 produkty","og_description":"[:sk]Pohon pre gar\u00e1\u017eov\u00fa sekcion\u00e1lnu br\u00e1nu s d\u013a\u017ekou re\u0165azovej dr\u00e1hy 4 metre, pre otvor do v\u00fd\u0161ky 3,5 metra. \u0160peci\u00e1lna patentovan\u00e1 re\u0165az zaru\u010duje v\u00e4\u010d\u0161iu pevnos\u0165, stabilitu dr\u00e1hy a ni\u017e\u0161iu hlu\u010dnos\u0165 oproti i be\u017en\u00fdm re\u0165azov\u00fdm dr\u00e1ham.  Mo\u017enos\u0165 nastavenia re\u017eimu pr\u00e1ce pohonu, \u010diasto\u010dn\u00e9ho otvorenia, sp\u00f4sobu pr\u00e1ce fotobuniek, \u010dasu pauzy, automatick\u00e9ho zatv\u00e1rania, sp\u00f4sobu reakcie na v\u00fdpadok pr\u00fadu.[:]","og_url":"https:\/\/premioveprodukty.eu\/produkt\/roger-m40-4-sada-pohonu-do-35-m-vysky-brany-obsahujuca-retazovu-drahu-4-m-pohon-riadiacu-jednotku-s-prijimacom-a-ovladacom\/","og_site_name":"Premiov\u00e9 produkty","article_modified_time":"2025-04-07T20:19:03+00:00","og_image":[{"width":2048,"height":1536,"url":"http:\/\/premioveprodukty.eu\/wp-content\/uploads\/2021\/02\/SET_M40_662HRS1.jpg","type":"image\/jpeg"}],"twitter_card":"summary_large_image","twitter_misc":{"Est. reading time":"1 minute"},"schema":{"@context":"https:\/\/schema.org","@graph":[{"@type":"WebPage","@id":"https:\/\/premioveprodukty.eu\/produkt\/roger-m40-4-sada-pohonu-do-35-m-vysky-brany-obsahujuca-retazovu-drahu-4-m-pohon-riadiacu-jednotku-s-prijimacom-a-ovladacom\/","url":"https:\/\/premioveprodukty.eu\/produkt\/roger-m40-4-sada-pohonu-do-35-m-vysky-brany-obsahujuca-retazovu-drahu-4-m-pohon-riadiacu-jednotku-s-prijimacom-a-ovladacom\/","name":"[:sk]Roger M40 - 4: sada pohonu do 3,5 m v\u00fd\u0161ky br\u00e1ny obsahuj\u00faca re\u0165azov\u00fa dr\u00e1hu 4 m, pohon, riadiacu jednotku s prij\u00edma\u010dom a 2 ovl\u00e1da\u010dmi[:] - Premiov\u00e9 produkty","isPartOf":{"@id":"https:\/\/premioveprodukty.eu\/#website"},"primaryImageOfPage":{"@id":"https:\/\/premioveprodukty.eu\/produkt\/roger-m40-4-sada-pohonu-do-35-m-vysky-brany-obsahujuca-retazovu-drahu-4-m-pohon-riadiacu-jednotku-s-prijimacom-a-ovladacom\/#primaryimage"},"image":{"@id":"https:\/\/premioveprodukty.eu\/produkt\/roger-m40-4-sada-pohonu-do-35-m-vysky-brany-obsahujuca-retazovu-drahu-4-m-pohon-riadiacu-jednotku-s-prijimacom-a-ovladacom\/#primaryimage"},"thumbnailUrl":"https:\/\/premioveprodukty.eu\/wp-content\/uploads\/2021\/02\/SET_M40_662HRS1.jpg","datePublished":"2021-02-03T12:17:41+00:00","dateModified":"2025-04-07T20:19:03+00:00","breadcrumb":{"@id":"https:\/\/premioveprodukty.eu\/produkt\/roger-m40-4-sada-pohonu-do-35-m-vysky-brany-obsahujuca-retazovu-drahu-4-m-pohon-riadiacu-jednotku-s-prijimacom-a-ovladacom\/#breadcrumb"},"inLanguage":"en-US","potentialAction":[{"@type":"ReadAction","target":["https:\/\/premioveprodukty.eu\/produkt\/roger-m40-4-sada-pohonu-do-35-m-vysky-brany-obsahujuca-retazovu-drahu-4-m-pohon-riadiacu-jednotku-s-prijimacom-a-ovladacom\/"]}]},{"@type":"ImageObject","inLanguage":"en-US","@id":"https:\/\/premioveprodukty.eu\/produkt\/roger-m40-4-sada-pohonu-do-35-m-vysky-brany-obsahujuca-retazovu-drahu-4-m-pohon-riadiacu-jednotku-s-prijimacom-a-ovladacom\/#primaryimage","url":"https:\/\/premioveprodukty.eu\/wp-content\/uploads\/2021\/02\/SET_M40_662HRS1.jpg","contentUrl":"https:\/\/premioveprodukty.eu\/wp-content\/uploads\/2021\/02\/SET_M40_662HRS1.jpg","width":2048,"height":1536},{"@type":"BreadcrumbList","@id":"https:\/\/premioveprodukty.eu\/produkt\/roger-m40-4-sada-pohonu-do-35-m-vysky-brany-obsahujuca-retazovu-drahu-4-m-pohon-riadiacu-jednotku-s-prijimacom-a-ovladacom\/#breadcrumb","itemListElement":[{"@type":"ListItem","position":1,"name":"Domovsk\u00e1 str\u00e1nka","item":"https:\/\/premioveprodukty.eu\/"},{"@type":"ListItem","position":2,"name":"Obchod","item":"https:\/\/premioveprodukty.eu\/obchod\/"},{"@type":"ListItem","position":3,"name":"Roger M40 &#8211; 4: sada pohonu do 3,5 m v\u00fd\u0161ky br\u00e1ny obsahuj\u00faca re\u0165azov\u00fa dr\u00e1hu 4 m, pohon, riadiacu jednotku s prij\u00edma\u010dom a 2 ovl\u00e1da\u010dmi"}]},{"@type":"WebSite","@id":"https:\/\/premioveprodukty.eu\/#website","url":"https:\/\/premioveprodukty.eu\/","name":"Premiov\u00e9 produkty","description":"kvalitn\u00e9 produkty pre V\u00e1\u0161 \u017eivot a b\u00fdvanie","potentialAction":[{"@type":"SearchAction","target":{"@type":"EntryPoint","urlTemplate":"https:\/\/premioveprodukty.eu\/?s={search_term_string}"},"query-input":{"@type":"PropertyValueSpecification","valueRequired":true,"valueName":"search_term_string"}}],"inLanguage":"en-US"}]}},"_links":{"self":[{"href":"https:\/\/premioveprodukty.eu\/en\/wp-json\/wp\/v2\/product\/908"}],"collection":[{"href":"https:\/\/premioveprodukty.eu\/en\/wp-json\/wp\/v2\/product"}],"about":[{"href":"https:\/\/premioveprodukty.eu\/en\/wp-json\/wp\/v2\/types\/product"}],"wp:featuredmedia":[{"embeddable":true,"href":"https:\/\/premioveprodukty.eu\/en\/wp-json\/wp\/v2\/media\/907"}],"wp:attachment":[{"href":"https:\/\/premioveprodukty.eu\/en\/wp-json\/wp\/v2\/media?parent=908"}],"curies":[{"name":"wp","href":"https:\/\/api.w.org\/{rel}","templated":true}]}}