{"id":926,"date":"2021-02-03T15:25:38","date_gmt":"2021-02-03T14:25:38","guid":{"rendered":"http:\/\/premioveprodukty.eu\/?post_type=product&#038;p=926"},"modified":"2022-02-02T09:14:21","modified_gmt":"2022-02-02T08:14:21","slug":"roger-set-bionik-6-sada-brushless-zavory-so-6-metrovym-ramenom","status":"publish","type":"product","link":"https:\/\/premioveprodukty.eu\/en\/produkt\/roger-set-bionik-6-sada-brushless-zavory-so-6-metrovym-ramenom\/","title":{"rendered":"(Sloven\u010dina) Roger SET BIONIK 6 &#8211; sada brushless z\u00e1vory so 6 &#8211; metrov\u00fdm ramenom"},"content":{"rendered":"<p class=\"qtranxs-available-languages-message qtranxs-available-languages-message-en\">Sorry, this entry is only available in <a href=\"https:\/\/premioveprodukty.eu\/sk\/wp-json\/wp\/v2\/product\/926\" class=\"qtranxs-available-language-link qtranxs-available-language-link-sk\" title=\"Sloven\u010dina\">Sloven\u010dina<\/a>.<\/p>","protected":false},"excerpt":{"rendered":"<p class=\"qtranxs-available-languages-message qtranxs-available-languages-message-en\">Sorry, this entry is only available in <a href=\"https:\/\/premioveprodukty.eu\/sk\/wp-json\/wp\/v2\/product\/926\" class=\"qtranxs-available-language-link qtranxs-available-language-link-sk\" title=\"Sloven\u010dina\">Sloven\u010dina<\/a>.<\/p>\n","protected":false},"featured_media":925,"template":"","meta":[],"class_list":["post-926","product","type-product","status-publish","has-post-thumbnail","hentry","product_cat-roger-technology-zavory"],"yoast_head":"<!-- This site is optimized with the Yoast SEO plugin v25.6 - https:\/\/yoast.com\/wordpress\/plugins\/seo\/ -->\n<title><\/title>\n<meta name=\"robots\" content=\"index, follow, max-snippet:-1, max-image-preview:large, max-video-preview:-1\" \/>\n<link rel=\"canonical\" href=\"https:\/\/premioveprodukty.eu\/en\/produkt\/roger-set-bionik-6-sada-brushless-zavory-so-6-metrovym-ramenom\/\" \/>\n<meta property=\"og:locale\" content=\"en_US\" \/>\n<meta property=\"og:type\" content=\"article\" \/>\n<meta property=\"og:title\" content=\"[:sk]Roger SET BIONIK 6 - sada brushless z\u00e1vory so 6 - metrov\u00fdm ramenom[:] - Premiov\u00e9 produkty\" \/>\n<meta property=\"og:description\" content=\"[:sk]Set s automatickou z\u00e1vorou BIONIK 6 na 36V DC, pre nepretr\u017eit\u00fa prev\u00e1dzku, s ramenom 6 m, s \u00a0BRUSHLESS motorom a zabudovan\u00fdm digit\u00e1lnym ovl\u00e1dac\u00edm panelom. S\u00fa\u010das\u0165ou z\u00e1vory je aj zabudovan\u00fd LED maj\u00e1k.  Pohon z\u00e1vory pou\u017e\u00edva nainovat\u00edvnej\u0161iu brushless (bez\u0161tetinov\u00fa\/bezkefkov\u00fa) techno\u00f3giu, medzi ktorej najhlavnej\u0161ie v\u00fdhody patria:   - 100 % plne digit\u00e1lny motor  - \u017diadna \u00fadr\u017eba  - R\u00fdchla &amp; jednoduch\u00e1 in\u0161tal\u00e1cia  - Digit\u00e1lne riadiace jednotky \u2013 R\u00fdchle programovanie  - Elegantn\u00fd pohyb \u2013 Neuverite\u013en\u00e1 tichos\u0165  - 100 % digit\u00e1lna bezpe\u010dnos\u0165 a rozli\u0161ovanie prek\u00e1\u017eok  - Absol\u00fatne vhodn\u00e9 do najintenz\u00edvnej\u0161ej prev\u00e1dzky  - N\u00edzke nap\u00e4tie 24V \u2013 36 V DC + z\u00e1lo\u017en\u00e9 bat\u00e9rie  - Extr\u00e9mne n\u00edzka spotreba energie!  &nbsp;  V\u0161etky nastavenia sa vykon\u00e1vaj\u00fa digit\u00e1lne prostredn\u00edctvom v\u00fdberu predvolen\u00fdch parametrov a nie prek\u00e1blovan\u00edm r\u00f4znych svoriek na riadiacej jednotke.  &nbsp;[:]\" \/>\n<meta property=\"og:url\" content=\"https:\/\/premioveprodukty.eu\/en\/produkt\/roger-set-bionik-6-sada-brushless-zavory-so-6-metrovym-ramenom\/\" \/>\n<meta property=\"og:site_name\" content=\"Premiov\u00e9 produkty\" \/>\n<meta property=\"article:modified_time\" content=\"2022-02-02T08:14:21+00:00\" \/>\n<meta property=\"og:image\" content=\"https:\/\/premioveprodukty.eu\/wp-content\/uploads\/2021\/02\/BI_004.jpg\" \/>\n\t<meta property=\"og:image:width\" content=\"2048\" \/>\n\t<meta property=\"og:image:height\" content=\"1536\" \/>\n\t<meta property=\"og:image:type\" content=\"image\/jpeg\" \/>\n<meta name=\"twitter:card\" content=\"summary_large_image\" \/>\n<script type=\"application\/ld+json\" class=\"yoast-schema-graph\">{\"@context\":\"https:\/\/schema.org\",\"@graph\":[{\"@type\":\"WebPage\",\"@id\":\"https:\/\/premioveprodukty.eu\/en\/produkt\/roger-set-bionik-6-sada-brushless-zavory-so-6-metrovym-ramenom\/\",\"url\":\"https:\/\/premioveprodukty.eu\/en\/produkt\/roger-set-bionik-6-sada-brushless-zavory-so-6-metrovym-ramenom\/\",\"name\":\"[:sk]Roger SET BIONIK 6 - sada brushless z\u00e1vory so 6 - metrov\u00fdm ramenom[:] - Premiov\u00e9 produkty\",\"isPartOf\":{\"@id\":\"https:\/\/premioveprodukty.eu\/#website\"},\"primaryImageOfPage\":{\"@id\":\"https:\/\/premioveprodukty.eu\/en\/produkt\/roger-set-bionik-6-sada-brushless-zavory-so-6-metrovym-ramenom\/#primaryimage\"},\"image\":{\"@id\":\"https:\/\/premioveprodukty.eu\/en\/produkt\/roger-set-bionik-6-sada-brushless-zavory-so-6-metrovym-ramenom\/#primaryimage\"},\"thumbnailUrl\":\"https:\/\/premioveprodukty.eu\/wp-content\/uploads\/2021\/02\/BI_004.jpg\",\"datePublished\":\"2021-02-03T14:25:38+00:00\",\"dateModified\":\"2022-02-02T08:14:21+00:00\",\"breadcrumb\":{\"@id\":\"https:\/\/premioveprodukty.eu\/en\/produkt\/roger-set-bionik-6-sada-brushless-zavory-so-6-metrovym-ramenom\/#breadcrumb\"},\"inLanguage\":\"en-US\",\"potentialAction\":[{\"@type\":\"ReadAction\",\"target\":[\"https:\/\/premioveprodukty.eu\/en\/produkt\/roger-set-bionik-6-sada-brushless-zavory-so-6-metrovym-ramenom\/\"]}]},{\"@type\":\"ImageObject\",\"inLanguage\":\"en-US\",\"@id\":\"https:\/\/premioveprodukty.eu\/en\/produkt\/roger-set-bionik-6-sada-brushless-zavory-so-6-metrovym-ramenom\/#primaryimage\",\"url\":\"https:\/\/premioveprodukty.eu\/wp-content\/uploads\/2021\/02\/BI_004.jpg\",\"contentUrl\":\"https:\/\/premioveprodukty.eu\/wp-content\/uploads\/2021\/02\/BI_004.jpg\",\"width\":2048,\"height\":1536},{\"@type\":\"BreadcrumbList\",\"@id\":\"https:\/\/premioveprodukty.eu\/en\/produkt\/roger-set-bionik-6-sada-brushless-zavory-so-6-metrovym-ramenom\/#breadcrumb\",\"itemListElement\":[{\"@type\":\"ListItem\",\"position\":1,\"name\":\"Domovsk\u00e1 str\u00e1nka\",\"item\":\"https:\/\/premioveprodukty.eu\/\"},{\"@type\":\"ListItem\",\"position\":2,\"name\":\"Obchod\",\"item\":\"https:\/\/premioveprodukty.eu\/obchod\/\"},{\"@type\":\"ListItem\",\"position\":3,\"name\":\"(Sloven\u010dina) Roger SET BIONIK 6 &#8211; sada brushless z\u00e1vory so 6 &#8211; metrov\u00fdm ramenom\"}]},{\"@type\":\"WebSite\",\"@id\":\"https:\/\/premioveprodukty.eu\/#website\",\"url\":\"https:\/\/premioveprodukty.eu\/\",\"name\":\"Premiov\u00e9 produkty\",\"description\":\"kvalitn\u00e9 produkty pre V\u00e1\u0161 \u017eivot a b\u00fdvanie\",\"potentialAction\":[{\"@type\":\"SearchAction\",\"target\":{\"@type\":\"EntryPoint\",\"urlTemplate\":\"https:\/\/premioveprodukty.eu\/?s={search_term_string}\"},\"query-input\":{\"@type\":\"PropertyValueSpecification\",\"valueRequired\":true,\"valueName\":\"search_term_string\"}}],\"inLanguage\":\"en-US\"}]}<\/script>\n<!-- \/ Yoast SEO plugin. -->","yoast_head_json":{"title":"[:sk]Roger SET BIONIK 6 - sada brushless z\u00e1vory so 6 - metrov\u00fdm ramenom[:] - Premiov\u00e9 produkty","robots":{"index":"index","follow":"follow","max-snippet":"max-snippet:-1","max-image-preview":"max-image-preview:large","max-video-preview":"max-video-preview:-1"},"canonical":"https:\/\/premioveprodukty.eu\/en\/produkt\/roger-set-bionik-6-sada-brushless-zavory-so-6-metrovym-ramenom\/","og_locale":"en_US","og_type":"article","og_title":"[:sk]Roger SET BIONIK 6 - sada brushless z\u00e1vory so 6 - metrov\u00fdm ramenom[:] - Premiov\u00e9 produkty","og_description":"[:sk]Set s automatickou z\u00e1vorou BIONIK 6 na 36V DC, pre nepretr\u017eit\u00fa prev\u00e1dzku, s ramenom 6 m, s \u00a0BRUSHLESS motorom a zabudovan\u00fdm digit\u00e1lnym ovl\u00e1dac\u00edm panelom. S\u00fa\u010das\u0165ou z\u00e1vory je aj zabudovan\u00fd LED maj\u00e1k.  Pohon z\u00e1vory pou\u017e\u00edva nainovat\u00edvnej\u0161iu brushless (bez\u0161tetinov\u00fa\/bezkefkov\u00fa) techno\u00f3giu, medzi ktorej najhlavnej\u0161ie v\u00fdhody patria:   - 100 % plne digit\u00e1lny motor  - \u017diadna \u00fadr\u017eba  - R\u00fdchla &amp; jednoduch\u00e1 in\u0161tal\u00e1cia  - Digit\u00e1lne riadiace jednotky \u2013 R\u00fdchle programovanie  - Elegantn\u00fd pohyb \u2013 Neuverite\u013en\u00e1 tichos\u0165  - 100 % digit\u00e1lna bezpe\u010dnos\u0165 a rozli\u0161ovanie prek\u00e1\u017eok  - Absol\u00fatne vhodn\u00e9 do najintenz\u00edvnej\u0161ej prev\u00e1dzky  - N\u00edzke nap\u00e4tie 24V \u2013 36 V DC + z\u00e1lo\u017en\u00e9 bat\u00e9rie  - Extr\u00e9mne n\u00edzka spotreba energie!  &nbsp;  V\u0161etky nastavenia sa vykon\u00e1vaj\u00fa digit\u00e1lne prostredn\u00edctvom v\u00fdberu predvolen\u00fdch parametrov a nie prek\u00e1blovan\u00edm r\u00f4znych svoriek na riadiacej jednotke.  &nbsp;[:]","og_url":"https:\/\/premioveprodukty.eu\/en\/produkt\/roger-set-bionik-6-sada-brushless-zavory-so-6-metrovym-ramenom\/","og_site_name":"Premiov\u00e9 produkty","article_modified_time":"2022-02-02T08:14:21+00:00","og_image":[{"width":2048,"height":1536,"url":"https:\/\/premioveprodukty.eu\/wp-content\/uploads\/2021\/02\/BI_004.jpg","type":"image\/jpeg"}],"twitter_card":"summary_large_image","schema":{"@context":"https:\/\/schema.org","@graph":[{"@type":"WebPage","@id":"https:\/\/premioveprodukty.eu\/en\/produkt\/roger-set-bionik-6-sada-brushless-zavory-so-6-metrovym-ramenom\/","url":"https:\/\/premioveprodukty.eu\/en\/produkt\/roger-set-bionik-6-sada-brushless-zavory-so-6-metrovym-ramenom\/","name":"[:sk]Roger SET BIONIK 6 - sada brushless z\u00e1vory so 6 - metrov\u00fdm ramenom[:] - Premiov\u00e9 produkty","isPartOf":{"@id":"https:\/\/premioveprodukty.eu\/#website"},"primaryImageOfPage":{"@id":"https:\/\/premioveprodukty.eu\/en\/produkt\/roger-set-bionik-6-sada-brushless-zavory-so-6-metrovym-ramenom\/#primaryimage"},"image":{"@id":"https:\/\/premioveprodukty.eu\/en\/produkt\/roger-set-bionik-6-sada-brushless-zavory-so-6-metrovym-ramenom\/#primaryimage"},"thumbnailUrl":"https:\/\/premioveprodukty.eu\/wp-content\/uploads\/2021\/02\/BI_004.jpg","datePublished":"2021-02-03T14:25:38+00:00","dateModified":"2022-02-02T08:14:21+00:00","breadcrumb":{"@id":"https:\/\/premioveprodukty.eu\/en\/produkt\/roger-set-bionik-6-sada-brushless-zavory-so-6-metrovym-ramenom\/#breadcrumb"},"inLanguage":"en-US","potentialAction":[{"@type":"ReadAction","target":["https:\/\/premioveprodukty.eu\/en\/produkt\/roger-set-bionik-6-sada-brushless-zavory-so-6-metrovym-ramenom\/"]}]},{"@type":"ImageObject","inLanguage":"en-US","@id":"https:\/\/premioveprodukty.eu\/en\/produkt\/roger-set-bionik-6-sada-brushless-zavory-so-6-metrovym-ramenom\/#primaryimage","url":"https:\/\/premioveprodukty.eu\/wp-content\/uploads\/2021\/02\/BI_004.jpg","contentUrl":"https:\/\/premioveprodukty.eu\/wp-content\/uploads\/2021\/02\/BI_004.jpg","width":2048,"height":1536},{"@type":"BreadcrumbList","@id":"https:\/\/premioveprodukty.eu\/en\/produkt\/roger-set-bionik-6-sada-brushless-zavory-so-6-metrovym-ramenom\/#breadcrumb","itemListElement":[{"@type":"ListItem","position":1,"name":"Domovsk\u00e1 str\u00e1nka","item":"https:\/\/premioveprodukty.eu\/"},{"@type":"ListItem","position":2,"name":"Obchod","item":"https:\/\/premioveprodukty.eu\/obchod\/"},{"@type":"ListItem","position":3,"name":"(Sloven\u010dina) Roger SET BIONIK 6 &#8211; sada brushless z\u00e1vory so 6 &#8211; metrov\u00fdm ramenom"}]},{"@type":"WebSite","@id":"https:\/\/premioveprodukty.eu\/#website","url":"https:\/\/premioveprodukty.eu\/","name":"Premiov\u00e9 produkty","description":"kvalitn\u00e9 produkty pre V\u00e1\u0161 \u017eivot a b\u00fdvanie","potentialAction":[{"@type":"SearchAction","target":{"@type":"EntryPoint","urlTemplate":"https:\/\/premioveprodukty.eu\/?s={search_term_string}"},"query-input":{"@type":"PropertyValueSpecification","valueRequired":true,"valueName":"search_term_string"}}],"inLanguage":"en-US"}]}},"_links":{"self":[{"href":"https:\/\/premioveprodukty.eu\/en\/wp-json\/wp\/v2\/product\/926"}],"collection":[{"href":"https:\/\/premioveprodukty.eu\/en\/wp-json\/wp\/v2\/product"}],"about":[{"href":"https:\/\/premioveprodukty.eu\/en\/wp-json\/wp\/v2\/types\/product"}],"wp:featuredmedia":[{"embeddable":true,"href":"https:\/\/premioveprodukty.eu\/en\/wp-json\/wp\/v2\/media\/925"}],"wp:attachment":[{"href":"https:\/\/premioveprodukty.eu\/en\/wp-json\/wp\/v2\/media?parent=926"}],"curies":[{"name":"wp","href":"https:\/\/api.w.org\/{rel}","templated":true}]}}