{"id":930,"date":"2021-02-03T15:47:58","date_gmt":"2021-02-03T14:47:58","guid":{"rendered":"http:\/\/premioveprodukty.eu\/?post_type=product&#038;p=930"},"modified":"2024-12-25T00:02:58","modified_gmt":"2024-12-24T23:02:58","slug":"roger-synus-2-dvojkanalovy-dialkovy-ovladac","status":"publish","type":"product","link":"https:\/\/premioveprodukty.eu\/en\/produkt\/roger-synus-2-dvojkanalovy-dialkovy-ovladac\/","title":{"rendered":"(Sloven\u010dina) Roger SYNUS\/2 &#8211; dvojkan\u00e1lov\u00fd dia\u013ekov\u00fd ovl\u00e1da\u010d"},"content":{"rendered":"<p class=\"qtranxs-available-languages-message qtranxs-available-languages-message-en\">Sorry, this entry is only available in <a href=\"https:\/\/premioveprodukty.eu\/sk\/wp-json\/wp\/v2\/product\/930\" class=\"qtranxs-available-language-link qtranxs-available-language-link-sk\" title=\"Sloven\u010dina\">Sloven\u010dina<\/a>.<\/p>","protected":false},"excerpt":{"rendered":"<p class=\"qtranxs-available-languages-message qtranxs-available-languages-message-en\">Sorry, this entry is only available in <a href=\"https:\/\/premioveprodukty.eu\/sk\/wp-json\/wp\/v2\/product\/930\" class=\"qtranxs-available-language-link qtranxs-available-language-link-sk\" title=\"Sloven\u010dina\">Sloven\u010dina<\/a>.<\/p>\n","protected":false},"featured_media":863,"template":"","meta":[],"class_list":["post-930","product","type-product","status-publish","has-post-thumbnail","hentry","product_cat-dialkove-ovladace"],"yoast_head":"<!-- This site is optimized with the Yoast SEO plugin v25.6 - https:\/\/yoast.com\/wordpress\/plugins\/seo\/ -->\n<title><\/title>\n<meta name=\"robots\" content=\"index, follow, max-snippet:-1, max-image-preview:large, max-video-preview:-1\" \/>\n<link rel=\"canonical\" href=\"https:\/\/premioveprodukty.eu\/produkt\/roger-synus-2-dvojkanalovy-dialkovy-ovladac\/\" \/>\n<meta property=\"og:locale\" content=\"en_US\" \/>\n<meta property=\"og:type\" content=\"article\" \/>\n<meta property=\"og:title\" content=\"[:sk]Roger SYNUS\/2 - dvojkan\u00e1lov\u00fd dia\u013ekov\u00fd ovl\u00e1da\u010d[:] - Premiov\u00e9 produkty\" \/>\n<meta property=\"og:description\" content=\"[:sk]2 -\u00a0 kan\u00e1lov\u00fd ovl\u00e1da\u010d s funkciou kop\u00edrovania fixn\u00e9ho a pl\u00e1vaj\u00faceho k\u00f3du medzi ovl\u00e1da\u010dmi.[:]\" \/>\n<meta property=\"og:url\" content=\"https:\/\/premioveprodukty.eu\/produkt\/roger-synus-2-dvojkanalovy-dialkovy-ovladac\/\" \/>\n<meta property=\"og:site_name\" content=\"Premiov\u00e9 produkty\" \/>\n<meta property=\"article:modified_time\" content=\"2024-12-24T23:02:58+00:00\" \/>\n<meta property=\"og:image\" content=\"http:\/\/premioveprodukty.eu\/wp-content\/uploads\/2021\/02\/synus-2-\u2013-kopia.jpg\" \/>\n\t<meta property=\"og:image:width\" content=\"250\" \/>\n\t<meta property=\"og:image:height\" content=\"250\" \/>\n\t<meta property=\"og:image:type\" content=\"image\/jpeg\" \/>\n<meta name=\"twitter:card\" content=\"summary_large_image\" \/>\n<meta name=\"twitter:label1\" content=\"Est. reading time\" \/>\n\t<meta name=\"twitter:data1\" content=\"1 minute\" \/>\n<script type=\"application\/ld+json\" class=\"yoast-schema-graph\">{\"@context\":\"https:\/\/schema.org\",\"@graph\":[{\"@type\":\"WebPage\",\"@id\":\"https:\/\/premioveprodukty.eu\/produkt\/roger-synus-2-dvojkanalovy-dialkovy-ovladac\/\",\"url\":\"https:\/\/premioveprodukty.eu\/produkt\/roger-synus-2-dvojkanalovy-dialkovy-ovladac\/\",\"name\":\"[:sk]Roger SYNUS\/2 - dvojkan\u00e1lov\u00fd dia\u013ekov\u00fd ovl\u00e1da\u010d[:] - Premiov\u00e9 produkty\",\"isPartOf\":{\"@id\":\"https:\/\/premioveprodukty.eu\/#website\"},\"primaryImageOfPage\":{\"@id\":\"https:\/\/premioveprodukty.eu\/produkt\/roger-synus-2-dvojkanalovy-dialkovy-ovladac\/#primaryimage\"},\"image\":{\"@id\":\"https:\/\/premioveprodukty.eu\/produkt\/roger-synus-2-dvojkanalovy-dialkovy-ovladac\/#primaryimage\"},\"thumbnailUrl\":\"https:\/\/premioveprodukty.eu\/wp-content\/uploads\/2021\/02\/synus-2-\u2013-kopia.jpg\",\"datePublished\":\"2021-02-03T14:47:58+00:00\",\"dateModified\":\"2024-12-24T23:02:58+00:00\",\"breadcrumb\":{\"@id\":\"https:\/\/premioveprodukty.eu\/produkt\/roger-synus-2-dvojkanalovy-dialkovy-ovladac\/#breadcrumb\"},\"inLanguage\":\"en-US\",\"potentialAction\":[{\"@type\":\"ReadAction\",\"target\":[\"https:\/\/premioveprodukty.eu\/produkt\/roger-synus-2-dvojkanalovy-dialkovy-ovladac\/\"]}]},{\"@type\":\"ImageObject\",\"inLanguage\":\"en-US\",\"@id\":\"https:\/\/premioveprodukty.eu\/produkt\/roger-synus-2-dvojkanalovy-dialkovy-ovladac\/#primaryimage\",\"url\":\"https:\/\/premioveprodukty.eu\/wp-content\/uploads\/2021\/02\/synus-2-\u2013-kopia.jpg\",\"contentUrl\":\"https:\/\/premioveprodukty.eu\/wp-content\/uploads\/2021\/02\/synus-2-\u2013-kopia.jpg\",\"width\":250,\"height\":250},{\"@type\":\"BreadcrumbList\",\"@id\":\"https:\/\/premioveprodukty.eu\/produkt\/roger-synus-2-dvojkanalovy-dialkovy-ovladac\/#breadcrumb\",\"itemListElement\":[{\"@type\":\"ListItem\",\"position\":1,\"name\":\"Domovsk\u00e1 str\u00e1nka\",\"item\":\"https:\/\/premioveprodukty.eu\/\"},{\"@type\":\"ListItem\",\"position\":2,\"name\":\"Obchod\",\"item\":\"https:\/\/premioveprodukty.eu\/obchod\/\"},{\"@type\":\"ListItem\",\"position\":3,\"name\":\"Roger SYNUS\/2 &#8211; dvojkan\u00e1lov\u00fd dia\u013ekov\u00fd ovl\u00e1da\u010d\"}]},{\"@type\":\"WebSite\",\"@id\":\"https:\/\/premioveprodukty.eu\/#website\",\"url\":\"https:\/\/premioveprodukty.eu\/\",\"name\":\"Premiov\u00e9 produkty\",\"description\":\"kvalitn\u00e9 produkty pre V\u00e1\u0161 \u017eivot a b\u00fdvanie\",\"potentialAction\":[{\"@type\":\"SearchAction\",\"target\":{\"@type\":\"EntryPoint\",\"urlTemplate\":\"https:\/\/premioveprodukty.eu\/?s={search_term_string}\"},\"query-input\":{\"@type\":\"PropertyValueSpecification\",\"valueRequired\":true,\"valueName\":\"search_term_string\"}}],\"inLanguage\":\"en-US\"}]}<\/script>\n<!-- \/ Yoast SEO plugin. -->","yoast_head_json":{"title":"[:sk]Roger SYNUS\/2 - dvojkan\u00e1lov\u00fd dia\u013ekov\u00fd ovl\u00e1da\u010d[:] - Premiov\u00e9 produkty","robots":{"index":"index","follow":"follow","max-snippet":"max-snippet:-1","max-image-preview":"max-image-preview:large","max-video-preview":"max-video-preview:-1"},"canonical":"https:\/\/premioveprodukty.eu\/produkt\/roger-synus-2-dvojkanalovy-dialkovy-ovladac\/","og_locale":"en_US","og_type":"article","og_title":"[:sk]Roger SYNUS\/2 - dvojkan\u00e1lov\u00fd dia\u013ekov\u00fd ovl\u00e1da\u010d[:] - Premiov\u00e9 produkty","og_description":"[:sk]2 -\u00a0 kan\u00e1lov\u00fd ovl\u00e1da\u010d s funkciou kop\u00edrovania fixn\u00e9ho a pl\u00e1vaj\u00faceho k\u00f3du medzi ovl\u00e1da\u010dmi.[:]","og_url":"https:\/\/premioveprodukty.eu\/produkt\/roger-synus-2-dvojkanalovy-dialkovy-ovladac\/","og_site_name":"Premiov\u00e9 produkty","article_modified_time":"2024-12-24T23:02:58+00:00","og_image":[{"width":250,"height":250,"url":"http:\/\/premioveprodukty.eu\/wp-content\/uploads\/2021\/02\/synus-2-\u2013-kopia.jpg","type":"image\/jpeg"}],"twitter_card":"summary_large_image","twitter_misc":{"Est. reading time":"1 minute"},"schema":{"@context":"https:\/\/schema.org","@graph":[{"@type":"WebPage","@id":"https:\/\/premioveprodukty.eu\/produkt\/roger-synus-2-dvojkanalovy-dialkovy-ovladac\/","url":"https:\/\/premioveprodukty.eu\/produkt\/roger-synus-2-dvojkanalovy-dialkovy-ovladac\/","name":"[:sk]Roger SYNUS\/2 - dvojkan\u00e1lov\u00fd dia\u013ekov\u00fd ovl\u00e1da\u010d[:] - Premiov\u00e9 produkty","isPartOf":{"@id":"https:\/\/premioveprodukty.eu\/#website"},"primaryImageOfPage":{"@id":"https:\/\/premioveprodukty.eu\/produkt\/roger-synus-2-dvojkanalovy-dialkovy-ovladac\/#primaryimage"},"image":{"@id":"https:\/\/premioveprodukty.eu\/produkt\/roger-synus-2-dvojkanalovy-dialkovy-ovladac\/#primaryimage"},"thumbnailUrl":"https:\/\/premioveprodukty.eu\/wp-content\/uploads\/2021\/02\/synus-2-\u2013-kopia.jpg","datePublished":"2021-02-03T14:47:58+00:00","dateModified":"2024-12-24T23:02:58+00:00","breadcrumb":{"@id":"https:\/\/premioveprodukty.eu\/produkt\/roger-synus-2-dvojkanalovy-dialkovy-ovladac\/#breadcrumb"},"inLanguage":"en-US","potentialAction":[{"@type":"ReadAction","target":["https:\/\/premioveprodukty.eu\/produkt\/roger-synus-2-dvojkanalovy-dialkovy-ovladac\/"]}]},{"@type":"ImageObject","inLanguage":"en-US","@id":"https:\/\/premioveprodukty.eu\/produkt\/roger-synus-2-dvojkanalovy-dialkovy-ovladac\/#primaryimage","url":"https:\/\/premioveprodukty.eu\/wp-content\/uploads\/2021\/02\/synus-2-\u2013-kopia.jpg","contentUrl":"https:\/\/premioveprodukty.eu\/wp-content\/uploads\/2021\/02\/synus-2-\u2013-kopia.jpg","width":250,"height":250},{"@type":"BreadcrumbList","@id":"https:\/\/premioveprodukty.eu\/produkt\/roger-synus-2-dvojkanalovy-dialkovy-ovladac\/#breadcrumb","itemListElement":[{"@type":"ListItem","position":1,"name":"Domovsk\u00e1 str\u00e1nka","item":"https:\/\/premioveprodukty.eu\/"},{"@type":"ListItem","position":2,"name":"Obchod","item":"https:\/\/premioveprodukty.eu\/obchod\/"},{"@type":"ListItem","position":3,"name":"Roger SYNUS\/2 &#8211; dvojkan\u00e1lov\u00fd dia\u013ekov\u00fd ovl\u00e1da\u010d"}]},{"@type":"WebSite","@id":"https:\/\/premioveprodukty.eu\/#website","url":"https:\/\/premioveprodukty.eu\/","name":"Premiov\u00e9 produkty","description":"kvalitn\u00e9 produkty pre V\u00e1\u0161 \u017eivot a b\u00fdvanie","potentialAction":[{"@type":"SearchAction","target":{"@type":"EntryPoint","urlTemplate":"https:\/\/premioveprodukty.eu\/?s={search_term_string}"},"query-input":{"@type":"PropertyValueSpecification","valueRequired":true,"valueName":"search_term_string"}}],"inLanguage":"en-US"}]}},"_links":{"self":[{"href":"https:\/\/premioveprodukty.eu\/en\/wp-json\/wp\/v2\/product\/930"}],"collection":[{"href":"https:\/\/premioveprodukty.eu\/en\/wp-json\/wp\/v2\/product"}],"about":[{"href":"https:\/\/premioveprodukty.eu\/en\/wp-json\/wp\/v2\/types\/product"}],"wp:featuredmedia":[{"embeddable":true,"href":"https:\/\/premioveprodukty.eu\/en\/wp-json\/wp\/v2\/media\/863"}],"wp:attachment":[{"href":"https:\/\/premioveprodukty.eu\/en\/wp-json\/wp\/v2\/media?parent=930"}],"curies":[{"name":"wp","href":"https:\/\/api.w.org\/{rel}","templated":true}]}}