{"id":1035,"date":"2021-05-06T09:10:36","date_gmt":"2021-05-06T07:10:36","guid":{"rendered":"http:\/\/premioveprodukty.eu\/?post_type=product&#038;p=1035"},"modified":"2022-02-03T13:36:37","modified_gmt":"2022-02-03T12:36:37","slug":"nice-rb400-2v-f-4h-sada-pohonu-nice-robus-400-s-dvoma-ovladacmi-fotobunkami-4-metrami-hrebena","status":"publish","type":"product","link":"https:\/\/premioveprodukty.eu\/ru\/produkt\/nice-rb400-2v-f-4h-sada-pohonu-nice-robus-400-s-dvoma-ovladacmi-fotobunkami-4-metrami-hrebena\/","title":{"rendered":"(K\u00f3pia) (K\u00f3pia)"},"content":{"rendered":"<p class=\"qtranxs-available-languages-message qtranxs-available-languages-message-ru\">\u0418\u0437\u0432\u0438\u043d\u0438\u0442\u0435, \u044d\u0442\u043e\u0442 \u0442\u0435\u0445\u0442 \u0434\u043e\u0441\u0442\u0443\u043f\u0435\u043d \u0442\u043e\u043b\u044c\u043a\u043e \u0432 &ldquo;<a href=\"https:\/\/premioveprodukty.eu\/sk\/wp-json\/wp\/v2\/product\/1035\" class=\"qtranxs-available-language-link qtranxs-available-language-link-sk\" title=\"Sloven\u010dina\">Sloven\u010dina<\/a>&rdquo;.<\/p>","protected":false},"excerpt":{"rendered":"<p>\u0418\u0437\u0432\u0438\u043d\u0438\u0442\u0435, \u044d\u0442\u043e\u0442 \u0442\u0435\u0445\u0442 \u0434\u043e\u0441\u0442\u0443\u043f\u0435\u043d \u0442\u043e\u043b\u044c\u043a\u043e \u0432 &ldquo;Sloven\u010dina&rdquo;.<\/p>\n","protected":false},"featured_media":1144,"template":"","meta":[],"class_list":["post-1035","product","type-product","status-publish","has-post-thumbnail","hentry","product_cat-sady-posuvnych-pohonov-bran"],"yoast_head":"<!-- This site is optimized with the Yoast SEO plugin v25.6 - https:\/\/yoast.com\/wordpress\/plugins\/seo\/ -->\n<title>(K\u00f3pia) (K\u00f3pia) - Premiov\u00e9 produkty<\/title>\n<meta name=\"robots\" content=\"index, follow, max-snippet:-1, max-image-preview:large, max-video-preview:-1\" \/>\n<link rel=\"canonical\" href=\"https:\/\/premioveprodukty.eu\/en\/produkt\/nice-rb400-2v-f-4h-sada-pohonu-nice-robus-400-s-dvoma-ovladacmi-fotobunkami-4-metrami-hrebena\/\" \/>\n<meta property=\"og:locale\" content=\"ru_RU\" \/>\n<meta property=\"og:type\" content=\"article\" \/>\n<meta property=\"og:title\" content=\"[:sk]Nice RB400BDKCE - sada pohonu Nice Robus 400 s dvoma ovl\u00e1da\u010dmi, fotobunkami, maj\u00e1kom, 4 metrami hrebe\u0148a[:en] (K\u00f3pia) (K\u00f3pia)[:ru] (K\u00f3pia) (K\u00f3pia)[:] - Premiov\u00e9 produkty\" \/>\n<meta property=\"og:description\" content=\"\u0418\u0437\u0432\u0438\u043d\u0438\u0442\u0435, \u044d\u0442\u043e\u0442 \u0442\u0435\u0445\u0442 \u0434\u043e\u0441\u0442\u0443\u043f\u0435\u043d \u0442\u043e\u043b\u044c\u043a\u043e \u0432 &ldquo;Sloven\u010dina&rdquo;.\" \/>\n<meta property=\"og:url\" content=\"https:\/\/premioveprodukty.eu\/en\/produkt\/nice-rb400-2v-f-4h-sada-pohonu-nice-robus-400-s-dvoma-ovladacmi-fotobunkami-4-metrami-hrebena\/\" \/>\n<meta property=\"og:site_name\" content=\"Premiov\u00e9 produkty\" \/>\n<meta property=\"article:modified_time\" content=\"2022-02-03T12:36:37+00:00\" \/>\n<meta property=\"og:image\" content=\"https:\/\/premioveprodukty.eu\/wp-content\/uploads\/2021\/05\/rb400kce.jpg\" \/>\n\t<meta property=\"og:image:width\" content=\"2428\" \/>\n\t<meta property=\"og:image:height\" content=\"2207\" \/>\n\t<meta property=\"og:image:type\" content=\"image\/jpeg\" \/>\n<meta name=\"twitter:card\" content=\"summary_large_image\" \/>\n<meta name=\"twitter:label1\" content=\"\u041f\u0440\u0438\u043c\u0435\u0440\u043d\u043e\u0435 \u0432\u0440\u0435\u043c\u044f \u0434\u043b\u044f \u0447\u0442\u0435\u043d\u0438\u044f\" \/>\n\t<meta name=\"twitter:data1\" content=\"1 \u043c\u0438\u043d\u0443\u0442\u0430\" \/>\n<script type=\"application\/ld+json\" class=\"yoast-schema-graph\">{\"@context\":\"https:\/\/schema.org\",\"@graph\":[{\"@type\":\"WebPage\",\"@id\":\"https:\/\/premioveprodukty.eu\/en\/produkt\/nice-rb400-2v-f-4h-sada-pohonu-nice-robus-400-s-dvoma-ovladacmi-fotobunkami-4-metrami-hrebena\/\",\"url\":\"https:\/\/premioveprodukty.eu\/en\/produkt\/nice-rb400-2v-f-4h-sada-pohonu-nice-robus-400-s-dvoma-ovladacmi-fotobunkami-4-metrami-hrebena\/\",\"name\":\"[:sk]Nice RB400BDKCE - sada pohonu Nice Robus 400 s dvoma ovl\u00e1da\u010dmi, fotobunkami, maj\u00e1kom, 4 metrami hrebe\u0148a[:en] (K\u00f3pia) (K\u00f3pia)[:ru] (K\u00f3pia) (K\u00f3pia)[:] - Premiov\u00e9 produkty\",\"isPartOf\":{\"@id\":\"https:\/\/premioveprodukty.eu\/#website\"},\"primaryImageOfPage\":{\"@id\":\"https:\/\/premioveprodukty.eu\/en\/produkt\/nice-rb400-2v-f-4h-sada-pohonu-nice-robus-400-s-dvoma-ovladacmi-fotobunkami-4-metrami-hrebena\/#primaryimage\"},\"image\":{\"@id\":\"https:\/\/premioveprodukty.eu\/en\/produkt\/nice-rb400-2v-f-4h-sada-pohonu-nice-robus-400-s-dvoma-ovladacmi-fotobunkami-4-metrami-hrebena\/#primaryimage\"},\"thumbnailUrl\":\"https:\/\/premioveprodukty.eu\/wp-content\/uploads\/2021\/05\/rb400kce.jpg\",\"datePublished\":\"2021-05-06T07:10:36+00:00\",\"dateModified\":\"2022-02-03T12:36:37+00:00\",\"breadcrumb\":{\"@id\":\"https:\/\/premioveprodukty.eu\/en\/produkt\/nice-rb400-2v-f-4h-sada-pohonu-nice-robus-400-s-dvoma-ovladacmi-fotobunkami-4-metrami-hrebena\/#breadcrumb\"},\"inLanguage\":\"ru-RU\",\"potentialAction\":[{\"@type\":\"ReadAction\",\"target\":[\"https:\/\/premioveprodukty.eu\/en\/produkt\/nice-rb400-2v-f-4h-sada-pohonu-nice-robus-400-s-dvoma-ovladacmi-fotobunkami-4-metrami-hrebena\/\"]}]},{\"@type\":\"ImageObject\",\"inLanguage\":\"ru-RU\",\"@id\":\"https:\/\/premioveprodukty.eu\/en\/produkt\/nice-rb400-2v-f-4h-sada-pohonu-nice-robus-400-s-dvoma-ovladacmi-fotobunkami-4-metrami-hrebena\/#primaryimage\",\"url\":\"https:\/\/premioveprodukty.eu\/wp-content\/uploads\/2021\/05\/rb400kce.jpg\",\"contentUrl\":\"https:\/\/premioveprodukty.eu\/wp-content\/uploads\/2021\/05\/rb400kce.jpg\",\"width\":2428,\"height\":2207},{\"@type\":\"BreadcrumbList\",\"@id\":\"https:\/\/premioveprodukty.eu\/en\/produkt\/nice-rb400-2v-f-4h-sada-pohonu-nice-robus-400-s-dvoma-ovladacmi-fotobunkami-4-metrami-hrebena\/#breadcrumb\",\"itemListElement\":[{\"@type\":\"ListItem\",\"position\":1,\"name\":\"Domovsk\u00e1 str\u00e1nka\",\"item\":\"https:\/\/premioveprodukty.eu\/\"},{\"@type\":\"ListItem\",\"position\":2,\"name\":\"Obchod\",\"item\":\"https:\/\/premioveprodukty.eu\/obchod\/\"},{\"@type\":\"ListItem\",\"position\":3,\"name\":\"(K\u00f3pia) (K\u00f3pia)\"}]},{\"@type\":\"WebSite\",\"@id\":\"https:\/\/premioveprodukty.eu\/#website\",\"url\":\"https:\/\/premioveprodukty.eu\/\",\"name\":\"Premiov\u00e9 produkty\",\"description\":\"kvalitn\u00e9 produkty pre V\u00e1\u0161 \u017eivot a b\u00fdvanie\",\"potentialAction\":[{\"@type\":\"SearchAction\",\"target\":{\"@type\":\"EntryPoint\",\"urlTemplate\":\"https:\/\/premioveprodukty.eu\/?s={search_term_string}\"},\"query-input\":{\"@type\":\"PropertyValueSpecification\",\"valueRequired\":true,\"valueName\":\"search_term_string\"}}],\"inLanguage\":\"ru-RU\"}]}<\/script>\n<!-- \/ Yoast SEO plugin. -->","yoast_head_json":{"title":"[:sk]Nice RB400BDKCE - sada pohonu Nice Robus 400 s dvoma ovl\u00e1da\u010dmi, fotobunkami, maj\u00e1kom, 4 metrami hrebe\u0148a[:en] (K\u00f3pia) (K\u00f3pia)[:ru] (K\u00f3pia) (K\u00f3pia)[:] - Premiov\u00e9 produkty","robots":{"index":"index","follow":"follow","max-snippet":"max-snippet:-1","max-image-preview":"max-image-preview:large","max-video-preview":"max-video-preview:-1"},"canonical":"https:\/\/premioveprodukty.eu\/en\/produkt\/nice-rb400-2v-f-4h-sada-pohonu-nice-robus-400-s-dvoma-ovladacmi-fotobunkami-4-metrami-hrebena\/","og_locale":"ru_RU","og_type":"article","og_title":"[:sk]Nice RB400BDKCE - sada pohonu Nice Robus 400 s dvoma ovl\u00e1da\u010dmi, fotobunkami, maj\u00e1kom, 4 metrami hrebe\u0148a[:en] (K\u00f3pia) (K\u00f3pia)[:ru] (K\u00f3pia) (K\u00f3pia)[:] - Premiov\u00e9 produkty","og_description":"\u0418\u0437\u0432\u0438\u043d\u0438\u0442\u0435, \u044d\u0442\u043e\u0442 \u0442\u0435\u0445\u0442 \u0434\u043e\u0441\u0442\u0443\u043f\u0435\u043d \u0442\u043e\u043b\u044c\u043a\u043e \u0432 &ldquo;Sloven\u010dina&rdquo;.","og_url":"https:\/\/premioveprodukty.eu\/en\/produkt\/nice-rb400-2v-f-4h-sada-pohonu-nice-robus-400-s-dvoma-ovladacmi-fotobunkami-4-metrami-hrebena\/","og_site_name":"Premiov\u00e9 produkty","article_modified_time":"2022-02-03T12:36:37+00:00","og_image":[{"width":2428,"height":2207,"url":"https:\/\/premioveprodukty.eu\/wp-content\/uploads\/2021\/05\/rb400kce.jpg","type":"image\/jpeg"}],"twitter_card":"summary_large_image","twitter_misc":{"\u041f\u0440\u0438\u043c\u0435\u0440\u043d\u043e\u0435 \u0432\u0440\u0435\u043c\u044f \u0434\u043b\u044f \u0447\u0442\u0435\u043d\u0438\u044f":"1 \u043c\u0438\u043d\u0443\u0442\u0430"},"schema":{"@context":"https:\/\/schema.org","@graph":[{"@type":"WebPage","@id":"https:\/\/premioveprodukty.eu\/en\/produkt\/nice-rb400-2v-f-4h-sada-pohonu-nice-robus-400-s-dvoma-ovladacmi-fotobunkami-4-metrami-hrebena\/","url":"https:\/\/premioveprodukty.eu\/en\/produkt\/nice-rb400-2v-f-4h-sada-pohonu-nice-robus-400-s-dvoma-ovladacmi-fotobunkami-4-metrami-hrebena\/","name":"[:sk]Nice RB400BDKCE - sada pohonu Nice Robus 400 s dvoma ovl\u00e1da\u010dmi, fotobunkami, maj\u00e1kom, 4 metrami hrebe\u0148a[:en] (K\u00f3pia) (K\u00f3pia)[:ru] (K\u00f3pia) (K\u00f3pia)[:] - Premiov\u00e9 produkty","isPartOf":{"@id":"https:\/\/premioveprodukty.eu\/#website"},"primaryImageOfPage":{"@id":"https:\/\/premioveprodukty.eu\/en\/produkt\/nice-rb400-2v-f-4h-sada-pohonu-nice-robus-400-s-dvoma-ovladacmi-fotobunkami-4-metrami-hrebena\/#primaryimage"},"image":{"@id":"https:\/\/premioveprodukty.eu\/en\/produkt\/nice-rb400-2v-f-4h-sada-pohonu-nice-robus-400-s-dvoma-ovladacmi-fotobunkami-4-metrami-hrebena\/#primaryimage"},"thumbnailUrl":"https:\/\/premioveprodukty.eu\/wp-content\/uploads\/2021\/05\/rb400kce.jpg","datePublished":"2021-05-06T07:10:36+00:00","dateModified":"2022-02-03T12:36:37+00:00","breadcrumb":{"@id":"https:\/\/premioveprodukty.eu\/en\/produkt\/nice-rb400-2v-f-4h-sada-pohonu-nice-robus-400-s-dvoma-ovladacmi-fotobunkami-4-metrami-hrebena\/#breadcrumb"},"inLanguage":"ru-RU","potentialAction":[{"@type":"ReadAction","target":["https:\/\/premioveprodukty.eu\/en\/produkt\/nice-rb400-2v-f-4h-sada-pohonu-nice-robus-400-s-dvoma-ovladacmi-fotobunkami-4-metrami-hrebena\/"]}]},{"@type":"ImageObject","inLanguage":"ru-RU","@id":"https:\/\/premioveprodukty.eu\/en\/produkt\/nice-rb400-2v-f-4h-sada-pohonu-nice-robus-400-s-dvoma-ovladacmi-fotobunkami-4-metrami-hrebena\/#primaryimage","url":"https:\/\/premioveprodukty.eu\/wp-content\/uploads\/2021\/05\/rb400kce.jpg","contentUrl":"https:\/\/premioveprodukty.eu\/wp-content\/uploads\/2021\/05\/rb400kce.jpg","width":2428,"height":2207},{"@type":"BreadcrumbList","@id":"https:\/\/premioveprodukty.eu\/en\/produkt\/nice-rb400-2v-f-4h-sada-pohonu-nice-robus-400-s-dvoma-ovladacmi-fotobunkami-4-metrami-hrebena\/#breadcrumb","itemListElement":[{"@type":"ListItem","position":1,"name":"Domovsk\u00e1 str\u00e1nka","item":"https:\/\/premioveprodukty.eu\/"},{"@type":"ListItem","position":2,"name":"Obchod","item":"https:\/\/premioveprodukty.eu\/obchod\/"},{"@type":"ListItem","position":3,"name":"(K\u00f3pia) (K\u00f3pia)"}]},{"@type":"WebSite","@id":"https:\/\/premioveprodukty.eu\/#website","url":"https:\/\/premioveprodukty.eu\/","name":"Premiov\u00e9 produkty","description":"kvalitn\u00e9 produkty pre V\u00e1\u0161 \u017eivot a b\u00fdvanie","potentialAction":[{"@type":"SearchAction","target":{"@type":"EntryPoint","urlTemplate":"https:\/\/premioveprodukty.eu\/?s={search_term_string}"},"query-input":{"@type":"PropertyValueSpecification","valueRequired":true,"valueName":"search_term_string"}}],"inLanguage":"ru-RU"}]}},"_links":{"self":[{"href":"https:\/\/premioveprodukty.eu\/ru\/wp-json\/wp\/v2\/product\/1035"}],"collection":[{"href":"https:\/\/premioveprodukty.eu\/ru\/wp-json\/wp\/v2\/product"}],"about":[{"href":"https:\/\/premioveprodukty.eu\/ru\/wp-json\/wp\/v2\/types\/product"}],"wp:featuredmedia":[{"embeddable":true,"href":"https:\/\/premioveprodukty.eu\/ru\/wp-json\/wp\/v2\/media\/1144"}],"wp:attachment":[{"href":"https:\/\/premioveprodukty.eu\/ru\/wp-json\/wp\/v2\/media?parent=1035"}],"curies":[{"name":"wp","href":"https:\/\/api.w.org\/{rel}","templated":true}]}}