{"id":1106,"date":"2021-09-05T20:05:31","date_gmt":"2021-09-05T18:05:31","guid":{"rendered":"http:\/\/premioveprodukty.eu\/?post_type=product&#038;p=1106"},"modified":"2022-02-03T14:32:45","modified_gmt":"2022-02-03T13:32:45","slug":"nice-rox-600-kit-sada-s-riadiacou-jednotkou-a-integrovanym-prijimacom-2-dialkove-ovladace","status":"publish","type":"product","link":"https:\/\/premioveprodukty.eu\/ru\/produkt\/nice-rox-600-kit-sada-s-riadiacou-jednotkou-a-integrovanym-prijimacom-2-dialkove-ovladace\/","title":{"rendered":"(Sloven\u010dina) Nice Rox 600 kit \u2013 Sada s riadiacou jednotkou a integrovan\u00fdm prij\u00edma\u010dom, 2 dia\u013ekov\u00e9 ovl\u00e1da\u010de"},"content":{"rendered":"<p class=\"qtranxs-available-languages-message qtranxs-available-languages-message-ru\">\u0418\u0437\u0432\u0438\u043d\u0438\u0442\u0435, \u044d\u0442\u043e\u0442 \u0442\u0435\u0445\u0442 \u0434\u043e\u0441\u0442\u0443\u043f\u0435\u043d \u0442\u043e\u043b\u044c\u043a\u043e \u0432 &ldquo;<a href=\"https:\/\/premioveprodukty.eu\/sk\/wp-json\/wp\/v2\/product\/1106\" class=\"qtranxs-available-language-link qtranxs-available-language-link-sk\" title=\"Sloven\u010dina\">Sloven\u010dina<\/a>&rdquo;.<\/p>","protected":false},"excerpt":{"rendered":"<p class=\"qtranxs-available-languages-message qtranxs-available-languages-message-ru\">\u0418\u0437\u0432\u0438\u043d\u0438\u0442\u0435, \u044d\u0442\u043e\u0442 \u0442\u0435\u0445\u0442 \u0434\u043e\u0441\u0442\u0443\u043f\u0435\u043d \u0442\u043e\u043b\u044c\u043a\u043e \u0432 &ldquo;<a href=\"https:\/\/premioveprodukty.eu\/sk\/wp-json\/wp\/v2\/product\/1106\" class=\"qtranxs-available-language-link qtranxs-available-language-link-sk\" title=\"Sloven\u010dina\">Sloven\u010dina<\/a>&rdquo;.<\/p>\n","protected":false},"featured_media":971,"template":"","meta":[],"class_list":["post-1106","product","type-product","status-publish","has-post-thumbnail","hentry","product_cat-sady-posuvnych-pohonov-bran"],"yoast_head":"<!-- This site is optimized with the Yoast SEO plugin v25.6 - https:\/\/yoast.com\/wordpress\/plugins\/seo\/ -->\n<title><\/title>\n<meta name=\"robots\" content=\"index, follow, max-snippet:-1, max-image-preview:large, max-video-preview:-1\" \/>\n<link rel=\"canonical\" href=\"https:\/\/premioveprodukty.eu\/en\/produkt\/nice-rox-600-kit-sada-s-riadiacou-jednotkou-a-integrovanym-prijimacom-2-dialkove-ovladace\/\" \/>\n<meta property=\"og:locale\" content=\"ru_RU\" \/>\n<meta property=\"og:type\" content=\"article\" \/>\n<meta property=\"og:title\" content=\"[:sk]Nice Rox 600 kit \u2013 Sada s riadiacou jednotkou a integrovan\u00fdm prij\u00edma\u010dom, 2 dia\u013ekov\u00e9 ovl\u00e1da\u010de[:] - Premiov\u00e9 produkty\" \/>\n<meta property=\"og:description\" content=\"[:sk]Sada NICE Rox 600 sada s dvomi dia\u013ekov\u00fdmi ovl\u00e1da\u010dmi je ur\u010den\u00e1 pre posuvn\u00e9 br\u00e1ny do 500 kg a \u0161\u00edrky prejazdu do 6m. V tejto verzii obsahuje nov\u00fa riadiacu jednotku s\u00e9rie R10 s integrovan\u00fdm prij\u00edma\u010dom .[:]\" \/>\n<meta property=\"og:url\" content=\"https:\/\/premioveprodukty.eu\/en\/produkt\/nice-rox-600-kit-sada-s-riadiacou-jednotkou-a-integrovanym-prijimacom-2-dialkove-ovladace\/\" \/>\n<meta property=\"og:site_name\" content=\"Premiov\u00e9 produkty\" \/>\n<meta property=\"article:modified_time\" content=\"2022-02-03T13:32:45+00:00\" \/>\n<meta property=\"og:image\" content=\"https:\/\/premioveprodukty.eu\/wp-content\/uploads\/2021\/02\/nice-rox-600.jpg\" \/>\n\t<meta property=\"og:image:width\" content=\"300\" \/>\n\t<meta property=\"og:image:height\" content=\"268\" \/>\n\t<meta property=\"og:image:type\" content=\"image\/jpeg\" \/>\n<meta name=\"twitter:card\" content=\"summary_large_image\" \/>\n<script type=\"application\/ld+json\" class=\"yoast-schema-graph\">{\"@context\":\"https:\/\/schema.org\",\"@graph\":[{\"@type\":\"WebPage\",\"@id\":\"https:\/\/premioveprodukty.eu\/en\/produkt\/nice-rox-600-kit-sada-s-riadiacou-jednotkou-a-integrovanym-prijimacom-2-dialkove-ovladace\/\",\"url\":\"https:\/\/premioveprodukty.eu\/en\/produkt\/nice-rox-600-kit-sada-s-riadiacou-jednotkou-a-integrovanym-prijimacom-2-dialkove-ovladace\/\",\"name\":\"[:sk]Nice Rox 600 kit \u2013 Sada s riadiacou jednotkou a integrovan\u00fdm prij\u00edma\u010dom, 2 dia\u013ekov\u00e9 ovl\u00e1da\u010de[:] - Premiov\u00e9 produkty\",\"isPartOf\":{\"@id\":\"https:\/\/premioveprodukty.eu\/#website\"},\"primaryImageOfPage\":{\"@id\":\"https:\/\/premioveprodukty.eu\/en\/produkt\/nice-rox-600-kit-sada-s-riadiacou-jednotkou-a-integrovanym-prijimacom-2-dialkove-ovladace\/#primaryimage\"},\"image\":{\"@id\":\"https:\/\/premioveprodukty.eu\/en\/produkt\/nice-rox-600-kit-sada-s-riadiacou-jednotkou-a-integrovanym-prijimacom-2-dialkove-ovladace\/#primaryimage\"},\"thumbnailUrl\":\"https:\/\/premioveprodukty.eu\/wp-content\/uploads\/2021\/02\/nice-rox-600.jpg\",\"datePublished\":\"2021-09-05T18:05:31+00:00\",\"dateModified\":\"2022-02-03T13:32:45+00:00\",\"breadcrumb\":{\"@id\":\"https:\/\/premioveprodukty.eu\/en\/produkt\/nice-rox-600-kit-sada-s-riadiacou-jednotkou-a-integrovanym-prijimacom-2-dialkove-ovladace\/#breadcrumb\"},\"inLanguage\":\"ru-RU\",\"potentialAction\":[{\"@type\":\"ReadAction\",\"target\":[\"https:\/\/premioveprodukty.eu\/en\/produkt\/nice-rox-600-kit-sada-s-riadiacou-jednotkou-a-integrovanym-prijimacom-2-dialkove-ovladace\/\"]}]},{\"@type\":\"ImageObject\",\"inLanguage\":\"ru-RU\",\"@id\":\"https:\/\/premioveprodukty.eu\/en\/produkt\/nice-rox-600-kit-sada-s-riadiacou-jednotkou-a-integrovanym-prijimacom-2-dialkove-ovladace\/#primaryimage\",\"url\":\"https:\/\/premioveprodukty.eu\/wp-content\/uploads\/2021\/02\/nice-rox-600.jpg\",\"contentUrl\":\"https:\/\/premioveprodukty.eu\/wp-content\/uploads\/2021\/02\/nice-rox-600.jpg\",\"width\":300,\"height\":268},{\"@type\":\"BreadcrumbList\",\"@id\":\"https:\/\/premioveprodukty.eu\/en\/produkt\/nice-rox-600-kit-sada-s-riadiacou-jednotkou-a-integrovanym-prijimacom-2-dialkove-ovladace\/#breadcrumb\",\"itemListElement\":[{\"@type\":\"ListItem\",\"position\":1,\"name\":\"Domovsk\u00e1 str\u00e1nka\",\"item\":\"https:\/\/premioveprodukty.eu\/\"},{\"@type\":\"ListItem\",\"position\":2,\"name\":\"Obchod\",\"item\":\"https:\/\/premioveprodukty.eu\/obchod\/\"},{\"@type\":\"ListItem\",\"position\":3,\"name\":\"(Sloven\u010dina) Nice Rox 600 kit \u2013 Sada s riadiacou jednotkou a integrovan\u00fdm prij\u00edma\u010dom, 2 dia\u013ekov\u00e9 ovl\u00e1da\u010de\"}]},{\"@type\":\"WebSite\",\"@id\":\"https:\/\/premioveprodukty.eu\/#website\",\"url\":\"https:\/\/premioveprodukty.eu\/\",\"name\":\"Premiov\u00e9 produkty\",\"description\":\"kvalitn\u00e9 produkty pre V\u00e1\u0161 \u017eivot a b\u00fdvanie\",\"potentialAction\":[{\"@type\":\"SearchAction\",\"target\":{\"@type\":\"EntryPoint\",\"urlTemplate\":\"https:\/\/premioveprodukty.eu\/?s={search_term_string}\"},\"query-input\":{\"@type\":\"PropertyValueSpecification\",\"valueRequired\":true,\"valueName\":\"search_term_string\"}}],\"inLanguage\":\"ru-RU\"}]}<\/script>\n<!-- \/ Yoast SEO plugin. -->","yoast_head_json":{"title":"[:sk]Nice Rox 600 kit \u2013 Sada s riadiacou jednotkou a integrovan\u00fdm prij\u00edma\u010dom, 2 dia\u013ekov\u00e9 ovl\u00e1da\u010de[:] - Premiov\u00e9 produkty","robots":{"index":"index","follow":"follow","max-snippet":"max-snippet:-1","max-image-preview":"max-image-preview:large","max-video-preview":"max-video-preview:-1"},"canonical":"https:\/\/premioveprodukty.eu\/en\/produkt\/nice-rox-600-kit-sada-s-riadiacou-jednotkou-a-integrovanym-prijimacom-2-dialkove-ovladace\/","og_locale":"ru_RU","og_type":"article","og_title":"[:sk]Nice Rox 600 kit \u2013 Sada s riadiacou jednotkou a integrovan\u00fdm prij\u00edma\u010dom, 2 dia\u013ekov\u00e9 ovl\u00e1da\u010de[:] - Premiov\u00e9 produkty","og_description":"[:sk]Sada NICE Rox 600 sada s dvomi dia\u013ekov\u00fdmi ovl\u00e1da\u010dmi je ur\u010den\u00e1 pre posuvn\u00e9 br\u00e1ny do 500 kg a \u0161\u00edrky prejazdu do 6m. V tejto verzii obsahuje nov\u00fa riadiacu jednotku s\u00e9rie R10 s integrovan\u00fdm prij\u00edma\u010dom .[:]","og_url":"https:\/\/premioveprodukty.eu\/en\/produkt\/nice-rox-600-kit-sada-s-riadiacou-jednotkou-a-integrovanym-prijimacom-2-dialkove-ovladace\/","og_site_name":"Premiov\u00e9 produkty","article_modified_time":"2022-02-03T13:32:45+00:00","og_image":[{"width":300,"height":268,"url":"https:\/\/premioveprodukty.eu\/wp-content\/uploads\/2021\/02\/nice-rox-600.jpg","type":"image\/jpeg"}],"twitter_card":"summary_large_image","schema":{"@context":"https:\/\/schema.org","@graph":[{"@type":"WebPage","@id":"https:\/\/premioveprodukty.eu\/en\/produkt\/nice-rox-600-kit-sada-s-riadiacou-jednotkou-a-integrovanym-prijimacom-2-dialkove-ovladace\/","url":"https:\/\/premioveprodukty.eu\/en\/produkt\/nice-rox-600-kit-sada-s-riadiacou-jednotkou-a-integrovanym-prijimacom-2-dialkove-ovladace\/","name":"[:sk]Nice Rox 600 kit \u2013 Sada s riadiacou jednotkou a integrovan\u00fdm prij\u00edma\u010dom, 2 dia\u013ekov\u00e9 ovl\u00e1da\u010de[:] - Premiov\u00e9 produkty","isPartOf":{"@id":"https:\/\/premioveprodukty.eu\/#website"},"primaryImageOfPage":{"@id":"https:\/\/premioveprodukty.eu\/en\/produkt\/nice-rox-600-kit-sada-s-riadiacou-jednotkou-a-integrovanym-prijimacom-2-dialkove-ovladace\/#primaryimage"},"image":{"@id":"https:\/\/premioveprodukty.eu\/en\/produkt\/nice-rox-600-kit-sada-s-riadiacou-jednotkou-a-integrovanym-prijimacom-2-dialkove-ovladace\/#primaryimage"},"thumbnailUrl":"https:\/\/premioveprodukty.eu\/wp-content\/uploads\/2021\/02\/nice-rox-600.jpg","datePublished":"2021-09-05T18:05:31+00:00","dateModified":"2022-02-03T13:32:45+00:00","breadcrumb":{"@id":"https:\/\/premioveprodukty.eu\/en\/produkt\/nice-rox-600-kit-sada-s-riadiacou-jednotkou-a-integrovanym-prijimacom-2-dialkove-ovladace\/#breadcrumb"},"inLanguage":"ru-RU","potentialAction":[{"@type":"ReadAction","target":["https:\/\/premioveprodukty.eu\/en\/produkt\/nice-rox-600-kit-sada-s-riadiacou-jednotkou-a-integrovanym-prijimacom-2-dialkove-ovladace\/"]}]},{"@type":"ImageObject","inLanguage":"ru-RU","@id":"https:\/\/premioveprodukty.eu\/en\/produkt\/nice-rox-600-kit-sada-s-riadiacou-jednotkou-a-integrovanym-prijimacom-2-dialkove-ovladace\/#primaryimage","url":"https:\/\/premioveprodukty.eu\/wp-content\/uploads\/2021\/02\/nice-rox-600.jpg","contentUrl":"https:\/\/premioveprodukty.eu\/wp-content\/uploads\/2021\/02\/nice-rox-600.jpg","width":300,"height":268},{"@type":"BreadcrumbList","@id":"https:\/\/premioveprodukty.eu\/en\/produkt\/nice-rox-600-kit-sada-s-riadiacou-jednotkou-a-integrovanym-prijimacom-2-dialkove-ovladace\/#breadcrumb","itemListElement":[{"@type":"ListItem","position":1,"name":"Domovsk\u00e1 str\u00e1nka","item":"https:\/\/premioveprodukty.eu\/"},{"@type":"ListItem","position":2,"name":"Obchod","item":"https:\/\/premioveprodukty.eu\/obchod\/"},{"@type":"ListItem","position":3,"name":"(Sloven\u010dina) Nice Rox 600 kit \u2013 Sada s riadiacou jednotkou a integrovan\u00fdm prij\u00edma\u010dom, 2 dia\u013ekov\u00e9 ovl\u00e1da\u010de"}]},{"@type":"WebSite","@id":"https:\/\/premioveprodukty.eu\/#website","url":"https:\/\/premioveprodukty.eu\/","name":"Premiov\u00e9 produkty","description":"kvalitn\u00e9 produkty pre V\u00e1\u0161 \u017eivot a b\u00fdvanie","potentialAction":[{"@type":"SearchAction","target":{"@type":"EntryPoint","urlTemplate":"https:\/\/premioveprodukty.eu\/?s={search_term_string}"},"query-input":{"@type":"PropertyValueSpecification","valueRequired":true,"valueName":"search_term_string"}}],"inLanguage":"ru-RU"}]}},"_links":{"self":[{"href":"https:\/\/premioveprodukty.eu\/ru\/wp-json\/wp\/v2\/product\/1106"}],"collection":[{"href":"https:\/\/premioveprodukty.eu\/ru\/wp-json\/wp\/v2\/product"}],"about":[{"href":"https:\/\/premioveprodukty.eu\/ru\/wp-json\/wp\/v2\/types\/product"}],"wp:featuredmedia":[{"embeddable":true,"href":"https:\/\/premioveprodukty.eu\/ru\/wp-json\/wp\/v2\/media\/971"}],"wp:attachment":[{"href":"https:\/\/premioveprodukty.eu\/ru\/wp-json\/wp\/v2\/media?parent=1106"}],"curies":[{"name":"wp","href":"https:\/\/api.w.org\/{rel}","templated":true}]}}