{"id":1136,"date":"2022-02-01T22:15:49","date_gmt":"2022-02-01T21:15:49","guid":{"rendered":"http:\/\/premioveprodukty.eu\/?post_type=product&#038;p=1136"},"modified":"2022-02-01T22:18:32","modified_gmt":"2022-02-01T21:18:32","slug":"roger-fifthy-230-led-majak-na-230v-s-integrovanou-antenou-oranzovy","status":"publish","type":"product","link":"https:\/\/premioveprodukty.eu\/ru\/produkt\/roger-fifthy-230-led-majak-na-230v-s-integrovanou-antenou-oranzovy\/","title":{"rendered":"(K\u00f3pia)"},"content":{"rendered":"<p class=\"qtranxs-available-languages-message qtranxs-available-languages-message-ru\">\u0418\u0437\u0432\u0438\u043d\u0438\u0442\u0435, \u044d\u0442\u043e\u0442 \u0442\u0435\u0445\u0442 \u0434\u043e\u0441\u0442\u0443\u043f\u0435\u043d \u0442\u043e\u043b\u044c\u043a\u043e \u0432 &ldquo;<a href=\"https:\/\/premioveprodukty.eu\/sk\/wp-json\/wp\/v2\/product\/1136\" class=\"qtranxs-available-language-link qtranxs-available-language-link-sk\" title=\"Sloven\u010dina\">Sloven\u010dina<\/a>&rdquo;.<\/p>","protected":false},"excerpt":{"rendered":"<p>\u0418\u0437\u0432\u0438\u043d\u0438\u0442\u0435, \u044d\u0442\u043e\u0442 \u0442\u0435\u0445\u0442 \u0434\u043e\u0441\u0442\u0443\u043f\u0435\u043d \u0442\u043e\u043b\u044c\u043a\u043e \u0432 &ldquo;Sloven\u010dina&rdquo;.<\/p>\n","protected":false},"featured_media":1137,"template":"","meta":[],"class_list":["post-1136","product","type-product","status-publish","has-post-thumbnail","hentry","product_cat-majaky"],"yoast_head":"<!-- This site is optimized with the Yoast SEO plugin v25.6 - https:\/\/yoast.com\/wordpress\/plugins\/seo\/ -->\n<title>(K\u00f3pia) - Premiov\u00e9 produkty<\/title>\n<meta name=\"robots\" content=\"index, follow, max-snippet:-1, max-image-preview:large, max-video-preview:-1\" \/>\n<link rel=\"canonical\" href=\"https:\/\/premioveprodukty.eu\/en\/produkt\/roger-fifthy-230-led-majak-na-230v-s-integrovanou-antenou-oranzovy\/\" \/>\n<meta property=\"og:locale\" content=\"ru_RU\" \/>\n<meta property=\"og:type\" content=\"article\" \/>\n<meta property=\"og:title\" content=\"[:sk]ROGER FIFTHY 230 - LED maj\u00e1k na 230V s integrovanou ant\u00e9nou, oran\u017eov\u00fd[:en] (K\u00f3pia)[:ru] (K\u00f3pia)[:] - Premiov\u00e9 produkty\" \/>\n<meta property=\"og:description\" content=\"\u0418\u0437\u0432\u0438\u043d\u0438\u0442\u0435, \u044d\u0442\u043e\u0442 \u0442\u0435\u0445\u0442 \u0434\u043e\u0441\u0442\u0443\u043f\u0435\u043d \u0442\u043e\u043b\u044c\u043a\u043e \u0432 &ldquo;Sloven\u010dina&rdquo;.\" \/>\n<meta property=\"og:url\" content=\"https:\/\/premioveprodukty.eu\/en\/produkt\/roger-fifthy-230-led-majak-na-230v-s-integrovanou-antenou-oranzovy\/\" \/>\n<meta property=\"og:site_name\" content=\"Premiov\u00e9 produkty\" \/>\n<meta property=\"article:modified_time\" content=\"2022-02-01T21:18:32+00:00\" \/>\n<meta property=\"og:image\" content=\"https:\/\/premioveprodukty.eu\/wp-content\/uploads\/2022\/02\/fifthy-OR_0.jpg\" \/>\n\t<meta property=\"og:image:width\" content=\"273\" \/>\n\t<meta property=\"og:image:height\" content=\"295\" \/>\n\t<meta property=\"og:image:type\" content=\"image\/jpeg\" \/>\n<meta name=\"twitter:card\" content=\"summary_large_image\" \/>\n<script type=\"application\/ld+json\" class=\"yoast-schema-graph\">{\"@context\":\"https:\/\/schema.org\",\"@graph\":[{\"@type\":\"WebPage\",\"@id\":\"https:\/\/premioveprodukty.eu\/en\/produkt\/roger-fifthy-230-led-majak-na-230v-s-integrovanou-antenou-oranzovy\/\",\"url\":\"https:\/\/premioveprodukty.eu\/en\/produkt\/roger-fifthy-230-led-majak-na-230v-s-integrovanou-antenou-oranzovy\/\",\"name\":\"[:sk]ROGER FIFTHY 230 - LED maj\u00e1k na 230V s integrovanou ant\u00e9nou, oran\u017eov\u00fd[:en] (K\u00f3pia)[:ru] (K\u00f3pia)[:] - Premiov\u00e9 produkty\",\"isPartOf\":{\"@id\":\"https:\/\/premioveprodukty.eu\/#website\"},\"primaryImageOfPage\":{\"@id\":\"https:\/\/premioveprodukty.eu\/en\/produkt\/roger-fifthy-230-led-majak-na-230v-s-integrovanou-antenou-oranzovy\/#primaryimage\"},\"image\":{\"@id\":\"https:\/\/premioveprodukty.eu\/en\/produkt\/roger-fifthy-230-led-majak-na-230v-s-integrovanou-antenou-oranzovy\/#primaryimage\"},\"thumbnailUrl\":\"https:\/\/premioveprodukty.eu\/wp-content\/uploads\/2022\/02\/fifthy-OR_0.jpg\",\"datePublished\":\"2022-02-01T21:15:49+00:00\",\"dateModified\":\"2022-02-01T21:18:32+00:00\",\"breadcrumb\":{\"@id\":\"https:\/\/premioveprodukty.eu\/en\/produkt\/roger-fifthy-230-led-majak-na-230v-s-integrovanou-antenou-oranzovy\/#breadcrumb\"},\"inLanguage\":\"ru-RU\",\"potentialAction\":[{\"@type\":\"ReadAction\",\"target\":[\"https:\/\/premioveprodukty.eu\/en\/produkt\/roger-fifthy-230-led-majak-na-230v-s-integrovanou-antenou-oranzovy\/\"]}]},{\"@type\":\"ImageObject\",\"inLanguage\":\"ru-RU\",\"@id\":\"https:\/\/premioveprodukty.eu\/en\/produkt\/roger-fifthy-230-led-majak-na-230v-s-integrovanou-antenou-oranzovy\/#primaryimage\",\"url\":\"https:\/\/premioveprodukty.eu\/wp-content\/uploads\/2022\/02\/fifthy-OR_0.jpg\",\"contentUrl\":\"https:\/\/premioveprodukty.eu\/wp-content\/uploads\/2022\/02\/fifthy-OR_0.jpg\",\"width\":273,\"height\":295},{\"@type\":\"BreadcrumbList\",\"@id\":\"https:\/\/premioveprodukty.eu\/en\/produkt\/roger-fifthy-230-led-majak-na-230v-s-integrovanou-antenou-oranzovy\/#breadcrumb\",\"itemListElement\":[{\"@type\":\"ListItem\",\"position\":1,\"name\":\"Domovsk\u00e1 str\u00e1nka\",\"item\":\"https:\/\/premioveprodukty.eu\/\"},{\"@type\":\"ListItem\",\"position\":2,\"name\":\"Obchod\",\"item\":\"https:\/\/premioveprodukty.eu\/obchod\/\"},{\"@type\":\"ListItem\",\"position\":3,\"name\":\"(K\u00f3pia)\"}]},{\"@type\":\"WebSite\",\"@id\":\"https:\/\/premioveprodukty.eu\/#website\",\"url\":\"https:\/\/premioveprodukty.eu\/\",\"name\":\"Premiov\u00e9 produkty\",\"description\":\"kvalitn\u00e9 produkty pre V\u00e1\u0161 \u017eivot a b\u00fdvanie\",\"potentialAction\":[{\"@type\":\"SearchAction\",\"target\":{\"@type\":\"EntryPoint\",\"urlTemplate\":\"https:\/\/premioveprodukty.eu\/?s={search_term_string}\"},\"query-input\":{\"@type\":\"PropertyValueSpecification\",\"valueRequired\":true,\"valueName\":\"search_term_string\"}}],\"inLanguage\":\"ru-RU\"}]}<\/script>\n<!-- \/ Yoast SEO plugin. -->","yoast_head_json":{"title":"[:sk]ROGER FIFTHY 230 - LED maj\u00e1k na 230V s integrovanou ant\u00e9nou, oran\u017eov\u00fd[:en] (K\u00f3pia)[:ru] (K\u00f3pia)[:] - Premiov\u00e9 produkty","robots":{"index":"index","follow":"follow","max-snippet":"max-snippet:-1","max-image-preview":"max-image-preview:large","max-video-preview":"max-video-preview:-1"},"canonical":"https:\/\/premioveprodukty.eu\/en\/produkt\/roger-fifthy-230-led-majak-na-230v-s-integrovanou-antenou-oranzovy\/","og_locale":"ru_RU","og_type":"article","og_title":"[:sk]ROGER FIFTHY 230 - LED maj\u00e1k na 230V s integrovanou ant\u00e9nou, oran\u017eov\u00fd[:en] (K\u00f3pia)[:ru] (K\u00f3pia)[:] - Premiov\u00e9 produkty","og_description":"\u0418\u0437\u0432\u0438\u043d\u0438\u0442\u0435, \u044d\u0442\u043e\u0442 \u0442\u0435\u0445\u0442 \u0434\u043e\u0441\u0442\u0443\u043f\u0435\u043d \u0442\u043e\u043b\u044c\u043a\u043e \u0432 &ldquo;Sloven\u010dina&rdquo;.","og_url":"https:\/\/premioveprodukty.eu\/en\/produkt\/roger-fifthy-230-led-majak-na-230v-s-integrovanou-antenou-oranzovy\/","og_site_name":"Premiov\u00e9 produkty","article_modified_time":"2022-02-01T21:18:32+00:00","og_image":[{"width":273,"height":295,"url":"https:\/\/premioveprodukty.eu\/wp-content\/uploads\/2022\/02\/fifthy-OR_0.jpg","type":"image\/jpeg"}],"twitter_card":"summary_large_image","schema":{"@context":"https:\/\/schema.org","@graph":[{"@type":"WebPage","@id":"https:\/\/premioveprodukty.eu\/en\/produkt\/roger-fifthy-230-led-majak-na-230v-s-integrovanou-antenou-oranzovy\/","url":"https:\/\/premioveprodukty.eu\/en\/produkt\/roger-fifthy-230-led-majak-na-230v-s-integrovanou-antenou-oranzovy\/","name":"[:sk]ROGER FIFTHY 230 - LED maj\u00e1k na 230V s integrovanou ant\u00e9nou, oran\u017eov\u00fd[:en] (K\u00f3pia)[:ru] (K\u00f3pia)[:] - Premiov\u00e9 produkty","isPartOf":{"@id":"https:\/\/premioveprodukty.eu\/#website"},"primaryImageOfPage":{"@id":"https:\/\/premioveprodukty.eu\/en\/produkt\/roger-fifthy-230-led-majak-na-230v-s-integrovanou-antenou-oranzovy\/#primaryimage"},"image":{"@id":"https:\/\/premioveprodukty.eu\/en\/produkt\/roger-fifthy-230-led-majak-na-230v-s-integrovanou-antenou-oranzovy\/#primaryimage"},"thumbnailUrl":"https:\/\/premioveprodukty.eu\/wp-content\/uploads\/2022\/02\/fifthy-OR_0.jpg","datePublished":"2022-02-01T21:15:49+00:00","dateModified":"2022-02-01T21:18:32+00:00","breadcrumb":{"@id":"https:\/\/premioveprodukty.eu\/en\/produkt\/roger-fifthy-230-led-majak-na-230v-s-integrovanou-antenou-oranzovy\/#breadcrumb"},"inLanguage":"ru-RU","potentialAction":[{"@type":"ReadAction","target":["https:\/\/premioveprodukty.eu\/en\/produkt\/roger-fifthy-230-led-majak-na-230v-s-integrovanou-antenou-oranzovy\/"]}]},{"@type":"ImageObject","inLanguage":"ru-RU","@id":"https:\/\/premioveprodukty.eu\/en\/produkt\/roger-fifthy-230-led-majak-na-230v-s-integrovanou-antenou-oranzovy\/#primaryimage","url":"https:\/\/premioveprodukty.eu\/wp-content\/uploads\/2022\/02\/fifthy-OR_0.jpg","contentUrl":"https:\/\/premioveprodukty.eu\/wp-content\/uploads\/2022\/02\/fifthy-OR_0.jpg","width":273,"height":295},{"@type":"BreadcrumbList","@id":"https:\/\/premioveprodukty.eu\/en\/produkt\/roger-fifthy-230-led-majak-na-230v-s-integrovanou-antenou-oranzovy\/#breadcrumb","itemListElement":[{"@type":"ListItem","position":1,"name":"Domovsk\u00e1 str\u00e1nka","item":"https:\/\/premioveprodukty.eu\/"},{"@type":"ListItem","position":2,"name":"Obchod","item":"https:\/\/premioveprodukty.eu\/obchod\/"},{"@type":"ListItem","position":3,"name":"(K\u00f3pia)"}]},{"@type":"WebSite","@id":"https:\/\/premioveprodukty.eu\/#website","url":"https:\/\/premioveprodukty.eu\/","name":"Premiov\u00e9 produkty","description":"kvalitn\u00e9 produkty pre V\u00e1\u0161 \u017eivot a b\u00fdvanie","potentialAction":[{"@type":"SearchAction","target":{"@type":"EntryPoint","urlTemplate":"https:\/\/premioveprodukty.eu\/?s={search_term_string}"},"query-input":{"@type":"PropertyValueSpecification","valueRequired":true,"valueName":"search_term_string"}}],"inLanguage":"ru-RU"}]}},"_links":{"self":[{"href":"https:\/\/premioveprodukty.eu\/ru\/wp-json\/wp\/v2\/product\/1136"}],"collection":[{"href":"https:\/\/premioveprodukty.eu\/ru\/wp-json\/wp\/v2\/product"}],"about":[{"href":"https:\/\/premioveprodukty.eu\/ru\/wp-json\/wp\/v2\/types\/product"}],"wp:featuredmedia":[{"embeddable":true,"href":"https:\/\/premioveprodukty.eu\/ru\/wp-json\/wp\/v2\/media\/1137"}],"wp:attachment":[{"href":"https:\/\/premioveprodukty.eu\/ru\/wp-json\/wp\/v2\/media?parent=1136"}],"curies":[{"name":"wp","href":"https:\/\/api.w.org\/{rel}","templated":true}]}}