{"id":1320,"date":"2023-10-16T09:12:36","date_gmt":"2023-10-16T07:12:36","guid":{"rendered":"http:\/\/premioveprodukty.eu\/?post_type=product&#038;p=1320"},"modified":"2023-10-17T13:32:06","modified_gmt":"2023-10-17T11:32:06","slug":"zosity","status":"publish","type":"product","link":"https:\/\/premioveprodukty.eu\/ru\/produkt\/zosity\/","title":{"rendered":"(Sloven\u010dina) Zo\u0161it A4 linajkov\u00fd 442 &#8211; Eur\u00f3pa"},"content":{"rendered":"<p class=\"qtranxs-available-languages-message qtranxs-available-languages-message-ru\">\u0418\u0437\u0432\u0438\u043d\u0438\u0442\u0435, \u044d\u0442\u043e\u0442 \u0442\u0435\u0445\u0442 \u0434\u043e\u0441\u0442\u0443\u043f\u0435\u043d \u0442\u043e\u043b\u044c\u043a\u043e \u0432 &ldquo;<a href=\"https:\/\/premioveprodukty.eu\/sk\/wp-json\/wp\/v2\/product\/1320\" class=\"qtranxs-available-language-link qtranxs-available-language-link-sk\" title=\"Sloven\u010dina\">Sloven\u010dina<\/a>&rdquo;.<\/p>","protected":false},"excerpt":{"rendered":"<p class=\"qtranxs-available-languages-message qtranxs-available-languages-message-ru\">\u0418\u0437\u0432\u0438\u043d\u0438\u0442\u0435, \u044d\u0442\u043e\u0442 \u0442\u0435\u0445\u0442 \u0434\u043e\u0441\u0442\u0443\u043f\u0435\u043d \u0442\u043e\u043b\u044c\u043a\u043e \u0432 &ldquo;<a href=\"https:\/\/premioveprodukty.eu\/sk\/wp-json\/wp\/v2\/product\/1320\" class=\"qtranxs-available-language-link qtranxs-available-language-link-sk\" title=\"Sloven\u010dina\">Sloven\u010dina<\/a>&rdquo;.<\/p>\n","protected":false},"featured_media":1327,"template":"","meta":[],"class_list":["post-1320","product","type-product","status-publish","has-post-thumbnail","hentry"],"yoast_head":"<!-- This site is optimized with the Yoast SEO plugin v25.6 - https:\/\/yoast.com\/wordpress\/plugins\/seo\/ -->\n<title><\/title>\n<meta name=\"description\" content=\"40-stranov\u00fd zo\u0161it ve\u013ekos\u0165 A4 linajkov\u00fd so \u0161peci\u00e1lnym linajkovan\u00edm 16 mm\" \/>\n<meta name=\"robots\" content=\"index, follow, max-snippet:-1, max-image-preview:large, max-video-preview:-1\" \/>\n<link rel=\"canonical\" href=\"https:\/\/premioveprodukty.eu\/produkt\/zosity\/\" \/>\n<meta property=\"og:locale\" content=\"ru_RU\" \/>\n<meta property=\"og:type\" content=\"article\" \/>\n<meta property=\"og:title\" content=\"[:sk]Zo\u0161it A4 linajkov\u00fd 442 - Eur\u00f3pa[:]\" \/>\n<meta property=\"og:description\" content=\"40-stranov\u00fd zo\u0161it ve\u013ekos\u0165 A4 linajkov\u00fd so \u0161peci\u00e1lnym linajkovan\u00edm 16 mm\" \/>\n<meta property=\"og:url\" content=\"https:\/\/premioveprodukty.eu\/produkt\/zosity\/\" \/>\n<meta property=\"og:site_name\" content=\"Premiov\u00e9 produkty\" \/>\n<meta property=\"article:modified_time\" content=\"2023-10-17T11:32:06+00:00\" \/>\n<meta property=\"og:image\" content=\"https:\/\/premioveprodukty.eu\/wp-content\/uploads\/2023\/10\/20231016_103707.jpg\" \/>\n\t<meta property=\"og:image:width\" content=\"1450\" \/>\n\t<meta property=\"og:image:height\" content=\"2010\" \/>\n\t<meta property=\"og:image:type\" content=\"image\/jpeg\" \/>\n<meta name=\"twitter:card\" content=\"summary_large_image\" \/>\n<meta name=\"twitter:label1\" content=\"\u041f\u0440\u0438\u043c\u0435\u0440\u043d\u043e\u0435 \u0432\u0440\u0435\u043c\u044f \u0434\u043b\u044f \u0447\u0442\u0435\u043d\u0438\u044f\" \/>\n\t<meta name=\"twitter:data1\" content=\"1 \u043c\u0438\u043d\u0443\u0442\u0430\" \/>\n<script type=\"application\/ld+json\" class=\"yoast-schema-graph\">{\"@context\":\"https:\/\/schema.org\",\"@graph\":[{\"@type\":\"WebPage\",\"@id\":\"https:\/\/premioveprodukty.eu\/produkt\/zosity\/\",\"url\":\"https:\/\/premioveprodukty.eu\/produkt\/zosity\/\",\"name\":\"[:sk]Zo\u0161it A4 linajkov\u00fd 442 - Eur\u00f3pa[:]\",\"isPartOf\":{\"@id\":\"https:\/\/premioveprodukty.eu\/#website\"},\"primaryImageOfPage\":{\"@id\":\"https:\/\/premioveprodukty.eu\/produkt\/zosity\/#primaryimage\"},\"image\":{\"@id\":\"https:\/\/premioveprodukty.eu\/produkt\/zosity\/#primaryimage\"},\"thumbnailUrl\":\"https:\/\/premioveprodukty.eu\/wp-content\/uploads\/2023\/10\/20231016_103707.jpg\",\"datePublished\":\"2023-10-16T07:12:36+00:00\",\"dateModified\":\"2023-10-17T11:32:06+00:00\",\"description\":\"40-stranov\u00fd zo\u0161it ve\u013ekos\u0165 A4 linajkov\u00fd so \u0161peci\u00e1lnym linajkovan\u00edm 16 mm\",\"breadcrumb\":{\"@id\":\"https:\/\/premioveprodukty.eu\/produkt\/zosity\/#breadcrumb\"},\"inLanguage\":\"ru-RU\",\"potentialAction\":[{\"@type\":\"ReadAction\",\"target\":[\"https:\/\/premioveprodukty.eu\/produkt\/zosity\/\"]}]},{\"@type\":\"ImageObject\",\"inLanguage\":\"ru-RU\",\"@id\":\"https:\/\/premioveprodukty.eu\/produkt\/zosity\/#primaryimage\",\"url\":\"https:\/\/premioveprodukty.eu\/wp-content\/uploads\/2023\/10\/20231016_103707.jpg\",\"contentUrl\":\"https:\/\/premioveprodukty.eu\/wp-content\/uploads\/2023\/10\/20231016_103707.jpg\",\"width\":1450,\"height\":2010,\"caption\":\"zosit_a4_linajky_16mm\"},{\"@type\":\"BreadcrumbList\",\"@id\":\"https:\/\/premioveprodukty.eu\/produkt\/zosity\/#breadcrumb\",\"itemListElement\":[{\"@type\":\"ListItem\",\"position\":1,\"name\":\"Domovsk\u00e1 str\u00e1nka\",\"item\":\"https:\/\/premioveprodukty.eu\/\"},{\"@type\":\"ListItem\",\"position\":2,\"name\":\"Obchod\",\"item\":\"https:\/\/premioveprodukty.eu\/obchod\/\"},{\"@type\":\"ListItem\",\"position\":3,\"name\":\"Zo\u0161it A4 linajkov\u00fd 442 &#8211; Eur\u00f3pa\"}]},{\"@type\":\"WebSite\",\"@id\":\"https:\/\/premioveprodukty.eu\/#website\",\"url\":\"https:\/\/premioveprodukty.eu\/\",\"name\":\"Premiov\u00e9 produkty\",\"description\":\"kvalitn\u00e9 produkty pre V\u00e1\u0161 \u017eivot a b\u00fdvanie\",\"potentialAction\":[{\"@type\":\"SearchAction\",\"target\":{\"@type\":\"EntryPoint\",\"urlTemplate\":\"https:\/\/premioveprodukty.eu\/?s={search_term_string}\"},\"query-input\":{\"@type\":\"PropertyValueSpecification\",\"valueRequired\":true,\"valueName\":\"search_term_string\"}}],\"inLanguage\":\"ru-RU\"}]}<\/script>\n<!-- \/ Yoast SEO plugin. -->","yoast_head_json":{"title":"[:sk]Zo\u0161it A4 linajkov\u00fd 442 - Eur\u00f3pa[:]","description":"40-stranov\u00fd zo\u0161it ve\u013ekos\u0165 A4 linajkov\u00fd so \u0161peci\u00e1lnym linajkovan\u00edm 16 mm","robots":{"index":"index","follow":"follow","max-snippet":"max-snippet:-1","max-image-preview":"max-image-preview:large","max-video-preview":"max-video-preview:-1"},"canonical":"https:\/\/premioveprodukty.eu\/produkt\/zosity\/","og_locale":"ru_RU","og_type":"article","og_title":"[:sk]Zo\u0161it A4 linajkov\u00fd 442 - Eur\u00f3pa[:]","og_description":"40-stranov\u00fd zo\u0161it ve\u013ekos\u0165 A4 linajkov\u00fd so \u0161peci\u00e1lnym linajkovan\u00edm 16 mm","og_url":"https:\/\/premioveprodukty.eu\/produkt\/zosity\/","og_site_name":"Premiov\u00e9 produkty","article_modified_time":"2023-10-17T11:32:06+00:00","og_image":[{"width":1450,"height":2010,"url":"https:\/\/premioveprodukty.eu\/wp-content\/uploads\/2023\/10\/20231016_103707.jpg","type":"image\/jpeg"}],"twitter_card":"summary_large_image","twitter_misc":{"\u041f\u0440\u0438\u043c\u0435\u0440\u043d\u043e\u0435 \u0432\u0440\u0435\u043c\u044f \u0434\u043b\u044f \u0447\u0442\u0435\u043d\u0438\u044f":"1 \u043c\u0438\u043d\u0443\u0442\u0430"},"schema":{"@context":"https:\/\/schema.org","@graph":[{"@type":"WebPage","@id":"https:\/\/premioveprodukty.eu\/produkt\/zosity\/","url":"https:\/\/premioveprodukty.eu\/produkt\/zosity\/","name":"[:sk]Zo\u0161it A4 linajkov\u00fd 442 - Eur\u00f3pa[:]","isPartOf":{"@id":"https:\/\/premioveprodukty.eu\/#website"},"primaryImageOfPage":{"@id":"https:\/\/premioveprodukty.eu\/produkt\/zosity\/#primaryimage"},"image":{"@id":"https:\/\/premioveprodukty.eu\/produkt\/zosity\/#primaryimage"},"thumbnailUrl":"https:\/\/premioveprodukty.eu\/wp-content\/uploads\/2023\/10\/20231016_103707.jpg","datePublished":"2023-10-16T07:12:36+00:00","dateModified":"2023-10-17T11:32:06+00:00","description":"40-stranov\u00fd zo\u0161it ve\u013ekos\u0165 A4 linajkov\u00fd so \u0161peci\u00e1lnym linajkovan\u00edm 16 mm","breadcrumb":{"@id":"https:\/\/premioveprodukty.eu\/produkt\/zosity\/#breadcrumb"},"inLanguage":"ru-RU","potentialAction":[{"@type":"ReadAction","target":["https:\/\/premioveprodukty.eu\/produkt\/zosity\/"]}]},{"@type":"ImageObject","inLanguage":"ru-RU","@id":"https:\/\/premioveprodukty.eu\/produkt\/zosity\/#primaryimage","url":"https:\/\/premioveprodukty.eu\/wp-content\/uploads\/2023\/10\/20231016_103707.jpg","contentUrl":"https:\/\/premioveprodukty.eu\/wp-content\/uploads\/2023\/10\/20231016_103707.jpg","width":1450,"height":2010,"caption":"zosit_a4_linajky_16mm"},{"@type":"BreadcrumbList","@id":"https:\/\/premioveprodukty.eu\/produkt\/zosity\/#breadcrumb","itemListElement":[{"@type":"ListItem","position":1,"name":"Domovsk\u00e1 str\u00e1nka","item":"https:\/\/premioveprodukty.eu\/"},{"@type":"ListItem","position":2,"name":"Obchod","item":"https:\/\/premioveprodukty.eu\/obchod\/"},{"@type":"ListItem","position":3,"name":"Zo\u0161it A4 linajkov\u00fd 442 &#8211; Eur\u00f3pa"}]},{"@type":"WebSite","@id":"https:\/\/premioveprodukty.eu\/#website","url":"https:\/\/premioveprodukty.eu\/","name":"Premiov\u00e9 produkty","description":"kvalitn\u00e9 produkty pre V\u00e1\u0161 \u017eivot a b\u00fdvanie","potentialAction":[{"@type":"SearchAction","target":{"@type":"EntryPoint","urlTemplate":"https:\/\/premioveprodukty.eu\/?s={search_term_string}"},"query-input":{"@type":"PropertyValueSpecification","valueRequired":true,"valueName":"search_term_string"}}],"inLanguage":"ru-RU"}]}},"_links":{"self":[{"href":"https:\/\/premioveprodukty.eu\/ru\/wp-json\/wp\/v2\/product\/1320"}],"collection":[{"href":"https:\/\/premioveprodukty.eu\/ru\/wp-json\/wp\/v2\/product"}],"about":[{"href":"https:\/\/premioveprodukty.eu\/ru\/wp-json\/wp\/v2\/types\/product"}],"wp:featuredmedia":[{"embeddable":true,"href":"https:\/\/premioveprodukty.eu\/ru\/wp-json\/wp\/v2\/media\/1327"}],"wp:attachment":[{"href":"https:\/\/premioveprodukty.eu\/ru\/wp-json\/wp\/v2\/media?parent=1320"}],"curies":[{"name":"wp","href":"https:\/\/api.w.org\/{rel}","templated":true}]}}