{"id":1399,"date":"2025-07-20T21:44:00","date_gmt":"2025-07-20T19:44:00","guid":{"rendered":"https:\/\/premioveprodukty.eu\/?post_type=product&#038;p=1399"},"modified":"2025-11-24T12:09:01","modified_gmt":"2025-11-24T11:09:01","slug":"fogo-fh-3001r","status":"publish","type":"product","link":"https:\/\/premioveprodukty.eu\/ru\/produkt\/fogo-fh-3001r\/","title":{"rendered":"(K\u00f3pia)"},"content":{"rendered":"<p class=\"qtranxs-available-languages-message qtranxs-available-languages-message-ru\">\u0418\u0437\u0432\u0438\u043d\u0438\u0442\u0435, \u044d\u0442\u043e\u0442 \u0442\u0435\u0445\u0442 \u0434\u043e\u0441\u0442\u0443\u043f\u0435\u043d \u0442\u043e\u043b\u044c\u043a\u043e \u0432 &ldquo;<a href=\"https:\/\/premioveprodukty.eu\/sk\/wp-json\/wp\/v2\/product\/1399\" class=\"qtranxs-available-language-link qtranxs-available-language-link-sk\" title=\"Sloven\u010dina\">Sloven\u010dina<\/a>&rdquo; \u0438 &ldquo;<a href=\"https:\/\/premioveprodukty.eu\/en\/wp-json\/wp\/v2\/product\/1399\" class=\"qtranxs-available-language-link qtranxs-available-language-link-en\" title=\"English\">English<\/a>&rdquo;.<\/p>","protected":false},"excerpt":{"rendered":"<p class=\"qtranxs-available-languages-message qtranxs-available-languages-message-ru\">\u0418\u0437\u0432\u0438\u043d\u0438\u0442\u0435, \u044d\u0442\u043e\u0442 \u0442\u0435\u0445\u0442 \u0434\u043e\u0441\u0442\u0443\u043f\u0435\u043d \u0442\u043e\u043b\u044c\u043a\u043e \u0432 &ldquo;<a href=\"https:\/\/premioveprodukty.eu\/sk\/wp-json\/wp\/v2\/product\/1399\" class=\"qtranxs-available-language-link qtranxs-available-language-link-sk\" title=\"Sloven\u010dina\">Sloven\u010dina<\/a>&rdquo; \u0438 &ldquo;<a href=\"https:\/\/premioveprodukty.eu\/en\/wp-json\/wp\/v2\/product\/1399\" class=\"qtranxs-available-language-link qtranxs-available-language-link-en\" title=\"English\">English<\/a>&rdquo;.<\/p>\n","protected":false},"featured_media":1207,"template":"","meta":[],"class_list":["post-1399","product","type-product","status-publish","has-post-thumbnail","hentry","product_cat-jednofazove-do-33-kw","product_cat-jednofazove-elektrocentraly"],"yoast_head":"<!-- This site is optimized with the Yoast SEO plugin v25.6 - https:\/\/yoast.com\/wordpress\/plugins\/seo\/ -->\n<title>(K\u00f3pia)<\/title>\n<meta name=\"description\" content=\"Fogo FH 3001R je profesion\u00e1lna 1 - f\u00e1zov\u00e1 elektrocentr\u00e1la s dvoma z\u00e1suvkami 230 V, s AVR, Honda motor, max. v\u00fdkon 2,7 kW. Vyroben\u00e9 v E\u00da!\" \/>\n<meta name=\"robots\" content=\"index, follow, max-snippet:-1, max-image-preview:large, max-video-preview:-1\" \/>\n<link rel=\"canonical\" href=\"https:\/\/premioveprodukty.eu\/produkt\/fogo-fh-3001r\/\" \/>\n<meta property=\"og:locale\" content=\"ru_RU\" \/>\n<meta property=\"og:type\" content=\"article\" \/>\n<meta property=\"og:title\" content=\"[:sk]Fogo FH 3001R [:en]Fogo FH 3001R[:ru] (K\u00f3pia)[:]\" \/>\n<meta property=\"og:description\" content=\"Fogo FH 3001R je profesion\u00e1lna 1 - f\u00e1zov\u00e1 elektrocentr\u00e1la s dvoma z\u00e1suvkami 230 V, s AVR, Honda motor, max. v\u00fdkon 2,7 kW. Vyroben\u00e9 v E\u00da!\" \/>\n<meta property=\"og:url\" content=\"https:\/\/premioveprodukty.eu\/produkt\/fogo-fh-3001r\/\" \/>\n<meta property=\"og:site_name\" content=\"Premiov\u00e9 produkty\" \/>\n<meta property=\"article:modified_time\" content=\"2025-11-24T11:09:01+00:00\" \/>\n<meta property=\"og:image\" content=\"http:\/\/premioveprodukty.eu\/wp-content\/uploads\/2022\/11\/FOGO_FH-3001R-e1669716371807.jpg\" \/>\n\t<meta property=\"og:image:width\" content=\"450\" \/>\n\t<meta property=\"og:image:height\" content=\"265\" \/>\n\t<meta property=\"og:image:type\" content=\"image\/jpeg\" \/>\n<meta name=\"twitter:card\" content=\"summary_large_image\" \/>\n<meta name=\"twitter:label1\" content=\"\u041f\u0440\u0438\u043c\u0435\u0440\u043d\u043e\u0435 \u0432\u0440\u0435\u043c\u044f \u0434\u043b\u044f \u0447\u0442\u0435\u043d\u0438\u044f\" \/>\n\t<meta name=\"twitter:data1\" content=\"1 \u043c\u0438\u043d\u0443\u0442\u0430\" \/>\n<script type=\"application\/ld+json\" class=\"yoast-schema-graph\">{\"@context\":\"https:\/\/schema.org\",\"@graph\":[{\"@type\":\"WebPage\",\"@id\":\"https:\/\/premioveprodukty.eu\/produkt\/fogo-fh-3001r\/\",\"url\":\"https:\/\/premioveprodukty.eu\/produkt\/fogo-fh-3001r\/\",\"name\":\"[:sk]Fogo FH 3001R [:en]Fogo FH 3001R[:ru] (K\u00f3pia)[:]\",\"isPartOf\":{\"@id\":\"https:\/\/premioveprodukty.eu\/#website\"},\"primaryImageOfPage\":{\"@id\":\"https:\/\/premioveprodukty.eu\/produkt\/fogo-fh-3001r\/#primaryimage\"},\"image\":{\"@id\":\"https:\/\/premioveprodukty.eu\/produkt\/fogo-fh-3001r\/#primaryimage\"},\"thumbnailUrl\":\"https:\/\/premioveprodukty.eu\/wp-content\/uploads\/2022\/11\/FOGO_FH-3001R-e1669716371807.jpg\",\"datePublished\":\"2025-07-20T19:44:00+00:00\",\"dateModified\":\"2025-11-24T11:09:01+00:00\",\"description\":\"Fogo FH 3001R je profesion\u00e1lna 1 - f\u00e1zov\u00e1 elektrocentr\u00e1la s dvoma z\u00e1suvkami 230 V, s AVR, Honda motor, max. v\u00fdkon 2,7 kW. Vyroben\u00e9 v E\u00da!\",\"breadcrumb\":{\"@id\":\"https:\/\/premioveprodukty.eu\/produkt\/fogo-fh-3001r\/#breadcrumb\"},\"inLanguage\":\"ru-RU\",\"potentialAction\":[{\"@type\":\"ReadAction\",\"target\":[\"https:\/\/premioveprodukty.eu\/produkt\/fogo-fh-3001r\/\"]}]},{\"@type\":\"ImageObject\",\"inLanguage\":\"ru-RU\",\"@id\":\"https:\/\/premioveprodukty.eu\/produkt\/fogo-fh-3001r\/#primaryimage\",\"url\":\"https:\/\/premioveprodukty.eu\/wp-content\/uploads\/2022\/11\/FOGO_FH-3001R-e1669716371807.jpg\",\"contentUrl\":\"https:\/\/premioveprodukty.eu\/wp-content\/uploads\/2022\/11\/FOGO_FH-3001R-e1669716371807.jpg\",\"width\":450,\"height\":265},{\"@type\":\"BreadcrumbList\",\"@id\":\"https:\/\/premioveprodukty.eu\/produkt\/fogo-fh-3001r\/#breadcrumb\",\"itemListElement\":[{\"@type\":\"ListItem\",\"position\":1,\"name\":\"Domovsk\u00e1 str\u00e1nka\",\"item\":\"https:\/\/premioveprodukty.eu\/\"},{\"@type\":\"ListItem\",\"position\":2,\"name\":\"Obchod\",\"item\":\"https:\/\/premioveprodukty.eu\/obchod\/\"},{\"@type\":\"ListItem\",\"position\":3,\"name\":\"Fogo FH 3001R\"}]},{\"@type\":\"WebSite\",\"@id\":\"https:\/\/premioveprodukty.eu\/#website\",\"url\":\"https:\/\/premioveprodukty.eu\/\",\"name\":\"Premiov\u00e9 produkty\",\"description\":\"kvalitn\u00e9 produkty pre V\u00e1\u0161 \u017eivot a b\u00fdvanie\",\"potentialAction\":[{\"@type\":\"SearchAction\",\"target\":{\"@type\":\"EntryPoint\",\"urlTemplate\":\"https:\/\/premioveprodukty.eu\/?s={search_term_string}\"},\"query-input\":{\"@type\":\"PropertyValueSpecification\",\"valueRequired\":true,\"valueName\":\"search_term_string\"}}],\"inLanguage\":\"ru-RU\"}]}<\/script>\n<!-- \/ Yoast SEO plugin. -->","yoast_head_json":{"title":"[:sk]Fogo FH 3001R [:en]Fogo FH 3001R[:ru] (K\u00f3pia)[:]","description":"Fogo FH 3001R je profesion\u00e1lna 1 - f\u00e1zov\u00e1 elektrocentr\u00e1la s dvoma z\u00e1suvkami 230 V, s AVR, Honda motor, max. v\u00fdkon 2,7 kW. Vyroben\u00e9 v E\u00da!","robots":{"index":"index","follow":"follow","max-snippet":"max-snippet:-1","max-image-preview":"max-image-preview:large","max-video-preview":"max-video-preview:-1"},"canonical":"https:\/\/premioveprodukty.eu\/produkt\/fogo-fh-3001r\/","og_locale":"ru_RU","og_type":"article","og_title":"[:sk]Fogo FH 3001R [:en]Fogo FH 3001R[:ru] (K\u00f3pia)[:]","og_description":"Fogo FH 3001R je profesion\u00e1lna 1 - f\u00e1zov\u00e1 elektrocentr\u00e1la s dvoma z\u00e1suvkami 230 V, s AVR, Honda motor, max. v\u00fdkon 2,7 kW. Vyroben\u00e9 v E\u00da!","og_url":"https:\/\/premioveprodukty.eu\/produkt\/fogo-fh-3001r\/","og_site_name":"Premiov\u00e9 produkty","article_modified_time":"2025-11-24T11:09:01+00:00","og_image":[{"width":450,"height":265,"url":"http:\/\/premioveprodukty.eu\/wp-content\/uploads\/2022\/11\/FOGO_FH-3001R-e1669716371807.jpg","type":"image\/jpeg"}],"twitter_card":"summary_large_image","twitter_misc":{"\u041f\u0440\u0438\u043c\u0435\u0440\u043d\u043e\u0435 \u0432\u0440\u0435\u043c\u044f \u0434\u043b\u044f \u0447\u0442\u0435\u043d\u0438\u044f":"1 \u043c\u0438\u043d\u0443\u0442\u0430"},"schema":{"@context":"https:\/\/schema.org","@graph":[{"@type":"WebPage","@id":"https:\/\/premioveprodukty.eu\/produkt\/fogo-fh-3001r\/","url":"https:\/\/premioveprodukty.eu\/produkt\/fogo-fh-3001r\/","name":"[:sk]Fogo FH 3001R [:en]Fogo FH 3001R[:ru] (K\u00f3pia)[:]","isPartOf":{"@id":"https:\/\/premioveprodukty.eu\/#website"},"primaryImageOfPage":{"@id":"https:\/\/premioveprodukty.eu\/produkt\/fogo-fh-3001r\/#primaryimage"},"image":{"@id":"https:\/\/premioveprodukty.eu\/produkt\/fogo-fh-3001r\/#primaryimage"},"thumbnailUrl":"https:\/\/premioveprodukty.eu\/wp-content\/uploads\/2022\/11\/FOGO_FH-3001R-e1669716371807.jpg","datePublished":"2025-07-20T19:44:00+00:00","dateModified":"2025-11-24T11:09:01+00:00","description":"Fogo FH 3001R je profesion\u00e1lna 1 - f\u00e1zov\u00e1 elektrocentr\u00e1la s dvoma z\u00e1suvkami 230 V, s AVR, Honda motor, max. v\u00fdkon 2,7 kW. Vyroben\u00e9 v E\u00da!","breadcrumb":{"@id":"https:\/\/premioveprodukty.eu\/produkt\/fogo-fh-3001r\/#breadcrumb"},"inLanguage":"ru-RU","potentialAction":[{"@type":"ReadAction","target":["https:\/\/premioveprodukty.eu\/produkt\/fogo-fh-3001r\/"]}]},{"@type":"ImageObject","inLanguage":"ru-RU","@id":"https:\/\/premioveprodukty.eu\/produkt\/fogo-fh-3001r\/#primaryimage","url":"https:\/\/premioveprodukty.eu\/wp-content\/uploads\/2022\/11\/FOGO_FH-3001R-e1669716371807.jpg","contentUrl":"https:\/\/premioveprodukty.eu\/wp-content\/uploads\/2022\/11\/FOGO_FH-3001R-e1669716371807.jpg","width":450,"height":265},{"@type":"BreadcrumbList","@id":"https:\/\/premioveprodukty.eu\/produkt\/fogo-fh-3001r\/#breadcrumb","itemListElement":[{"@type":"ListItem","position":1,"name":"Domovsk\u00e1 str\u00e1nka","item":"https:\/\/premioveprodukty.eu\/"},{"@type":"ListItem","position":2,"name":"Obchod","item":"https:\/\/premioveprodukty.eu\/obchod\/"},{"@type":"ListItem","position":3,"name":"Fogo FH 3001R"}]},{"@type":"WebSite","@id":"https:\/\/premioveprodukty.eu\/#website","url":"https:\/\/premioveprodukty.eu\/","name":"Premiov\u00e9 produkty","description":"kvalitn\u00e9 produkty pre V\u00e1\u0161 \u017eivot a b\u00fdvanie","potentialAction":[{"@type":"SearchAction","target":{"@type":"EntryPoint","urlTemplate":"https:\/\/premioveprodukty.eu\/?s={search_term_string}"},"query-input":{"@type":"PropertyValueSpecification","valueRequired":true,"valueName":"search_term_string"}}],"inLanguage":"ru-RU"}]}},"_links":{"self":[{"href":"https:\/\/premioveprodukty.eu\/ru\/wp-json\/wp\/v2\/product\/1399"}],"collection":[{"href":"https:\/\/premioveprodukty.eu\/ru\/wp-json\/wp\/v2\/product"}],"about":[{"href":"https:\/\/premioveprodukty.eu\/ru\/wp-json\/wp\/v2\/types\/product"}],"wp:featuredmedia":[{"embeddable":true,"href":"https:\/\/premioveprodukty.eu\/ru\/wp-json\/wp\/v2\/media\/1207"}],"wp:attachment":[{"href":"https:\/\/premioveprodukty.eu\/ru\/wp-json\/wp\/v2\/media?parent=1399"}],"curies":[{"name":"wp","href":"https:\/\/api.w.org\/{rel}","templated":true}]}}