{"id":867,"date":"2021-02-01T22:58:04","date_gmt":"2021-02-01T21:58:04","guid":{"rendered":"http:\/\/premioveprodukty.eu\/?post_type=product&#038;p=867"},"modified":"2022-04-27T13:12:23","modified_gmt":"2022-04-27T11:12:23","slug":"roger-bh30-1004-hs-sada-brushless-superrychleho-pohonu-do-1000kg-vahy-brany-obsahujuca-pohon-riadiacu-jednotku-s-prijimacom-2-ovladace","status":"publish","type":"product","link":"https:\/\/premioveprodukty.eu\/ru\/produkt\/roger-bh30-1004-hs-sada-brushless-superrychleho-pohonu-do-1000kg-vahy-brany-obsahujuca-pohon-riadiacu-jednotku-s-prijimacom-2-ovladace\/","title":{"rendered":"(Sloven\u010dina) Roger BH30\/1004\/HS &#8211; sada brushless superr\u00fdchleho pohonu do 1000kg v\u00e1hy br\u00e1ny obsahuj\u00faca pohon, riadiacu jednotku s prij\u00edma\u010dom, 2 ovl\u00e1da\u010de"},"content":{"rendered":"<p class=\"qtranxs-available-languages-message qtranxs-available-languages-message-ru\">\u0418\u0437\u0432\u0438\u043d\u0438\u0442\u0435, \u044d\u0442\u043e\u0442 \u0442\u0435\u0445\u0442 \u0434\u043e\u0441\u0442\u0443\u043f\u0435\u043d \u0442\u043e\u043b\u044c\u043a\u043e \u0432 &ldquo;<a href=\"https:\/\/premioveprodukty.eu\/sk\/wp-json\/wp\/v2\/product\/867\" class=\"qtranxs-available-language-link qtranxs-available-language-link-sk\" title=\"Sloven\u010dina\">Sloven\u010dina<\/a>&rdquo;.<\/p>","protected":false},"excerpt":{"rendered":"<p class=\"qtranxs-available-languages-message qtranxs-available-languages-message-ru\">\u0418\u0437\u0432\u0438\u043d\u0438\u0442\u0435, \u044d\u0442\u043e\u0442 \u0442\u0435\u0445\u0442 \u0434\u043e\u0441\u0442\u0443\u043f\u0435\u043d \u0442\u043e\u043b\u044c\u043a\u043e \u0432 &ldquo;<a href=\"https:\/\/premioveprodukty.eu\/sk\/wp-json\/wp\/v2\/product\/867\" class=\"qtranxs-available-language-link qtranxs-available-language-link-sk\" title=\"Sloven\u010dina\">Sloven\u010dina<\/a>&rdquo;.<\/p>\n","protected":false},"featured_media":868,"template":"","meta":[],"class_list":["post-867","product","type-product","status-publish","has-post-thumbnail","hentry","product_cat-sady-posuvnych-pohonov-bran"],"yoast_head":"<!-- This site is optimized with the Yoast SEO plugin v25.6 - https:\/\/yoast.com\/wordpress\/plugins\/seo\/ -->\n<title><\/title>\n<meta name=\"description\" content=\"Sada superr\u00fdchleho pohonu s dia\u013ekov\u00fdmi ovl\u00e1da\u010dmi pre posuvn\u00e9 br\u00e1ny do hmotnosti 1000 kg. Tento pohon je vhodn\u00fd aj do intenz\u00edvnej prev\u00e1dzky.\" \/>\n<meta name=\"robots\" content=\"index, follow, max-snippet:-1, max-image-preview:large, max-video-preview:-1\" \/>\n<link rel=\"canonical\" href=\"https:\/\/premioveprodukty.eu\/en\/produkt\/roger-bh30-1004-hs-sada-brushless-superrychleho-pohonu-do-1000kg-vahy-brany-obsahujuca-pohon-riadiacu-jednotku-s-prijimacom-2-ovladace\/\" \/>\n<meta property=\"og:locale\" content=\"ru_RU\" \/>\n<meta property=\"og:type\" content=\"article\" \/>\n<meta property=\"og:title\" content=\"[:sk]Roger BH30\/1004\/HS - sada brushless superr\u00fdchleho pohonu do 1000kg v\u00e1hy br\u00e1ny obsahuj\u00faca pohon, riadiacu jednotku s prij\u00edma\u010dom, 2 ovl\u00e1da\u010de[:]\" \/>\n<meta property=\"og:description\" content=\"Sada superr\u00fdchleho pohonu s dia\u013ekov\u00fdmi ovl\u00e1da\u010dmi pre posuvn\u00e9 br\u00e1ny do hmotnosti 1000 kg. Tento pohon je vhodn\u00fd aj do intenz\u00edvnej prev\u00e1dzky.\" \/>\n<meta property=\"og:url\" content=\"https:\/\/premioveprodukty.eu\/en\/produkt\/roger-bh30-1004-hs-sada-brushless-superrychleho-pohonu-do-1000kg-vahy-brany-obsahujuca-pohon-riadiacu-jednotku-s-prijimacom-2-ovladace\/\" \/>\n<meta property=\"og:site_name\" content=\"Premiov\u00e9 produkty\" \/>\n<meta property=\"article:modified_time\" content=\"2022-04-27T11:12:23+00:00\" \/>\n<meta property=\"og:image\" content=\"https:\/\/premioveprodukty.eu\/wp-content\/uploads\/2021\/02\/H30_630-samostatny-pohon-1.jpg\" \/>\n\t<meta property=\"og:image:width\" content=\"2048\" \/>\n\t<meta property=\"og:image:height\" content=\"1536\" \/>\n\t<meta property=\"og:image:type\" content=\"image\/jpeg\" \/>\n<meta name=\"twitter:card\" content=\"summary_large_image\" \/>\n<meta name=\"twitter:label1\" content=\"\u041f\u0440\u0438\u043c\u0435\u0440\u043d\u043e\u0435 \u0432\u0440\u0435\u043c\u044f \u0434\u043b\u044f \u0447\u0442\u0435\u043d\u0438\u044f\" \/>\n\t<meta name=\"twitter:data1\" content=\"1 \u043c\u0438\u043d\u0443\u0442\u0430\" \/>\n<script type=\"application\/ld+json\" class=\"yoast-schema-graph\">{\"@context\":\"https:\/\/schema.org\",\"@graph\":[{\"@type\":\"WebPage\",\"@id\":\"https:\/\/premioveprodukty.eu\/en\/produkt\/roger-bh30-1004-hs-sada-brushless-superrychleho-pohonu-do-1000kg-vahy-brany-obsahujuca-pohon-riadiacu-jednotku-s-prijimacom-2-ovladace\/\",\"url\":\"https:\/\/premioveprodukty.eu\/en\/produkt\/roger-bh30-1004-hs-sada-brushless-superrychleho-pohonu-do-1000kg-vahy-brany-obsahujuca-pohon-riadiacu-jednotku-s-prijimacom-2-ovladace\/\",\"name\":\"[:sk]Roger BH30\/1004\/HS - sada brushless superr\u00fdchleho pohonu do 1000kg v\u00e1hy br\u00e1ny obsahuj\u00faca pohon, riadiacu jednotku s prij\u00edma\u010dom, 2 ovl\u00e1da\u010de[:]\",\"isPartOf\":{\"@id\":\"https:\/\/premioveprodukty.eu\/#website\"},\"primaryImageOfPage\":{\"@id\":\"https:\/\/premioveprodukty.eu\/en\/produkt\/roger-bh30-1004-hs-sada-brushless-superrychleho-pohonu-do-1000kg-vahy-brany-obsahujuca-pohon-riadiacu-jednotku-s-prijimacom-2-ovladace\/#primaryimage\"},\"image\":{\"@id\":\"https:\/\/premioveprodukty.eu\/en\/produkt\/roger-bh30-1004-hs-sada-brushless-superrychleho-pohonu-do-1000kg-vahy-brany-obsahujuca-pohon-riadiacu-jednotku-s-prijimacom-2-ovladace\/#primaryimage\"},\"thumbnailUrl\":\"https:\/\/premioveprodukty.eu\/wp-content\/uploads\/2021\/02\/H30_630-samostatny-pohon-1.jpg\",\"datePublished\":\"2021-02-01T21:58:04+00:00\",\"dateModified\":\"2022-04-27T11:12:23+00:00\",\"description\":\"Sada superr\u00fdchleho pohonu s dia\u013ekov\u00fdmi ovl\u00e1da\u010dmi pre posuvn\u00e9 br\u00e1ny do hmotnosti 1000 kg. Tento pohon je vhodn\u00fd aj do intenz\u00edvnej prev\u00e1dzky.\",\"breadcrumb\":{\"@id\":\"https:\/\/premioveprodukty.eu\/en\/produkt\/roger-bh30-1004-hs-sada-brushless-superrychleho-pohonu-do-1000kg-vahy-brany-obsahujuca-pohon-riadiacu-jednotku-s-prijimacom-2-ovladace\/#breadcrumb\"},\"inLanguage\":\"ru-RU\",\"potentialAction\":[{\"@type\":\"ReadAction\",\"target\":[\"https:\/\/premioveprodukty.eu\/en\/produkt\/roger-bh30-1004-hs-sada-brushless-superrychleho-pohonu-do-1000kg-vahy-brany-obsahujuca-pohon-riadiacu-jednotku-s-prijimacom-2-ovladace\/\"]}]},{\"@type\":\"ImageObject\",\"inLanguage\":\"ru-RU\",\"@id\":\"https:\/\/premioveprodukty.eu\/en\/produkt\/roger-bh30-1004-hs-sada-brushless-superrychleho-pohonu-do-1000kg-vahy-brany-obsahujuca-pohon-riadiacu-jednotku-s-prijimacom-2-ovladace\/#primaryimage\",\"url\":\"https:\/\/premioveprodukty.eu\/wp-content\/uploads\/2021\/02\/H30_630-samostatny-pohon-1.jpg\",\"contentUrl\":\"https:\/\/premioveprodukty.eu\/wp-content\/uploads\/2021\/02\/H30_630-samostatny-pohon-1.jpg\",\"width\":2048,\"height\":1536},{\"@type\":\"BreadcrumbList\",\"@id\":\"https:\/\/premioveprodukty.eu\/en\/produkt\/roger-bh30-1004-hs-sada-brushless-superrychleho-pohonu-do-1000kg-vahy-brany-obsahujuca-pohon-riadiacu-jednotku-s-prijimacom-2-ovladace\/#breadcrumb\",\"itemListElement\":[{\"@type\":\"ListItem\",\"position\":1,\"name\":\"Domovsk\u00e1 str\u00e1nka\",\"item\":\"https:\/\/premioveprodukty.eu\/\"},{\"@type\":\"ListItem\",\"position\":2,\"name\":\"Obchod\",\"item\":\"https:\/\/premioveprodukty.eu\/obchod\/\"},{\"@type\":\"ListItem\",\"position\":3,\"name\":\"(Sloven\u010dina) Roger BH30\/1004\/HS &#8211; sada brushless superr\u00fdchleho pohonu do 1000kg v\u00e1hy br\u00e1ny obsahuj\u00faca pohon, riadiacu jednotku s prij\u00edma\u010dom, 2 ovl\u00e1da\u010de\"}]},{\"@type\":\"WebSite\",\"@id\":\"https:\/\/premioveprodukty.eu\/#website\",\"url\":\"https:\/\/premioveprodukty.eu\/\",\"name\":\"Premiov\u00e9 produkty\",\"description\":\"kvalitn\u00e9 produkty pre V\u00e1\u0161 \u017eivot a b\u00fdvanie\",\"potentialAction\":[{\"@type\":\"SearchAction\",\"target\":{\"@type\":\"EntryPoint\",\"urlTemplate\":\"https:\/\/premioveprodukty.eu\/?s={search_term_string}\"},\"query-input\":{\"@type\":\"PropertyValueSpecification\",\"valueRequired\":true,\"valueName\":\"search_term_string\"}}],\"inLanguage\":\"ru-RU\"}]}<\/script>\n<!-- \/ Yoast SEO plugin. -->","yoast_head_json":{"title":"[:sk]Roger BH30\/1004\/HS - sada brushless superr\u00fdchleho pohonu do 1000kg v\u00e1hy br\u00e1ny obsahuj\u00faca pohon, riadiacu jednotku s prij\u00edma\u010dom, 2 ovl\u00e1da\u010de[:]","description":"Sada superr\u00fdchleho pohonu s dia\u013ekov\u00fdmi ovl\u00e1da\u010dmi pre posuvn\u00e9 br\u00e1ny do hmotnosti 1000 kg. Tento pohon je vhodn\u00fd aj do intenz\u00edvnej prev\u00e1dzky.","robots":{"index":"index","follow":"follow","max-snippet":"max-snippet:-1","max-image-preview":"max-image-preview:large","max-video-preview":"max-video-preview:-1"},"canonical":"https:\/\/premioveprodukty.eu\/en\/produkt\/roger-bh30-1004-hs-sada-brushless-superrychleho-pohonu-do-1000kg-vahy-brany-obsahujuca-pohon-riadiacu-jednotku-s-prijimacom-2-ovladace\/","og_locale":"ru_RU","og_type":"article","og_title":"[:sk]Roger BH30\/1004\/HS - sada brushless superr\u00fdchleho pohonu do 1000kg v\u00e1hy br\u00e1ny obsahuj\u00faca pohon, riadiacu jednotku s prij\u00edma\u010dom, 2 ovl\u00e1da\u010de[:]","og_description":"Sada superr\u00fdchleho pohonu s dia\u013ekov\u00fdmi ovl\u00e1da\u010dmi pre posuvn\u00e9 br\u00e1ny do hmotnosti 1000 kg. Tento pohon je vhodn\u00fd aj do intenz\u00edvnej prev\u00e1dzky.","og_url":"https:\/\/premioveprodukty.eu\/en\/produkt\/roger-bh30-1004-hs-sada-brushless-superrychleho-pohonu-do-1000kg-vahy-brany-obsahujuca-pohon-riadiacu-jednotku-s-prijimacom-2-ovladace\/","og_site_name":"Premiov\u00e9 produkty","article_modified_time":"2022-04-27T11:12:23+00:00","og_image":[{"width":2048,"height":1536,"url":"https:\/\/premioveprodukty.eu\/wp-content\/uploads\/2021\/02\/H30_630-samostatny-pohon-1.jpg","type":"image\/jpeg"}],"twitter_card":"summary_large_image","twitter_misc":{"\u041f\u0440\u0438\u043c\u0435\u0440\u043d\u043e\u0435 \u0432\u0440\u0435\u043c\u044f \u0434\u043b\u044f \u0447\u0442\u0435\u043d\u0438\u044f":"1 \u043c\u0438\u043d\u0443\u0442\u0430"},"schema":{"@context":"https:\/\/schema.org","@graph":[{"@type":"WebPage","@id":"https:\/\/premioveprodukty.eu\/en\/produkt\/roger-bh30-1004-hs-sada-brushless-superrychleho-pohonu-do-1000kg-vahy-brany-obsahujuca-pohon-riadiacu-jednotku-s-prijimacom-2-ovladace\/","url":"https:\/\/premioveprodukty.eu\/en\/produkt\/roger-bh30-1004-hs-sada-brushless-superrychleho-pohonu-do-1000kg-vahy-brany-obsahujuca-pohon-riadiacu-jednotku-s-prijimacom-2-ovladace\/","name":"[:sk]Roger BH30\/1004\/HS - sada brushless superr\u00fdchleho pohonu do 1000kg v\u00e1hy br\u00e1ny obsahuj\u00faca pohon, riadiacu jednotku s prij\u00edma\u010dom, 2 ovl\u00e1da\u010de[:]","isPartOf":{"@id":"https:\/\/premioveprodukty.eu\/#website"},"primaryImageOfPage":{"@id":"https:\/\/premioveprodukty.eu\/en\/produkt\/roger-bh30-1004-hs-sada-brushless-superrychleho-pohonu-do-1000kg-vahy-brany-obsahujuca-pohon-riadiacu-jednotku-s-prijimacom-2-ovladace\/#primaryimage"},"image":{"@id":"https:\/\/premioveprodukty.eu\/en\/produkt\/roger-bh30-1004-hs-sada-brushless-superrychleho-pohonu-do-1000kg-vahy-brany-obsahujuca-pohon-riadiacu-jednotku-s-prijimacom-2-ovladace\/#primaryimage"},"thumbnailUrl":"https:\/\/premioveprodukty.eu\/wp-content\/uploads\/2021\/02\/H30_630-samostatny-pohon-1.jpg","datePublished":"2021-02-01T21:58:04+00:00","dateModified":"2022-04-27T11:12:23+00:00","description":"Sada superr\u00fdchleho pohonu s dia\u013ekov\u00fdmi ovl\u00e1da\u010dmi pre posuvn\u00e9 br\u00e1ny do hmotnosti 1000 kg. Tento pohon je vhodn\u00fd aj do intenz\u00edvnej prev\u00e1dzky.","breadcrumb":{"@id":"https:\/\/premioveprodukty.eu\/en\/produkt\/roger-bh30-1004-hs-sada-brushless-superrychleho-pohonu-do-1000kg-vahy-brany-obsahujuca-pohon-riadiacu-jednotku-s-prijimacom-2-ovladace\/#breadcrumb"},"inLanguage":"ru-RU","potentialAction":[{"@type":"ReadAction","target":["https:\/\/premioveprodukty.eu\/en\/produkt\/roger-bh30-1004-hs-sada-brushless-superrychleho-pohonu-do-1000kg-vahy-brany-obsahujuca-pohon-riadiacu-jednotku-s-prijimacom-2-ovladace\/"]}]},{"@type":"ImageObject","inLanguage":"ru-RU","@id":"https:\/\/premioveprodukty.eu\/en\/produkt\/roger-bh30-1004-hs-sada-brushless-superrychleho-pohonu-do-1000kg-vahy-brany-obsahujuca-pohon-riadiacu-jednotku-s-prijimacom-2-ovladace\/#primaryimage","url":"https:\/\/premioveprodukty.eu\/wp-content\/uploads\/2021\/02\/H30_630-samostatny-pohon-1.jpg","contentUrl":"https:\/\/premioveprodukty.eu\/wp-content\/uploads\/2021\/02\/H30_630-samostatny-pohon-1.jpg","width":2048,"height":1536},{"@type":"BreadcrumbList","@id":"https:\/\/premioveprodukty.eu\/en\/produkt\/roger-bh30-1004-hs-sada-brushless-superrychleho-pohonu-do-1000kg-vahy-brany-obsahujuca-pohon-riadiacu-jednotku-s-prijimacom-2-ovladace\/#breadcrumb","itemListElement":[{"@type":"ListItem","position":1,"name":"Domovsk\u00e1 str\u00e1nka","item":"https:\/\/premioveprodukty.eu\/"},{"@type":"ListItem","position":2,"name":"Obchod","item":"https:\/\/premioveprodukty.eu\/obchod\/"},{"@type":"ListItem","position":3,"name":"(Sloven\u010dina) Roger BH30\/1004\/HS &#8211; sada brushless superr\u00fdchleho pohonu do 1000kg v\u00e1hy br\u00e1ny obsahuj\u00faca pohon, riadiacu jednotku s prij\u00edma\u010dom, 2 ovl\u00e1da\u010de"}]},{"@type":"WebSite","@id":"https:\/\/premioveprodukty.eu\/#website","url":"https:\/\/premioveprodukty.eu\/","name":"Premiov\u00e9 produkty","description":"kvalitn\u00e9 produkty pre V\u00e1\u0161 \u017eivot a b\u00fdvanie","potentialAction":[{"@type":"SearchAction","target":{"@type":"EntryPoint","urlTemplate":"https:\/\/premioveprodukty.eu\/?s={search_term_string}"},"query-input":{"@type":"PropertyValueSpecification","valueRequired":true,"valueName":"search_term_string"}}],"inLanguage":"ru-RU"}]}},"_links":{"self":[{"href":"https:\/\/premioveprodukty.eu\/ru\/wp-json\/wp\/v2\/product\/867"}],"collection":[{"href":"https:\/\/premioveprodukty.eu\/ru\/wp-json\/wp\/v2\/product"}],"about":[{"href":"https:\/\/premioveprodukty.eu\/ru\/wp-json\/wp\/v2\/types\/product"}],"wp:featuredmedia":[{"embeddable":true,"href":"https:\/\/premioveprodukty.eu\/ru\/wp-json\/wp\/v2\/media\/868"}],"wp:attachment":[{"href":"https:\/\/premioveprodukty.eu\/ru\/wp-json\/wp\/v2\/media?parent=867"}],"curies":[{"name":"wp","href":"https:\/\/api.w.org\/{rel}","templated":true}]}}