{"id":877,"date":"2021-02-02T22:03:24","date_gmt":"2021-02-02T21:03:24","guid":{"rendered":"http:\/\/premioveprodukty.eu\/?post_type=product&#038;p=877"},"modified":"2021-02-02T22:06:55","modified_gmt":"2021-02-02T21:06:55","slug":"roger-monos-s4-220-2v-go-sada-pohonov-obsahujuca-2-pohony-1-riadiacu-jednotku-s-prijimacom-a-2-ovladace-1-par-fotobuniek","status":"publish","type":"product","link":"https:\/\/premioveprodukty.eu\/ru\/produkt\/roger-monos-s4-220-2v-go-sada-pohonov-obsahujuca-2-pohony-1-riadiacu-jednotku-s-prijimacom-a-2-ovladace-1-par-fotobuniek\/","title":{"rendered":"(Sloven\u010dina) Roger MONOS S4 220\/2V\/GO &#8211; sada pohonov obsahuj\u00faca 2 pohony, 1 riadiacu jednotku s prij\u00edma\u010dom a 2 ovl\u00e1da\u010de, 1 p\u00e1r fotobuniek"},"content":{"rendered":"<p class=\"qtranxs-available-languages-message qtranxs-available-languages-message-ru\">\u0418\u0437\u0432\u0438\u043d\u0438\u0442\u0435, \u044d\u0442\u043e\u0442 \u0442\u0435\u0445\u0442 \u0434\u043e\u0441\u0442\u0443\u043f\u0435\u043d \u0442\u043e\u043b\u044c\u043a\u043e \u0432 &ldquo;<a href=\"https:\/\/premioveprodukty.eu\/sk\/wp-json\/wp\/v2\/product\/877\" class=\"qtranxs-available-language-link qtranxs-available-language-link-sk\" title=\"Sloven\u010dina\">Sloven\u010dina<\/a>&rdquo;.<\/p>","protected":false},"excerpt":{"rendered":"<p class=\"qtranxs-available-languages-message qtranxs-available-languages-message-ru\">\u0418\u0437\u0432\u0438\u043d\u0438\u0442\u0435, \u044d\u0442\u043e\u0442 \u0442\u0435\u0445\u0442 \u0434\u043e\u0441\u0442\u0443\u043f\u0435\u043d \u0442\u043e\u043b\u044c\u043a\u043e \u0432 &ldquo;<a href=\"https:\/\/premioveprodukty.eu\/sk\/wp-json\/wp\/v2\/product\/877\" class=\"qtranxs-available-language-link qtranxs-available-language-link-sk\" title=\"Sloven\u010dina\">Sloven\u010dina<\/a>&rdquo;.<\/p>\n","protected":false},"featured_media":878,"template":"","meta":[],"class_list":["post-877","product","type-product","status-publish","has-post-thumbnail","hentry","product_cat-pohony-kridlovych-bran"],"yoast_head":"<!-- This site is optimized with the Yoast SEO plugin v25.6 - https:\/\/yoast.com\/wordpress\/plugins\/seo\/ -->\n<title><\/title>\n<meta name=\"robots\" content=\"index, follow, max-snippet:-1, max-image-preview:large, max-video-preview:-1\" \/>\n<link rel=\"canonical\" href=\"https:\/\/premioveprodukty.eu\/en\/produkt\/roger-monos-s4-220-2v-go-sada-pohonov-obsahujuca-2-pohony-1-riadiacu-jednotku-s-prijimacom-a-2-ovladace-1-par-fotobuniek\/\" \/>\n<meta property=\"og:locale\" content=\"ru_RU\" \/>\n<meta property=\"og:type\" content=\"article\" \/>\n<meta property=\"og:title\" content=\"[:sk]Roger MONOS S4 220\/2V\/GO - sada pohonov obsahuj\u00faca 2 pohony, 1 riadiacu jednotku s prij\u00edma\u010dom a 2 ovl\u00e1da\u010de, 1 p\u00e1r fotobuniek[:] - Premiov\u00e9 produkty\" \/>\n<meta property=\"og:description\" content=\"[:sk]&nbsp;    Ve\u013emi siln\u00fd, robustn\u00fd v\u00fdsuvn\u00fd pohon s vn\u00fatorn\u00fdm z\u00e1vitov\u00fdm mechanizmom.   Extr\u00e9mne siln\u00e1 odblokovacia p\u00e1ka s valcovou vlo\u017ekou z\u00e1mku a k\u013e\u00fa\u010dom. V\u00fdnimo\u010dne robustn\u00e1, pru\u017en\u00e1 odblokovacia p\u00e1ka zais\u0165uje bezprobl\u00e9mov\u00e9 a jednoduch\u00e9 odblokovanie  Vrchn\u00fd oce\u013eov\u00fd obal s priemerom 32 mm je vyroben\u00fd z oce\u013ee rady AISI 304 a je nastriekan\u00fd pr\u00e1\u0161kovou farbou  Predn\u00e1 a zadn\u00e1 vidlica je vyroben\u00e1 z odoln\u00e9ho odliatku hlin\u00edka a pripev\u0148uje sa na br\u00e1nu oce\u013eov\u00fdmi nastavite\u013en\u00fdmi dr\u017eiakmi skrutkovan\u00edm  Pohonov\u00e9 \u00fastrojenstvo je postaven\u00e9 na princ\u00edpe z\u00e1vitovej ty\u010de s priemerom 18 mm s hlin\u00edkovo - bronzovou prevodovkou  V\u0161etky nastavenia sa vykon\u00e1vaj\u00fa prostredn\u00edctvom v\u00fdberu predvolen\u00fdch parametrov\u00a0a nie prek\u00e1blovan\u00edm r\u00f4znych svoriek na riadiacej jednotke.  Pohon potrebuje koncov\u00fd doraz (zar\u00e1\u017eku) v strede br\u00e1ny.  Mo\u017enos\u0165 nastavenia re\u017eimu pr\u00e1ce pohonu, \u010diasto\u010dn\u00e9ho otvorenia, sp\u00f4sobu pr\u00e1ce fotobuniek, \u010dasu pauzy, automatick\u00e9ho zatv\u00e1rania, sp\u00f4sobu reakcie na v\u00fdpadok pr\u00fadu, mo\u017enosti dodatkov\u00e9ho nap\u00e1jania z alternat\u00edvneho zdroja energie, sp\u00f4sobu reagovania maj\u00e1ku, r\u00fdchlosti chodu, bodu zr\u00fdchlenia a spomalenia, reverzu br\u00e1ny, elektrick\u00e9ho z\u00e1mku, automatickej brzdy pohonu.[:]\" \/>\n<meta property=\"og:url\" content=\"https:\/\/premioveprodukty.eu\/en\/produkt\/roger-monos-s4-220-2v-go-sada-pohonov-obsahujuca-2-pohony-1-riadiacu-jednotku-s-prijimacom-a-2-ovladace-1-par-fotobuniek\/\" \/>\n<meta property=\"og:site_name\" content=\"Premiov\u00e9 produkty\" \/>\n<meta property=\"article:modified_time\" content=\"2021-02-02T21:06:55+00:00\" \/>\n<meta property=\"og:image\" content=\"https:\/\/premioveprodukty.eu\/wp-content\/uploads\/2021\/02\/roger-monos-fotobunky-majak.png\" \/>\n\t<meta property=\"og:image:width\" content=\"1000\" \/>\n\t<meta property=\"og:image:height\" content=\"1000\" \/>\n\t<meta property=\"og:image:type\" content=\"image\/png\" \/>\n<meta name=\"twitter:card\" content=\"summary_large_image\" \/>\n<meta name=\"twitter:label1\" content=\"\u041f\u0440\u0438\u043c\u0435\u0440\u043d\u043e\u0435 \u0432\u0440\u0435\u043c\u044f \u0434\u043b\u044f \u0447\u0442\u0435\u043d\u0438\u044f\" \/>\n\t<meta name=\"twitter:data1\" content=\"1 \u043c\u0438\u043d\u0443\u0442\u0430\" \/>\n<script type=\"application\/ld+json\" class=\"yoast-schema-graph\">{\"@context\":\"https:\/\/schema.org\",\"@graph\":[{\"@type\":\"WebPage\",\"@id\":\"https:\/\/premioveprodukty.eu\/en\/produkt\/roger-monos-s4-220-2v-go-sada-pohonov-obsahujuca-2-pohony-1-riadiacu-jednotku-s-prijimacom-a-2-ovladace-1-par-fotobuniek\/\",\"url\":\"https:\/\/premioveprodukty.eu\/en\/produkt\/roger-monos-s4-220-2v-go-sada-pohonov-obsahujuca-2-pohony-1-riadiacu-jednotku-s-prijimacom-a-2-ovladace-1-par-fotobuniek\/\",\"name\":\"[:sk]Roger MONOS S4 220\/2V\/GO - sada pohonov obsahuj\u00faca 2 pohony, 1 riadiacu jednotku s prij\u00edma\u010dom a 2 ovl\u00e1da\u010de, 1 p\u00e1r fotobuniek[:] - Premiov\u00e9 produkty\",\"isPartOf\":{\"@id\":\"https:\/\/premioveprodukty.eu\/#website\"},\"primaryImageOfPage\":{\"@id\":\"https:\/\/premioveprodukty.eu\/en\/produkt\/roger-monos-s4-220-2v-go-sada-pohonov-obsahujuca-2-pohony-1-riadiacu-jednotku-s-prijimacom-a-2-ovladace-1-par-fotobuniek\/#primaryimage\"},\"image\":{\"@id\":\"https:\/\/premioveprodukty.eu\/en\/produkt\/roger-monos-s4-220-2v-go-sada-pohonov-obsahujuca-2-pohony-1-riadiacu-jednotku-s-prijimacom-a-2-ovladace-1-par-fotobuniek\/#primaryimage\"},\"thumbnailUrl\":\"https:\/\/premioveprodukty.eu\/wp-content\/uploads\/2021\/02\/roger-monos-fotobunky-majak.png\",\"datePublished\":\"2021-02-02T21:03:24+00:00\",\"dateModified\":\"2021-02-02T21:06:55+00:00\",\"breadcrumb\":{\"@id\":\"https:\/\/premioveprodukty.eu\/en\/produkt\/roger-monos-s4-220-2v-go-sada-pohonov-obsahujuca-2-pohony-1-riadiacu-jednotku-s-prijimacom-a-2-ovladace-1-par-fotobuniek\/#breadcrumb\"},\"inLanguage\":\"ru-RU\",\"potentialAction\":[{\"@type\":\"ReadAction\",\"target\":[\"https:\/\/premioveprodukty.eu\/en\/produkt\/roger-monos-s4-220-2v-go-sada-pohonov-obsahujuca-2-pohony-1-riadiacu-jednotku-s-prijimacom-a-2-ovladace-1-par-fotobuniek\/\"]}]},{\"@type\":\"ImageObject\",\"inLanguage\":\"ru-RU\",\"@id\":\"https:\/\/premioveprodukty.eu\/en\/produkt\/roger-monos-s4-220-2v-go-sada-pohonov-obsahujuca-2-pohony-1-riadiacu-jednotku-s-prijimacom-a-2-ovladace-1-par-fotobuniek\/#primaryimage\",\"url\":\"https:\/\/premioveprodukty.eu\/wp-content\/uploads\/2021\/02\/roger-monos-fotobunky-majak.png\",\"contentUrl\":\"https:\/\/premioveprodukty.eu\/wp-content\/uploads\/2021\/02\/roger-monos-fotobunky-majak.png\",\"width\":1000,\"height\":1000},{\"@type\":\"BreadcrumbList\",\"@id\":\"https:\/\/premioveprodukty.eu\/en\/produkt\/roger-monos-s4-220-2v-go-sada-pohonov-obsahujuca-2-pohony-1-riadiacu-jednotku-s-prijimacom-a-2-ovladace-1-par-fotobuniek\/#breadcrumb\",\"itemListElement\":[{\"@type\":\"ListItem\",\"position\":1,\"name\":\"Domovsk\u00e1 str\u00e1nka\",\"item\":\"https:\/\/premioveprodukty.eu\/\"},{\"@type\":\"ListItem\",\"position\":2,\"name\":\"Obchod\",\"item\":\"https:\/\/premioveprodukty.eu\/obchod\/\"},{\"@type\":\"ListItem\",\"position\":3,\"name\":\"(Sloven\u010dina) Roger MONOS S4 220\/2V\/GO &#8211; sada pohonov obsahuj\u00faca 2 pohony, 1 riadiacu jednotku s prij\u00edma\u010dom a 2 ovl\u00e1da\u010de, 1 p\u00e1r fotobuniek\"}]},{\"@type\":\"WebSite\",\"@id\":\"https:\/\/premioveprodukty.eu\/#website\",\"url\":\"https:\/\/premioveprodukty.eu\/\",\"name\":\"Premiov\u00e9 produkty\",\"description\":\"kvalitn\u00e9 produkty pre V\u00e1\u0161 \u017eivot a b\u00fdvanie\",\"potentialAction\":[{\"@type\":\"SearchAction\",\"target\":{\"@type\":\"EntryPoint\",\"urlTemplate\":\"https:\/\/premioveprodukty.eu\/?s={search_term_string}\"},\"query-input\":{\"@type\":\"PropertyValueSpecification\",\"valueRequired\":true,\"valueName\":\"search_term_string\"}}],\"inLanguage\":\"ru-RU\"}]}<\/script>\n<!-- \/ Yoast SEO plugin. -->","yoast_head_json":{"title":"[:sk]Roger MONOS S4 220\/2V\/GO - sada pohonov obsahuj\u00faca 2 pohony, 1 riadiacu jednotku s prij\u00edma\u010dom a 2 ovl\u00e1da\u010de, 1 p\u00e1r fotobuniek[:] - Premiov\u00e9 produkty","robots":{"index":"index","follow":"follow","max-snippet":"max-snippet:-1","max-image-preview":"max-image-preview:large","max-video-preview":"max-video-preview:-1"},"canonical":"https:\/\/premioveprodukty.eu\/en\/produkt\/roger-monos-s4-220-2v-go-sada-pohonov-obsahujuca-2-pohony-1-riadiacu-jednotku-s-prijimacom-a-2-ovladace-1-par-fotobuniek\/","og_locale":"ru_RU","og_type":"article","og_title":"[:sk]Roger MONOS S4 220\/2V\/GO - sada pohonov obsahuj\u00faca 2 pohony, 1 riadiacu jednotku s prij\u00edma\u010dom a 2 ovl\u00e1da\u010de, 1 p\u00e1r fotobuniek[:] - Premiov\u00e9 produkty","og_description":"[:sk]&nbsp;    Ve\u013emi siln\u00fd, robustn\u00fd v\u00fdsuvn\u00fd pohon s vn\u00fatorn\u00fdm z\u00e1vitov\u00fdm mechanizmom.   Extr\u00e9mne siln\u00e1 odblokovacia p\u00e1ka s valcovou vlo\u017ekou z\u00e1mku a k\u013e\u00fa\u010dom. V\u00fdnimo\u010dne robustn\u00e1, pru\u017en\u00e1 odblokovacia p\u00e1ka zais\u0165uje bezprobl\u00e9mov\u00e9 a jednoduch\u00e9 odblokovanie  Vrchn\u00fd oce\u013eov\u00fd obal s priemerom 32 mm je vyroben\u00fd z oce\u013ee rady AISI 304 a je nastriekan\u00fd pr\u00e1\u0161kovou farbou  Predn\u00e1 a zadn\u00e1 vidlica je vyroben\u00e1 z odoln\u00e9ho odliatku hlin\u00edka a pripev\u0148uje sa na br\u00e1nu oce\u013eov\u00fdmi nastavite\u013en\u00fdmi dr\u017eiakmi skrutkovan\u00edm  Pohonov\u00e9 \u00fastrojenstvo je postaven\u00e9 na princ\u00edpe z\u00e1vitovej ty\u010de s priemerom 18 mm s hlin\u00edkovo - bronzovou prevodovkou  V\u0161etky nastavenia sa vykon\u00e1vaj\u00fa prostredn\u00edctvom v\u00fdberu predvolen\u00fdch parametrov\u00a0a nie prek\u00e1blovan\u00edm r\u00f4znych svoriek na riadiacej jednotke.  Pohon potrebuje koncov\u00fd doraz (zar\u00e1\u017eku) v strede br\u00e1ny.  Mo\u017enos\u0165 nastavenia re\u017eimu pr\u00e1ce pohonu, \u010diasto\u010dn\u00e9ho otvorenia, sp\u00f4sobu pr\u00e1ce fotobuniek, \u010dasu pauzy, automatick\u00e9ho zatv\u00e1rania, sp\u00f4sobu reakcie na v\u00fdpadok pr\u00fadu, mo\u017enosti dodatkov\u00e9ho nap\u00e1jania z alternat\u00edvneho zdroja energie, sp\u00f4sobu reagovania maj\u00e1ku, r\u00fdchlosti chodu, bodu zr\u00fdchlenia a spomalenia, reverzu br\u00e1ny, elektrick\u00e9ho z\u00e1mku, automatickej brzdy pohonu.[:]","og_url":"https:\/\/premioveprodukty.eu\/en\/produkt\/roger-monos-s4-220-2v-go-sada-pohonov-obsahujuca-2-pohony-1-riadiacu-jednotku-s-prijimacom-a-2-ovladace-1-par-fotobuniek\/","og_site_name":"Premiov\u00e9 produkty","article_modified_time":"2021-02-02T21:06:55+00:00","og_image":[{"width":1000,"height":1000,"url":"https:\/\/premioveprodukty.eu\/wp-content\/uploads\/2021\/02\/roger-monos-fotobunky-majak.png","type":"image\/png"}],"twitter_card":"summary_large_image","twitter_misc":{"\u041f\u0440\u0438\u043c\u0435\u0440\u043d\u043e\u0435 \u0432\u0440\u0435\u043c\u044f \u0434\u043b\u044f \u0447\u0442\u0435\u043d\u0438\u044f":"1 \u043c\u0438\u043d\u0443\u0442\u0430"},"schema":{"@context":"https:\/\/schema.org","@graph":[{"@type":"WebPage","@id":"https:\/\/premioveprodukty.eu\/en\/produkt\/roger-monos-s4-220-2v-go-sada-pohonov-obsahujuca-2-pohony-1-riadiacu-jednotku-s-prijimacom-a-2-ovladace-1-par-fotobuniek\/","url":"https:\/\/premioveprodukty.eu\/en\/produkt\/roger-monos-s4-220-2v-go-sada-pohonov-obsahujuca-2-pohony-1-riadiacu-jednotku-s-prijimacom-a-2-ovladace-1-par-fotobuniek\/","name":"[:sk]Roger MONOS S4 220\/2V\/GO - sada pohonov obsahuj\u00faca 2 pohony, 1 riadiacu jednotku s prij\u00edma\u010dom a 2 ovl\u00e1da\u010de, 1 p\u00e1r fotobuniek[:] - Premiov\u00e9 produkty","isPartOf":{"@id":"https:\/\/premioveprodukty.eu\/#website"},"primaryImageOfPage":{"@id":"https:\/\/premioveprodukty.eu\/en\/produkt\/roger-monos-s4-220-2v-go-sada-pohonov-obsahujuca-2-pohony-1-riadiacu-jednotku-s-prijimacom-a-2-ovladace-1-par-fotobuniek\/#primaryimage"},"image":{"@id":"https:\/\/premioveprodukty.eu\/en\/produkt\/roger-monos-s4-220-2v-go-sada-pohonov-obsahujuca-2-pohony-1-riadiacu-jednotku-s-prijimacom-a-2-ovladace-1-par-fotobuniek\/#primaryimage"},"thumbnailUrl":"https:\/\/premioveprodukty.eu\/wp-content\/uploads\/2021\/02\/roger-monos-fotobunky-majak.png","datePublished":"2021-02-02T21:03:24+00:00","dateModified":"2021-02-02T21:06:55+00:00","breadcrumb":{"@id":"https:\/\/premioveprodukty.eu\/en\/produkt\/roger-monos-s4-220-2v-go-sada-pohonov-obsahujuca-2-pohony-1-riadiacu-jednotku-s-prijimacom-a-2-ovladace-1-par-fotobuniek\/#breadcrumb"},"inLanguage":"ru-RU","potentialAction":[{"@type":"ReadAction","target":["https:\/\/premioveprodukty.eu\/en\/produkt\/roger-monos-s4-220-2v-go-sada-pohonov-obsahujuca-2-pohony-1-riadiacu-jednotku-s-prijimacom-a-2-ovladace-1-par-fotobuniek\/"]}]},{"@type":"ImageObject","inLanguage":"ru-RU","@id":"https:\/\/premioveprodukty.eu\/en\/produkt\/roger-monos-s4-220-2v-go-sada-pohonov-obsahujuca-2-pohony-1-riadiacu-jednotku-s-prijimacom-a-2-ovladace-1-par-fotobuniek\/#primaryimage","url":"https:\/\/premioveprodukty.eu\/wp-content\/uploads\/2021\/02\/roger-monos-fotobunky-majak.png","contentUrl":"https:\/\/premioveprodukty.eu\/wp-content\/uploads\/2021\/02\/roger-monos-fotobunky-majak.png","width":1000,"height":1000},{"@type":"BreadcrumbList","@id":"https:\/\/premioveprodukty.eu\/en\/produkt\/roger-monos-s4-220-2v-go-sada-pohonov-obsahujuca-2-pohony-1-riadiacu-jednotku-s-prijimacom-a-2-ovladace-1-par-fotobuniek\/#breadcrumb","itemListElement":[{"@type":"ListItem","position":1,"name":"Domovsk\u00e1 str\u00e1nka","item":"https:\/\/premioveprodukty.eu\/"},{"@type":"ListItem","position":2,"name":"Obchod","item":"https:\/\/premioveprodukty.eu\/obchod\/"},{"@type":"ListItem","position":3,"name":"(Sloven\u010dina) Roger MONOS S4 220\/2V\/GO &#8211; sada pohonov obsahuj\u00faca 2 pohony, 1 riadiacu jednotku s prij\u00edma\u010dom a 2 ovl\u00e1da\u010de, 1 p\u00e1r fotobuniek"}]},{"@type":"WebSite","@id":"https:\/\/premioveprodukty.eu\/#website","url":"https:\/\/premioveprodukty.eu\/","name":"Premiov\u00e9 produkty","description":"kvalitn\u00e9 produkty pre V\u00e1\u0161 \u017eivot a b\u00fdvanie","potentialAction":[{"@type":"SearchAction","target":{"@type":"EntryPoint","urlTemplate":"https:\/\/premioveprodukty.eu\/?s={search_term_string}"},"query-input":{"@type":"PropertyValueSpecification","valueRequired":true,"valueName":"search_term_string"}}],"inLanguage":"ru-RU"}]}},"_links":{"self":[{"href":"https:\/\/premioveprodukty.eu\/ru\/wp-json\/wp\/v2\/product\/877"}],"collection":[{"href":"https:\/\/premioveprodukty.eu\/ru\/wp-json\/wp\/v2\/product"}],"about":[{"href":"https:\/\/premioveprodukty.eu\/ru\/wp-json\/wp\/v2\/types\/product"}],"wp:featuredmedia":[{"embeddable":true,"href":"https:\/\/premioveprodukty.eu\/ru\/wp-json\/wp\/v2\/media\/878"}],"wp:attachment":[{"href":"https:\/\/premioveprodukty.eu\/ru\/wp-json\/wp\/v2\/media?parent=877"}],"curies":[{"name":"wp","href":"https:\/\/api.w.org\/{rel}","templated":true}]}}