{"id":884,"date":"2021-02-02T22:35:33","date_gmt":"2021-02-02T21:35:33","guid":{"rendered":"http:\/\/premioveprodukty.eu\/?post_type=product&#038;p=884"},"modified":"2025-04-07T22:01:25","modified_gmt":"2025-04-07T20:01:25","slug":"roger-be20-210-full","status":"publish","type":"product","link":"https:\/\/premioveprodukty.eu\/ru\/produkt\/roger-be20-210-full\/","title":{"rendered":"(Sloven\u010dina) Roger BE20\/210\/FULL"},"content":{"rendered":"<p class=\"qtranxs-available-languages-message qtranxs-available-languages-message-ru\">\u0418\u0437\u0432\u0438\u043d\u0438\u0442\u0435, \u044d\u0442\u043e\u0442 \u0442\u0435\u0445\u0442 \u0434\u043e\u0441\u0442\u0443\u043f\u0435\u043d \u0442\u043e\u043b\u044c\u043a\u043e \u0432 &ldquo;<a href=\"https:\/\/premioveprodukty.eu\/sk\/wp-json\/wp\/v2\/product\/884\" class=\"qtranxs-available-language-link qtranxs-available-language-link-sk\" title=\"Sloven\u010dina\">Sloven\u010dina<\/a>&rdquo;.<\/p>","protected":false},"excerpt":{"rendered":"<p class=\"qtranxs-available-languages-message qtranxs-available-languages-message-ru\">\u0418\u0437\u0432\u0438\u043d\u0438\u0442\u0435, \u044d\u0442\u043e\u0442 \u0442\u0435\u0445\u0442 \u0434\u043e\u0441\u0442\u0443\u043f\u0435\u043d \u0442\u043e\u043b\u044c\u043a\u043e \u0432 &ldquo;<a href=\"https:\/\/premioveprodukty.eu\/sk\/wp-json\/wp\/v2\/product\/884\" class=\"qtranxs-available-language-link qtranxs-available-language-link-sk\" title=\"Sloven\u010dina\">Sloven\u010dina<\/a>&rdquo;.<\/p>\n","protected":false},"featured_media":885,"template":"","meta":[],"class_list":["post-884","product","type-product","status-publish","has-post-thumbnail","hentry","product_cat-sady-kridlovych-pohonov-bran"],"yoast_head":"<!-- This site is optimized with the Yoast SEO plugin v25.6 - https:\/\/yoast.com\/wordpress\/plugins\/seo\/ -->\n<title>Roger BE20\/210\/FULL<\/title>\n<meta name=\"description\" content=\"Roger BE20\/210\/FULL je sada pohonu na 2 kr\u00eddlov\u00fa br\u00e1nu s max. v\u00e1hou kr\u00eddla 250 kg a max. d\u013a\u017ekou kr\u00eddla 2,5 m.\" \/>\n<meta name=\"robots\" content=\"index, follow, max-snippet:-1, max-image-preview:large, max-video-preview:-1\" \/>\n<link rel=\"canonical\" href=\"https:\/\/premioveprodukty.eu\/produkt\/roger-be20-210-full\/\" \/>\n<meta property=\"og:locale\" content=\"ru_RU\" \/>\n<meta property=\"og:type\" content=\"article\" \/>\n<meta property=\"og:title\" content=\"Roger BE20\/210\/FULL\" \/>\n<meta property=\"og:description\" content=\"Roger BE20\/210\/FULL je sada pohonu na 2 kr\u00eddlov\u00fa br\u00e1nu s max. v\u00e1hou kr\u00eddla 250 kg a max. d\u013a\u017ekou kr\u00eddla 2,5 m.\" \/>\n<meta property=\"og:url\" content=\"https:\/\/premioveprodukty.eu\/produkt\/roger-be20-210-full\/\" \/>\n<meta property=\"og:site_name\" content=\"Premiov\u00e9 produkty\" \/>\n<meta property=\"article:modified_time\" content=\"2025-04-07T20:01:25+00:00\" \/>\n<meta property=\"og:image\" content=\"http:\/\/premioveprodukty.eu\/wp-content\/uploads\/2021\/02\/KIT_BE20_410.jpg\" \/>\n\t<meta property=\"og:image:width\" content=\"1753\" \/>\n\t<meta property=\"og:image:height\" content=\"1754\" \/>\n\t<meta property=\"og:image:type\" content=\"image\/jpeg\" \/>\n<meta name=\"twitter:card\" content=\"summary_large_image\" \/>\n<meta name=\"twitter:label1\" content=\"\u041f\u0440\u0438\u043c\u0435\u0440\u043d\u043e\u0435 \u0432\u0440\u0435\u043c\u044f \u0434\u043b\u044f \u0447\u0442\u0435\u043d\u0438\u044f\" \/>\n\t<meta name=\"twitter:data1\" content=\"2 \u043c\u0438\u043d\u0443\u0442\u044b\" \/>\n<script type=\"application\/ld+json\" class=\"yoast-schema-graph\">{\"@context\":\"https:\/\/schema.org\",\"@graph\":[{\"@type\":\"WebPage\",\"@id\":\"https:\/\/premioveprodukty.eu\/produkt\/roger-be20-210-full\/\",\"url\":\"https:\/\/premioveprodukty.eu\/produkt\/roger-be20-210-full\/\",\"name\":\"Roger BE20\/210\/FULL\",\"isPartOf\":{\"@id\":\"https:\/\/premioveprodukty.eu\/#website\"},\"primaryImageOfPage\":{\"@id\":\"https:\/\/premioveprodukty.eu\/produkt\/roger-be20-210-full\/#primaryimage\"},\"image\":{\"@id\":\"https:\/\/premioveprodukty.eu\/produkt\/roger-be20-210-full\/#primaryimage\"},\"thumbnailUrl\":\"https:\/\/premioveprodukty.eu\/wp-content\/uploads\/2021\/02\/KIT_BE20_410.jpg\",\"datePublished\":\"2021-02-02T21:35:33+00:00\",\"dateModified\":\"2025-04-07T20:01:25+00:00\",\"description\":\"Roger BE20\/210\/FULL je sada pohonu na 2 kr\u00eddlov\u00fa br\u00e1nu s max. v\u00e1hou kr\u00eddla 250 kg a max. d\u013a\u017ekou kr\u00eddla 2,5 m.\",\"breadcrumb\":{\"@id\":\"https:\/\/premioveprodukty.eu\/produkt\/roger-be20-210-full\/#breadcrumb\"},\"inLanguage\":\"ru-RU\",\"potentialAction\":[{\"@type\":\"ReadAction\",\"target\":[\"https:\/\/premioveprodukty.eu\/produkt\/roger-be20-210-full\/\"]}]},{\"@type\":\"ImageObject\",\"inLanguage\":\"ru-RU\",\"@id\":\"https:\/\/premioveprodukty.eu\/produkt\/roger-be20-210-full\/#primaryimage\",\"url\":\"https:\/\/premioveprodukty.eu\/wp-content\/uploads\/2021\/02\/KIT_BE20_410.jpg\",\"contentUrl\":\"https:\/\/premioveprodukty.eu\/wp-content\/uploads\/2021\/02\/KIT_BE20_410.jpg\",\"width\":1753,\"height\":1754},{\"@type\":\"BreadcrumbList\",\"@id\":\"https:\/\/premioveprodukty.eu\/produkt\/roger-be20-210-full\/#breadcrumb\",\"itemListElement\":[{\"@type\":\"ListItem\",\"position\":1,\"name\":\"Domovsk\u00e1 str\u00e1nka\",\"item\":\"https:\/\/premioveprodukty.eu\/\"},{\"@type\":\"ListItem\",\"position\":2,\"name\":\"Obchod\",\"item\":\"https:\/\/premioveprodukty.eu\/obchod\/\"},{\"@type\":\"ListItem\",\"position\":3,\"name\":\"Roger BE20\/210\/FULL\"}]},{\"@type\":\"WebSite\",\"@id\":\"https:\/\/premioveprodukty.eu\/#website\",\"url\":\"https:\/\/premioveprodukty.eu\/\",\"name\":\"Premiov\u00e9 produkty\",\"description\":\"kvalitn\u00e9 produkty pre V\u00e1\u0161 \u017eivot a b\u00fdvanie\",\"potentialAction\":[{\"@type\":\"SearchAction\",\"target\":{\"@type\":\"EntryPoint\",\"urlTemplate\":\"https:\/\/premioveprodukty.eu\/?s={search_term_string}\"},\"query-input\":{\"@type\":\"PropertyValueSpecification\",\"valueRequired\":true,\"valueName\":\"search_term_string\"}}],\"inLanguage\":\"ru-RU\"}]}<\/script>\n<!-- \/ Yoast SEO plugin. -->","yoast_head_json":{"title":"Roger BE20\/210\/FULL","description":"Roger BE20\/210\/FULL je sada pohonu na 2 kr\u00eddlov\u00fa br\u00e1nu s max. v\u00e1hou kr\u00eddla 250 kg a max. d\u013a\u017ekou kr\u00eddla 2,5 m.","robots":{"index":"index","follow":"follow","max-snippet":"max-snippet:-1","max-image-preview":"max-image-preview:large","max-video-preview":"max-video-preview:-1"},"canonical":"https:\/\/premioveprodukty.eu\/produkt\/roger-be20-210-full\/","og_locale":"ru_RU","og_type":"article","og_title":"Roger BE20\/210\/FULL","og_description":"Roger BE20\/210\/FULL je sada pohonu na 2 kr\u00eddlov\u00fa br\u00e1nu s max. v\u00e1hou kr\u00eddla 250 kg a max. d\u013a\u017ekou kr\u00eddla 2,5 m.","og_url":"https:\/\/premioveprodukty.eu\/produkt\/roger-be20-210-full\/","og_site_name":"Premiov\u00e9 produkty","article_modified_time":"2025-04-07T20:01:25+00:00","og_image":[{"width":1753,"height":1754,"url":"http:\/\/premioveprodukty.eu\/wp-content\/uploads\/2021\/02\/KIT_BE20_410.jpg","type":"image\/jpeg"}],"twitter_card":"summary_large_image","twitter_misc":{"\u041f\u0440\u0438\u043c\u0435\u0440\u043d\u043e\u0435 \u0432\u0440\u0435\u043c\u044f \u0434\u043b\u044f \u0447\u0442\u0435\u043d\u0438\u044f":"2 \u043c\u0438\u043d\u0443\u0442\u044b"},"schema":{"@context":"https:\/\/schema.org","@graph":[{"@type":"WebPage","@id":"https:\/\/premioveprodukty.eu\/produkt\/roger-be20-210-full\/","url":"https:\/\/premioveprodukty.eu\/produkt\/roger-be20-210-full\/","name":"Roger BE20\/210\/FULL","isPartOf":{"@id":"https:\/\/premioveprodukty.eu\/#website"},"primaryImageOfPage":{"@id":"https:\/\/premioveprodukty.eu\/produkt\/roger-be20-210-full\/#primaryimage"},"image":{"@id":"https:\/\/premioveprodukty.eu\/produkt\/roger-be20-210-full\/#primaryimage"},"thumbnailUrl":"https:\/\/premioveprodukty.eu\/wp-content\/uploads\/2021\/02\/KIT_BE20_410.jpg","datePublished":"2021-02-02T21:35:33+00:00","dateModified":"2025-04-07T20:01:25+00:00","description":"Roger BE20\/210\/FULL je sada pohonu na 2 kr\u00eddlov\u00fa br\u00e1nu s max. v\u00e1hou kr\u00eddla 250 kg a max. d\u013a\u017ekou kr\u00eddla 2,5 m.","breadcrumb":{"@id":"https:\/\/premioveprodukty.eu\/produkt\/roger-be20-210-full\/#breadcrumb"},"inLanguage":"ru-RU","potentialAction":[{"@type":"ReadAction","target":["https:\/\/premioveprodukty.eu\/produkt\/roger-be20-210-full\/"]}]},{"@type":"ImageObject","inLanguage":"ru-RU","@id":"https:\/\/premioveprodukty.eu\/produkt\/roger-be20-210-full\/#primaryimage","url":"https:\/\/premioveprodukty.eu\/wp-content\/uploads\/2021\/02\/KIT_BE20_410.jpg","contentUrl":"https:\/\/premioveprodukty.eu\/wp-content\/uploads\/2021\/02\/KIT_BE20_410.jpg","width":1753,"height":1754},{"@type":"BreadcrumbList","@id":"https:\/\/premioveprodukty.eu\/produkt\/roger-be20-210-full\/#breadcrumb","itemListElement":[{"@type":"ListItem","position":1,"name":"Domovsk\u00e1 str\u00e1nka","item":"https:\/\/premioveprodukty.eu\/"},{"@type":"ListItem","position":2,"name":"Obchod","item":"https:\/\/premioveprodukty.eu\/obchod\/"},{"@type":"ListItem","position":3,"name":"Roger BE20\/210\/FULL"}]},{"@type":"WebSite","@id":"https:\/\/premioveprodukty.eu\/#website","url":"https:\/\/premioveprodukty.eu\/","name":"Premiov\u00e9 produkty","description":"kvalitn\u00e9 produkty pre V\u00e1\u0161 \u017eivot a b\u00fdvanie","potentialAction":[{"@type":"SearchAction","target":{"@type":"EntryPoint","urlTemplate":"https:\/\/premioveprodukty.eu\/?s={search_term_string}"},"query-input":{"@type":"PropertyValueSpecification","valueRequired":true,"valueName":"search_term_string"}}],"inLanguage":"ru-RU"}]}},"_links":{"self":[{"href":"https:\/\/premioveprodukty.eu\/ru\/wp-json\/wp\/v2\/product\/884"}],"collection":[{"href":"https:\/\/premioveprodukty.eu\/ru\/wp-json\/wp\/v2\/product"}],"about":[{"href":"https:\/\/premioveprodukty.eu\/ru\/wp-json\/wp\/v2\/types\/product"}],"wp:featuredmedia":[{"embeddable":true,"href":"https:\/\/premioveprodukty.eu\/ru\/wp-json\/wp\/v2\/media\/885"}],"wp:attachment":[{"href":"https:\/\/premioveprodukty.eu\/ru\/wp-json\/wp\/v2\/media?parent=884"}],"curies":[{"name":"wp","href":"https:\/\/api.w.org\/{rel}","templated":true}]}}