{"id":888,"date":"2021-02-02T22:50:34","date_gmt":"2021-02-02T21:50:34","guid":{"rendered":"http:\/\/premioveprodukty.eu\/?post_type=product&#038;p=888"},"modified":"2022-11-19T20:37:27","modified_gmt":"2022-11-19T19:37:27","slug":"jata-jega-1001-cisticka-vzduchu","status":"publish","type":"product","link":"https:\/\/premioveprodukty.eu\/ru\/produkt\/jata-jega-1001-cisticka-vzduchu\/","title":{"rendered":"Jata Jega 1001 &#8211; \u0432\u043e\u0437\u0434\u0443\u0445\u043e\u043e\u0447\u0438\u0441\u0442\u0438\u0442\u0435\u043b\u044c"},"content":{"rendered":"<p><\/p>\n<h3><b>Jata Jega 1001\u00a0<\/b><\/h3>\n<div class=\"adPage__content__description grid_18\">\u0412 \u0440\u0430\u043c\u043a\u0430\u0445 \u0431\u043e\u0440\u044c\u0431\u044b \u043f\u0440\u043e\u0442\u0438\u0432 COVID \u0438\u0441\u043f\u0430\u043d\u0441\u043a\u043e\u0439 \u043a\u043e\u043c\u043f\u0430\u043d\u0438\u0438 Jata \u0443\u0434\u0430\u043b\u043e\u0441\u044c \u043d\u0430\u0432\u0441\u0435\u0433\u0434\u0430 \u0443\u0441\u0442\u0440\u0430\u043d\u0438\u0442\u044c \u043f\u0440\u043e\u0431\u043b\u0435\u043c\u0443, \u0431\u043b\u0430\u0433\u043e\u0434\u0430\u0440\u044f \u0441\u0432\u043e\u0435\u0439 \u043f\u0430\u0442\u0435\u043d\u0442\u043e\u0432\u0430\u043d\u043d\u043e\u0439 \u0442\u0435\u0445\u043d\u043e\u043b\u043e\u0433\u0438\u0438 \u043e\u0447\u0438\u0441\u0442\u043a\u0438 \u0432\u043e\u0437\u0434\u0443\u0445\u0430. \u0422\u0435\u043f\u0435\u0440\u044c \u043c\u043e\u0436\u043d\u043e \u0438\u0437\u0431\u0430\u0432\u0438\u0442\u044c \u043f\u043e\u043c\u0435\u0449\u0435\u043d\u0438\u0435 \u043e\u0442 \u0432\u0438\u0440\u0443\u0441\u043e\u0432 \u0438 \u0431\u0430\u043a\u0442\u0435\u0440\u0438\u0439 \u0432 \u043f\u0440\u0438\u0441\u0443\u0442\u0441\u0442\u0432\u0438\u0438 \u043b\u044e\u0434\u0435\u0439 \u043d\u0430\u0434\u0435\u0436\u043d\u043e \u0438 \u0431\u0435\u0437\u043e\u043f\u0430\u0441\u043d\u043e. \u0422\u0440\u0443\u0434\u043d\u043e \u043f\u0440\u0435\u0434\u0441\u0442\u0430\u0432\u0438\u0442\u044c \u0441\u0435\u0431\u0435 \u043d\u0430\u0443\u0447\u043d\u0443\u044e \u043e\u0440\u0433\u0430\u043d\u0438\u0437\u0430\u0446\u0438\u044e \u0441 \u0432\u044b\u0441\u043e\u043a\u043e\u0439 \u0441\u0442\u0435\u043f\u0435\u043d\u044c\u044e \u043a\u043e\u043c\u043f\u0435\u0442\u0435\u043d\u0446\u0438\u0438, \u043a\u043e\u0442\u043e\u0440\u0430\u044f \u043d\u0430 \u0441\u0435\u0433\u043e\u0434\u043d\u044f\u0448\u043d\u0438\u0439 \u0434\u0435\u043d\u044c \u0441\u043e\u043c\u043d\u0435\u0432\u0430\u0435\u0442\u0441\u044f \u0432 \u0442\u043e\u043c, \u0447\u0442\u043e \u043d\u0430\u0438\u0431\u043e\u043b\u0435\u0435 \u044d\u0444\u0444\u0435\u043a\u0442\u0438\u0432\u043d\u0430\u044f \u043e\u0447\u0438\u0441\u0442\u043a\u0430 \u0432\u043e\u0437\u0434\u0443\u0445\u0430 \u043e\u0441\u043d\u043e\u0432\u0430\u043d\u0430 \u043d\u0430 \u043f\u0440\u0438\u043d\u0446\u0438\u043f\u0435 \u0438\u0441\u043f\u043e\u043b\u044c\u0437\u043e\u0432\u0430\u043d\u0438\u044f \u0423\u043b\u044c\u0442\u0440\u0430-\u0424\u0438\u043e\u043b\u0435\u0442\u043e\u0432\u043e\u0433\u043e \u0438\u0437\u043b\u0443\u0447\u0435\u043d\u0438\u044f. (\u0423\u0424-\u0438\u0437\u043b\u0443\u0447\u0435\u043d\u0438\u044f). \u041e\u0434\u043d\u043e \u0438\u0437 \u0438\u0441\u0441\u043b\u0435\u0434\u043e\u0432\u0430\u043d\u0438\u0439 \u043f\u043e\u0442\u0432\u0435\u0440\u0436\u0434\u0430\u044e\u0449\u0438\u0445, \u0447\u0442\u043e \u0423\u043b\u044c\u0442\u0440\u0430-\u0424\u0438\u043e\u043b\u0435\u0442\u043e\u0432\u0430\u044f \u0434\u0435\u0437\u0438\u043d\u0444\u0435\u043a\u0446\u0438\u044f \u043b\u0438\u043a\u0432\u0438\u0434\u0438\u0440\u0443\u0435\u0442 COVID \u0438\u0437\u043b\u043e\u0436\u0435\u043d\u043d\u0430 \u043f\u043e \u0441\u0441\u044b\u043b\u043a\u0435:\u00a0<a href=\"https:\/\/premioveprodukty.eu\/wp-content\/uploads\/2021\/01\/Origin%C3%A1l-Studie-SARS-COV-2-Sao-Paulo.pdf\" target=\"_blank\" rel=\"nofollow noopener\">https:\/\/premioveprodukty.eu\/wp-content\/uploads\/2021\/01\/Origin%C3%A1l-Studie-SARS-COV-2-Sao-Paulo.pdf<\/a>\u00a0\u042d\u0442\u0430 \u0442\u0435\u0445\u043d\u043e\u043b\u043e\u0433\u0438\u044f \u0443\u0436\u0435 \u0434\u0430\u0432\u043d\u043e \u0438\u0441\u043f\u043e\u043b\u044c\u0437\u0443\u0435\u0442\u0441\u044f \u0432 \u043f\u043e\u043c\u0435\u0449\u0435\u043d\u0438\u044f\u0445, \u0433\u0434\u0435 \u0442\u0440\u0435\u0431\u0443\u0435\u0442\u0441\u044f \u0431\u0435\u0437\u0443\u043f\u0435\u0440\u0447\u043d\u0430\u044f \u0441\u0442\u0435\u043f\u0435\u043d\u044c \u043d\u0430\u0434\u0435\u0436\u043d\u043e\u0441\u0442\u0438 \u043e\u0447\u0438\u0441\u0442\u043a\u0438 \u043e\u0442 \u0431\u0430\u043a\u0442\u0435\u0440\u0438\u0439. \u041a\u043e\u043c\u043f\u0430\u043d\u0438 Jata (\u0441\u0443\u0449\u0435\u0441\u0442\u0432\u0443\u044e\u0449\u0430\u044f \u0441 1943 \u0433\u043e\u0434\u0430) \u0440\u0435\u0448\u0438\u043b\u0430 \u043f\u0440\u043e\u0431\u043b\u0435\u043c\u0443 \u0423\u0424-\u0438\u0437\u043b\u0443\u0447\u0435\u043d\u0438\u044f \u0432 \u043f\u0440\u0438\u0441\u0443\u0442\u0441\u0442\u0432\u0438\u0438 \u043b\u044e\u0434\u0435\u0439 \u0442\u0435\u043c, \u0447\u0442\u043e \u043f\u0435\u0440\u0435\u043d\u0435\u0441\u043b\u0430 \u044d\u0442\u043e\u0442 \u043f\u0440\u043e\u0446\u0435\u0441\u0441 \u0432 \u0437\u0430\u043a\u0440\u044b\u0442\u043e\u0435 \u0443\u0441\u0442\u0440\u043e\u0439\u0441\u0442\u0432\u043e, \u043a\u043e\u0442\u043e\u0440\u043e\u0435 \u0432\u0441\u0430\u0441\u044b\u0432\u0430\u0435\u0442 \u0437\u0430\u0433\u0440\u044f\u0437\u043d\u0435\u043d\u043d\u044b\u0439 \u0432\u043e\u0437\u0434\u0443\u0445 \u0438 \u043f\u0435\u0440\u0435\u0440\u0430\u0431\u0430\u0442\u044b\u0432\u0430\u0435\u0442 \u0423\u043b\u044c\u0442\u0440\u0430\u0424\u0438\u043e\u043b\u0435\u0442\u043e\u0432\u044b\u043c-\u0438\u0437\u043b\u0443\u0447\u0435\u043d\u0438\u0435\u043c (254 nm) \u043f\u0440\u0438 \u044d\u0442\u043e\u043c \u0434\u0435\u0439\u0441\u0442\u0432\u0443\u0435\u0442 \u044d\u0444\u0444\u0435\u043a\u0442 \u0430\u043a\u0442\u0438\u0432\u0438\u0440\u043e\u0432\u0430\u043d\u043d\u043e\u0433\u043e \u0443\u0433\u043b\u044f: \u0444\u0438\u043b\u044c\u0442\u0440 \u043e\u0447\u0438\u0449\u0430\u0435\u0442 \u0432\u043e\u0437\u0434\u0443\u0445 \u0438 \u0447\u0438\u0441\u0442\u044b\u0439 \u0432\u043e\u0437\u0434\u0443\u0445 \u043d\u0435\u043f\u0440\u0435\u0440\u044b\u0432\u043d\u043e \u0432\u044b\u043f\u0443\u0441\u043a\u0430\u0435\u0442\u0441\u044f \u043e\u0431\u0440\u0430\u0442\u043d\u043e \u0432 \u043a\u043e\u043c\u043d\u0430\u0442\u0443. \u0423\u0424-\u0438\u0437\u043b\u0443\u0447\u0435\u043d\u0438\u0435 \u043d\u0435 \u043f\u0440\u043e\u043d\u0438\u043a\u0430\u0435\u0442 \u0437\u0430 \u043f\u0440\u0435\u0434\u0435\u043b\u044b \u0443\u0441\u0442\u0440\u043e\u0439\u0441\u0442\u0432\u0430, \u0447\u0442\u043e \u0434\u0435\u043b\u0430\u0435\u0442 \u0435\u0433\u043e \u043d\u0435\u0437\u0430\u043c\u0435\u043d\u0438\u043c\u044b\u043c \u0434\u043b\u044f \u043f\u043e\u043c\u0435\u0449\u0435\u043d\u0438\u0439 \u0441 \u043f\u0440\u0438\u0441\u0443\u0442\u0441\u0432\u0438\u0435\u043c \u043b\u044e\u0434\u0435\u0439. \u041f\u0440\u0435\u0439\u043c\u0443\u0449\u0435\u0441\u0442\u0432\u0430: 99% \u044d\u0444\u0444\u0435\u043a\u0442\u0438\u0432\u043d\u043e\u0441\u0442\u044c \u0444\u0438\u043b\u044c\u0442\u0440\u043e\u0432\u0430\u043d\u043d\u043e\u0433\u043e \u0432\u043e\u0437\u0434\u0443\u0445\u0430 \u043f\u043e\u0434\u0442\u0432\u0435\u0440\u0436\u0434\u0435\u043d\u0430 \u043b\u0430\u0431\u043e\u0440\u0430\u0442\u043e\u0440\u0438\u044f\u043c\u0438 IZADI \u043f\u043e\u043b\u043d\u044b\u0439 \u043e\u0442\u0447\u0435\u0442 \u0437\u0434\u0435\u0441\u044c:\u00a0<a href=\"https:\/\/premioveprodukty.eu\/wp-content\/uploads\/2021\/01\/Certifik%C3%A1t-Jata-JEGA-1001-ORIGIN%C3%81L.pdf\" target=\"_blank\" rel=\"nofollow noopener\">https:\/\/premioveprodukty.eu\/wp-content\/uploads\/2021\/01\/Certifik%C3%A1t-Jata-JEGA-1001-ORIGIN%C3%81L.pdf<\/a>\u00a0\u043f\u0435\u0440\u0435\u043d\u043e\u0441\u043d\u043e\u0435 \u0443\u0441\u0442\u0440\u043e\u0439\u0441\u0442\u0432\u043e \u2013 \u043c\u043e\u0436\u043d\u043e \u043f\u043e\u0432\u0435\u0441\u0438\u0442\u044c \u043d\u0430 \u0441\u0442\u0435\u043d\u0443 \u0438\u043b\u0438 \u0441\u0432\u043e\u0431\u043e\u0434\u043d\u043e \u0440\u0430\u0437\u043c\u0435\u0441\u0442\u0438\u0442\u044c: \u0440\u0430\u0437\u043c\u0435\u0440\u044b 70 x 16 x 16 \u0441\u043c, \u0432\u0435\u0441 3 \u043a\u0433 \u0430\u0431\u0441\u043e\u043b\u044e\u0442\u043d\u0430\u044f \u0431\u0435\u0437\u043e\u043f\u0430\u0441\u043d\u043e\u0441\u0442\u044c \u0434\u043b\u044f \u043b\u044e\u0434\u0435\u0439 \u2013 \u0423\u0424-\u0438\u0437\u043b\u0443\u0447\u0435\u043d\u0438\u0435 \u043d\u0435 \u043f\u0440\u043e\u043d\u0438\u043a\u0430\u0435\u0442 \u0437\u0430 \u043f\u0440\u0435\u0434\u0435\u043b\u044b \u0443\u0441\u0442\u0440\u043e\u0439\u0441\u0442\u0432\u0430 \u043e\u0434\u043d\u043e \u0443\u0441\u0442\u0440\u043e\u0439\u0441\u0442\u0432\u043e \u0440\u0430\u0441\u0441\u0447\u0438\u0442\u0430\u043d\u043e \u043d\u0430 50 \u043c2, \u0432 \u0431\u043e\u043b\u044c\u0448\u0438\u0445 \u043f\u043e\u043c\u0435\u0449\u0435\u043d\u0438\u044f\u0445 \u043c\u043e\u0436\u043d\u043e \u0438\u0441\u043f\u043e\u043b\u044c\u0437\u043e\u0432\u0430\u0442\u044c \u0431\u043e\u043b\u044c\u0448\u0435 \u0443\u0441\u0442\u0440\u043e\u0439\u0441\u0442\u0432 \u043d\u0435 \u0442\u0440\u0435\u0431\u0443\u0435\u0442 \u043e\u0431\u0441\u043b\u0443\u0436\u0438\u0432\u0430\u043d\u0438\u044f \u043e\u0442 \u0431\u0440\u0435\u043d\u0434\u0430, \u043f\u0440\u043e\u0441\u0442\u0430\u044f \u0437\u0430\u043c\u0435\u043d\u0430 \u0440\u0430\u0441\u0445\u043e\u0434\u043d\u044b\u0445 \u043c\u0430\u0442\u0435\u0440\u0438\u0430\u043b\u043e\u0432 \u0441\u0443\u0442\u043e\u0447\u043d\u0430\u044f \u0441\u0442\u043e\u0438\u043c\u043e\u0441\u0442\u044c \u043f\u043e\u0442\u0440\u0435\u0431\u043b\u044f\u0435\u043c\u043e\u0439 \u044d\u043b\u0435\u043a\u0442\u0440\u043e\u044d\u043d\u0435\u0440\u0433\u0438\u0438 \u043d\u0435 \u043f\u0440\u0435\u0432\u044b\u0448\u0430\u0435\u0442 4-\u0445 MDL \u041f\u0440\u043e\u0438\u0437\u0432\u043e\u0434\u0438\u0442\u0441\u044f \u0432 \u0418\u0441\u043f\u0430\u043d\u0438\u0438, \u0432 \u043a\u043e\u043c\u043f\u0430\u043d\u0438\u0438 \u0441 75-\u043b\u0435\u0442\u043d\u0435\u0439 \u0442\u0440\u0430\u0434\u0438\u0446\u0438\u0435\u0439<\/div>\n<div class=\"adPage__content__features\"><\/div>\n<div><\/div>\n<div><strong>\u041a\u043b\u044e\u0447\u0435\u0432\u0430\u044f \u043e\u0441\u043e\u0431\u0435\u043d\u043d\u043e\u0441\u0442\u044c:<\/strong><\/div>\n<ul>\n<li>\u043f\u0435\u0440\u0435\u043d\u043e\u0441\u043d\u043e\u0435 \u0443\u0441\u0442\u0440\u043e\u0439\u0441\u0442\u0432\u043e \u2013 \u043c\u043e\u0436\u043d\u043e \u043f\u043e\u0432\u0435\u0441\u0438\u0442\u044c \u043d\u0430 \u0441\u0442\u0435\u043d\u0443 \u0438\u043b\u0438 \u0441\u0432\u043e\u0431\u043e\u0434\u043d\u043e \u0440\u0430\u0437\u043c\u0435\u0441\u0442\u0438\u0442\u044c: \u0440\u0430\u0437\u043c\u0435\u0440\u044b 70 x 16 x 16 \u0441\u043c, \u0432\u0435\u0441 3 \u043a\u0433<\/li>\n<li>99% \u044d\u0444\u0444\u0435\u043a\u0442\u0438\u0432\u043d\u043e\u0441\u0442\u044c \u0444\u0438\u043b\u044c\u0442\u0440\u043e\u0432\u0430\u043d\u043d\u043e\u0433\u043e \u0432\u043e\u0437\u0434\u0443\u0445\u0430 \u043f\u043e\u0434\u0442\u0432\u0435\u0440\u0436\u0434\u0435\u043d\u0430 \u043b\u0430\u0431\u043e\u0440\u0430\u0442\u043e\u0440\u0438\u044f\u043c\u0438 IZADI, \u043f\u043e\u043b\u043d\u044b\u0439 \u043e\u0442\u0447\u0435\u0442 \u0437\u0434\u0435\u0441\u044c:\u00a0<a href=\"https:\/\/premioveprodukty.eu\/wp-content\/uploads\/2021\/01\/Certifik%C3%A1t-Jata-JEGA-1001-ORIGIN%C3%81L.pdf\" target=\"_blank\" rel=\"nofollow noopener\">https:\/\/premioveprodukty.eu\/wp-content\/uploads\/2021\/01\/Certifik%C3%A1t-Jata-JEGA-1001-ORIGIN%C3%81L.pdf<\/a><\/li>\n<li>\u0430\u0431\u0441\u043e\u043b\u044e\u0442\u043d\u0430\u044f \u0431\u0435\u0437\u043e\u043f\u0430\u0441\u043d\u043e\u0441\u0442\u044c \u0434\u043b\u044f \u043b\u044e\u0434\u0435\u0439 \u2013 \u0423\u0424-\u0438\u0437\u043b\u0443\u0447\u0435\u043d\u0438\u0435 \u043d\u0435 \u043f\u0440\u043e\u043d\u0438\u043a\u0430\u0435\u0442 \u0437\u0430 \u043f\u0440\u0435\u0434\u0435\u043b\u044b \u0443\u0441\u0442\u0440\u043e\u0439\u0441\u0442\u0432\u0430 \u043e\u0434\u043d\u043e \u0443\u0441\u0442\u0440\u043e\u0439\u0441\u0442\u0432\u043e \u0440\u0430\u0441\u0441\u0447\u0438\u0442\u0430\u043d\u043e \u043d\u0430 50 \u043c2, \u0432 \u0431\u043e\u043b\u044c\u0448\u0438\u0445 \u043f\u043e\u043c\u0435\u0449\u0435\u043d\u0438\u044f\u0445 \u043c\u043e\u0436\u043d\u043e \u0438\u0441\u043f\u043e\u043b\u044c\u0437\u043e\u0432\u0430\u0442\u044c \u0431\u043e\u043b\u044c\u0448\u0435 \u0443\u0441\u0442\u0440\u043e\u0439\u0441\u0442\u0432<\/li>\n<li>\u043d\u0435 \u0442\u0440\u0435\u0431\u0443\u0435\u0442 \u043e\u0431\u0441\u043b\u0443\u0436\u0438\u0432\u0430\u043d\u0438\u044f \u043e\u0442 \u0431\u0440\u0435\u043d\u0434\u0430, \u043f\u0440\u043e\u0441\u0442\u0430\u044f \u0437\u0430\u043c\u0435\u043d\u0430 \u0440\u0430\u0441\u0445\u043e\u0434\u043d\u044b\u0445 \u043c\u0430\u0442\u0435\u0440\u0438\u0430\u043b\u043e\u0432 \u0441\u0443\u0442\u043e\u0447\u043d\u0430\u044f \u0441\u0442\u043e\u0438\u043c\u043e\u0441\u0442\u044c \u043f\u043e\u0442\u0440\u0435\u0431\u043b\u044f\u0435\u043c\u043e\u0439 \u044d\u043b\u0435\u043a\u0442\u0440\u043e\u044d\u043d\u0435\u0440\u0433\u0438\u0438<\/li>\n<li>\u043d\u0435 \u043f\u0440\u0435\u0432\u044b\u0448\u0430\u0435\u0442 20 \u0435\u0432\u0440\u043e\u0446\u0435\u043d\u0442\u043e\u0432<\/li>\n<li>\u0441\u0434\u0435\u043b\u0430\u043d\u043e \u0432 \u0418\u0441\u043f\u0430\u043d\u0438\u0438 \u043d\u0430 \u043f\u0440\u0435\u0434\u043f\u0440\u0438\u044f\u0442\u0438\u0438 \u0441 \u0431\u043e\u043b\u0435\u0435 \u0447\u0435\u043c 75-\u043b\u0435\u0442\u043d\u0435\u0439 \u0442\u0440\u0430\u0434\u0438\u0446\u0438\u0435\u0439<\/li>\n<\/ul>\n<p><\/p>","protected":false},"excerpt":{"rendered":"<p class=\"qtranxs-available-languages-message qtranxs-available-languages-message-ru\">\u0418\u0437\u0432\u0438\u043d\u0438\u0442\u0435, \u044d\u0442\u043e\u0442 \u0442\u0435\u0445\u0442 \u0434\u043e\u0441\u0442\u0443\u043f\u0435\u043d \u0442\u043e\u043b\u044c\u043a\u043e \u0432 &ldquo;<a href=\"https:\/\/premioveprodukty.eu\/sk\/wp-json\/wp\/v2\/product\/888\" class=\"qtranxs-available-language-link qtranxs-available-language-link-sk\" title=\"Sloven\u010dina\">Sloven\u010dina<\/a>&rdquo;.<\/p>\n","protected":false},"featured_media":744,"template":"","meta":[],"class_list":["post-888","product","type-product","status-publish","has-post-thumbnail","hentry","product_cat-germicidne-cisticky-vzduchu"],"yoast_head":"<!-- This site is optimized with the Yoast SEO plugin v25.6 - https:\/\/yoast.com\/wordpress\/plugins\/seo\/ -->\n<title>Jata Jega 1001 - \u0432\u043e\u0437\u0434\u0443\u0445\u043e\u043e\u0447\u0438\u0441\u0442\u0438\u0442\u0435\u043b\u044c<\/title>\n<meta name=\"description\" content=\"Jata Jega 1001 pracuje na princ\u00edpe uzatvoren\u00e9ho ultrafialov\u00e9ho svetla 254nm. Jedn\u00e1 sa o mobiln\u00fd pr\u00edstroj pre priestory s pohybom \u013eud\u00ed \u2013 d\u00e1 sa zavesi\u0165 na stenu alebo vo\u013ene polo\u017ei\u0165\" \/>\n<meta name=\"robots\" content=\"index, follow, max-snippet:-1, max-image-preview:large, max-video-preview:-1\" \/>\n<link rel=\"canonical\" href=\"https:\/\/premioveprodukty.eu\/produkt\/jata-jega-1001-cisticka-vzduchu\/\" \/>\n<meta property=\"og:locale\" content=\"ru_RU\" \/>\n<meta property=\"og:type\" content=\"article\" \/>\n<meta property=\"og:title\" content=\"[:sk]Jata Jega 1001 [:ru]Jata Jega 1001 - \u0432\u043e\u0437\u0434\u0443\u0445\u043e\u043e\u0447\u0438\u0441\u0442\u0438\u0442\u0435\u043b\u044c[:]\" \/>\n<meta property=\"og:description\" content=\"Jata Jega 1001 pracuje na princ\u00edpe uzatvoren\u00e9ho ultrafialov\u00e9ho svetla 254nm. Jedn\u00e1 sa o mobiln\u00fd pr\u00edstroj pre priestory s pohybom \u013eud\u00ed \u2013 d\u00e1 sa zavesi\u0165 na stenu alebo vo\u013ene polo\u017ei\u0165\" \/>\n<meta property=\"og:url\" content=\"https:\/\/premioveprodukty.eu\/produkt\/jata-jega-1001-cisticka-vzduchu\/\" \/>\n<meta property=\"og:site_name\" content=\"Premiov\u00e9 produkty\" \/>\n<meta property=\"article:modified_time\" content=\"2022-11-19T19:37:27+00:00\" \/>\n<meta property=\"og:image\" content=\"https:\/\/premioveprodukty.eu\/wp-content\/uploads\/2021\/01\/Jata-jega-jpeg.jpg\" \/>\n\t<meta property=\"og:image:width\" content=\"800\" \/>\n\t<meta property=\"og:image:height\" content=\"800\" \/>\n\t<meta property=\"og:image:type\" content=\"image\/jpeg\" \/>\n<meta name=\"twitter:card\" content=\"summary_large_image\" \/>\n<meta name=\"twitter:label1\" content=\"\u041f\u0440\u0438\u043c\u0435\u0440\u043d\u043e\u0435 \u0432\u0440\u0435\u043c\u044f \u0434\u043b\u044f \u0447\u0442\u0435\u043d\u0438\u044f\" \/>\n\t<meta name=\"twitter:data1\" content=\"1 \u043c\u0438\u043d\u0443\u0442\u0430\" \/>\n<script type=\"application\/ld+json\" class=\"yoast-schema-graph\">{\"@context\":\"https:\/\/schema.org\",\"@graph\":[{\"@type\":\"WebPage\",\"@id\":\"https:\/\/premioveprodukty.eu\/produkt\/jata-jega-1001-cisticka-vzduchu\/\",\"url\":\"https:\/\/premioveprodukty.eu\/produkt\/jata-jega-1001-cisticka-vzduchu\/\",\"name\":\"[:sk]Jata Jega 1001 [:ru]Jata Jega 1001 - \u0432\u043e\u0437\u0434\u0443\u0445\u043e\u043e\u0447\u0438\u0441\u0442\u0438\u0442\u0435\u043b\u044c[:]\",\"isPartOf\":{\"@id\":\"https:\/\/premioveprodukty.eu\/#website\"},\"primaryImageOfPage\":{\"@id\":\"https:\/\/premioveprodukty.eu\/produkt\/jata-jega-1001-cisticka-vzduchu\/#primaryimage\"},\"image\":{\"@id\":\"https:\/\/premioveprodukty.eu\/produkt\/jata-jega-1001-cisticka-vzduchu\/#primaryimage\"},\"thumbnailUrl\":\"https:\/\/premioveprodukty.eu\/wp-content\/uploads\/2021\/01\/Jata-jega-jpeg.jpg\",\"datePublished\":\"2021-02-02T21:50:34+00:00\",\"dateModified\":\"2022-11-19T19:37:27+00:00\",\"description\":\"Jata Jega 1001 pracuje na princ\u00edpe uzatvoren\u00e9ho ultrafialov\u00e9ho svetla 254nm. Jedn\u00e1 sa o mobiln\u00fd pr\u00edstroj pre priestory s pohybom \u013eud\u00ed \u2013 d\u00e1 sa zavesi\u0165 na stenu alebo vo\u013ene polo\u017ei\u0165\",\"breadcrumb\":{\"@id\":\"https:\/\/premioveprodukty.eu\/produkt\/jata-jega-1001-cisticka-vzduchu\/#breadcrumb\"},\"inLanguage\":\"ru-RU\",\"potentialAction\":[{\"@type\":\"ReadAction\",\"target\":[\"https:\/\/premioveprodukty.eu\/produkt\/jata-jega-1001-cisticka-vzduchu\/\"]}]},{\"@type\":\"ImageObject\",\"inLanguage\":\"ru-RU\",\"@id\":\"https:\/\/premioveprodukty.eu\/produkt\/jata-jega-1001-cisticka-vzduchu\/#primaryimage\",\"url\":\"https:\/\/premioveprodukty.eu\/wp-content\/uploads\/2021\/01\/Jata-jega-jpeg.jpg\",\"contentUrl\":\"https:\/\/premioveprodukty.eu\/wp-content\/uploads\/2021\/01\/Jata-jega-jpeg.jpg\",\"width\":800,\"height\":800},{\"@type\":\"BreadcrumbList\",\"@id\":\"https:\/\/premioveprodukty.eu\/produkt\/jata-jega-1001-cisticka-vzduchu\/#breadcrumb\",\"itemListElement\":[{\"@type\":\"ListItem\",\"position\":1,\"name\":\"Domovsk\u00e1 str\u00e1nka\",\"item\":\"https:\/\/premioveprodukty.eu\/\"},{\"@type\":\"ListItem\",\"position\":2,\"name\":\"Obchod\",\"item\":\"https:\/\/premioveprodukty.eu\/obchod\/\"},{\"@type\":\"ListItem\",\"position\":3,\"name\":\"Jata Jega 1001\"}]},{\"@type\":\"WebSite\",\"@id\":\"https:\/\/premioveprodukty.eu\/#website\",\"url\":\"https:\/\/premioveprodukty.eu\/\",\"name\":\"Premiov\u00e9 produkty\",\"description\":\"kvalitn\u00e9 produkty pre V\u00e1\u0161 \u017eivot a b\u00fdvanie\",\"potentialAction\":[{\"@type\":\"SearchAction\",\"target\":{\"@type\":\"EntryPoint\",\"urlTemplate\":\"https:\/\/premioveprodukty.eu\/?s={search_term_string}\"},\"query-input\":{\"@type\":\"PropertyValueSpecification\",\"valueRequired\":true,\"valueName\":\"search_term_string\"}}],\"inLanguage\":\"ru-RU\"}]}<\/script>\n<!-- \/ Yoast SEO plugin. -->","yoast_head_json":{"title":"[:sk]Jata Jega 1001 [:ru]Jata Jega 1001 - \u0432\u043e\u0437\u0434\u0443\u0445\u043e\u043e\u0447\u0438\u0441\u0442\u0438\u0442\u0435\u043b\u044c[:]","description":"Jata Jega 1001 pracuje na princ\u00edpe uzatvoren\u00e9ho ultrafialov\u00e9ho svetla 254nm. Jedn\u00e1 sa o mobiln\u00fd pr\u00edstroj pre priestory s pohybom \u013eud\u00ed \u2013 d\u00e1 sa zavesi\u0165 na stenu alebo vo\u013ene polo\u017ei\u0165","robots":{"index":"index","follow":"follow","max-snippet":"max-snippet:-1","max-image-preview":"max-image-preview:large","max-video-preview":"max-video-preview:-1"},"canonical":"https:\/\/premioveprodukty.eu\/produkt\/jata-jega-1001-cisticka-vzduchu\/","og_locale":"ru_RU","og_type":"article","og_title":"[:sk]Jata Jega 1001 [:ru]Jata Jega 1001 - \u0432\u043e\u0437\u0434\u0443\u0445\u043e\u043e\u0447\u0438\u0441\u0442\u0438\u0442\u0435\u043b\u044c[:]","og_description":"Jata Jega 1001 pracuje na princ\u00edpe uzatvoren\u00e9ho ultrafialov\u00e9ho svetla 254nm. Jedn\u00e1 sa o mobiln\u00fd pr\u00edstroj pre priestory s pohybom \u013eud\u00ed \u2013 d\u00e1 sa zavesi\u0165 na stenu alebo vo\u013ene polo\u017ei\u0165","og_url":"https:\/\/premioveprodukty.eu\/produkt\/jata-jega-1001-cisticka-vzduchu\/","og_site_name":"Premiov\u00e9 produkty","article_modified_time":"2022-11-19T19:37:27+00:00","og_image":[{"width":800,"height":800,"url":"https:\/\/premioveprodukty.eu\/wp-content\/uploads\/2021\/01\/Jata-jega-jpeg.jpg","type":"image\/jpeg"}],"twitter_card":"summary_large_image","twitter_misc":{"\u041f\u0440\u0438\u043c\u0435\u0440\u043d\u043e\u0435 \u0432\u0440\u0435\u043c\u044f \u0434\u043b\u044f \u0447\u0442\u0435\u043d\u0438\u044f":"1 \u043c\u0438\u043d\u0443\u0442\u0430"},"schema":{"@context":"https:\/\/schema.org","@graph":[{"@type":"WebPage","@id":"https:\/\/premioveprodukty.eu\/produkt\/jata-jega-1001-cisticka-vzduchu\/","url":"https:\/\/premioveprodukty.eu\/produkt\/jata-jega-1001-cisticka-vzduchu\/","name":"[:sk]Jata Jega 1001 [:ru]Jata Jega 1001 - \u0432\u043e\u0437\u0434\u0443\u0445\u043e\u043e\u0447\u0438\u0441\u0442\u0438\u0442\u0435\u043b\u044c[:]","isPartOf":{"@id":"https:\/\/premioveprodukty.eu\/#website"},"primaryImageOfPage":{"@id":"https:\/\/premioveprodukty.eu\/produkt\/jata-jega-1001-cisticka-vzduchu\/#primaryimage"},"image":{"@id":"https:\/\/premioveprodukty.eu\/produkt\/jata-jega-1001-cisticka-vzduchu\/#primaryimage"},"thumbnailUrl":"https:\/\/premioveprodukty.eu\/wp-content\/uploads\/2021\/01\/Jata-jega-jpeg.jpg","datePublished":"2021-02-02T21:50:34+00:00","dateModified":"2022-11-19T19:37:27+00:00","description":"Jata Jega 1001 pracuje na princ\u00edpe uzatvoren\u00e9ho ultrafialov\u00e9ho svetla 254nm. Jedn\u00e1 sa o mobiln\u00fd pr\u00edstroj pre priestory s pohybom \u013eud\u00ed \u2013 d\u00e1 sa zavesi\u0165 na stenu alebo vo\u013ene polo\u017ei\u0165","breadcrumb":{"@id":"https:\/\/premioveprodukty.eu\/produkt\/jata-jega-1001-cisticka-vzduchu\/#breadcrumb"},"inLanguage":"ru-RU","potentialAction":[{"@type":"ReadAction","target":["https:\/\/premioveprodukty.eu\/produkt\/jata-jega-1001-cisticka-vzduchu\/"]}]},{"@type":"ImageObject","inLanguage":"ru-RU","@id":"https:\/\/premioveprodukty.eu\/produkt\/jata-jega-1001-cisticka-vzduchu\/#primaryimage","url":"https:\/\/premioveprodukty.eu\/wp-content\/uploads\/2021\/01\/Jata-jega-jpeg.jpg","contentUrl":"https:\/\/premioveprodukty.eu\/wp-content\/uploads\/2021\/01\/Jata-jega-jpeg.jpg","width":800,"height":800},{"@type":"BreadcrumbList","@id":"https:\/\/premioveprodukty.eu\/produkt\/jata-jega-1001-cisticka-vzduchu\/#breadcrumb","itemListElement":[{"@type":"ListItem","position":1,"name":"Domovsk\u00e1 str\u00e1nka","item":"https:\/\/premioveprodukty.eu\/"},{"@type":"ListItem","position":2,"name":"Obchod","item":"https:\/\/premioveprodukty.eu\/obchod\/"},{"@type":"ListItem","position":3,"name":"Jata Jega 1001"}]},{"@type":"WebSite","@id":"https:\/\/premioveprodukty.eu\/#website","url":"https:\/\/premioveprodukty.eu\/","name":"Premiov\u00e9 produkty","description":"kvalitn\u00e9 produkty pre V\u00e1\u0161 \u017eivot a b\u00fdvanie","potentialAction":[{"@type":"SearchAction","target":{"@type":"EntryPoint","urlTemplate":"https:\/\/premioveprodukty.eu\/?s={search_term_string}"},"query-input":{"@type":"PropertyValueSpecification","valueRequired":true,"valueName":"search_term_string"}}],"inLanguage":"ru-RU"}]}},"_links":{"self":[{"href":"https:\/\/premioveprodukty.eu\/ru\/wp-json\/wp\/v2\/product\/888"}],"collection":[{"href":"https:\/\/premioveprodukty.eu\/ru\/wp-json\/wp\/v2\/product"}],"about":[{"href":"https:\/\/premioveprodukty.eu\/ru\/wp-json\/wp\/v2\/types\/product"}],"wp:featuredmedia":[{"embeddable":true,"href":"https:\/\/premioveprodukty.eu\/ru\/wp-json\/wp\/v2\/media\/744"}],"wp:attachment":[{"href":"https:\/\/premioveprodukty.eu\/ru\/wp-json\/wp\/v2\/media?parent=888"}],"curies":[{"name":"wp","href":"https:\/\/api.w.org\/{rel}","templated":true}]}}